{"id":14912,"date":"2025-09-16T21:28:15","date_gmt":"2025-09-16T21:28:15","guid":{"rendered":"https:\/\/europelab.ca\/?post_type=product&#038;p=14912"},"modified":"2025-09-16T21:32:25","modified_gmt":"2025-09-16T21:32:25","slug":"serum-radiance","status":"publish","type":"product","link":"https:\/\/europelab.ca\/fr\/produit\/serum-radiance\/","title":{"rendered":"S\u00e9rum Radiance"},"content":{"rendered":"<p>Appliquer quotidiennement sur la zone \u00e0 traiter. Prot\u00e9ger votre peau du soleil le matin avec un \u00e9cran solaire ou en portant des v\u00eatements couvrants.<\/p>\n<p>\u00c9viter tout contact avec les yeux. Pour usage externe uniquement.<\/p>\n","protected":false},"excerpt":{"rendered":"<p>S\u00e9rum efficace pour unifier la peau. L&rsquo;apparence des cicatrices et des taches brunes est r\u00e9duite jour apr\u00e8s jour pour une peau parfaitement unifi\u00e9e. Riche en principes actifs unifiants, ce s\u00e9rum pr\u00e9vient et r\u00e9duit l\u2019apparence de l&rsquo;hyperpigmentation pour une peau radieuse. L&rsquo;acide tranexamique et l&rsquo;arbutine, deux puissants ingr\u00e9dients \u00e9claircissants, agissent en synergie pour optimiser l&rsquo;inhibition de la tyrosinase, responsable de la formation de m\u00e9lanine. Cela limite la formation de cicatrices et d&rsquo;imperfections. L&rsquo;acide tranexamique aide \u00e9galement les personnes atteintes de m\u00e9lasma. Le teint est unifi\u00e9 et la peau est plus douce.<\/p>\n","protected":false},"featured_media":14901,"comment_status":"closed","ping_status":"closed","template":"","meta":[],"product_brand":[],"product_cat":[117,123],"product_tag":[],"class_list":{"0":"post-14912","1":"product","2":"type-product","3":"status-publish","4":"has-post-thumbnail","6":"product_cat-collection-classique","7":"product_cat-serums-et-huiles","9":"first","10":"instock","11":"taxable","12":"shipping-taxable","13":"product-type-simple"},"yoast_head":"<!-- This site is optimized with the Yoast SEO plugin v27.5 - https:\/\/yoast.com\/product\/yoast-seo-wordpress\/ -->\n<title>S\u00e9rum Radiance - Europelab<\/title>\n<meta name=\"description\" content=\"S\u00e9rum efficace pour unifier la peau. L&#039;apparence des cicatrices et des taches brunes est r\u00e9duite jour apr\u00e8s jour pour une peau parfaitement unifi\u00e9e.\" \/>\n<meta name=\"robots\" content=\"index, follow, max-snippet:-1, max-image-preview:large, max-video-preview:-1\" \/>\n<link rel=\"canonical\" href=\"https:\/\/europelab.ca\/fr\/produit\/serum-radiance\/\" \/>\n<meta property=\"og:locale\" content=\"fr_FR\" \/>\n<meta property=\"og:type\" content=\"article\" \/>\n<meta property=\"og:title\" content=\"S\u00e9rum Radiance - Europelab\" \/>\n<meta property=\"og:description\" content=\"S\u00e9rum efficace pour unifier la peau. L&#039;apparence des cicatrices et des taches brunes est r\u00e9duite jour apr\u00e8s jour pour une peau parfaitement unifi\u00e9e.\" \/>\n<meta property=\"og:url\" content=\"https:\/\/europelab.ca\/fr\/produit\/serum-radiance\/\" \/>\n<meta property=\"og:site_name\" content=\"Europelab\" \/>\n<meta property=\"article:modified_time\" content=\"2025-09-16T21:32:25+00:00\" \/>\n<meta property=\"og:image\" content=\"https:\/\/europelab.ca\/wp-content\/uploads\/2025\/09\/W_CLASSIC-COLLECTION_2025_GD-4400-N_Radiance-Serum-30ml.jpg\" \/>\n\t<meta property=\"og:image:width\" content=\"1200\" \/>\n\t<meta property=\"og:image:height\" content=\"1200\" \/>\n\t<meta property=\"og:image:type\" content=\"image\/jpeg\" \/>\n<meta name=\"twitter:card\" content=\"summary_large_image\" \/>\n<script type=\"application\/ld+json\" class=\"yoast-schema-graph\">{\"@context\":\"https:\\\/\\\/schema.org\",\"@graph\":[{\"@type\":\"WebPage\",\"@id\":\"https:\\\/\\\/europelab.ca\\\/fr\\\/produit\\\/serum-radiance\\\/\",\"url\":\"https:\\\/\\\/europelab.ca\\\/fr\\\/produit\\\/serum-radiance\\\/\",\"name\":\"S\u00e9rum Radiance - Europelab\",\"isPartOf\":{\"@id\":\"https:\\\/\\\/europelab.ca\\\/fr\\\/#website\"},\"primaryImageOfPage\":{\"@id\":\"https:\\\/\\\/europelab.ca\\\/fr\\\/produit\\\/serum-radiance\\\/#primaryimage\"},\"image\":{\"@id\":\"https:\\\/\\\/europelab.ca\\\/fr\\\/produit\\\/serum-radiance\\\/#primaryimage\"},\"thumbnailUrl\":\"https:\\\/\\\/europelab.ca\\\/wp-content\\\/uploads\\\/2025\\\/09\\\/W_CLASSIC-COLLECTION_2025_GD-4400-N_Radiance-Serum-30ml.jpg\",\"datePublished\":\"2025-09-16T21:28:15+00:00\",\"dateModified\":\"2025-09-16T21:32:25+00:00\",\"description\":\"S\u00e9rum efficace pour unifier la peau. L'apparence des cicatrices et des taches brunes est r\u00e9duite jour apr\u00e8s jour pour une peau parfaitement unifi\u00e9e.\",\"breadcrumb\":{\"@id\":\"https:\\\/\\\/europelab.ca\\\/fr\\\/produit\\\/serum-radiance\\\/#breadcrumb\"},\"inLanguage\":\"fr-FR\",\"potentialAction\":[{\"@type\":\"ReadAction\",\"target\":[\"https:\\\/\\\/europelab.ca\\\/fr\\\/produit\\\/serum-radiance\\\/\"]}]},{\"@type\":\"ImageObject\",\"inLanguage\":\"fr-FR\",\"@id\":\"https:\\\/\\\/europelab.ca\\\/fr\\\/produit\\\/serum-radiance\\\/#primaryimage\",\"url\":\"https:\\\/\\\/europelab.ca\\\/wp-content\\\/uploads\\\/2025\\\/09\\\/W_CLASSIC-COLLECTION_2025_GD-4400-N_Radiance-Serum-30ml.jpg\",\"contentUrl\":\"https:\\\/\\\/europelab.ca\\\/wp-content\\\/uploads\\\/2025\\\/09\\\/W_CLASSIC-COLLECTION_2025_GD-4400-N_Radiance-Serum-30ml.jpg\",\"width\":1200,\"height\":1200,\"caption\":\"S\u00e9rum Radiance\"},{\"@type\":\"BreadcrumbList\",\"@id\":\"https:\\\/\\\/europelab.ca\\\/fr\\\/produit\\\/serum-radiance\\\/#breadcrumb\",\"itemListElement\":[{\"@type\":\"ListItem\",\"position\":1,\"name\":\"Accueil\",\"item\":\"https:\\\/\\\/europelab.ca\\\/fr\\\/\"},{\"@type\":\"ListItem\",\"position\":2,\"name\":\"Produits\",\"item\":\"https:\\\/\\\/europelab.ca\\\/fr\\\/shop\\\/\"},{\"@type\":\"ListItem\",\"position\":3,\"name\":\"S\u00e9rum Radiance\"}]},{\"@type\":\"WebSite\",\"@id\":\"https:\\\/\\\/europelab.ca\\\/fr\\\/#website\",\"url\":\"https:\\\/\\\/europelab.ca\\\/fr\\\/\",\"name\":\"Europelab\",\"description\":\"Private Label, Made Simple.\",\"potentialAction\":[{\"@type\":\"SearchAction\",\"target\":{\"@type\":\"EntryPoint\",\"urlTemplate\":\"https:\\\/\\\/europelab.ca\\\/fr\\\/?s={search_term_string}\"},\"query-input\":{\"@type\":\"PropertyValueSpecification\",\"valueRequired\":true,\"valueName\":\"search_term_string\"}}],\"inLanguage\":\"fr-FR\"}]}<\/script>\n<!-- \/ Yoast SEO plugin. -->","yoast_head_json":{"title":"S\u00e9rum Radiance - Europelab","description":"S\u00e9rum efficace pour unifier la peau. L'apparence des cicatrices et des taches brunes est r\u00e9duite jour apr\u00e8s jour pour une peau parfaitement unifi\u00e9e.","robots":{"index":"index","follow":"follow","max-snippet":"max-snippet:-1","max-image-preview":"max-image-preview:large","max-video-preview":"max-video-preview:-1"},"canonical":"https:\/\/europelab.ca\/fr\/produit\/serum-radiance\/","og_locale":"fr_FR","og_type":"article","og_title":"S\u00e9rum Radiance - Europelab","og_description":"S\u00e9rum efficace pour unifier la peau. L'apparence des cicatrices et des taches brunes est r\u00e9duite jour apr\u00e8s jour pour une peau parfaitement unifi\u00e9e.","og_url":"https:\/\/europelab.ca\/fr\/produit\/serum-radiance\/","og_site_name":"Europelab","article_modified_time":"2025-09-16T21:32:25+00:00","og_image":[{"width":1200,"height":1200,"url":"https:\/\/europelab.ca\/wp-content\/uploads\/2025\/09\/W_CLASSIC-COLLECTION_2025_GD-4400-N_Radiance-Serum-30ml.jpg","type":"image\/jpeg"}],"twitter_card":"summary_large_image","schema":{"@context":"https:\/\/schema.org","@graph":[{"@type":"WebPage","@id":"https:\/\/europelab.ca\/fr\/produit\/serum-radiance\/","url":"https:\/\/europelab.ca\/fr\/produit\/serum-radiance\/","name":"S\u00e9rum Radiance - Europelab","isPartOf":{"@id":"https:\/\/europelab.ca\/fr\/#website"},"primaryImageOfPage":{"@id":"https:\/\/europelab.ca\/fr\/produit\/serum-radiance\/#primaryimage"},"image":{"@id":"https:\/\/europelab.ca\/fr\/produit\/serum-radiance\/#primaryimage"},"thumbnailUrl":"https:\/\/europelab.ca\/wp-content\/uploads\/2025\/09\/W_CLASSIC-COLLECTION_2025_GD-4400-N_Radiance-Serum-30ml.jpg","datePublished":"2025-09-16T21:28:15+00:00","dateModified":"2025-09-16T21:32:25+00:00","description":"S\u00e9rum efficace pour unifier la peau. L'apparence des cicatrices et des taches brunes est r\u00e9duite jour apr\u00e8s jour pour une peau parfaitement unifi\u00e9e.","breadcrumb":{"@id":"https:\/\/europelab.ca\/fr\/produit\/serum-radiance\/#breadcrumb"},"inLanguage":"fr-FR","potentialAction":[{"@type":"ReadAction","target":["https:\/\/europelab.ca\/fr\/produit\/serum-radiance\/"]}]},{"@type":"ImageObject","inLanguage":"fr-FR","@id":"https:\/\/europelab.ca\/fr\/produit\/serum-radiance\/#primaryimage","url":"https:\/\/europelab.ca\/wp-content\/uploads\/2025\/09\/W_CLASSIC-COLLECTION_2025_GD-4400-N_Radiance-Serum-30ml.jpg","contentUrl":"https:\/\/europelab.ca\/wp-content\/uploads\/2025\/09\/W_CLASSIC-COLLECTION_2025_GD-4400-N_Radiance-Serum-30ml.jpg","width":1200,"height":1200,"caption":"S\u00e9rum Radiance"},{"@type":"BreadcrumbList","@id":"https:\/\/europelab.ca\/fr\/produit\/serum-radiance\/#breadcrumb","itemListElement":[{"@type":"ListItem","position":1,"name":"Accueil","item":"https:\/\/europelab.ca\/fr\/"},{"@type":"ListItem","position":2,"name":"Produits","item":"https:\/\/europelab.ca\/fr\/shop\/"},{"@type":"ListItem","position":3,"name":"S\u00e9rum Radiance"}]},{"@type":"WebSite","@id":"https:\/\/europelab.ca\/fr\/#website","url":"https:\/\/europelab.ca\/fr\/","name":"Europelab","description":"Private Label, Made Simple.","potentialAction":[{"@type":"SearchAction","target":{"@type":"EntryPoint","urlTemplate":"https:\/\/europelab.ca\/fr\/?s={search_term_string}"},"query-input":{"@type":"PropertyValueSpecification","valueRequired":true,"valueName":"search_term_string"}}],"inLanguage":"fr-FR"}]}},"_links":{"self":[{"href":"https:\/\/europelab.ca\/fr\/wp-json\/wp\/v2\/product\/14912","targetHints":{"allow":["GET"]}}],"collection":[{"href":"https:\/\/europelab.ca\/fr\/wp-json\/wp\/v2\/product"}],"about":[{"href":"https:\/\/europelab.ca\/fr\/wp-json\/wp\/v2\/types\/product"}],"replies":[{"embeddable":true,"href":"https:\/\/europelab.ca\/fr\/wp-json\/wp\/v2\/comments?post=14912"}],"wp:featuredmedia":[{"embeddable":true,"href":"https:\/\/europelab.ca\/fr\/wp-json\/wp\/v2\/media\/14901"}],"wp:attachment":[{"href":"https:\/\/europelab.ca\/fr\/wp-json\/wp\/v2\/media?parent=14912"}],"wp:term":[{"taxonomy":"product_brand","embeddable":true,"href":"https:\/\/europelab.ca\/fr\/wp-json\/wp\/v2\/product_brand?post=14912"},{"taxonomy":"product_cat","embeddable":true,"href":"https:\/\/europelab.ca\/fr\/wp-json\/wp\/v2\/product_cat?post=14912"},{"taxonomy":"product_tag","embeddable":true,"href":"https:\/\/europelab.ca\/fr\/wp-json\/wp\/v2\/product_tag?post=14912"}],"curies":[{"name":"wp","href":"https:\/\/api.w.org\/{rel}","templated":true}]}}