{"id":14910,"date":"2025-09-16T21:11:09","date_gmt":"2025-09-16T21:11:09","guid":{"rendered":"https:\/\/europelab.ca\/?post_type=product&#038;p=14910"},"modified":"2025-09-22T18:41:50","modified_gmt":"2025-09-22T18:41:50","slug":"creme-radiance","status":"publish","type":"product","link":"https:\/\/europelab.ca\/fr\/produit\/creme-radiance\/","title":{"rendered":"Cr\u00e8me Radiance"},"content":{"rendered":"<p>Appliquer quotidiennement, seul ou apr\u00e8s le s\u00e9rum, sur la zone \u00e0 traiter. Prot\u00e9ger votre peau du soleil le matin avec un \u00e9cran solaire ou en portant des v\u00eatements couvrants. \u00c9viter le contact avec les yeux. Pour usage externe uniquement<\/p>\n","protected":false},"excerpt":{"rendered":"<p>Cr\u00e8me efficace pour illuminer la peau. L&rsquo;apparence des cicatrices et des taches brunes est r\u00e9duite jour apr\u00e8s jour pour une peau parfaitement unifi\u00e9e. Riche en principes actifs \u00e9claircissants, cette cr\u00e8me pr\u00e9vient et r\u00e9duit l\u2019apparence de l&rsquo;hyperpigmentation pour une peau radieuse. L&rsquo;acide tranexamique et l&rsquo;arbutine, deux puissants ingr\u00e9dients \u00e9claircissants, agissent en synergie pour optimiser l&rsquo;inhibition de la tyrosinase, responsable de la formation de m\u00e9lanine. Cela limite la formation de cicatrices et d&rsquo;imperfections. L&rsquo;acide tranexamique aide \u00e9galement les personnes atteintes de melasma. La synergie du Diacetyl Boldine et du Complexe d&rsquo;Eau de Kiwi et d&rsquo;Extrait de Racine de Sophora Flavescens, nouveaux ingr\u00e9dients innovants et puissants qui ralentissent la pigmentation, renforcent l&rsquo;action de l&rsquo;Acide Tranexamique et de l&rsquo;Arbutine.\u00a0 Le teint est unifi\u00e9 et la peau est plus douce.<\/p>\n","protected":false},"featured_media":14899,"comment_status":"closed","ping_status":"closed","template":"","meta":[],"product_brand":[],"product_cat":[117,124],"product_tag":[],"class_list":{"0":"post-14910","1":"product","2":"type-product","3":"status-publish","4":"has-post-thumbnail","6":"product_cat-collection-classique","7":"product_cat-cremes","9":"first","10":"instock","11":"taxable","12":"shipping-taxable","13":"product-type-simple"},"yoast_head":"<!-- This site is optimized with the Yoast SEO plugin v27.4 - https:\/\/yoast.com\/product\/yoast-seo-wordpress\/ -->\n<title>Cr\u00e8me Radiance - Europelab<\/title>\n<meta name=\"description\" content=\"Cr\u00e8me efficace pour illuminer la peau. L&#039;apparence des cicatrices et des taches brunes est r\u00e9duite jour apr\u00e8s jour pour une peau parfaitement unifi\u00e9e. Riche en principes actifs \u00e9claircissants, cette cr\u00e8me pr\u00e9vient et r\u00e9duit l\u2019apparence de l&#039;hyperpigmentation pour une peau radieuse.\" \/>\n<meta name=\"robots\" content=\"index, follow, max-snippet:-1, max-image-preview:large, max-video-preview:-1\" \/>\n<link rel=\"canonical\" href=\"https:\/\/europelab.ca\/fr\/produit\/creme-radiance\/\" \/>\n<meta property=\"og:locale\" content=\"fr_FR\" \/>\n<meta property=\"og:type\" content=\"article\" \/>\n<meta property=\"og:title\" content=\"Cr\u00e8me Radiance - Europelab\" \/>\n<meta property=\"og:description\" content=\"Cr\u00e8me efficace pour illuminer la peau. L&#039;apparence des cicatrices et des taches brunes est r\u00e9duite jour apr\u00e8s jour pour une peau parfaitement unifi\u00e9e. Riche en principes actifs \u00e9claircissants, cette cr\u00e8me pr\u00e9vient et r\u00e9duit l\u2019apparence de l&#039;hyperpigmentation pour une peau radieuse.\" \/>\n<meta property=\"og:url\" content=\"https:\/\/europelab.ca\/fr\/produit\/creme-radiance\/\" \/>\n<meta property=\"og:site_name\" content=\"Europelab\" \/>\n<meta property=\"article:modified_time\" content=\"2025-09-22T18:41:50+00:00\" \/>\n<meta property=\"og:image\" content=\"https:\/\/europelab.ca\/wp-content\/uploads\/2025\/09\/W_CLASSIC-COLLECTION_2025_F5-6700-N_Radiance-Cream-50g.jpg\" \/>\n\t<meta property=\"og:image:width\" content=\"1200\" \/>\n\t<meta property=\"og:image:height\" content=\"1200\" \/>\n\t<meta property=\"og:image:type\" content=\"image\/jpeg\" \/>\n<meta name=\"twitter:card\" content=\"summary_large_image\" \/>\n<script type=\"application\/ld+json\" class=\"yoast-schema-graph\">{\"@context\":\"https:\\\/\\\/schema.org\",\"@graph\":[{\"@type\":\"WebPage\",\"@id\":\"https:\\\/\\\/europelab.ca\\\/fr\\\/produit\\\/creme-radiance\\\/\",\"url\":\"https:\\\/\\\/europelab.ca\\\/fr\\\/produit\\\/creme-radiance\\\/\",\"name\":\"Cr\u00e8me Radiance - Europelab\",\"isPartOf\":{\"@id\":\"https:\\\/\\\/europelab.ca\\\/fr\\\/#website\"},\"primaryImageOfPage\":{\"@id\":\"https:\\\/\\\/europelab.ca\\\/fr\\\/produit\\\/creme-radiance\\\/#primaryimage\"},\"image\":{\"@id\":\"https:\\\/\\\/europelab.ca\\\/fr\\\/produit\\\/creme-radiance\\\/#primaryimage\"},\"thumbnailUrl\":\"https:\\\/\\\/europelab.ca\\\/wp-content\\\/uploads\\\/2025\\\/09\\\/W_CLASSIC-COLLECTION_2025_F5-6700-N_Radiance-Cream-50g.jpg\",\"datePublished\":\"2025-09-16T21:11:09+00:00\",\"dateModified\":\"2025-09-22T18:41:50+00:00\",\"description\":\"Cr\u00e8me efficace pour illuminer la peau. L'apparence des cicatrices et des taches brunes est r\u00e9duite jour apr\u00e8s jour pour une peau parfaitement unifi\u00e9e. Riche en principes actifs \u00e9claircissants, cette cr\u00e8me pr\u00e9vient et r\u00e9duit l\u2019apparence de l'hyperpigmentation pour une peau radieuse.\",\"breadcrumb\":{\"@id\":\"https:\\\/\\\/europelab.ca\\\/fr\\\/produit\\\/creme-radiance\\\/#breadcrumb\"},\"inLanguage\":\"fr-FR\",\"potentialAction\":[{\"@type\":\"ReadAction\",\"target\":[\"https:\\\/\\\/europelab.ca\\\/fr\\\/produit\\\/creme-radiance\\\/\"]}]},{\"@type\":\"ImageObject\",\"inLanguage\":\"fr-FR\",\"@id\":\"https:\\\/\\\/europelab.ca\\\/fr\\\/produit\\\/creme-radiance\\\/#primaryimage\",\"url\":\"https:\\\/\\\/europelab.ca\\\/wp-content\\\/uploads\\\/2025\\\/09\\\/W_CLASSIC-COLLECTION_2025_F5-6700-N_Radiance-Cream-50g.jpg\",\"contentUrl\":\"https:\\\/\\\/europelab.ca\\\/wp-content\\\/uploads\\\/2025\\\/09\\\/W_CLASSIC-COLLECTION_2025_F5-6700-N_Radiance-Cream-50g.jpg\",\"width\":1200,\"height\":1200,\"caption\":\"Cr\u00e8me Radiance\"},{\"@type\":\"BreadcrumbList\",\"@id\":\"https:\\\/\\\/europelab.ca\\\/fr\\\/produit\\\/creme-radiance\\\/#breadcrumb\",\"itemListElement\":[{\"@type\":\"ListItem\",\"position\":1,\"name\":\"Accueil\",\"item\":\"https:\\\/\\\/europelab.ca\\\/fr\\\/\"},{\"@type\":\"ListItem\",\"position\":2,\"name\":\"Produits\",\"item\":\"https:\\\/\\\/europelab.ca\\\/fr\\\/shop\\\/\"},{\"@type\":\"ListItem\",\"position\":3,\"name\":\"Cr\u00e8me Radiance\"}]},{\"@type\":\"WebSite\",\"@id\":\"https:\\\/\\\/europelab.ca\\\/fr\\\/#website\",\"url\":\"https:\\\/\\\/europelab.ca\\\/fr\\\/\",\"name\":\"Europelab\",\"description\":\"Private Label, Made Simple.\",\"potentialAction\":[{\"@type\":\"SearchAction\",\"target\":{\"@type\":\"EntryPoint\",\"urlTemplate\":\"https:\\\/\\\/europelab.ca\\\/fr\\\/?s={search_term_string}\"},\"query-input\":{\"@type\":\"PropertyValueSpecification\",\"valueRequired\":true,\"valueName\":\"search_term_string\"}}],\"inLanguage\":\"fr-FR\"}]}<\/script>\n<!-- \/ Yoast SEO plugin. -->","yoast_head_json":{"title":"Cr\u00e8me Radiance - Europelab","description":"Cr\u00e8me efficace pour illuminer la peau. L'apparence des cicatrices et des taches brunes est r\u00e9duite jour apr\u00e8s jour pour une peau parfaitement unifi\u00e9e. Riche en principes actifs \u00e9claircissants, cette cr\u00e8me pr\u00e9vient et r\u00e9duit l\u2019apparence de l'hyperpigmentation pour une peau radieuse.","robots":{"index":"index","follow":"follow","max-snippet":"max-snippet:-1","max-image-preview":"max-image-preview:large","max-video-preview":"max-video-preview:-1"},"canonical":"https:\/\/europelab.ca\/fr\/produit\/creme-radiance\/","og_locale":"fr_FR","og_type":"article","og_title":"Cr\u00e8me Radiance - Europelab","og_description":"Cr\u00e8me efficace pour illuminer la peau. L'apparence des cicatrices et des taches brunes est r\u00e9duite jour apr\u00e8s jour pour une peau parfaitement unifi\u00e9e. Riche en principes actifs \u00e9claircissants, cette cr\u00e8me pr\u00e9vient et r\u00e9duit l\u2019apparence de l'hyperpigmentation pour une peau radieuse.","og_url":"https:\/\/europelab.ca\/fr\/produit\/creme-radiance\/","og_site_name":"Europelab","article_modified_time":"2025-09-22T18:41:50+00:00","og_image":[{"width":1200,"height":1200,"url":"https:\/\/europelab.ca\/wp-content\/uploads\/2025\/09\/W_CLASSIC-COLLECTION_2025_F5-6700-N_Radiance-Cream-50g.jpg","type":"image\/jpeg"}],"twitter_card":"summary_large_image","schema":{"@context":"https:\/\/schema.org","@graph":[{"@type":"WebPage","@id":"https:\/\/europelab.ca\/fr\/produit\/creme-radiance\/","url":"https:\/\/europelab.ca\/fr\/produit\/creme-radiance\/","name":"Cr\u00e8me Radiance - Europelab","isPartOf":{"@id":"https:\/\/europelab.ca\/fr\/#website"},"primaryImageOfPage":{"@id":"https:\/\/europelab.ca\/fr\/produit\/creme-radiance\/#primaryimage"},"image":{"@id":"https:\/\/europelab.ca\/fr\/produit\/creme-radiance\/#primaryimage"},"thumbnailUrl":"https:\/\/europelab.ca\/wp-content\/uploads\/2025\/09\/W_CLASSIC-COLLECTION_2025_F5-6700-N_Radiance-Cream-50g.jpg","datePublished":"2025-09-16T21:11:09+00:00","dateModified":"2025-09-22T18:41:50+00:00","description":"Cr\u00e8me efficace pour illuminer la peau. L'apparence des cicatrices et des taches brunes est r\u00e9duite jour apr\u00e8s jour pour une peau parfaitement unifi\u00e9e. Riche en principes actifs \u00e9claircissants, cette cr\u00e8me pr\u00e9vient et r\u00e9duit l\u2019apparence de l'hyperpigmentation pour une peau radieuse.","breadcrumb":{"@id":"https:\/\/europelab.ca\/fr\/produit\/creme-radiance\/#breadcrumb"},"inLanguage":"fr-FR","potentialAction":[{"@type":"ReadAction","target":["https:\/\/europelab.ca\/fr\/produit\/creme-radiance\/"]}]},{"@type":"ImageObject","inLanguage":"fr-FR","@id":"https:\/\/europelab.ca\/fr\/produit\/creme-radiance\/#primaryimage","url":"https:\/\/europelab.ca\/wp-content\/uploads\/2025\/09\/W_CLASSIC-COLLECTION_2025_F5-6700-N_Radiance-Cream-50g.jpg","contentUrl":"https:\/\/europelab.ca\/wp-content\/uploads\/2025\/09\/W_CLASSIC-COLLECTION_2025_F5-6700-N_Radiance-Cream-50g.jpg","width":1200,"height":1200,"caption":"Cr\u00e8me Radiance"},{"@type":"BreadcrumbList","@id":"https:\/\/europelab.ca\/fr\/produit\/creme-radiance\/#breadcrumb","itemListElement":[{"@type":"ListItem","position":1,"name":"Accueil","item":"https:\/\/europelab.ca\/fr\/"},{"@type":"ListItem","position":2,"name":"Produits","item":"https:\/\/europelab.ca\/fr\/shop\/"},{"@type":"ListItem","position":3,"name":"Cr\u00e8me Radiance"}]},{"@type":"WebSite","@id":"https:\/\/europelab.ca\/fr\/#website","url":"https:\/\/europelab.ca\/fr\/","name":"Europelab","description":"Private Label, Made Simple.","potentialAction":[{"@type":"SearchAction","target":{"@type":"EntryPoint","urlTemplate":"https:\/\/europelab.ca\/fr\/?s={search_term_string}"},"query-input":{"@type":"PropertyValueSpecification","valueRequired":true,"valueName":"search_term_string"}}],"inLanguage":"fr-FR"}]}},"_links":{"self":[{"href":"https:\/\/europelab.ca\/fr\/wp-json\/wp\/v2\/product\/14910","targetHints":{"allow":["GET"]}}],"collection":[{"href":"https:\/\/europelab.ca\/fr\/wp-json\/wp\/v2\/product"}],"about":[{"href":"https:\/\/europelab.ca\/fr\/wp-json\/wp\/v2\/types\/product"}],"replies":[{"embeddable":true,"href":"https:\/\/europelab.ca\/fr\/wp-json\/wp\/v2\/comments?post=14910"}],"wp:featuredmedia":[{"embeddable":true,"href":"https:\/\/europelab.ca\/fr\/wp-json\/wp\/v2\/media\/14899"}],"wp:attachment":[{"href":"https:\/\/europelab.ca\/fr\/wp-json\/wp\/v2\/media?parent=14910"}],"wp:term":[{"taxonomy":"product_brand","embeddable":true,"href":"https:\/\/europelab.ca\/fr\/wp-json\/wp\/v2\/product_brand?post=14910"},{"taxonomy":"product_cat","embeddable":true,"href":"https:\/\/europelab.ca\/fr\/wp-json\/wp\/v2\/product_cat?post=14910"},{"taxonomy":"product_tag","embeddable":true,"href":"https:\/\/europelab.ca\/fr\/wp-json\/wp\/v2\/product_tag?post=14910"}],"curies":[{"name":"wp","href":"https:\/\/api.w.org\/{rel}","templated":true}]}}