{"id":14837,"date":"2025-02-20T12:27:19","date_gmt":"2025-02-20T12:27:41","guid":{"rendered":"https:\/\/europelab.ca\/?post_type=product&#038;p=14837"},"modified":"2025-02-20T12:27:42","modified_gmt":"2025-02-20T12:27:42","slug":"patchs-contour-des-yeux-biologiques","status":"publish","type":"product","link":"https:\/\/europelab.ca\/fr\/produit\/patchs-contour-des-yeux-biologiques\/","title":{"rendered":"Patchs Contour Des Yeux Biologiques"},"content":{"rendered":"<p>Appliquez un timbre sous chaque oeil. Apr\u00e8s avoir laiss\u00e9 poser 5 minutes, retirez les patchs et massez l\u2019exc\u00e9dent de produit avec vos doigts ou un rouleau de massage visage jusqu\u2019\u00e0 absorption compl\u00e8te. \u00c9vitez tout contact avec les yeux. Pour usage externe uniquement.<\/p>\n","protected":false},"excerpt":{"rendered":"<p>Sachet de 2 unit\u00e9s de patch contour des yeux id\u00e9al pour tous les types de peaux jeunes et matures. Ils permettent de r\u00e9duire les rides, ridules et poches sous les yeux en am\u00e9liorant la circulation sanguine dans cette zone fragile du visage en 5 minutes. Les patchs donnent une sensation de fra\u00eecheur, les poches sont d\u00e9congestionn\u00e9es, le contour de l\u2019oeil est liss\u00e9 et unifi\u00e9. Le contour de l\u2019oeil est hydrat\u00e9, repulp\u00e9 et \u00e9clatant. Le tissu est impr\u00e9gn\u00e9 de plusieurs ingr\u00e9dients actifs qui ciblent la fatigue autour des yeux, le manque d\u2019hydratation et le rel\u00e2chement cutan\u00e9. Le contour de l\u2019oeil est revitalis\u00e9 et le regard para\u00eet plus jeune.<\/p>\n","protected":false},"featured_media":14838,"comment_status":"closed","ping_status":"closed","template":"","meta":[],"product_brand":[],"product_cat":[130,131,138,116,125,134,135,139,136,132,133],"product_tag":[],"class_list":{"0":"post-14837","1":"product","2":"type-product","3":"status-publish","4":"has-post-thumbnail","6":"product_cat-acne-fr","7":"product_cat-acne-rosacee","8":"product_cat-anti-age-rides","9":"product_cat-collection-biologique","10":"product_cat-masques","11":"product_cat-peau-deshydratee","12":"product_cat-peau-grasse","13":"product_cat-peau-mature-lache","14":"product_cat-peau-mixte","15":"product_cat-peau-normale-sensible-rosacee","16":"product_cat-peau-seche","18":"first","19":"instock","20":"taxable","21":"shipping-taxable","22":"product-type-simple"},"yoast_head":"<!-- This site is optimized with the Yoast SEO plugin v27.4 - https:\/\/yoast.com\/product\/yoast-seo-wordpress\/ -->\n<title>Patchs Contour Des Yeux Biologiques - Europelab<\/title>\n<meta name=\"description\" content=\"Patchs contour des yeux id\u00e9aux pour pr\u00e9venir l\u2019apparition des premi\u00e8res rides ou ridules des peaux matures, permettent de rafra\u00eechir et d\u00e9congestionner les poches sous les yeux.\" \/>\n<meta name=\"robots\" content=\"index, follow, max-snippet:-1, max-image-preview:large, max-video-preview:-1\" \/>\n<link rel=\"canonical\" href=\"https:\/\/europelab.ca\/fr\/produit\/patchs-contour-des-yeux-biologiques\/\" \/>\n<meta property=\"og:locale\" content=\"fr_FR\" \/>\n<meta property=\"og:type\" content=\"article\" \/>\n<meta property=\"og:title\" content=\"Patchs Contour Des Yeux Biologiques - Europelab\" \/>\n<meta property=\"og:description\" content=\"Patchs contour des yeux id\u00e9aux pour pr\u00e9venir l\u2019apparition des premi\u00e8res rides ou ridules des peaux matures, permettent de rafra\u00eechir et d\u00e9congestionner les poches sous les yeux.\" \/>\n<meta property=\"og:url\" content=\"https:\/\/europelab.ca\/fr\/produit\/patchs-contour-des-yeux-biologiques\/\" \/>\n<meta property=\"og:site_name\" content=\"Europelab\" \/>\n<meta property=\"article:modified_time\" content=\"2025-02-20T12:27:42+00:00\" \/>\n<meta property=\"og:image\" content=\"https:\/\/europelab.ca\/wp-content\/uploads\/2025\/02\/Organic-Eye-Contour-Patches.jpg\" \/>\n\t<meta property=\"og:image:width\" content=\"1200\" \/>\n\t<meta property=\"og:image:height\" content=\"1200\" \/>\n\t<meta property=\"og:image:type\" content=\"image\/jpeg\" \/>\n<meta name=\"twitter:card\" content=\"summary_large_image\" \/>\n<script type=\"application\/ld+json\" class=\"yoast-schema-graph\">{\"@context\":\"https:\\\/\\\/schema.org\",\"@graph\":[{\"@type\":\"WebPage\",\"@id\":\"https:\\\/\\\/europelab.ca\\\/fr\\\/produit\\\/patchs-contour-des-yeux-biologiques\\\/\",\"url\":\"https:\\\/\\\/europelab.ca\\\/fr\\\/produit\\\/patchs-contour-des-yeux-biologiques\\\/\",\"name\":\"Patchs Contour Des Yeux Biologiques - Europelab\",\"isPartOf\":{\"@id\":\"https:\\\/\\\/europelab.ca\\\/fr\\\/#website\"},\"primaryImageOfPage\":{\"@id\":\"https:\\\/\\\/europelab.ca\\\/fr\\\/produit\\\/patchs-contour-des-yeux-biologiques\\\/#primaryimage\"},\"image\":{\"@id\":\"https:\\\/\\\/europelab.ca\\\/fr\\\/produit\\\/patchs-contour-des-yeux-biologiques\\\/#primaryimage\"},\"thumbnailUrl\":\"https:\\\/\\\/europelab.ca\\\/wp-content\\\/uploads\\\/2025\\\/02\\\/Organic-Eye-Contour-Patches.jpg\",\"datePublished\":\"2025-02-20T12:27:41+00:00\",\"dateModified\":\"2025-02-20T12:27:42+00:00\",\"description\":\"Patchs contour des yeux id\u00e9aux pour pr\u00e9venir l\u2019apparition des premi\u00e8res rides ou ridules des peaux matures, permettent de rafra\u00eechir et d\u00e9congestionner les poches sous les yeux.\",\"breadcrumb\":{\"@id\":\"https:\\\/\\\/europelab.ca\\\/fr\\\/produit\\\/patchs-contour-des-yeux-biologiques\\\/#breadcrumb\"},\"inLanguage\":\"fr-FR\",\"potentialAction\":[{\"@type\":\"ReadAction\",\"target\":[\"https:\\\/\\\/europelab.ca\\\/fr\\\/produit\\\/patchs-contour-des-yeux-biologiques\\\/\"]}]},{\"@type\":\"ImageObject\",\"inLanguage\":\"fr-FR\",\"@id\":\"https:\\\/\\\/europelab.ca\\\/fr\\\/produit\\\/patchs-contour-des-yeux-biologiques\\\/#primaryimage\",\"url\":\"https:\\\/\\\/europelab.ca\\\/wp-content\\\/uploads\\\/2025\\\/02\\\/Organic-Eye-Contour-Patches.jpg\",\"contentUrl\":\"https:\\\/\\\/europelab.ca\\\/wp-content\\\/uploads\\\/2025\\\/02\\\/Organic-Eye-Contour-Patches.jpg\",\"width\":1200,\"height\":1200,\"caption\":\"Patchs Contour Des Yeux Biologiques\"},{\"@type\":\"BreadcrumbList\",\"@id\":\"https:\\\/\\\/europelab.ca\\\/fr\\\/produit\\\/patchs-contour-des-yeux-biologiques\\\/#breadcrumb\",\"itemListElement\":[{\"@type\":\"ListItem\",\"position\":1,\"name\":\"Accueil\",\"item\":\"https:\\\/\\\/europelab.ca\\\/fr\\\/\"},{\"@type\":\"ListItem\",\"position\":2,\"name\":\"Produits\",\"item\":\"https:\\\/\\\/europelab.ca\\\/fr\\\/shop\\\/\"},{\"@type\":\"ListItem\",\"position\":3,\"name\":\"Patchs Contour Des Yeux Biologiques\"}]},{\"@type\":\"WebSite\",\"@id\":\"https:\\\/\\\/europelab.ca\\\/fr\\\/#website\",\"url\":\"https:\\\/\\\/europelab.ca\\\/fr\\\/\",\"name\":\"Europelab\",\"description\":\"Private Label, Made Simple.\",\"potentialAction\":[{\"@type\":\"SearchAction\",\"target\":{\"@type\":\"EntryPoint\",\"urlTemplate\":\"https:\\\/\\\/europelab.ca\\\/fr\\\/?s={search_term_string}\"},\"query-input\":{\"@type\":\"PropertyValueSpecification\",\"valueRequired\":true,\"valueName\":\"search_term_string\"}}],\"inLanguage\":\"fr-FR\"}]}<\/script>\n<!-- \/ Yoast SEO plugin. -->","yoast_head_json":{"title":"Patchs Contour Des Yeux Biologiques - Europelab","description":"Patchs contour des yeux id\u00e9aux pour pr\u00e9venir l\u2019apparition des premi\u00e8res rides ou ridules des peaux matures, permettent de rafra\u00eechir et d\u00e9congestionner les poches sous les yeux.","robots":{"index":"index","follow":"follow","max-snippet":"max-snippet:-1","max-image-preview":"max-image-preview:large","max-video-preview":"max-video-preview:-1"},"canonical":"https:\/\/europelab.ca\/fr\/produit\/patchs-contour-des-yeux-biologiques\/","og_locale":"fr_FR","og_type":"article","og_title":"Patchs Contour Des Yeux Biologiques - Europelab","og_description":"Patchs contour des yeux id\u00e9aux pour pr\u00e9venir l\u2019apparition des premi\u00e8res rides ou ridules des peaux matures, permettent de rafra\u00eechir et d\u00e9congestionner les poches sous les yeux.","og_url":"https:\/\/europelab.ca\/fr\/produit\/patchs-contour-des-yeux-biologiques\/","og_site_name":"Europelab","article_modified_time":"2025-02-20T12:27:42+00:00","og_image":[{"width":1200,"height":1200,"url":"https:\/\/europelab.ca\/wp-content\/uploads\/2025\/02\/Organic-Eye-Contour-Patches.jpg","type":"image\/jpeg"}],"twitter_card":"summary_large_image","schema":{"@context":"https:\/\/schema.org","@graph":[{"@type":"WebPage","@id":"https:\/\/europelab.ca\/fr\/produit\/patchs-contour-des-yeux-biologiques\/","url":"https:\/\/europelab.ca\/fr\/produit\/patchs-contour-des-yeux-biologiques\/","name":"Patchs Contour Des Yeux Biologiques - Europelab","isPartOf":{"@id":"https:\/\/europelab.ca\/fr\/#website"},"primaryImageOfPage":{"@id":"https:\/\/europelab.ca\/fr\/produit\/patchs-contour-des-yeux-biologiques\/#primaryimage"},"image":{"@id":"https:\/\/europelab.ca\/fr\/produit\/patchs-contour-des-yeux-biologiques\/#primaryimage"},"thumbnailUrl":"https:\/\/europelab.ca\/wp-content\/uploads\/2025\/02\/Organic-Eye-Contour-Patches.jpg","datePublished":"2025-02-20T12:27:41+00:00","dateModified":"2025-02-20T12:27:42+00:00","description":"Patchs contour des yeux id\u00e9aux pour pr\u00e9venir l\u2019apparition des premi\u00e8res rides ou ridules des peaux matures, permettent de rafra\u00eechir et d\u00e9congestionner les poches sous les yeux.","breadcrumb":{"@id":"https:\/\/europelab.ca\/fr\/produit\/patchs-contour-des-yeux-biologiques\/#breadcrumb"},"inLanguage":"fr-FR","potentialAction":[{"@type":"ReadAction","target":["https:\/\/europelab.ca\/fr\/produit\/patchs-contour-des-yeux-biologiques\/"]}]},{"@type":"ImageObject","inLanguage":"fr-FR","@id":"https:\/\/europelab.ca\/fr\/produit\/patchs-contour-des-yeux-biologiques\/#primaryimage","url":"https:\/\/europelab.ca\/wp-content\/uploads\/2025\/02\/Organic-Eye-Contour-Patches.jpg","contentUrl":"https:\/\/europelab.ca\/wp-content\/uploads\/2025\/02\/Organic-Eye-Contour-Patches.jpg","width":1200,"height":1200,"caption":"Patchs Contour Des Yeux Biologiques"},{"@type":"BreadcrumbList","@id":"https:\/\/europelab.ca\/fr\/produit\/patchs-contour-des-yeux-biologiques\/#breadcrumb","itemListElement":[{"@type":"ListItem","position":1,"name":"Accueil","item":"https:\/\/europelab.ca\/fr\/"},{"@type":"ListItem","position":2,"name":"Produits","item":"https:\/\/europelab.ca\/fr\/shop\/"},{"@type":"ListItem","position":3,"name":"Patchs Contour Des Yeux Biologiques"}]},{"@type":"WebSite","@id":"https:\/\/europelab.ca\/fr\/#website","url":"https:\/\/europelab.ca\/fr\/","name":"Europelab","description":"Private Label, Made Simple.","potentialAction":[{"@type":"SearchAction","target":{"@type":"EntryPoint","urlTemplate":"https:\/\/europelab.ca\/fr\/?s={search_term_string}"},"query-input":{"@type":"PropertyValueSpecification","valueRequired":true,"valueName":"search_term_string"}}],"inLanguage":"fr-FR"}]}},"_links":{"self":[{"href":"https:\/\/europelab.ca\/fr\/wp-json\/wp\/v2\/product\/14837","targetHints":{"allow":["GET"]}}],"collection":[{"href":"https:\/\/europelab.ca\/fr\/wp-json\/wp\/v2\/product"}],"about":[{"href":"https:\/\/europelab.ca\/fr\/wp-json\/wp\/v2\/types\/product"}],"replies":[{"embeddable":true,"href":"https:\/\/europelab.ca\/fr\/wp-json\/wp\/v2\/comments?post=14837"}],"wp:featuredmedia":[{"embeddable":true,"href":"https:\/\/europelab.ca\/fr\/wp-json\/wp\/v2\/media\/14838"}],"wp:attachment":[{"href":"https:\/\/europelab.ca\/fr\/wp-json\/wp\/v2\/media?parent=14837"}],"wp:term":[{"taxonomy":"product_brand","embeddable":true,"href":"https:\/\/europelab.ca\/fr\/wp-json\/wp\/v2\/product_brand?post=14837"},{"taxonomy":"product_cat","embeddable":true,"href":"https:\/\/europelab.ca\/fr\/wp-json\/wp\/v2\/product_cat?post=14837"},{"taxonomy":"product_tag","embeddable":true,"href":"https:\/\/europelab.ca\/fr\/wp-json\/wp\/v2\/product_tag?post=14837"}],"curies":[{"name":"wp","href":"https:\/\/api.w.org\/{rel}","templated":true}]}}