{"id":14604,"date":"2023-11-28T10:37:02","date_gmt":"2023-11-28T10:52:01","guid":{"rendered":"https:\/\/europelab.ca\/?post_type=product&#038;p=14604"},"modified":"2025-05-06T09:59:05","modified_gmt":"2025-05-06T09:59:05","slug":"nettoyant-exfoliant-huile-a-lait","status":"publish","type":"product","link":"https:\/\/europelab.ca\/fr\/produit\/nettoyant-exfoliant-huile-a-lait\/","title":{"rendered":"Nettoyant Exfoliant Huile-\u00e0-Lait"},"content":{"rendered":"<p>Sur une peau s\u00e8che, appliquez uniform\u00e9ment sur le visage en effectuant des mouvements circulaires.<br \/>\nAjoutez de l&rsquo;eau pour \u00e9mulsionner le produit et rincez bien. Pour usage externe uniquement.<\/p>\n","protected":false},"excerpt":{"rendered":"<p>Ce gel 3-en-1 d\u00e9maquille, nettoie et exfolie la peau en une seule \u00e9tape. Sa texture riche en huile \u00e9limine<br \/>\nle maquillage, y compris le maquillage waterproof. Au contact de l&rsquo;eau, sa texture \u00e9paisse se transforme en un lait cr\u00e9meux qui facilite le rin\u00e7age. Enrichi en enzyme de papaye, ce gel exfolie la peau en douceur. Il se rince facilement sans laisser de r\u00e9sidu gras, laissant la peau d\u00e9barrass\u00e9e du maquillage et de la pollution. La peau est propre et l&rsquo;exc\u00e8s de peaux mortes est \u00e9limin\u00e9. Les points noirs sont \u00e9vit\u00e9s et le teint est plus frais et plus \u00e9clatant. Sa formule douce sans savon ni grains prot\u00e8ge le film hydrolipique de la peau. Id\u00e9al pour tous les types de peau, y compris les peaux sensibles, ce gel laisse la peau souple et ne tiraille pas apr\u00e8s le rin\u00e7age.<\/p>\n","protected":false},"featured_media":14857,"comment_status":"closed","ping_status":"closed","template":"","meta":[],"product_brand":[],"product_cat":[116,133],"product_tag":[],"class_list":{"0":"post-14604","1":"product","2":"type-product","3":"status-publish","4":"has-post-thumbnail","6":"product_cat-collection-biologique","7":"product_cat-peau-seche","9":"first","10":"instock","11":"taxable","12":"shipping-taxable","13":"product-type-simple"},"yoast_head":"<!-- This site is optimized with the Yoast SEO plugin v27.5 - https:\/\/yoast.com\/product\/yoast-seo-wordpress\/ -->\n<title>Nettoyant Exfoliant Huile-\u00e0-Lait - Europelab<\/title>\n<meta name=\"description\" content=\"Rehaussez vos offres de produits nettoyants avec notre Nettoyant Huile-en-Lait Exfoliant Biologique. Exfoliez en douceur et nourrissez la peau, r\u00e9v\u00e9lant un teint radieux et rajeuni. Laissez vos clients choyer leur peau naturellement.\" \/>\n<meta name=\"robots\" content=\"index, follow, max-snippet:-1, max-image-preview:large, max-video-preview:-1\" \/>\n<link rel=\"canonical\" href=\"https:\/\/europelab.ca\/fr\/produit\/nettoyant-exfoliant-huile-a-lait\/\" \/>\n<meta property=\"og:locale\" content=\"fr_FR\" \/>\n<meta property=\"og:type\" content=\"article\" \/>\n<meta property=\"og:title\" content=\"Nettoyant Exfoliant Huile-\u00e0-Lait - Europelab\" \/>\n<meta property=\"og:description\" content=\"Rehaussez vos offres de produits nettoyants avec notre Nettoyant Huile-en-Lait Exfoliant Biologique. Exfoliez en douceur et nourrissez la peau, r\u00e9v\u00e9lant un teint radieux et rajeuni. Laissez vos clients choyer leur peau naturellement.\" \/>\n<meta property=\"og:url\" content=\"https:\/\/europelab.ca\/fr\/produit\/nettoyant-exfoliant-huile-a-lait\/\" \/>\n<meta property=\"og:site_name\" content=\"Europelab\" \/>\n<meta property=\"article:modified_time\" content=\"2025-05-06T09:59:05+00:00\" \/>\n<meta property=\"og:image\" content=\"https:\/\/europelab.ca\/wp-content\/uploads\/2025\/05\/ORGANIC-COLLECTION_2023_W8-BIO-1500_Exfoliating-Oil-to-Milk-Cleanser-150ml.jpg\" \/>\n\t<meta property=\"og:image:width\" content=\"1200\" \/>\n\t<meta property=\"og:image:height\" content=\"1200\" \/>\n\t<meta property=\"og:image:type\" content=\"image\/jpeg\" \/>\n<meta name=\"twitter:card\" content=\"summary_large_image\" \/>\n<script type=\"application\/ld+json\" class=\"yoast-schema-graph\">{\"@context\":\"https:\\\/\\\/schema.org\",\"@graph\":[{\"@type\":\"WebPage\",\"@id\":\"https:\\\/\\\/europelab.ca\\\/fr\\\/produit\\\/nettoyant-exfoliant-huile-a-lait\\\/\",\"url\":\"https:\\\/\\\/europelab.ca\\\/fr\\\/produit\\\/nettoyant-exfoliant-huile-a-lait\\\/\",\"name\":\"Nettoyant Exfoliant Huile-\u00e0-Lait - Europelab\",\"isPartOf\":{\"@id\":\"https:\\\/\\\/europelab.ca\\\/fr\\\/#website\"},\"primaryImageOfPage\":{\"@id\":\"https:\\\/\\\/europelab.ca\\\/fr\\\/produit\\\/nettoyant-exfoliant-huile-a-lait\\\/#primaryimage\"},\"image\":{\"@id\":\"https:\\\/\\\/europelab.ca\\\/fr\\\/produit\\\/nettoyant-exfoliant-huile-a-lait\\\/#primaryimage\"},\"thumbnailUrl\":\"https:\\\/\\\/europelab.ca\\\/wp-content\\\/uploads\\\/2025\\\/05\\\/ORGANIC-COLLECTION_2023_W8-BIO-1500_Exfoliating-Oil-to-Milk-Cleanser-150ml.jpg\",\"datePublished\":\"2023-11-28T10:52:01+00:00\",\"dateModified\":\"2025-05-06T09:59:05+00:00\",\"description\":\"Rehaussez vos offres de produits nettoyants avec notre Nettoyant Huile-en-Lait Exfoliant Biologique. Exfoliez en douceur et nourrissez la peau, r\u00e9v\u00e9lant un teint radieux et rajeuni. Laissez vos clients choyer leur peau naturellement.\",\"breadcrumb\":{\"@id\":\"https:\\\/\\\/europelab.ca\\\/fr\\\/produit\\\/nettoyant-exfoliant-huile-a-lait\\\/#breadcrumb\"},\"inLanguage\":\"fr-FR\",\"potentialAction\":[{\"@type\":\"ReadAction\",\"target\":[\"https:\\\/\\\/europelab.ca\\\/fr\\\/produit\\\/nettoyant-exfoliant-huile-a-lait\\\/\"]}]},{\"@type\":\"ImageObject\",\"inLanguage\":\"fr-FR\",\"@id\":\"https:\\\/\\\/europelab.ca\\\/fr\\\/produit\\\/nettoyant-exfoliant-huile-a-lait\\\/#primaryimage\",\"url\":\"https:\\\/\\\/europelab.ca\\\/wp-content\\\/uploads\\\/2025\\\/05\\\/ORGANIC-COLLECTION_2023_W8-BIO-1500_Exfoliating-Oil-to-Milk-Cleanser-150ml.jpg\",\"contentUrl\":\"https:\\\/\\\/europelab.ca\\\/wp-content\\\/uploads\\\/2025\\\/05\\\/ORGANIC-COLLECTION_2023_W8-BIO-1500_Exfoliating-Oil-to-Milk-Cleanser-150ml.jpg\",\"width\":1200,\"height\":1200,\"caption\":\"Nettoyant Exfoliant Huile-\u00e0-Lait\"},{\"@type\":\"BreadcrumbList\",\"@id\":\"https:\\\/\\\/europelab.ca\\\/fr\\\/produit\\\/nettoyant-exfoliant-huile-a-lait\\\/#breadcrumb\",\"itemListElement\":[{\"@type\":\"ListItem\",\"position\":1,\"name\":\"Accueil\",\"item\":\"https:\\\/\\\/europelab.ca\\\/fr\\\/\"},{\"@type\":\"ListItem\",\"position\":2,\"name\":\"Produits\",\"item\":\"https:\\\/\\\/europelab.ca\\\/fr\\\/shop\\\/\"},{\"@type\":\"ListItem\",\"position\":3,\"name\":\"Nettoyant Exfoliant Huile-\u00e0-Lait\"}]},{\"@type\":\"WebSite\",\"@id\":\"https:\\\/\\\/europelab.ca\\\/fr\\\/#website\",\"url\":\"https:\\\/\\\/europelab.ca\\\/fr\\\/\",\"name\":\"Europelab\",\"description\":\"Private Label, Made Simple.\",\"potentialAction\":[{\"@type\":\"SearchAction\",\"target\":{\"@type\":\"EntryPoint\",\"urlTemplate\":\"https:\\\/\\\/europelab.ca\\\/fr\\\/?s={search_term_string}\"},\"query-input\":{\"@type\":\"PropertyValueSpecification\",\"valueRequired\":true,\"valueName\":\"search_term_string\"}}],\"inLanguage\":\"fr-FR\"}]}<\/script>\n<!-- \/ Yoast SEO plugin. -->","yoast_head_json":{"title":"Nettoyant Exfoliant Huile-\u00e0-Lait - Europelab","description":"Rehaussez vos offres de produits nettoyants avec notre Nettoyant Huile-en-Lait Exfoliant Biologique. Exfoliez en douceur et nourrissez la peau, r\u00e9v\u00e9lant un teint radieux et rajeuni. Laissez vos clients choyer leur peau naturellement.","robots":{"index":"index","follow":"follow","max-snippet":"max-snippet:-1","max-image-preview":"max-image-preview:large","max-video-preview":"max-video-preview:-1"},"canonical":"https:\/\/europelab.ca\/fr\/produit\/nettoyant-exfoliant-huile-a-lait\/","og_locale":"fr_FR","og_type":"article","og_title":"Nettoyant Exfoliant Huile-\u00e0-Lait - Europelab","og_description":"Rehaussez vos offres de produits nettoyants avec notre Nettoyant Huile-en-Lait Exfoliant Biologique. Exfoliez en douceur et nourrissez la peau, r\u00e9v\u00e9lant un teint radieux et rajeuni. Laissez vos clients choyer leur peau naturellement.","og_url":"https:\/\/europelab.ca\/fr\/produit\/nettoyant-exfoliant-huile-a-lait\/","og_site_name":"Europelab","article_modified_time":"2025-05-06T09:59:05+00:00","og_image":[{"width":1200,"height":1200,"url":"https:\/\/europelab.ca\/wp-content\/uploads\/2025\/05\/ORGANIC-COLLECTION_2023_W8-BIO-1500_Exfoliating-Oil-to-Milk-Cleanser-150ml.jpg","type":"image\/jpeg"}],"twitter_card":"summary_large_image","schema":{"@context":"https:\/\/schema.org","@graph":[{"@type":"WebPage","@id":"https:\/\/europelab.ca\/fr\/produit\/nettoyant-exfoliant-huile-a-lait\/","url":"https:\/\/europelab.ca\/fr\/produit\/nettoyant-exfoliant-huile-a-lait\/","name":"Nettoyant Exfoliant Huile-\u00e0-Lait - Europelab","isPartOf":{"@id":"https:\/\/europelab.ca\/fr\/#website"},"primaryImageOfPage":{"@id":"https:\/\/europelab.ca\/fr\/produit\/nettoyant-exfoliant-huile-a-lait\/#primaryimage"},"image":{"@id":"https:\/\/europelab.ca\/fr\/produit\/nettoyant-exfoliant-huile-a-lait\/#primaryimage"},"thumbnailUrl":"https:\/\/europelab.ca\/wp-content\/uploads\/2025\/05\/ORGANIC-COLLECTION_2023_W8-BIO-1500_Exfoliating-Oil-to-Milk-Cleanser-150ml.jpg","datePublished":"2023-11-28T10:52:01+00:00","dateModified":"2025-05-06T09:59:05+00:00","description":"Rehaussez vos offres de produits nettoyants avec notre Nettoyant Huile-en-Lait Exfoliant Biologique. Exfoliez en douceur et nourrissez la peau, r\u00e9v\u00e9lant un teint radieux et rajeuni. Laissez vos clients choyer leur peau naturellement.","breadcrumb":{"@id":"https:\/\/europelab.ca\/fr\/produit\/nettoyant-exfoliant-huile-a-lait\/#breadcrumb"},"inLanguage":"fr-FR","potentialAction":[{"@type":"ReadAction","target":["https:\/\/europelab.ca\/fr\/produit\/nettoyant-exfoliant-huile-a-lait\/"]}]},{"@type":"ImageObject","inLanguage":"fr-FR","@id":"https:\/\/europelab.ca\/fr\/produit\/nettoyant-exfoliant-huile-a-lait\/#primaryimage","url":"https:\/\/europelab.ca\/wp-content\/uploads\/2025\/05\/ORGANIC-COLLECTION_2023_W8-BIO-1500_Exfoliating-Oil-to-Milk-Cleanser-150ml.jpg","contentUrl":"https:\/\/europelab.ca\/wp-content\/uploads\/2025\/05\/ORGANIC-COLLECTION_2023_W8-BIO-1500_Exfoliating-Oil-to-Milk-Cleanser-150ml.jpg","width":1200,"height":1200,"caption":"Nettoyant Exfoliant Huile-\u00e0-Lait"},{"@type":"BreadcrumbList","@id":"https:\/\/europelab.ca\/fr\/produit\/nettoyant-exfoliant-huile-a-lait\/#breadcrumb","itemListElement":[{"@type":"ListItem","position":1,"name":"Accueil","item":"https:\/\/europelab.ca\/fr\/"},{"@type":"ListItem","position":2,"name":"Produits","item":"https:\/\/europelab.ca\/fr\/shop\/"},{"@type":"ListItem","position":3,"name":"Nettoyant Exfoliant Huile-\u00e0-Lait"}]},{"@type":"WebSite","@id":"https:\/\/europelab.ca\/fr\/#website","url":"https:\/\/europelab.ca\/fr\/","name":"Europelab","description":"Private Label, Made Simple.","potentialAction":[{"@type":"SearchAction","target":{"@type":"EntryPoint","urlTemplate":"https:\/\/europelab.ca\/fr\/?s={search_term_string}"},"query-input":{"@type":"PropertyValueSpecification","valueRequired":true,"valueName":"search_term_string"}}],"inLanguage":"fr-FR"}]}},"_links":{"self":[{"href":"https:\/\/europelab.ca\/fr\/wp-json\/wp\/v2\/product\/14604","targetHints":{"allow":["GET"]}}],"collection":[{"href":"https:\/\/europelab.ca\/fr\/wp-json\/wp\/v2\/product"}],"about":[{"href":"https:\/\/europelab.ca\/fr\/wp-json\/wp\/v2\/types\/product"}],"replies":[{"embeddable":true,"href":"https:\/\/europelab.ca\/fr\/wp-json\/wp\/v2\/comments?post=14604"}],"wp:featuredmedia":[{"embeddable":true,"href":"https:\/\/europelab.ca\/fr\/wp-json\/wp\/v2\/media\/14857"}],"wp:attachment":[{"href":"https:\/\/europelab.ca\/fr\/wp-json\/wp\/v2\/media?parent=14604"}],"wp:term":[{"taxonomy":"product_brand","embeddable":true,"href":"https:\/\/europelab.ca\/fr\/wp-json\/wp\/v2\/product_brand?post=14604"},{"taxonomy":"product_cat","embeddable":true,"href":"https:\/\/europelab.ca\/fr\/wp-json\/wp\/v2\/product_cat?post=14604"},{"taxonomy":"product_tag","embeddable":true,"href":"https:\/\/europelab.ca\/fr\/wp-json\/wp\/v2\/product_tag?post=14604"}],"curies":[{"name":"wp","href":"https:\/\/api.w.org\/{rel}","templated":true}]}}