{"id":14599,"date":"2023-11-27T16:37:09","date_gmt":"2023-11-27T16:37:09","guid":{"rendered":"https:\/\/europelab.ca\/?post_type=product&#038;p=14599"},"modified":"2023-11-27T16:44:14","modified_gmt":"2023-11-27T16:44:14","slug":"huile-poils-incarnes","status":"publish","type":"product","link":"https:\/\/europelab.ca\/fr\/produit\/huile-poils-incarnes\/","title":{"rendered":"Huile Poils Incarn\u00e9s"},"content":{"rendered":"<p>Pour une utilisation quotidienne le matin et\/ou le soir. Appliquer directement sur la zone \u00e9pil\u00e9e ou rase.<br \/>\n\u00c9viter tout contact avec les yeux. Pour un usage externe seulement.<\/p>\n","protected":false},"excerpt":{"rendered":"<p>Huile soyeuse \u00e0 base d\u2019ingr\u00e9dients naturels sp\u00e9cialement formul\u00e9 en tant que soin post-\u00e9pilation, laser et\/ou rasoir. Concentr\u00e9e en agents hydratants et apaisants, cette huile aide \u00e0 soulager la peau et la prot\u00e9ger des coupures et des irritations caus\u00e9es par le rasoir, le laser ou l\u2019\u00e9pilation. Cette formule a \u00e9t\u00e9 d\u00e9velopp\u00e9e sp\u00e9cifiquement pour pr\u00e9venir la folliculite et contr\u00f4ler la croissance des bact\u00e9ries pathog\u00e8nes causant des poils incarn\u00e9s et des boutons. Appliqu\u00e9 apr\u00e8s chaque \u00e9pilation ou rasage, les poils prennent plus de temps \u00e0 pousser et la peau reste douce plus longtemps.<\/p>\n","protected":false},"featured_media":14745,"comment_status":"closed","ping_status":"closed","template":"","meta":[],"product_brand":[],"product_cat":[116,123,128],"product_tag":[],"class_list":{"0":"post-14599","1":"product","2":"type-product","3":"status-publish","4":"has-post-thumbnail","6":"product_cat-collection-biologique","7":"product_cat-serums-et-huiles","8":"product_cat-soins-personnels","10":"first","11":"instock","12":"taxable","13":"shipping-taxable","14":"product-type-simple"},"yoast_head":"<!-- This site is optimized with the Yoast SEO plugin v27.5 - https:\/\/yoast.com\/product\/yoast-seo-wordpress\/ -->\n<title>Huile Poils Incarn\u00e9s - Europelab<\/title>\n<meta name=\"description\" content=\"Ajoutez une solution pr\u00e9ventive \u00e0 votre gamme de produits avec notre Huile Poils Incarn\u00e9s Biologique. Dites adieu aux irritations cutan\u00e9es, offrant une exp\u00e9rience douce et sans irritation. Laissez vos clients adopter des soins capillaires naturels.\" \/>\n<meta name=\"robots\" content=\"index, follow, max-snippet:-1, max-image-preview:large, max-video-preview:-1\" \/>\n<link rel=\"canonical\" href=\"https:\/\/europelab.ca\/fr\/produit\/huile-poils-incarnes\/\" \/>\n<meta property=\"og:locale\" content=\"fr_FR\" \/>\n<meta property=\"og:type\" content=\"article\" \/>\n<meta property=\"og:title\" content=\"Huile Poils Incarn\u00e9s - Europelab\" \/>\n<meta property=\"og:description\" content=\"Ajoutez une solution pr\u00e9ventive \u00e0 votre gamme de produits avec notre Huile Poils Incarn\u00e9s Biologique. Dites adieu aux irritations cutan\u00e9es, offrant une exp\u00e9rience douce et sans irritation. Laissez vos clients adopter des soins capillaires naturels.\" \/>\n<meta property=\"og:url\" content=\"https:\/\/europelab.ca\/fr\/produit\/huile-poils-incarnes\/\" \/>\n<meta property=\"og:site_name\" content=\"Europelab\" \/>\n<meta property=\"article:modified_time\" content=\"2023-11-27T16:44:14+00:00\" \/>\n<meta property=\"og:image\" content=\"https:\/\/europelab.ca\/wp-content\/uploads\/2023\/11\/Ingrown-Hair-scaled.jpg\" \/>\n\t<meta property=\"og:image:width\" content=\"2560\" \/>\n\t<meta property=\"og:image:height\" content=\"2560\" \/>\n\t<meta property=\"og:image:type\" content=\"image\/jpeg\" \/>\n<meta name=\"twitter:card\" content=\"summary_large_image\" \/>\n<script type=\"application\/ld+json\" class=\"yoast-schema-graph\">{\"@context\":\"https:\\\/\\\/schema.org\",\"@graph\":[{\"@type\":\"WebPage\",\"@id\":\"https:\\\/\\\/europelab.ca\\\/fr\\\/produit\\\/huile-poils-incarnes\\\/\",\"url\":\"https:\\\/\\\/europelab.ca\\\/fr\\\/produit\\\/huile-poils-incarnes\\\/\",\"name\":\"Huile Poils Incarn\u00e9s - Europelab\",\"isPartOf\":{\"@id\":\"https:\\\/\\\/europelab.ca\\\/fr\\\/#website\"},\"primaryImageOfPage\":{\"@id\":\"https:\\\/\\\/europelab.ca\\\/fr\\\/produit\\\/huile-poils-incarnes\\\/#primaryimage\"},\"image\":{\"@id\":\"https:\\\/\\\/europelab.ca\\\/fr\\\/produit\\\/huile-poils-incarnes\\\/#primaryimage\"},\"thumbnailUrl\":\"https:\\\/\\\/europelab.ca\\\/wp-content\\\/uploads\\\/2023\\\/11\\\/ORGANIC-COLLECTION_Ingrown-Hair-30ml.jpg\",\"datePublished\":\"2023-11-27T16:37:09+00:00\",\"dateModified\":\"2023-11-27T16:44:14+00:00\",\"description\":\"Ajoutez une solution pr\u00e9ventive \u00e0 votre gamme de produits avec notre Huile Poils Incarn\u00e9s Biologique. Dites adieu aux irritations cutan\u00e9es, offrant une exp\u00e9rience douce et sans irritation. Laissez vos clients adopter des soins capillaires naturels.\",\"breadcrumb\":{\"@id\":\"https:\\\/\\\/europelab.ca\\\/fr\\\/produit\\\/huile-poils-incarnes\\\/#breadcrumb\"},\"inLanguage\":\"fr-FR\",\"potentialAction\":[{\"@type\":\"ReadAction\",\"target\":[\"https:\\\/\\\/europelab.ca\\\/fr\\\/produit\\\/huile-poils-incarnes\\\/\"]}]},{\"@type\":\"ImageObject\",\"inLanguage\":\"fr-FR\",\"@id\":\"https:\\\/\\\/europelab.ca\\\/fr\\\/produit\\\/huile-poils-incarnes\\\/#primaryimage\",\"url\":\"https:\\\/\\\/europelab.ca\\\/wp-content\\\/uploads\\\/2023\\\/11\\\/ORGANIC-COLLECTION_Ingrown-Hair-30ml.jpg\",\"contentUrl\":\"https:\\\/\\\/europelab.ca\\\/wp-content\\\/uploads\\\/2023\\\/11\\\/ORGANIC-COLLECTION_Ingrown-Hair-30ml.jpg\",\"width\":1200,\"height\":1200,\"caption\":\"Huile Poils Incarn\u00e9s\"},{\"@type\":\"BreadcrumbList\",\"@id\":\"https:\\\/\\\/europelab.ca\\\/fr\\\/produit\\\/huile-poils-incarnes\\\/#breadcrumb\",\"itemListElement\":[{\"@type\":\"ListItem\",\"position\":1,\"name\":\"Accueil\",\"item\":\"https:\\\/\\\/europelab.ca\\\/fr\\\/\"},{\"@type\":\"ListItem\",\"position\":2,\"name\":\"Produits\",\"item\":\"https:\\\/\\\/europelab.ca\\\/fr\\\/shop\\\/\"},{\"@type\":\"ListItem\",\"position\":3,\"name\":\"Huile Poils Incarn\u00e9s\"}]},{\"@type\":\"WebSite\",\"@id\":\"https:\\\/\\\/europelab.ca\\\/fr\\\/#website\",\"url\":\"https:\\\/\\\/europelab.ca\\\/fr\\\/\",\"name\":\"Europelab\",\"description\":\"Private Label, Made Simple.\",\"potentialAction\":[{\"@type\":\"SearchAction\",\"target\":{\"@type\":\"EntryPoint\",\"urlTemplate\":\"https:\\\/\\\/europelab.ca\\\/fr\\\/?s={search_term_string}\"},\"query-input\":{\"@type\":\"PropertyValueSpecification\",\"valueRequired\":true,\"valueName\":\"search_term_string\"}}],\"inLanguage\":\"fr-FR\"}]}<\/script>\n<!-- \/ Yoast SEO plugin. -->","yoast_head_json":{"title":"Huile Poils Incarn\u00e9s - Europelab","description":"Ajoutez une solution pr\u00e9ventive \u00e0 votre gamme de produits avec notre Huile Poils Incarn\u00e9s Biologique. Dites adieu aux irritations cutan\u00e9es, offrant une exp\u00e9rience douce et sans irritation. Laissez vos clients adopter des soins capillaires naturels.","robots":{"index":"index","follow":"follow","max-snippet":"max-snippet:-1","max-image-preview":"max-image-preview:large","max-video-preview":"max-video-preview:-1"},"canonical":"https:\/\/europelab.ca\/fr\/produit\/huile-poils-incarnes\/","og_locale":"fr_FR","og_type":"article","og_title":"Huile Poils Incarn\u00e9s - Europelab","og_description":"Ajoutez une solution pr\u00e9ventive \u00e0 votre gamme de produits avec notre Huile Poils Incarn\u00e9s Biologique. Dites adieu aux irritations cutan\u00e9es, offrant une exp\u00e9rience douce et sans irritation. Laissez vos clients adopter des soins capillaires naturels.","og_url":"https:\/\/europelab.ca\/fr\/produit\/huile-poils-incarnes\/","og_site_name":"Europelab","article_modified_time":"2023-11-27T16:44:14+00:00","og_image":[{"width":2560,"height":2560,"url":"https:\/\/europelab.ca\/wp-content\/uploads\/2023\/11\/Ingrown-Hair-scaled.jpg","type":"image\/jpeg"}],"twitter_card":"summary_large_image","schema":{"@context":"https:\/\/schema.org","@graph":[{"@type":"WebPage","@id":"https:\/\/europelab.ca\/fr\/produit\/huile-poils-incarnes\/","url":"https:\/\/europelab.ca\/fr\/produit\/huile-poils-incarnes\/","name":"Huile Poils Incarn\u00e9s - Europelab","isPartOf":{"@id":"https:\/\/europelab.ca\/fr\/#website"},"primaryImageOfPage":{"@id":"https:\/\/europelab.ca\/fr\/produit\/huile-poils-incarnes\/#primaryimage"},"image":{"@id":"https:\/\/europelab.ca\/fr\/produit\/huile-poils-incarnes\/#primaryimage"},"thumbnailUrl":"https:\/\/europelab.ca\/wp-content\/uploads\/2023\/11\/ORGANIC-COLLECTION_Ingrown-Hair-30ml.jpg","datePublished":"2023-11-27T16:37:09+00:00","dateModified":"2023-11-27T16:44:14+00:00","description":"Ajoutez une solution pr\u00e9ventive \u00e0 votre gamme de produits avec notre Huile Poils Incarn\u00e9s Biologique. Dites adieu aux irritations cutan\u00e9es, offrant une exp\u00e9rience douce et sans irritation. Laissez vos clients adopter des soins capillaires naturels.","breadcrumb":{"@id":"https:\/\/europelab.ca\/fr\/produit\/huile-poils-incarnes\/#breadcrumb"},"inLanguage":"fr-FR","potentialAction":[{"@type":"ReadAction","target":["https:\/\/europelab.ca\/fr\/produit\/huile-poils-incarnes\/"]}]},{"@type":"ImageObject","inLanguage":"fr-FR","@id":"https:\/\/europelab.ca\/fr\/produit\/huile-poils-incarnes\/#primaryimage","url":"https:\/\/europelab.ca\/wp-content\/uploads\/2023\/11\/ORGANIC-COLLECTION_Ingrown-Hair-30ml.jpg","contentUrl":"https:\/\/europelab.ca\/wp-content\/uploads\/2023\/11\/ORGANIC-COLLECTION_Ingrown-Hair-30ml.jpg","width":1200,"height":1200,"caption":"Huile Poils Incarn\u00e9s"},{"@type":"BreadcrumbList","@id":"https:\/\/europelab.ca\/fr\/produit\/huile-poils-incarnes\/#breadcrumb","itemListElement":[{"@type":"ListItem","position":1,"name":"Accueil","item":"https:\/\/europelab.ca\/fr\/"},{"@type":"ListItem","position":2,"name":"Produits","item":"https:\/\/europelab.ca\/fr\/shop\/"},{"@type":"ListItem","position":3,"name":"Huile Poils Incarn\u00e9s"}]},{"@type":"WebSite","@id":"https:\/\/europelab.ca\/fr\/#website","url":"https:\/\/europelab.ca\/fr\/","name":"Europelab","description":"Private Label, Made Simple.","potentialAction":[{"@type":"SearchAction","target":{"@type":"EntryPoint","urlTemplate":"https:\/\/europelab.ca\/fr\/?s={search_term_string}"},"query-input":{"@type":"PropertyValueSpecification","valueRequired":true,"valueName":"search_term_string"}}],"inLanguage":"fr-FR"}]}},"_links":{"self":[{"href":"https:\/\/europelab.ca\/fr\/wp-json\/wp\/v2\/product\/14599","targetHints":{"allow":["GET"]}}],"collection":[{"href":"https:\/\/europelab.ca\/fr\/wp-json\/wp\/v2\/product"}],"about":[{"href":"https:\/\/europelab.ca\/fr\/wp-json\/wp\/v2\/types\/product"}],"replies":[{"embeddable":true,"href":"https:\/\/europelab.ca\/fr\/wp-json\/wp\/v2\/comments?post=14599"}],"wp:featuredmedia":[{"embeddable":true,"href":"https:\/\/europelab.ca\/fr\/wp-json\/wp\/v2\/media\/14745"}],"wp:attachment":[{"href":"https:\/\/europelab.ca\/fr\/wp-json\/wp\/v2\/media?parent=14599"}],"wp:term":[{"taxonomy":"product_brand","embeddable":true,"href":"https:\/\/europelab.ca\/fr\/wp-json\/wp\/v2\/product_brand?post=14599"},{"taxonomy":"product_cat","embeddable":true,"href":"https:\/\/europelab.ca\/fr\/wp-json\/wp\/v2\/product_cat?post=14599"},{"taxonomy":"product_tag","embeddable":true,"href":"https:\/\/europelab.ca\/fr\/wp-json\/wp\/v2\/product_tag?post=14599"}],"curies":[{"name":"wp","href":"https:\/\/api.w.org\/{rel}","templated":true}]}}