{"id":14594,"date":"2023-11-27T15:03:45","date_gmt":"2023-11-27T15:10:03","guid":{"rendered":"https:\/\/europelab.ca\/?post_type=product&#038;p=14594"},"modified":"2023-11-27T15:10:59","modified_gmt":"2023-11-27T15:10:59","slug":"serum-hydra-biologique","status":"publish","type":"product","link":"https:\/\/europelab.ca\/fr\/produit\/serum-hydra-biologique\/","title":{"rendered":"S\u00e9rum Hydra+ Biologique"},"content":{"rendered":"<p>Apr\u00e8s avoir nettoy\u00e9 le visage, appliquez uniform\u00e9ment sur le visage avec des mouvements circulaires. Appliquez une cr\u00e8me. \u00c9viter le contact avec le contour des yeux. Pour un usage externe uniquement<\/p>\n","protected":false},"excerpt":{"rendered":"<p>Formule \u00e0 base d\u2019acide hyaluronique sp\u00e9cialement formul\u00e9e pour les peaux en manque d\u2019hydratation<br \/>\net les peaux matures. Ce s\u00e9rum hydrate instantan\u00e9ment et intens\u00e9ment la peau et la laisse souple et<br \/>\nrebondie. Les zones de d\u00e9shydratation sont imm\u00e9diatement soulag\u00e9es et le teint est plus \u00e9clatant. Cette<br \/>\nformule est enrichie en ingr\u00e9dients hydratants pour aider \u00e0 r\u00e9g\u00e9n\u00e9rer la barri\u00e8re d\u2019hydratation cutan\u00e9e et prot\u00e9ger la peau du dess\u00e8chement. La peau est imm\u00e9diatement plus lisse et douce au toucher. Sa richesse en vitamines antioxydantes et en pr\u00e9biotiques prot\u00e8ge la peau contre les agressions ext\u00e9rieures et aide \u00e0 pr\u00e9venir les signes du vieillissement.<\/p>\n","protected":false},"featured_media":14747,"comment_status":"closed","ping_status":"closed","template":"","meta":[],"product_brand":[],"product_cat":[116,139,140,123],"product_tag":[],"class_list":{"0":"post-14594","1":"product","2":"type-product","3":"status-publish","4":"has-post-thumbnail","6":"product_cat-collection-biologique","7":"product_cat-peau-mature-lache","8":"product_cat-pigmentation-fr","9":"product_cat-serums-et-huiles","11":"first","12":"instock","13":"taxable","14":"shipping-taxable","15":"product-type-simple"},"yoast_head":"<!-- This site is optimized with the Yoast SEO plugin v27.5 - https:\/\/yoast.com\/product\/yoast-seo-wordpress\/ -->\n<title>S\u00e9rum Hydra+ Biologique - Europelab<\/title>\n<meta name=\"robots\" content=\"index, follow, max-snippet:-1, max-image-preview:large, max-video-preview:-1\" \/>\n<link rel=\"canonical\" href=\"https:\/\/europelab.ca\/fr\/produit\/serum-hydra-biologique\/\" \/>\n<meta property=\"og:locale\" content=\"fr_FR\" \/>\n<meta property=\"og:type\" content=\"article\" \/>\n<meta property=\"og:title\" content=\"S\u00e9rum Hydra+ Biologique - Europelab\" \/>\n<meta property=\"og:description\" content=\"Formule \u00e0 base d\u2019acide hyaluronique sp\u00e9cialement formul\u00e9e pour les peaux en manque d\u2019hydratation et les peaux matures. Ce s\u00e9rum hydrate instantan\u00e9ment et intens\u00e9ment la peau et la laisse souple et rebondie. Les zones de d\u00e9shydratation sont imm\u00e9diatement soulag\u00e9es et le teint est plus \u00e9clatant. Cette formule est enrichie en ingr\u00e9dients hydratants pour aider \u00e0 r\u00e9g\u00e9n\u00e9rer la barri\u00e8re d\u2019hydratation cutan\u00e9e et prot\u00e9ger la peau du dess\u00e8chement. La peau est imm\u00e9diatement plus lisse et douce au toucher. Sa richesse en vitamines antioxydantes et en pr\u00e9biotiques prot\u00e8ge la peau contre les agressions ext\u00e9rieures et aide \u00e0 pr\u00e9venir les signes du vieillissement.\" \/>\n<meta property=\"og:url\" content=\"https:\/\/europelab.ca\/fr\/produit\/serum-hydra-biologique\/\" \/>\n<meta property=\"og:site_name\" content=\"Europelab\" \/>\n<meta property=\"article:modified_time\" content=\"2023-11-27T15:10:59+00:00\" \/>\n<meta property=\"og:image\" content=\"https:\/\/europelab.ca\/wp-content\/uploads\/2023\/11\/ORGANIC-COLLECTION_Organic-Hydra_-Serum.jpg\" \/>\n\t<meta property=\"og:image:width\" content=\"1200\" \/>\n\t<meta property=\"og:image:height\" content=\"1200\" \/>\n\t<meta property=\"og:image:type\" content=\"image\/jpeg\" \/>\n<meta name=\"twitter:card\" content=\"summary_large_image\" \/>\n<script type=\"application\/ld+json\" class=\"yoast-schema-graph\">{\"@context\":\"https:\\\/\\\/schema.org\",\"@graph\":[{\"@type\":\"WebPage\",\"@id\":\"https:\\\/\\\/europelab.ca\\\/fr\\\/produit\\\/serum-hydra-biologique\\\/\",\"url\":\"https:\\\/\\\/europelab.ca\\\/fr\\\/produit\\\/serum-hydra-biologique\\\/\",\"name\":\"S\u00e9rum Hydra+ Biologique - Europelab\",\"isPartOf\":{\"@id\":\"https:\\\/\\\/europelab.ca\\\/fr\\\/#website\"},\"primaryImageOfPage\":{\"@id\":\"https:\\\/\\\/europelab.ca\\\/fr\\\/produit\\\/serum-hydra-biologique\\\/#primaryimage\"},\"image\":{\"@id\":\"https:\\\/\\\/europelab.ca\\\/fr\\\/produit\\\/serum-hydra-biologique\\\/#primaryimage\"},\"thumbnailUrl\":\"https:\\\/\\\/europelab.ca\\\/wp-content\\\/uploads\\\/2023\\\/11\\\/ORGANIC-COLLECTION_Organic-Hydra_-Serum-30ml.jpg\",\"datePublished\":\"2023-11-27T15:10:03+00:00\",\"dateModified\":\"2023-11-27T15:10:59+00:00\",\"breadcrumb\":{\"@id\":\"https:\\\/\\\/europelab.ca\\\/fr\\\/produit\\\/serum-hydra-biologique\\\/#breadcrumb\"},\"inLanguage\":\"fr-FR\",\"potentialAction\":[{\"@type\":\"ReadAction\",\"target\":[\"https:\\\/\\\/europelab.ca\\\/fr\\\/produit\\\/serum-hydra-biologique\\\/\"]}]},{\"@type\":\"ImageObject\",\"inLanguage\":\"fr-FR\",\"@id\":\"https:\\\/\\\/europelab.ca\\\/fr\\\/produit\\\/serum-hydra-biologique\\\/#primaryimage\",\"url\":\"https:\\\/\\\/europelab.ca\\\/wp-content\\\/uploads\\\/2023\\\/11\\\/ORGANIC-COLLECTION_Organic-Hydra_-Serum-30ml.jpg\",\"contentUrl\":\"https:\\\/\\\/europelab.ca\\\/wp-content\\\/uploads\\\/2023\\\/11\\\/ORGANIC-COLLECTION_Organic-Hydra_-Serum-30ml.jpg\",\"width\":1200,\"height\":1200,\"caption\":\"S\u00e9rum Hydra+ Biologique\"},{\"@type\":\"BreadcrumbList\",\"@id\":\"https:\\\/\\\/europelab.ca\\\/fr\\\/produit\\\/serum-hydra-biologique\\\/#breadcrumb\",\"itemListElement\":[{\"@type\":\"ListItem\",\"position\":1,\"name\":\"Accueil\",\"item\":\"https:\\\/\\\/europelab.ca\\\/fr\\\/\"},{\"@type\":\"ListItem\",\"position\":2,\"name\":\"Produits\",\"item\":\"https:\\\/\\\/europelab.ca\\\/fr\\\/shop\\\/\"},{\"@type\":\"ListItem\",\"position\":3,\"name\":\"S\u00e9rum Hydra+ Biologique\"}]},{\"@type\":\"WebSite\",\"@id\":\"https:\\\/\\\/europelab.ca\\\/fr\\\/#website\",\"url\":\"https:\\\/\\\/europelab.ca\\\/fr\\\/\",\"name\":\"Europelab\",\"description\":\"Private Label, Made Simple.\",\"potentialAction\":[{\"@type\":\"SearchAction\",\"target\":{\"@type\":\"EntryPoint\",\"urlTemplate\":\"https:\\\/\\\/europelab.ca\\\/fr\\\/?s={search_term_string}\"},\"query-input\":{\"@type\":\"PropertyValueSpecification\",\"valueRequired\":true,\"valueName\":\"search_term_string\"}}],\"inLanguage\":\"fr-FR\"}]}<\/script>\n<!-- \/ Yoast SEO plugin. -->","yoast_head_json":{"title":"S\u00e9rum Hydra+ Biologique - Europelab","robots":{"index":"index","follow":"follow","max-snippet":"max-snippet:-1","max-image-preview":"max-image-preview:large","max-video-preview":"max-video-preview:-1"},"canonical":"https:\/\/europelab.ca\/fr\/produit\/serum-hydra-biologique\/","og_locale":"fr_FR","og_type":"article","og_title":"S\u00e9rum Hydra+ Biologique - Europelab","og_description":"Formule \u00e0 base d\u2019acide hyaluronique sp\u00e9cialement formul\u00e9e pour les peaux en manque d\u2019hydratation et les peaux matures. Ce s\u00e9rum hydrate instantan\u00e9ment et intens\u00e9ment la peau et la laisse souple et rebondie. Les zones de d\u00e9shydratation sont imm\u00e9diatement soulag\u00e9es et le teint est plus \u00e9clatant. Cette formule est enrichie en ingr\u00e9dients hydratants pour aider \u00e0 r\u00e9g\u00e9n\u00e9rer la barri\u00e8re d\u2019hydratation cutan\u00e9e et prot\u00e9ger la peau du dess\u00e8chement. La peau est imm\u00e9diatement plus lisse et douce au toucher. Sa richesse en vitamines antioxydantes et en pr\u00e9biotiques prot\u00e8ge la peau contre les agressions ext\u00e9rieures et aide \u00e0 pr\u00e9venir les signes du vieillissement.","og_url":"https:\/\/europelab.ca\/fr\/produit\/serum-hydra-biologique\/","og_site_name":"Europelab","article_modified_time":"2023-11-27T15:10:59+00:00","og_image":[{"width":1200,"height":1200,"url":"https:\/\/europelab.ca\/wp-content\/uploads\/2023\/11\/ORGANIC-COLLECTION_Organic-Hydra_-Serum.jpg","type":"image\/jpeg"}],"twitter_card":"summary_large_image","schema":{"@context":"https:\/\/schema.org","@graph":[{"@type":"WebPage","@id":"https:\/\/europelab.ca\/fr\/produit\/serum-hydra-biologique\/","url":"https:\/\/europelab.ca\/fr\/produit\/serum-hydra-biologique\/","name":"S\u00e9rum Hydra+ Biologique - Europelab","isPartOf":{"@id":"https:\/\/europelab.ca\/fr\/#website"},"primaryImageOfPage":{"@id":"https:\/\/europelab.ca\/fr\/produit\/serum-hydra-biologique\/#primaryimage"},"image":{"@id":"https:\/\/europelab.ca\/fr\/produit\/serum-hydra-biologique\/#primaryimage"},"thumbnailUrl":"https:\/\/europelab.ca\/wp-content\/uploads\/2023\/11\/ORGANIC-COLLECTION_Organic-Hydra_-Serum-30ml.jpg","datePublished":"2023-11-27T15:10:03+00:00","dateModified":"2023-11-27T15:10:59+00:00","breadcrumb":{"@id":"https:\/\/europelab.ca\/fr\/produit\/serum-hydra-biologique\/#breadcrumb"},"inLanguage":"fr-FR","potentialAction":[{"@type":"ReadAction","target":["https:\/\/europelab.ca\/fr\/produit\/serum-hydra-biologique\/"]}]},{"@type":"ImageObject","inLanguage":"fr-FR","@id":"https:\/\/europelab.ca\/fr\/produit\/serum-hydra-biologique\/#primaryimage","url":"https:\/\/europelab.ca\/wp-content\/uploads\/2023\/11\/ORGANIC-COLLECTION_Organic-Hydra_-Serum-30ml.jpg","contentUrl":"https:\/\/europelab.ca\/wp-content\/uploads\/2023\/11\/ORGANIC-COLLECTION_Organic-Hydra_-Serum-30ml.jpg","width":1200,"height":1200,"caption":"S\u00e9rum Hydra+ Biologique"},{"@type":"BreadcrumbList","@id":"https:\/\/europelab.ca\/fr\/produit\/serum-hydra-biologique\/#breadcrumb","itemListElement":[{"@type":"ListItem","position":1,"name":"Accueil","item":"https:\/\/europelab.ca\/fr\/"},{"@type":"ListItem","position":2,"name":"Produits","item":"https:\/\/europelab.ca\/fr\/shop\/"},{"@type":"ListItem","position":3,"name":"S\u00e9rum Hydra+ Biologique"}]},{"@type":"WebSite","@id":"https:\/\/europelab.ca\/fr\/#website","url":"https:\/\/europelab.ca\/fr\/","name":"Europelab","description":"Private Label, Made Simple.","potentialAction":[{"@type":"SearchAction","target":{"@type":"EntryPoint","urlTemplate":"https:\/\/europelab.ca\/fr\/?s={search_term_string}"},"query-input":{"@type":"PropertyValueSpecification","valueRequired":true,"valueName":"search_term_string"}}],"inLanguage":"fr-FR"}]}},"_links":{"self":[{"href":"https:\/\/europelab.ca\/fr\/wp-json\/wp\/v2\/product\/14594","targetHints":{"allow":["GET"]}}],"collection":[{"href":"https:\/\/europelab.ca\/fr\/wp-json\/wp\/v2\/product"}],"about":[{"href":"https:\/\/europelab.ca\/fr\/wp-json\/wp\/v2\/types\/product"}],"replies":[{"embeddable":true,"href":"https:\/\/europelab.ca\/fr\/wp-json\/wp\/v2\/comments?post=14594"}],"wp:featuredmedia":[{"embeddable":true,"href":"https:\/\/europelab.ca\/fr\/wp-json\/wp\/v2\/media\/14747"}],"wp:attachment":[{"href":"https:\/\/europelab.ca\/fr\/wp-json\/wp\/v2\/media?parent=14594"}],"wp:term":[{"taxonomy":"product_brand","embeddable":true,"href":"https:\/\/europelab.ca\/fr\/wp-json\/wp\/v2\/product_brand?post=14594"},{"taxonomy":"product_cat","embeddable":true,"href":"https:\/\/europelab.ca\/fr\/wp-json\/wp\/v2\/product_cat?post=14594"},{"taxonomy":"product_tag","embeddable":true,"href":"https:\/\/europelab.ca\/fr\/wp-json\/wp\/v2\/product_tag?post=14594"}],"curies":[{"name":"wp","href":"https:\/\/api.w.org\/{rel}","templated":true}]}}