{"id":14590,"date":"2023-11-27T13:15:40","date_gmt":"2023-11-27T13:24:33","guid":{"rendered":"https:\/\/europelab.ca\/?post_type=product&#038;p=14590"},"modified":"2023-11-27T13:24:33","modified_gmt":"2023-11-27T13:24:33","slug":"creme-de-jour-teintee-2","status":"publish","type":"product","link":"https:\/\/europelab.ca\/fr\/produit\/creme-de-jour-teintee-2\/","title":{"rendered":"Cr\u00e8me de Jour Teint\u00e9e 2"},"content":{"rendered":"<p>Appliquer le matin sur une peau propre. \u00c9viter le contact avec les yeux. Pour un usage externe seulement.<\/p>\n","protected":false},"excerpt":{"rendered":"<p>Formule riche en actifs hydratants qui agissent en synergie pour hydrater intens\u00e9ment la peau. La peau est souple et rebondie. Les sensations d\u2019inconforts sont imm\u00e9diatement soulag\u00e9es pour une peau en pleine sante. Cette creme protege des aggresseurs environnementaux tout en couvrant les imperfections. Sa formule riche en ingredients hydratant et nourrissant preserve la peau et ameliore sa texture pour un teint plus radieux. La subtile teinte corrige les imperfections et les rougeurs pour un teint parfaitement unifi\u00e9 qui donne bonne mine. Cette cr\u00e8me tint\u00e9e convient a tous les types de peaux et se d\u00e9cline en plusieurs couleurs pour s\u2019adapter a un maximum de carnation.<\/p>\n","protected":false},"featured_media":14743,"comment_status":"closed","ping_status":"closed","template":"","meta":[],"product_brand":[],"product_cat":[116,137,132,140,126],"product_tag":[],"class_list":{"0":"post-14590","1":"product","2":"type-product","3":"status-publish","4":"has-post-thumbnail","6":"product_cat-collection-biologique","7":"product_cat-hydratant-de-jour","8":"product_cat-peau-normale-sensible-rosacee","9":"product_cat-pigmentation-fr","10":"product_cat-protection-solaire","12":"first","13":"instock","14":"taxable","15":"shipping-taxable","16":"product-type-simple"},"yoast_head":"<!-- This site is optimized with the Yoast SEO plugin v27.3 - https:\/\/yoast.com\/product\/yoast-seo-wordpress\/ -->\n<title>Cr\u00e8me de Jour Teint\u00e9e 2 - Europelab<\/title>\n<meta name=\"description\" content=\"\u00c9largissez votre gamme de produits avec la Cr\u00e8me de Jour Teint\u00e9e 2. Une option velout\u00e9e et modulable pour un teint impeccable, offrant une finition soyeuse. Laissez rayonner la confiance de vos clients.\" \/>\n<meta name=\"robots\" content=\"index, follow, max-snippet:-1, max-image-preview:large, max-video-preview:-1\" \/>\n<link rel=\"canonical\" href=\"https:\/\/europelab.ca\/fr\/produit\/creme-de-jour-teintee-2\/\" \/>\n<meta property=\"og:locale\" content=\"fr_FR\" \/>\n<meta property=\"og:type\" content=\"article\" \/>\n<meta property=\"og:title\" content=\"Cr\u00e8me de Jour Teint\u00e9e 2 - Europelab\" \/>\n<meta property=\"og:description\" content=\"\u00c9largissez votre gamme de produits avec la Cr\u00e8me de Jour Teint\u00e9e 2. Une option velout\u00e9e et modulable pour un teint impeccable, offrant une finition soyeuse. Laissez rayonner la confiance de vos clients.\" \/>\n<meta property=\"og:url\" content=\"https:\/\/europelab.ca\/fr\/produit\/creme-de-jour-teintee-2\/\" \/>\n<meta property=\"og:site_name\" content=\"Europelab\" \/>\n<meta property=\"og:image\" content=\"https:\/\/europelab.ca\/wp-content\/uploads\/2023\/11\/ORGANICCOLOR-2-TINTED-CREAM-SPF-30ml-scaled.jpg\" \/>\n\t<meta property=\"og:image:width\" content=\"2560\" \/>\n\t<meta property=\"og:image:height\" content=\"2560\" \/>\n\t<meta property=\"og:image:type\" content=\"image\/jpeg\" \/>\n<meta name=\"twitter:card\" content=\"summary_large_image\" \/>\n<script type=\"application\/ld+json\" class=\"yoast-schema-graph\">{\"@context\":\"https:\\\/\\\/schema.org\",\"@graph\":[{\"@type\":\"WebPage\",\"@id\":\"https:\\\/\\\/europelab.ca\\\/fr\\\/produit\\\/creme-de-jour-teintee-2\\\/\",\"url\":\"https:\\\/\\\/europelab.ca\\\/fr\\\/produit\\\/creme-de-jour-teintee-2\\\/\",\"name\":\"Cr\u00e8me de Jour Teint\u00e9e 2 - Europelab\",\"isPartOf\":{\"@id\":\"https:\\\/\\\/europelab.ca\\\/fr\\\/#website\"},\"primaryImageOfPage\":{\"@id\":\"https:\\\/\\\/europelab.ca\\\/fr\\\/produit\\\/creme-de-jour-teintee-2\\\/#primaryimage\"},\"image\":{\"@id\":\"https:\\\/\\\/europelab.ca\\\/fr\\\/produit\\\/creme-de-jour-teintee-2\\\/#primaryimage\"},\"thumbnailUrl\":\"https:\\\/\\\/europelab.ca\\\/wp-content\\\/uploads\\\/2023\\\/11\\\/ORGANIC-COLLECTION_COLOR-2-TINTED-CREAM-SPF-30ml.jpg\",\"datePublished\":\"2023-11-27T13:24:33+00:00\",\"description\":\"\u00c9largissez votre gamme de produits avec la Cr\u00e8me de Jour Teint\u00e9e 2. Une option velout\u00e9e et modulable pour un teint impeccable, offrant une finition soyeuse. Laissez rayonner la confiance de vos clients.\",\"breadcrumb\":{\"@id\":\"https:\\\/\\\/europelab.ca\\\/fr\\\/produit\\\/creme-de-jour-teintee-2\\\/#breadcrumb\"},\"inLanguage\":\"fr-FR\",\"potentialAction\":[{\"@type\":\"ReadAction\",\"target\":[\"https:\\\/\\\/europelab.ca\\\/fr\\\/produit\\\/creme-de-jour-teintee-2\\\/\"]}]},{\"@type\":\"ImageObject\",\"inLanguage\":\"fr-FR\",\"@id\":\"https:\\\/\\\/europelab.ca\\\/fr\\\/produit\\\/creme-de-jour-teintee-2\\\/#primaryimage\",\"url\":\"https:\\\/\\\/europelab.ca\\\/wp-content\\\/uploads\\\/2023\\\/11\\\/ORGANIC-COLLECTION_COLOR-2-TINTED-CREAM-SPF-30ml.jpg\",\"contentUrl\":\"https:\\\/\\\/europelab.ca\\\/wp-content\\\/uploads\\\/2023\\\/11\\\/ORGANIC-COLLECTION_COLOR-2-TINTED-CREAM-SPF-30ml.jpg\",\"width\":1200,\"height\":1200,\"caption\":\"Cr\u00e8me de Jour Teint\u00e9e 2\"},{\"@type\":\"BreadcrumbList\",\"@id\":\"https:\\\/\\\/europelab.ca\\\/fr\\\/produit\\\/creme-de-jour-teintee-2\\\/#breadcrumb\",\"itemListElement\":[{\"@type\":\"ListItem\",\"position\":1,\"name\":\"Accueil\",\"item\":\"https:\\\/\\\/europelab.ca\\\/fr\\\/\"},{\"@type\":\"ListItem\",\"position\":2,\"name\":\"Produits\",\"item\":\"https:\\\/\\\/europelab.ca\\\/fr\\\/shop\\\/\"},{\"@type\":\"ListItem\",\"position\":3,\"name\":\"Cr\u00e8me de Jour Teint\u00e9e 2\"}]},{\"@type\":\"WebSite\",\"@id\":\"https:\\\/\\\/europelab.ca\\\/fr\\\/#website\",\"url\":\"https:\\\/\\\/europelab.ca\\\/fr\\\/\",\"name\":\"Europelab\",\"description\":\"Private Label, Made Simple.\",\"potentialAction\":[{\"@type\":\"SearchAction\",\"target\":{\"@type\":\"EntryPoint\",\"urlTemplate\":\"https:\\\/\\\/europelab.ca\\\/fr\\\/?s={search_term_string}\"},\"query-input\":{\"@type\":\"PropertyValueSpecification\",\"valueRequired\":true,\"valueName\":\"search_term_string\"}}],\"inLanguage\":\"fr-FR\"}]}<\/script>\n<!-- \/ Yoast SEO plugin. -->","yoast_head_json":{"title":"Cr\u00e8me de Jour Teint\u00e9e 2 - Europelab","description":"\u00c9largissez votre gamme de produits avec la Cr\u00e8me de Jour Teint\u00e9e 2. Une option velout\u00e9e et modulable pour un teint impeccable, offrant une finition soyeuse. Laissez rayonner la confiance de vos clients.","robots":{"index":"index","follow":"follow","max-snippet":"max-snippet:-1","max-image-preview":"max-image-preview:large","max-video-preview":"max-video-preview:-1"},"canonical":"https:\/\/europelab.ca\/fr\/produit\/creme-de-jour-teintee-2\/","og_locale":"fr_FR","og_type":"article","og_title":"Cr\u00e8me de Jour Teint\u00e9e 2 - Europelab","og_description":"\u00c9largissez votre gamme de produits avec la Cr\u00e8me de Jour Teint\u00e9e 2. Une option velout\u00e9e et modulable pour un teint impeccable, offrant une finition soyeuse. Laissez rayonner la confiance de vos clients.","og_url":"https:\/\/europelab.ca\/fr\/produit\/creme-de-jour-teintee-2\/","og_site_name":"Europelab","og_image":[{"width":2560,"height":2560,"url":"https:\/\/europelab.ca\/wp-content\/uploads\/2023\/11\/ORGANICCOLOR-2-TINTED-CREAM-SPF-30ml-scaled.jpg","type":"image\/jpeg"}],"twitter_card":"summary_large_image","schema":{"@context":"https:\/\/schema.org","@graph":[{"@type":"WebPage","@id":"https:\/\/europelab.ca\/fr\/produit\/creme-de-jour-teintee-2\/","url":"https:\/\/europelab.ca\/fr\/produit\/creme-de-jour-teintee-2\/","name":"Cr\u00e8me de Jour Teint\u00e9e 2 - Europelab","isPartOf":{"@id":"https:\/\/europelab.ca\/fr\/#website"},"primaryImageOfPage":{"@id":"https:\/\/europelab.ca\/fr\/produit\/creme-de-jour-teintee-2\/#primaryimage"},"image":{"@id":"https:\/\/europelab.ca\/fr\/produit\/creme-de-jour-teintee-2\/#primaryimage"},"thumbnailUrl":"https:\/\/europelab.ca\/wp-content\/uploads\/2023\/11\/ORGANIC-COLLECTION_COLOR-2-TINTED-CREAM-SPF-30ml.jpg","datePublished":"2023-11-27T13:24:33+00:00","description":"\u00c9largissez votre gamme de produits avec la Cr\u00e8me de Jour Teint\u00e9e 2. Une option velout\u00e9e et modulable pour un teint impeccable, offrant une finition soyeuse. Laissez rayonner la confiance de vos clients.","breadcrumb":{"@id":"https:\/\/europelab.ca\/fr\/produit\/creme-de-jour-teintee-2\/#breadcrumb"},"inLanguage":"fr-FR","potentialAction":[{"@type":"ReadAction","target":["https:\/\/europelab.ca\/fr\/produit\/creme-de-jour-teintee-2\/"]}]},{"@type":"ImageObject","inLanguage":"fr-FR","@id":"https:\/\/europelab.ca\/fr\/produit\/creme-de-jour-teintee-2\/#primaryimage","url":"https:\/\/europelab.ca\/wp-content\/uploads\/2023\/11\/ORGANIC-COLLECTION_COLOR-2-TINTED-CREAM-SPF-30ml.jpg","contentUrl":"https:\/\/europelab.ca\/wp-content\/uploads\/2023\/11\/ORGANIC-COLLECTION_COLOR-2-TINTED-CREAM-SPF-30ml.jpg","width":1200,"height":1200,"caption":"Cr\u00e8me de Jour Teint\u00e9e 2"},{"@type":"BreadcrumbList","@id":"https:\/\/europelab.ca\/fr\/produit\/creme-de-jour-teintee-2\/#breadcrumb","itemListElement":[{"@type":"ListItem","position":1,"name":"Accueil","item":"https:\/\/europelab.ca\/fr\/"},{"@type":"ListItem","position":2,"name":"Produits","item":"https:\/\/europelab.ca\/fr\/shop\/"},{"@type":"ListItem","position":3,"name":"Cr\u00e8me de Jour Teint\u00e9e 2"}]},{"@type":"WebSite","@id":"https:\/\/europelab.ca\/fr\/#website","url":"https:\/\/europelab.ca\/fr\/","name":"Europelab","description":"Private Label, Made Simple.","potentialAction":[{"@type":"SearchAction","target":{"@type":"EntryPoint","urlTemplate":"https:\/\/europelab.ca\/fr\/?s={search_term_string}"},"query-input":{"@type":"PropertyValueSpecification","valueRequired":true,"valueName":"search_term_string"}}],"inLanguage":"fr-FR"}]}},"_links":{"self":[{"href":"https:\/\/europelab.ca\/fr\/wp-json\/wp\/v2\/product\/14590","targetHints":{"allow":["GET"]}}],"collection":[{"href":"https:\/\/europelab.ca\/fr\/wp-json\/wp\/v2\/product"}],"about":[{"href":"https:\/\/europelab.ca\/fr\/wp-json\/wp\/v2\/types\/product"}],"replies":[{"embeddable":true,"href":"https:\/\/europelab.ca\/fr\/wp-json\/wp\/v2\/comments?post=14590"}],"wp:featuredmedia":[{"embeddable":true,"href":"https:\/\/europelab.ca\/fr\/wp-json\/wp\/v2\/media\/14743"}],"wp:attachment":[{"href":"https:\/\/europelab.ca\/fr\/wp-json\/wp\/v2\/media?parent=14590"}],"wp:term":[{"taxonomy":"product_brand","embeddable":true,"href":"https:\/\/europelab.ca\/fr\/wp-json\/wp\/v2\/product_brand?post=14590"},{"taxonomy":"product_cat","embeddable":true,"href":"https:\/\/europelab.ca\/fr\/wp-json\/wp\/v2\/product_cat?post=14590"},{"taxonomy":"product_tag","embeddable":true,"href":"https:\/\/europelab.ca\/fr\/wp-json\/wp\/v2\/product_tag?post=14590"}],"curies":[{"name":"wp","href":"https:\/\/api.w.org\/{rel}","templated":true}]}}