{"id":14574,"date":"2023-11-27T12:29:27","date_gmt":"2023-11-27T12:30:15","guid":{"rendered":"https:\/\/europelab.ca\/?post_type=product&#038;p=14574"},"modified":"2023-11-27T12:30:15","modified_gmt":"2023-11-27T12:30:15","slug":"masque-en-feuille-biologique","status":"publish","type":"product","link":"https:\/\/europelab.ca\/fr\/produit\/masque-en-feuille-biologique\/","title":{"rendered":"Masque en Feuille Biologique"},"content":{"rendered":"<p>Appliquer le masque en tissu sur le visage. Laisser poser 30 minutes avant de le retirer. Faire p\u00e9n\u00e9trer l\u2019exc\u00e8dent de produit \u00e0 l\u2019aide mouvements circulaires.<\/p>\n<p>\u00c9viter le contact avec les yeux. Pour un usage externe seulement<\/p>\n","protected":false},"excerpt":{"rendered":"<p>Formule \u00e0 base d\u2019acide hyaluronique sp\u00e9cialement formul\u00e9e pour les peaux en manque d\u2019hydratation et les peaux matures. Ce masque hydrate instantan\u00e9ment et intens\u00e9ment la peau et la laisse souple et repulp\u00e9e. Les zones de d\u00e9shydratation sont imm\u00e9diatement soulag\u00e9es et le teint semble alors plus \u00e9clatant. Cette formule riche en actifs hydratants aide \u00e0 r\u00e9g\u00e9n\u00e9rer la barri\u00e8re d\u2019hydratation cutan\u00e9e et \u00e0 prot\u00e9ger la peau de la s\u00e8cheresse cutan\u00e9e. La peau est imm\u00e9diatement plus lisse et douce au toucher. L\u2019ensemble des vitamines et des pr\u00e9biotiques prot\u00e8ge la peau des agressions environnementales et aide \u00e0 pr\u00e9venir les signes de l\u2019\u00e2ge.<\/p>\n","protected":false},"featured_media":14618,"comment_status":"closed","ping_status":"closed","template":"","meta":[],"product_brand":[],"product_cat":[130,131,138,116,125,134,135,139,136,132,133],"product_tag":[],"class_list":{"0":"post-14574","1":"product","2":"type-product","3":"status-publish","4":"has-post-thumbnail","6":"product_cat-acne-fr","7":"product_cat-acne-rosacee","8":"product_cat-anti-age-rides","9":"product_cat-collection-biologique","10":"product_cat-masques","11":"product_cat-peau-deshydratee","12":"product_cat-peau-grasse","13":"product_cat-peau-mature-lache","14":"product_cat-peau-mixte","15":"product_cat-peau-normale-sensible-rosacee","16":"product_cat-peau-seche","18":"first","19":"instock","20":"sold-individually","21":"taxable","22":"shipping-taxable","23":"product-type-simple"},"yoast_head":"<!-- This site is optimized with the Yoast SEO plugin v27.5 - https:\/\/yoast.com\/product\/yoast-seo-wordpress\/ -->\n<title>Masque en Feuille Biologique - Europelab<\/title>\n<meta name=\"description\" content=\"Am\u00e9liorez votre gamme de produits avec notre Masque en Feuille Biologique. Offrez \u00e0 vos clients une exp\u00e9rience spa luxueuse avec une hydratation profonde et des bienfaits biologiques.\" \/>\n<meta name=\"robots\" content=\"index, follow, max-snippet:-1, max-image-preview:large, max-video-preview:-1\" \/>\n<link rel=\"canonical\" href=\"https:\/\/europelab.ca\/fr\/produit\/masque-en-feuille-biologique\/\" \/>\n<meta property=\"og:locale\" content=\"fr_FR\" \/>\n<meta property=\"og:type\" content=\"article\" \/>\n<meta property=\"og:title\" content=\"Masque en Feuille Biologique - Europelab\" \/>\n<meta property=\"og:description\" content=\"Am\u00e9liorez votre gamme de produits avec notre Masque en Feuille Biologique. Offrez \u00e0 vos clients une exp\u00e9rience spa luxueuse avec une hydratation profonde et des bienfaits biologiques.\" \/>\n<meta property=\"og:url\" content=\"https:\/\/europelab.ca\/fr\/produit\/masque-en-feuille-biologique\/\" \/>\n<meta property=\"og:site_name\" content=\"Europelab\" \/>\n<meta property=\"og:image\" content=\"https:\/\/europelab.ca\/wp-content\/uploads\/2023\/11\/Organic-Facial-Sheet-Mask-1.jpg\" \/>\n\t<meta property=\"og:image:width\" content=\"1200\" \/>\n\t<meta property=\"og:image:height\" content=\"1200\" \/>\n\t<meta property=\"og:image:type\" content=\"image\/jpeg\" \/>\n<meta name=\"twitter:card\" content=\"summary_large_image\" \/>\n<script type=\"application\/ld+json\" class=\"yoast-schema-graph\">{\"@context\":\"https:\\\/\\\/schema.org\",\"@graph\":[{\"@type\":\"WebPage\",\"@id\":\"https:\\\/\\\/europelab.ca\\\/fr\\\/produit\\\/masque-en-feuille-biologique\\\/\",\"url\":\"https:\\\/\\\/europelab.ca\\\/fr\\\/produit\\\/masque-en-feuille-biologique\\\/\",\"name\":\"Masque en Feuille Biologique - Europelab\",\"isPartOf\":{\"@id\":\"https:\\\/\\\/europelab.ca\\\/fr\\\/#website\"},\"primaryImageOfPage\":{\"@id\":\"https:\\\/\\\/europelab.ca\\\/fr\\\/produit\\\/masque-en-feuille-biologique\\\/#primaryimage\"},\"image\":{\"@id\":\"https:\\\/\\\/europelab.ca\\\/fr\\\/produit\\\/masque-en-feuille-biologique\\\/#primaryimage\"},\"thumbnailUrl\":\"https:\\\/\\\/europelab.ca\\\/wp-content\\\/uploads\\\/2023\\\/11\\\/ORGANIC-COLLECTION_FACIAL-SHEET-MASK.jpg\",\"datePublished\":\"2023-11-27T12:30:15+00:00\",\"description\":\"Am\u00e9liorez votre gamme de produits avec notre Masque en Feuille Biologique. Offrez \u00e0 vos clients une exp\u00e9rience spa luxueuse avec une hydratation profonde et des bienfaits biologiques.\",\"breadcrumb\":{\"@id\":\"https:\\\/\\\/europelab.ca\\\/fr\\\/produit\\\/masque-en-feuille-biologique\\\/#breadcrumb\"},\"inLanguage\":\"fr-FR\",\"potentialAction\":[{\"@type\":\"ReadAction\",\"target\":[\"https:\\\/\\\/europelab.ca\\\/fr\\\/produit\\\/masque-en-feuille-biologique\\\/\"]}]},{\"@type\":\"ImageObject\",\"inLanguage\":\"fr-FR\",\"@id\":\"https:\\\/\\\/europelab.ca\\\/fr\\\/produit\\\/masque-en-feuille-biologique\\\/#primaryimage\",\"url\":\"https:\\\/\\\/europelab.ca\\\/wp-content\\\/uploads\\\/2023\\\/11\\\/ORGANIC-COLLECTION_FACIAL-SHEET-MASK.jpg\",\"contentUrl\":\"https:\\\/\\\/europelab.ca\\\/wp-content\\\/uploads\\\/2023\\\/11\\\/ORGANIC-COLLECTION_FACIAL-SHEET-MASK.jpg\",\"width\":1200,\"height\":1200,\"caption\":\"Masque en Feuille Biologique\"},{\"@type\":\"BreadcrumbList\",\"@id\":\"https:\\\/\\\/europelab.ca\\\/fr\\\/produit\\\/masque-en-feuille-biologique\\\/#breadcrumb\",\"itemListElement\":[{\"@type\":\"ListItem\",\"position\":1,\"name\":\"Accueil\",\"item\":\"https:\\\/\\\/europelab.ca\\\/fr\\\/\"},{\"@type\":\"ListItem\",\"position\":2,\"name\":\"Produits\",\"item\":\"https:\\\/\\\/europelab.ca\\\/fr\\\/shop\\\/\"},{\"@type\":\"ListItem\",\"position\":3,\"name\":\"Masque en Feuille Biologique\"}]},{\"@type\":\"WebSite\",\"@id\":\"https:\\\/\\\/europelab.ca\\\/fr\\\/#website\",\"url\":\"https:\\\/\\\/europelab.ca\\\/fr\\\/\",\"name\":\"Europelab\",\"description\":\"Private Label, Made Simple.\",\"potentialAction\":[{\"@type\":\"SearchAction\",\"target\":{\"@type\":\"EntryPoint\",\"urlTemplate\":\"https:\\\/\\\/europelab.ca\\\/fr\\\/?s={search_term_string}\"},\"query-input\":{\"@type\":\"PropertyValueSpecification\",\"valueRequired\":true,\"valueName\":\"search_term_string\"}}],\"inLanguage\":\"fr-FR\"}]}<\/script>\n<!-- \/ Yoast SEO plugin. -->","yoast_head_json":{"title":"Masque en Feuille Biologique - Europelab","description":"Am\u00e9liorez votre gamme de produits avec notre Masque en Feuille Biologique. Offrez \u00e0 vos clients une exp\u00e9rience spa luxueuse avec une hydratation profonde et des bienfaits biologiques.","robots":{"index":"index","follow":"follow","max-snippet":"max-snippet:-1","max-image-preview":"max-image-preview:large","max-video-preview":"max-video-preview:-1"},"canonical":"https:\/\/europelab.ca\/fr\/produit\/masque-en-feuille-biologique\/","og_locale":"fr_FR","og_type":"article","og_title":"Masque en Feuille Biologique - Europelab","og_description":"Am\u00e9liorez votre gamme de produits avec notre Masque en Feuille Biologique. Offrez \u00e0 vos clients une exp\u00e9rience spa luxueuse avec une hydratation profonde et des bienfaits biologiques.","og_url":"https:\/\/europelab.ca\/fr\/produit\/masque-en-feuille-biologique\/","og_site_name":"Europelab","og_image":[{"width":1200,"height":1200,"url":"https:\/\/europelab.ca\/wp-content\/uploads\/2023\/11\/Organic-Facial-Sheet-Mask-1.jpg","type":"image\/jpeg"}],"twitter_card":"summary_large_image","schema":{"@context":"https:\/\/schema.org","@graph":[{"@type":"WebPage","@id":"https:\/\/europelab.ca\/fr\/produit\/masque-en-feuille-biologique\/","url":"https:\/\/europelab.ca\/fr\/produit\/masque-en-feuille-biologique\/","name":"Masque en Feuille Biologique - Europelab","isPartOf":{"@id":"https:\/\/europelab.ca\/fr\/#website"},"primaryImageOfPage":{"@id":"https:\/\/europelab.ca\/fr\/produit\/masque-en-feuille-biologique\/#primaryimage"},"image":{"@id":"https:\/\/europelab.ca\/fr\/produit\/masque-en-feuille-biologique\/#primaryimage"},"thumbnailUrl":"https:\/\/europelab.ca\/wp-content\/uploads\/2023\/11\/ORGANIC-COLLECTION_FACIAL-SHEET-MASK.jpg","datePublished":"2023-11-27T12:30:15+00:00","description":"Am\u00e9liorez votre gamme de produits avec notre Masque en Feuille Biologique. Offrez \u00e0 vos clients une exp\u00e9rience spa luxueuse avec une hydratation profonde et des bienfaits biologiques.","breadcrumb":{"@id":"https:\/\/europelab.ca\/fr\/produit\/masque-en-feuille-biologique\/#breadcrumb"},"inLanguage":"fr-FR","potentialAction":[{"@type":"ReadAction","target":["https:\/\/europelab.ca\/fr\/produit\/masque-en-feuille-biologique\/"]}]},{"@type":"ImageObject","inLanguage":"fr-FR","@id":"https:\/\/europelab.ca\/fr\/produit\/masque-en-feuille-biologique\/#primaryimage","url":"https:\/\/europelab.ca\/wp-content\/uploads\/2023\/11\/ORGANIC-COLLECTION_FACIAL-SHEET-MASK.jpg","contentUrl":"https:\/\/europelab.ca\/wp-content\/uploads\/2023\/11\/ORGANIC-COLLECTION_FACIAL-SHEET-MASK.jpg","width":1200,"height":1200,"caption":"Masque en Feuille Biologique"},{"@type":"BreadcrumbList","@id":"https:\/\/europelab.ca\/fr\/produit\/masque-en-feuille-biologique\/#breadcrumb","itemListElement":[{"@type":"ListItem","position":1,"name":"Accueil","item":"https:\/\/europelab.ca\/fr\/"},{"@type":"ListItem","position":2,"name":"Produits","item":"https:\/\/europelab.ca\/fr\/shop\/"},{"@type":"ListItem","position":3,"name":"Masque en Feuille Biologique"}]},{"@type":"WebSite","@id":"https:\/\/europelab.ca\/fr\/#website","url":"https:\/\/europelab.ca\/fr\/","name":"Europelab","description":"Private Label, Made Simple.","potentialAction":[{"@type":"SearchAction","target":{"@type":"EntryPoint","urlTemplate":"https:\/\/europelab.ca\/fr\/?s={search_term_string}"},"query-input":{"@type":"PropertyValueSpecification","valueRequired":true,"valueName":"search_term_string"}}],"inLanguage":"fr-FR"}]}},"_links":{"self":[{"href":"https:\/\/europelab.ca\/fr\/wp-json\/wp\/v2\/product\/14574","targetHints":{"allow":["GET"]}}],"collection":[{"href":"https:\/\/europelab.ca\/fr\/wp-json\/wp\/v2\/product"}],"about":[{"href":"https:\/\/europelab.ca\/fr\/wp-json\/wp\/v2\/types\/product"}],"replies":[{"embeddable":true,"href":"https:\/\/europelab.ca\/fr\/wp-json\/wp\/v2\/comments?post=14574"}],"wp:featuredmedia":[{"embeddable":true,"href":"https:\/\/europelab.ca\/fr\/wp-json\/wp\/v2\/media\/14618"}],"wp:attachment":[{"href":"https:\/\/europelab.ca\/fr\/wp-json\/wp\/v2\/media?parent=14574"}],"wp:term":[{"taxonomy":"product_brand","embeddable":true,"href":"https:\/\/europelab.ca\/fr\/wp-json\/wp\/v2\/product_brand?post=14574"},{"taxonomy":"product_cat","embeddable":true,"href":"https:\/\/europelab.ca\/fr\/wp-json\/wp\/v2\/product_cat?post=14574"},{"taxonomy":"product_tag","embeddable":true,"href":"https:\/\/europelab.ca\/fr\/wp-json\/wp\/v2\/product_tag?post=14574"}],"curies":[{"name":"wp","href":"https:\/\/api.w.org\/{rel}","templated":true}]}}