{"id":13759,"date":"2021-09-07T20:22:48","date_gmt":"2021-09-07T20:22:48","guid":{"rendered":"https:\/\/elabpl.wpengine.com\/product\/organic-purifying-hand-soap-lavender-scent\/"},"modified":"2021-11-08T21:24:07","modified_gmt":"2021-11-08T21:24:07","slug":"savon-pour-les-mains-biologique-fragrance-lavande","status":"publish","type":"product","link":"https:\/\/europelab.ca\/fr\/produit\/savon-pour-les-mains-biologique-fragrance-lavande\/","title":{"rendered":"Savon Pour Les Mains Biologique | Fragrance Lavande"},"content":{"rendered":"<p>Appliquer une petite quantit\u00e9 sur les mains pr\u00e9alablement humidifi\u00e9es. Frotter et rincer soigneusement. R\u00e9p\u00e9ter l\u2019op\u00e9ration si n\u00e9cessaire. Pour usage externe uniquement. \u00c9viter tout contact avec les yeux.<\/p>\n","protected":false},"excerpt":{"rendered":"<p>Savon Pour Les Mains Biologique ultradoux et sans sulfate id\u00e9al pour nettoyer d\u00e9licatement les mains sans jamais provoquer de dess\u00e9chement ou d\u2019irritation. Cette formule unique se transforme en une mousse purifiante l\u00e9g\u00e8re et ultra-nourrissante qui \u00e9limine en douceur les impuret\u00e9s de l\u2019\u00e9piderme tout en respectant parfaitement le pH physiologique cutan\u00e9. Riche en ingr\u00e9dients r\u00e9g\u00e9n\u00e9rants et apaisants, ce soin enveloppe les mains dans un voile hydratant et protecteur pour pr\u00e9server toute leur jeunesse et leur vitalit\u00e9. Son parfum naturel et floral impr\u00e8gne la peau d\u2019une agr\u00e9able senteur douce et apaisante de lavande.<\/p>\n","protected":false},"featured_media":14711,"comment_status":"closed","ping_status":"closed","template":"","meta":[],"product_brand":[],"product_cat":[128],"product_tag":[],"class_list":{"0":"post-13759","1":"product","2":"type-product","3":"status-publish","4":"has-post-thumbnail","6":"product_cat-soins-personnels","8":"first","9":"instock","10":"sold-individually","11":"taxable","12":"shipping-taxable","13":"product-type-simple"},"yoast_head":"<!-- This site is optimized with the Yoast SEO plugin v27.3 - https:\/\/yoast.com\/product\/yoast-seo-wordpress\/ -->\n<title>Savon Pour Les Mains Biologique | Fragrance Lavande - Europelab<\/title>\n<meta name=\"description\" content=\"Savon Pour Les Mains Biologique ultradoux et sans sulfate id\u00e9al pour nettoyer d\u00e9licatement les mains sans jamais provoquer de dess\u00e9chement ou d\u2019irritation.\" \/>\n<meta name=\"robots\" content=\"index, follow, max-snippet:-1, max-image-preview:large, max-video-preview:-1\" \/>\n<link rel=\"canonical\" href=\"https:\/\/europelab.ca\/fr\/produit\/savon-pour-les-mains-biologique-fragrance-lavande\/\" \/>\n<meta property=\"og:locale\" content=\"fr_FR\" \/>\n<meta property=\"og:type\" content=\"article\" \/>\n<meta property=\"og:title\" content=\"Savon Pour Les Mains Biologique | Fragrance Lavande - Europelab\" \/>\n<meta property=\"og:description\" content=\"Savon Pour Les Mains Biologique ultradoux et sans sulfate id\u00e9al pour nettoyer d\u00e9licatement les mains sans jamais provoquer de dess\u00e9chement ou d\u2019irritation.\" \/>\n<meta property=\"og:url\" content=\"https:\/\/europelab.ca\/fr\/produit\/savon-pour-les-mains-biologique-fragrance-lavande\/\" \/>\n<meta property=\"og:site_name\" content=\"Europelab\" \/>\n<meta property=\"article:modified_time\" content=\"2021-11-08T21:24:07+00:00\" \/>\n<meta property=\"og:image\" content=\"https:\/\/europelab.ca\/wp-content\/uploads\/2021\/09\/Purifying-Hand-Soap-Lavender-Scent.jpg\" \/>\n\t<meta property=\"og:image:width\" content=\"1200\" \/>\n\t<meta property=\"og:image:height\" content=\"1200\" \/>\n\t<meta property=\"og:image:type\" content=\"image\/jpeg\" \/>\n<meta name=\"twitter:card\" content=\"summary_large_image\" \/>\n<script type=\"application\/ld+json\" class=\"yoast-schema-graph\">{\"@context\":\"https:\\\/\\\/schema.org\",\"@graph\":[{\"@type\":\"WebPage\",\"@id\":\"https:\\\/\\\/europelab.ca\\\/fr\\\/produit\\\/savon-pour-les-mains-biologique-fragrance-lavande\\\/\",\"url\":\"https:\\\/\\\/europelab.ca\\\/fr\\\/produit\\\/savon-pour-les-mains-biologique-fragrance-lavande\\\/\",\"name\":\"Savon Pour Les Mains Biologique | Fragrance Lavande - Europelab\",\"isPartOf\":{\"@id\":\"https:\\\/\\\/europelab.ca\\\/fr\\\/#website\"},\"primaryImageOfPage\":{\"@id\":\"https:\\\/\\\/europelab.ca\\\/fr\\\/produit\\\/savon-pour-les-mains-biologique-fragrance-lavande\\\/#primaryimage\"},\"image\":{\"@id\":\"https:\\\/\\\/europelab.ca\\\/fr\\\/produit\\\/savon-pour-les-mains-biologique-fragrance-lavande\\\/#primaryimage\"},\"thumbnailUrl\":\"https:\\\/\\\/europelab.ca\\\/wp-content\\\/uploads\\\/2023\\\/11\\\/Organic-Purifying-Soap.jpg\",\"datePublished\":\"2021-09-07T20:22:48+00:00\",\"dateModified\":\"2021-11-08T21:24:07+00:00\",\"description\":\"Savon Pour Les Mains Biologique ultradoux et sans sulfate id\u00e9al pour nettoyer d\u00e9licatement les mains sans jamais provoquer de dess\u00e9chement ou d\u2019irritation.\",\"breadcrumb\":{\"@id\":\"https:\\\/\\\/europelab.ca\\\/fr\\\/produit\\\/savon-pour-les-mains-biologique-fragrance-lavande\\\/#breadcrumb\"},\"inLanguage\":\"fr-FR\",\"potentialAction\":[{\"@type\":\"ReadAction\",\"target\":[\"https:\\\/\\\/europelab.ca\\\/fr\\\/produit\\\/savon-pour-les-mains-biologique-fragrance-lavande\\\/\"]}]},{\"@type\":\"ImageObject\",\"inLanguage\":\"fr-FR\",\"@id\":\"https:\\\/\\\/europelab.ca\\\/fr\\\/produit\\\/savon-pour-les-mains-biologique-fragrance-lavande\\\/#primaryimage\",\"url\":\"https:\\\/\\\/europelab.ca\\\/wp-content\\\/uploads\\\/2023\\\/11\\\/Organic-Purifying-Soap.jpg\",\"contentUrl\":\"https:\\\/\\\/europelab.ca\\\/wp-content\\\/uploads\\\/2023\\\/11\\\/Organic-Purifying-Soap.jpg\",\"width\":1200,\"height\":1200,\"caption\":\"Savon Pour Les Mains Biologique | Fragrance Lavande\"},{\"@type\":\"BreadcrumbList\",\"@id\":\"https:\\\/\\\/europelab.ca\\\/fr\\\/produit\\\/savon-pour-les-mains-biologique-fragrance-lavande\\\/#breadcrumb\",\"itemListElement\":[{\"@type\":\"ListItem\",\"position\":1,\"name\":\"Accueil\",\"item\":\"https:\\\/\\\/europelab.ca\\\/fr\\\/\"},{\"@type\":\"ListItem\",\"position\":2,\"name\":\"Produits\",\"item\":\"https:\\\/\\\/europelab.ca\\\/fr\\\/shop\\\/\"},{\"@type\":\"ListItem\",\"position\":3,\"name\":\"Savon Pour Les Mains Biologique | Fragrance Lavande\"}]},{\"@type\":\"WebSite\",\"@id\":\"https:\\\/\\\/europelab.ca\\\/fr\\\/#website\",\"url\":\"https:\\\/\\\/europelab.ca\\\/fr\\\/\",\"name\":\"Europelab\",\"description\":\"Private Label, Made Simple.\",\"potentialAction\":[{\"@type\":\"SearchAction\",\"target\":{\"@type\":\"EntryPoint\",\"urlTemplate\":\"https:\\\/\\\/europelab.ca\\\/fr\\\/?s={search_term_string}\"},\"query-input\":{\"@type\":\"PropertyValueSpecification\",\"valueRequired\":true,\"valueName\":\"search_term_string\"}}],\"inLanguage\":\"fr-FR\"}]}<\/script>\n<!-- \/ Yoast SEO plugin. -->","yoast_head_json":{"title":"Savon Pour Les Mains Biologique | Fragrance Lavande - Europelab","description":"Savon Pour Les Mains Biologique ultradoux et sans sulfate id\u00e9al pour nettoyer d\u00e9licatement les mains sans jamais provoquer de dess\u00e9chement ou d\u2019irritation.","robots":{"index":"index","follow":"follow","max-snippet":"max-snippet:-1","max-image-preview":"max-image-preview:large","max-video-preview":"max-video-preview:-1"},"canonical":"https:\/\/europelab.ca\/fr\/produit\/savon-pour-les-mains-biologique-fragrance-lavande\/","og_locale":"fr_FR","og_type":"article","og_title":"Savon Pour Les Mains Biologique | Fragrance Lavande - Europelab","og_description":"Savon Pour Les Mains Biologique ultradoux et sans sulfate id\u00e9al pour nettoyer d\u00e9licatement les mains sans jamais provoquer de dess\u00e9chement ou d\u2019irritation.","og_url":"https:\/\/europelab.ca\/fr\/produit\/savon-pour-les-mains-biologique-fragrance-lavande\/","og_site_name":"Europelab","article_modified_time":"2021-11-08T21:24:07+00:00","og_image":[{"width":1200,"height":1200,"url":"https:\/\/europelab.ca\/wp-content\/uploads\/2021\/09\/Purifying-Hand-Soap-Lavender-Scent.jpg","type":"image\/jpeg"}],"twitter_card":"summary_large_image","schema":{"@context":"https:\/\/schema.org","@graph":[{"@type":"WebPage","@id":"https:\/\/europelab.ca\/fr\/produit\/savon-pour-les-mains-biologique-fragrance-lavande\/","url":"https:\/\/europelab.ca\/fr\/produit\/savon-pour-les-mains-biologique-fragrance-lavande\/","name":"Savon Pour Les Mains Biologique | Fragrance Lavande - Europelab","isPartOf":{"@id":"https:\/\/europelab.ca\/fr\/#website"},"primaryImageOfPage":{"@id":"https:\/\/europelab.ca\/fr\/produit\/savon-pour-les-mains-biologique-fragrance-lavande\/#primaryimage"},"image":{"@id":"https:\/\/europelab.ca\/fr\/produit\/savon-pour-les-mains-biologique-fragrance-lavande\/#primaryimage"},"thumbnailUrl":"https:\/\/europelab.ca\/wp-content\/uploads\/2023\/11\/Organic-Purifying-Soap.jpg","datePublished":"2021-09-07T20:22:48+00:00","dateModified":"2021-11-08T21:24:07+00:00","description":"Savon Pour Les Mains Biologique ultradoux et sans sulfate id\u00e9al pour nettoyer d\u00e9licatement les mains sans jamais provoquer de dess\u00e9chement ou d\u2019irritation.","breadcrumb":{"@id":"https:\/\/europelab.ca\/fr\/produit\/savon-pour-les-mains-biologique-fragrance-lavande\/#breadcrumb"},"inLanguage":"fr-FR","potentialAction":[{"@type":"ReadAction","target":["https:\/\/europelab.ca\/fr\/produit\/savon-pour-les-mains-biologique-fragrance-lavande\/"]}]},{"@type":"ImageObject","inLanguage":"fr-FR","@id":"https:\/\/europelab.ca\/fr\/produit\/savon-pour-les-mains-biologique-fragrance-lavande\/#primaryimage","url":"https:\/\/europelab.ca\/wp-content\/uploads\/2023\/11\/Organic-Purifying-Soap.jpg","contentUrl":"https:\/\/europelab.ca\/wp-content\/uploads\/2023\/11\/Organic-Purifying-Soap.jpg","width":1200,"height":1200,"caption":"Savon Pour Les Mains Biologique | Fragrance Lavande"},{"@type":"BreadcrumbList","@id":"https:\/\/europelab.ca\/fr\/produit\/savon-pour-les-mains-biologique-fragrance-lavande\/#breadcrumb","itemListElement":[{"@type":"ListItem","position":1,"name":"Accueil","item":"https:\/\/europelab.ca\/fr\/"},{"@type":"ListItem","position":2,"name":"Produits","item":"https:\/\/europelab.ca\/fr\/shop\/"},{"@type":"ListItem","position":3,"name":"Savon Pour Les Mains Biologique | Fragrance Lavande"}]},{"@type":"WebSite","@id":"https:\/\/europelab.ca\/fr\/#website","url":"https:\/\/europelab.ca\/fr\/","name":"Europelab","description":"Private Label, Made Simple.","potentialAction":[{"@type":"SearchAction","target":{"@type":"EntryPoint","urlTemplate":"https:\/\/europelab.ca\/fr\/?s={search_term_string}"},"query-input":{"@type":"PropertyValueSpecification","valueRequired":true,"valueName":"search_term_string"}}],"inLanguage":"fr-FR"}]}},"_links":{"self":[{"href":"https:\/\/europelab.ca\/fr\/wp-json\/wp\/v2\/product\/13759","targetHints":{"allow":["GET"]}}],"collection":[{"href":"https:\/\/europelab.ca\/fr\/wp-json\/wp\/v2\/product"}],"about":[{"href":"https:\/\/europelab.ca\/fr\/wp-json\/wp\/v2\/types\/product"}],"replies":[{"embeddable":true,"href":"https:\/\/europelab.ca\/fr\/wp-json\/wp\/v2\/comments?post=13759"}],"wp:featuredmedia":[{"embeddable":true,"href":"https:\/\/europelab.ca\/fr\/wp-json\/wp\/v2\/media\/14711"}],"wp:attachment":[{"href":"https:\/\/europelab.ca\/fr\/wp-json\/wp\/v2\/media?parent=13759"}],"wp:term":[{"taxonomy":"product_brand","embeddable":true,"href":"https:\/\/europelab.ca\/fr\/wp-json\/wp\/v2\/product_brand?post=13759"},{"taxonomy":"product_cat","embeddable":true,"href":"https:\/\/europelab.ca\/fr\/wp-json\/wp\/v2\/product_cat?post=13759"},{"taxonomy":"product_tag","embeddable":true,"href":"https:\/\/europelab.ca\/fr\/wp-json\/wp\/v2\/product_tag?post=13759"}],"curies":[{"name":"wp","href":"https:\/\/api.w.org\/{rel}","templated":true}]}}