{"id":13757,"date":"2021-09-07T20:23:27","date_gmt":"2021-09-07T20:23:27","guid":{"rendered":"https:\/\/elabpl.wpengine.com\/product\/organic-hydrating-hand-cream-lavender-scent\/"},"modified":"2021-11-08T21:28:53","modified_gmt":"2021-11-08T21:28:53","slug":"creme-pour-les-mains-hydratante-fragrance-lavande","status":"publish","type":"product","link":"https:\/\/europelab.ca\/fr\/produit\/creme-pour-les-mains-hydratante-fragrance-lavande\/","title":{"rendered":"Cr\u00e8me Pour Les Mains Hydratante | Fragrance Lavande"},"content":{"rendered":"<p>Appliquer quotidiennement selon les besoins. Masser d\u00e9licatement jusqu\u2019\u00e0 p\u00e9n\u00e9tration compl\u00e8te du produit. Pour usage externe uniquement. \u00c9viter tout contact avec les yeux.<\/p>\n","protected":false},"excerpt":{"rendered":"<p>Cr\u00e8me Pour Les Mains Hydratante | Fragrance Lavande id\u00e9ale pour le soin quotidien des mains s\u00e8ches et des ongles fragiles. Sa texture cr\u00e9meuse et onctueuse fond instantan\u00e9ment sur la peau pour l\u2019envelopper dans un voile doux et protecteur sans fini collant. Ses agents ultra-nourrissants, r\u00e9g\u00e9n\u00e9rants, antioxydants et apaisants permettent de renforcer les ongles et d\u2019apporter plus de souplesse et de confort \u00e0 la peau d\u00e8s l\u2019application. Les signes de s\u00e8cheresse et de rugosit\u00e9 sont instantan\u00e9ment dissip\u00e9s. Les mains sont hydrat\u00e9es, r\u00e9par\u00e9es et prot\u00e9g\u00e9es toute la journ\u00e9e. La peau est laiss\u00e9e avec une agr\u00e9able senteur de lavande.<\/p>\n","protected":false},"featured_media":13325,"comment_status":"closed","ping_status":"closed","template":"","meta":[],"product_brand":[],"product_cat":[128],"product_tag":[],"class_list":{"0":"post-13757","1":"product","2":"type-product","3":"status-publish","4":"has-post-thumbnail","6":"product_cat-soins-personnels","8":"first","9":"instock","10":"sold-individually","11":"taxable","12":"shipping-taxable","13":"product-type-simple"},"yoast_head":"<!-- This site is optimized with the Yoast SEO plugin v27.5 - https:\/\/yoast.com\/product\/yoast-seo-wordpress\/ -->\n<title>Cr\u00e8me Pour Les Mains Hydratante | Fragrance Lavande - Europelab<\/title>\n<meta name=\"description\" content=\"Cr\u00e8me Pour Les Mains Hydratante id\u00e9ale pour le soin quotidien des mains s\u00e8ches et des ongles fragiles. Sa texture cr\u00e9meuse et onctueuse fond instantan\u00e9ment sur la peau pour l\u2019envelopper dans un voile doux et protecteur sans fini collant.\" \/>\n<meta name=\"robots\" content=\"index, follow, max-snippet:-1, max-image-preview:large, max-video-preview:-1\" \/>\n<link rel=\"canonical\" href=\"https:\/\/europelab.ca\/fr\/produit\/creme-pour-les-mains-hydratante-fragrance-lavande\/\" \/>\n<meta property=\"og:locale\" content=\"fr_FR\" \/>\n<meta property=\"og:type\" content=\"article\" \/>\n<meta property=\"og:title\" content=\"Cr\u00e8me Pour Les Mains Hydratante | Fragrance Lavande - Europelab\" \/>\n<meta property=\"og:description\" content=\"Cr\u00e8me Pour Les Mains Hydratante id\u00e9ale pour le soin quotidien des mains s\u00e8ches et des ongles fragiles. Sa texture cr\u00e9meuse et onctueuse fond instantan\u00e9ment sur la peau pour l\u2019envelopper dans un voile doux et protecteur sans fini collant.\" \/>\n<meta property=\"og:url\" content=\"https:\/\/europelab.ca\/fr\/produit\/creme-pour-les-mains-hydratante-fragrance-lavande\/\" \/>\n<meta property=\"og:site_name\" content=\"Europelab\" \/>\n<meta property=\"article:modified_time\" content=\"2021-11-08T21:28:53+00:00\" \/>\n<meta property=\"og:image\" content=\"https:\/\/europelab.ca\/wp-content\/uploads\/2021\/09\/Hydrating-Hand-Cream-Lavender-Scent.jpg\" \/>\n\t<meta property=\"og:image:width\" content=\"1200\" \/>\n\t<meta property=\"og:image:height\" content=\"1200\" \/>\n\t<meta property=\"og:image:type\" content=\"image\/jpeg\" \/>\n<meta name=\"twitter:card\" content=\"summary_large_image\" \/>\n<script type=\"application\/ld+json\" class=\"yoast-schema-graph\">{\"@context\":\"https:\\\/\\\/schema.org\",\"@graph\":[{\"@type\":\"WebPage\",\"@id\":\"https:\\\/\\\/europelab.ca\\\/fr\\\/produit\\\/creme-pour-les-mains-hydratante-fragrance-lavande\\\/\",\"url\":\"https:\\\/\\\/europelab.ca\\\/fr\\\/produit\\\/creme-pour-les-mains-hydratante-fragrance-lavande\\\/\",\"name\":\"Cr\u00e8me Pour Les Mains Hydratante | Fragrance Lavande - Europelab\",\"isPartOf\":{\"@id\":\"https:\\\/\\\/europelab.ca\\\/fr\\\/#website\"},\"primaryImageOfPage\":{\"@id\":\"https:\\\/\\\/europelab.ca\\\/fr\\\/produit\\\/creme-pour-les-mains-hydratante-fragrance-lavande\\\/#primaryimage\"},\"image\":{\"@id\":\"https:\\\/\\\/europelab.ca\\\/fr\\\/produit\\\/creme-pour-les-mains-hydratante-fragrance-lavande\\\/#primaryimage\"},\"thumbnailUrl\":\"https:\\\/\\\/europelab.ca\\\/wp-content\\\/uploads\\\/2021\\\/09\\\/Hydrating-Hand-Cream-Lavender-Scent.jpg\",\"datePublished\":\"2021-09-07T20:23:27+00:00\",\"dateModified\":\"2021-11-08T21:28:53+00:00\",\"description\":\"Cr\u00e8me Pour Les Mains Hydratante id\u00e9ale pour le soin quotidien des mains s\u00e8ches et des ongles fragiles. Sa texture cr\u00e9meuse et onctueuse fond instantan\u00e9ment sur la peau pour l\u2019envelopper dans un voile doux et protecteur sans fini collant.\",\"breadcrumb\":{\"@id\":\"https:\\\/\\\/europelab.ca\\\/fr\\\/produit\\\/creme-pour-les-mains-hydratante-fragrance-lavande\\\/#breadcrumb\"},\"inLanguage\":\"fr-FR\",\"potentialAction\":[{\"@type\":\"ReadAction\",\"target\":[\"https:\\\/\\\/europelab.ca\\\/fr\\\/produit\\\/creme-pour-les-mains-hydratante-fragrance-lavande\\\/\"]}]},{\"@type\":\"ImageObject\",\"inLanguage\":\"fr-FR\",\"@id\":\"https:\\\/\\\/europelab.ca\\\/fr\\\/produit\\\/creme-pour-les-mains-hydratante-fragrance-lavande\\\/#primaryimage\",\"url\":\"https:\\\/\\\/europelab.ca\\\/wp-content\\\/uploads\\\/2021\\\/09\\\/Hydrating-Hand-Cream-Lavender-Scent.jpg\",\"contentUrl\":\"https:\\\/\\\/europelab.ca\\\/wp-content\\\/uploads\\\/2021\\\/09\\\/Hydrating-Hand-Cream-Lavender-Scent.jpg\",\"width\":1200,\"height\":1200,\"caption\":\"Cr\u00e8me Pour Les Mains Hydratante | Fragrance Lavande\"},{\"@type\":\"BreadcrumbList\",\"@id\":\"https:\\\/\\\/europelab.ca\\\/fr\\\/produit\\\/creme-pour-les-mains-hydratante-fragrance-lavande\\\/#breadcrumb\",\"itemListElement\":[{\"@type\":\"ListItem\",\"position\":1,\"name\":\"Accueil\",\"item\":\"https:\\\/\\\/europelab.ca\\\/fr\\\/\"},{\"@type\":\"ListItem\",\"position\":2,\"name\":\"Produits\",\"item\":\"https:\\\/\\\/europelab.ca\\\/fr\\\/shop\\\/\"},{\"@type\":\"ListItem\",\"position\":3,\"name\":\"Cr\u00e8me Pour Les Mains Hydratante | Fragrance Lavande\"}]},{\"@type\":\"WebSite\",\"@id\":\"https:\\\/\\\/europelab.ca\\\/fr\\\/#website\",\"url\":\"https:\\\/\\\/europelab.ca\\\/fr\\\/\",\"name\":\"Europelab\",\"description\":\"Private Label, Made Simple.\",\"potentialAction\":[{\"@type\":\"SearchAction\",\"target\":{\"@type\":\"EntryPoint\",\"urlTemplate\":\"https:\\\/\\\/europelab.ca\\\/fr\\\/?s={search_term_string}\"},\"query-input\":{\"@type\":\"PropertyValueSpecification\",\"valueRequired\":true,\"valueName\":\"search_term_string\"}}],\"inLanguage\":\"fr-FR\"}]}<\/script>\n<!-- \/ Yoast SEO plugin. -->","yoast_head_json":{"title":"Cr\u00e8me Pour Les Mains Hydratante | Fragrance Lavande - Europelab","description":"Cr\u00e8me Pour Les Mains Hydratante id\u00e9ale pour le soin quotidien des mains s\u00e8ches et des ongles fragiles. Sa texture cr\u00e9meuse et onctueuse fond instantan\u00e9ment sur la peau pour l\u2019envelopper dans un voile doux et protecteur sans fini collant.","robots":{"index":"index","follow":"follow","max-snippet":"max-snippet:-1","max-image-preview":"max-image-preview:large","max-video-preview":"max-video-preview:-1"},"canonical":"https:\/\/europelab.ca\/fr\/produit\/creme-pour-les-mains-hydratante-fragrance-lavande\/","og_locale":"fr_FR","og_type":"article","og_title":"Cr\u00e8me Pour Les Mains Hydratante | Fragrance Lavande - Europelab","og_description":"Cr\u00e8me Pour Les Mains Hydratante id\u00e9ale pour le soin quotidien des mains s\u00e8ches et des ongles fragiles. Sa texture cr\u00e9meuse et onctueuse fond instantan\u00e9ment sur la peau pour l\u2019envelopper dans un voile doux et protecteur sans fini collant.","og_url":"https:\/\/europelab.ca\/fr\/produit\/creme-pour-les-mains-hydratante-fragrance-lavande\/","og_site_name":"Europelab","article_modified_time":"2021-11-08T21:28:53+00:00","og_image":[{"width":1200,"height":1200,"url":"https:\/\/europelab.ca\/wp-content\/uploads\/2021\/09\/Hydrating-Hand-Cream-Lavender-Scent.jpg","type":"image\/jpeg"}],"twitter_card":"summary_large_image","schema":{"@context":"https:\/\/schema.org","@graph":[{"@type":"WebPage","@id":"https:\/\/europelab.ca\/fr\/produit\/creme-pour-les-mains-hydratante-fragrance-lavande\/","url":"https:\/\/europelab.ca\/fr\/produit\/creme-pour-les-mains-hydratante-fragrance-lavande\/","name":"Cr\u00e8me Pour Les Mains Hydratante | Fragrance Lavande - Europelab","isPartOf":{"@id":"https:\/\/europelab.ca\/fr\/#website"},"primaryImageOfPage":{"@id":"https:\/\/europelab.ca\/fr\/produit\/creme-pour-les-mains-hydratante-fragrance-lavande\/#primaryimage"},"image":{"@id":"https:\/\/europelab.ca\/fr\/produit\/creme-pour-les-mains-hydratante-fragrance-lavande\/#primaryimage"},"thumbnailUrl":"https:\/\/europelab.ca\/wp-content\/uploads\/2021\/09\/Hydrating-Hand-Cream-Lavender-Scent.jpg","datePublished":"2021-09-07T20:23:27+00:00","dateModified":"2021-11-08T21:28:53+00:00","description":"Cr\u00e8me Pour Les Mains Hydratante id\u00e9ale pour le soin quotidien des mains s\u00e8ches et des ongles fragiles. Sa texture cr\u00e9meuse et onctueuse fond instantan\u00e9ment sur la peau pour l\u2019envelopper dans un voile doux et protecteur sans fini collant.","breadcrumb":{"@id":"https:\/\/europelab.ca\/fr\/produit\/creme-pour-les-mains-hydratante-fragrance-lavande\/#breadcrumb"},"inLanguage":"fr-FR","potentialAction":[{"@type":"ReadAction","target":["https:\/\/europelab.ca\/fr\/produit\/creme-pour-les-mains-hydratante-fragrance-lavande\/"]}]},{"@type":"ImageObject","inLanguage":"fr-FR","@id":"https:\/\/europelab.ca\/fr\/produit\/creme-pour-les-mains-hydratante-fragrance-lavande\/#primaryimage","url":"https:\/\/europelab.ca\/wp-content\/uploads\/2021\/09\/Hydrating-Hand-Cream-Lavender-Scent.jpg","contentUrl":"https:\/\/europelab.ca\/wp-content\/uploads\/2021\/09\/Hydrating-Hand-Cream-Lavender-Scent.jpg","width":1200,"height":1200,"caption":"Cr\u00e8me Pour Les Mains Hydratante | Fragrance Lavande"},{"@type":"BreadcrumbList","@id":"https:\/\/europelab.ca\/fr\/produit\/creme-pour-les-mains-hydratante-fragrance-lavande\/#breadcrumb","itemListElement":[{"@type":"ListItem","position":1,"name":"Accueil","item":"https:\/\/europelab.ca\/fr\/"},{"@type":"ListItem","position":2,"name":"Produits","item":"https:\/\/europelab.ca\/fr\/shop\/"},{"@type":"ListItem","position":3,"name":"Cr\u00e8me Pour Les Mains Hydratante | Fragrance Lavande"}]},{"@type":"WebSite","@id":"https:\/\/europelab.ca\/fr\/#website","url":"https:\/\/europelab.ca\/fr\/","name":"Europelab","description":"Private Label, Made Simple.","potentialAction":[{"@type":"SearchAction","target":{"@type":"EntryPoint","urlTemplate":"https:\/\/europelab.ca\/fr\/?s={search_term_string}"},"query-input":{"@type":"PropertyValueSpecification","valueRequired":true,"valueName":"search_term_string"}}],"inLanguage":"fr-FR"}]}},"_links":{"self":[{"href":"https:\/\/europelab.ca\/fr\/wp-json\/wp\/v2\/product\/13757","targetHints":{"allow":["GET"]}}],"collection":[{"href":"https:\/\/europelab.ca\/fr\/wp-json\/wp\/v2\/product"}],"about":[{"href":"https:\/\/europelab.ca\/fr\/wp-json\/wp\/v2\/types\/product"}],"replies":[{"embeddable":true,"href":"https:\/\/europelab.ca\/fr\/wp-json\/wp\/v2\/comments?post=13757"}],"wp:featuredmedia":[{"embeddable":true,"href":"https:\/\/europelab.ca\/fr\/wp-json\/wp\/v2\/media\/13325"}],"wp:attachment":[{"href":"https:\/\/europelab.ca\/fr\/wp-json\/wp\/v2\/media?parent=13757"}],"wp:term":[{"taxonomy":"product_brand","embeddable":true,"href":"https:\/\/europelab.ca\/fr\/wp-json\/wp\/v2\/product_brand?post=13757"},{"taxonomy":"product_cat","embeddable":true,"href":"https:\/\/europelab.ca\/fr\/wp-json\/wp\/v2\/product_cat?post=13757"},{"taxonomy":"product_tag","embeddable":true,"href":"https:\/\/europelab.ca\/fr\/wp-json\/wp\/v2\/product_tag?post=13757"}],"curies":[{"name":"wp","href":"https:\/\/api.w.org\/{rel}","templated":true}]}}