{"id":13756,"date":"2021-09-07T20:22:12","date_gmt":"2021-09-07T20:22:12","guid":{"rendered":"https:\/\/elabpl.wpengine.com\/product\/fresh-hand-sanitizer-gel\/"},"modified":"2025-09-15T12:09:26","modified_gmt":"2025-09-15T12:09:26","slug":"gel-desinfectant-rafraichissant-pour-les-mains","status":"publish","type":"product","link":"https:\/\/europelab.ca\/fr\/produit\/gel-desinfectant-rafraichissant-pour-les-mains\/","title":{"rendered":"Gel D\u00e9sinfectant Rafra\u00eechissant Pour Les Mains"},"content":{"rendered":"<p>Appliquer directement sur les mains et frotter sur toutes les zones pendant 30 secondes, jusqu&rsquo;\u00e0 ce qu&rsquo;elles soient s\u00e8ches. Pour usage externe seulement. \u00c9viter tout contact avec les yeux. En cas de contact, rincer imm\u00e9diatement et abondamment les yeux \u00e0 l\u2019eau pendant au moins 15 minutes. Tenir \u00e0 l&rsquo;\u00e9cart des flammes et des sources de chaleur. Tenir hors de la port\u00e9e des enfants. En cas de r\u00e9action anormale apr\u00e8s utilisation, contacter un professionnel de la sant\u00e9.<\/p>\n","protected":false},"excerpt":{"rendered":"<p>Gel d\u00e9sinfectant rafra\u00eechissant pour les mains \u00e0 base d&rsquo;alcool et d\u2019ingr\u00e9dients naturels, id\u00e9al pour d\u00e9sinfecter les mains et les laisser souples et douces sans jamais provoquer de s\u00e9cheresse ou d&rsquo;irritation. Son puissant actif virucide peut s\u2019utiliser partout et \u00e0 tout moment pour neutraliser rapidemment la plupart des germes et prot\u00e9ger ainsi nos proches et nos foyers de toutes menaces environnementales. Sa combinaison d\u2019alcool d\u00e9sinfectant et d\u2019huile essentielle d\u2019eucalyptus r\u00e9paratrice et antibact\u00e9rienne permet \u00e0 ce produit d\u2019assurer une hygi\u00e8ne des mains irr\u00e9prochable d\u00e8s la sortie de la salle de bain, sur le lieu de travail ou lors de tout d\u00e9placement. Apr\u00e8s chaque utilisation, les mains sont parfaitement d\u00e9sinfect\u00e9es et la peau est laiss\u00e9e douce et souple avec une agr\u00e9able senteur rafra\u00eechissante de lavande. Un produit id\u00e9al \u00e0 utiliser dans les \u00e9coles, les bureaux, les foyers et les \u00e9tablissements publiques.<\/p>\n","protected":false},"featured_media":14904,"comment_status":"closed","ping_status":"closed","template":"","meta":[],"product_brand":[],"product_cat":[117,128],"product_tag":[],"class_list":{"0":"post-13756","1":"product","2":"type-product","3":"status-publish","4":"has-post-thumbnail","6":"product_cat-collection-classique","7":"product_cat-soins-personnels","9":"first","10":"instock","11":"sold-individually","12":"taxable","13":"shipping-taxable","14":"product-type-simple"},"yoast_head":"<!-- This site is optimized with the Yoast SEO plugin v27.4 - https:\/\/yoast.com\/product\/yoast-seo-wordpress\/ -->\n<title>Gel D\u00e9sinfectant Rafra\u00eechissant Pour Les Mains - Europelab<\/title>\n<meta name=\"description\" content=\"Gel d\u00e9sinfectant rafra\u00eechissant pour les mains \u00e0 base d&#039;alcool et d\u2019ingr\u00e9dients naturels, id\u00e9al pour d\u00e9sinfecter les mains et les laisser souples et douces sans jamais provoquer de s\u00e9cheresse ou d&#039;irritation.\" \/>\n<meta name=\"robots\" content=\"index, follow, max-snippet:-1, max-image-preview:large, max-video-preview:-1\" \/>\n<link rel=\"canonical\" href=\"https:\/\/europelab.ca\/fr\/produit\/gel-desinfectant-rafraichissant-pour-les-mains\/\" \/>\n<meta property=\"og:locale\" content=\"fr_FR\" \/>\n<meta property=\"og:type\" content=\"article\" \/>\n<meta property=\"og:title\" content=\"Gel D\u00e9sinfectant Rafra\u00eechissant Pour Les Mains - Europelab\" \/>\n<meta property=\"og:description\" content=\"Gel d\u00e9sinfectant rafra\u00eechissant pour les mains \u00e0 base d&#039;alcool et d\u2019ingr\u00e9dients naturels, id\u00e9al pour d\u00e9sinfecter les mains et les laisser souples et douces sans jamais provoquer de s\u00e9cheresse ou d&#039;irritation.\" \/>\n<meta property=\"og:url\" content=\"https:\/\/europelab.ca\/fr\/produit\/gel-desinfectant-rafraichissant-pour-les-mains\/\" \/>\n<meta property=\"og:site_name\" content=\"Europelab\" \/>\n<meta property=\"article:modified_time\" content=\"2025-09-15T12:09:26+00:00\" \/>\n<meta property=\"og:image\" content=\"https:\/\/europelab.ca\/wp-content\/uploads\/2025\/09\/Fresh-Hand-Sanitizer-Gel.jpg\" \/>\n\t<meta property=\"og:image:width\" content=\"1200\" \/>\n\t<meta property=\"og:image:height\" content=\"1200\" \/>\n\t<meta property=\"og:image:type\" content=\"image\/jpeg\" \/>\n<meta name=\"twitter:card\" content=\"summary_large_image\" \/>\n<script type=\"application\/ld+json\" class=\"yoast-schema-graph\">{\"@context\":\"https:\\\/\\\/schema.org\",\"@graph\":[{\"@type\":\"WebPage\",\"@id\":\"https:\\\/\\\/europelab.ca\\\/fr\\\/produit\\\/gel-desinfectant-rafraichissant-pour-les-mains\\\/\",\"url\":\"https:\\\/\\\/europelab.ca\\\/fr\\\/produit\\\/gel-desinfectant-rafraichissant-pour-les-mains\\\/\",\"name\":\"Gel D\u00e9sinfectant Rafra\u00eechissant Pour Les Mains - Europelab\",\"isPartOf\":{\"@id\":\"https:\\\/\\\/europelab.ca\\\/fr\\\/#website\"},\"primaryImageOfPage\":{\"@id\":\"https:\\\/\\\/europelab.ca\\\/fr\\\/produit\\\/gel-desinfectant-rafraichissant-pour-les-mains\\\/#primaryimage\"},\"image\":{\"@id\":\"https:\\\/\\\/europelab.ca\\\/fr\\\/produit\\\/gel-desinfectant-rafraichissant-pour-les-mains\\\/#primaryimage\"},\"thumbnailUrl\":\"https:\\\/\\\/europelab.ca\\\/wp-content\\\/uploads\\\/2025\\\/09\\\/Fresh-Hand-Sanitizer-Gel.jpg\",\"datePublished\":\"2021-09-07T20:22:12+00:00\",\"dateModified\":\"2025-09-15T12:09:26+00:00\",\"description\":\"Gel d\u00e9sinfectant rafra\u00eechissant pour les mains \u00e0 base d'alcool et d\u2019ingr\u00e9dients naturels, id\u00e9al pour d\u00e9sinfecter les mains et les laisser souples et douces sans jamais provoquer de s\u00e9cheresse ou d'irritation.\",\"breadcrumb\":{\"@id\":\"https:\\\/\\\/europelab.ca\\\/fr\\\/produit\\\/gel-desinfectant-rafraichissant-pour-les-mains\\\/#breadcrumb\"},\"inLanguage\":\"fr-FR\",\"potentialAction\":[{\"@type\":\"ReadAction\",\"target\":[\"https:\\\/\\\/europelab.ca\\\/fr\\\/produit\\\/gel-desinfectant-rafraichissant-pour-les-mains\\\/\"]}]},{\"@type\":\"ImageObject\",\"inLanguage\":\"fr-FR\",\"@id\":\"https:\\\/\\\/europelab.ca\\\/fr\\\/produit\\\/gel-desinfectant-rafraichissant-pour-les-mains\\\/#primaryimage\",\"url\":\"https:\\\/\\\/europelab.ca\\\/wp-content\\\/uploads\\\/2025\\\/09\\\/Fresh-Hand-Sanitizer-Gel.jpg\",\"contentUrl\":\"https:\\\/\\\/europelab.ca\\\/wp-content\\\/uploads\\\/2025\\\/09\\\/Fresh-Hand-Sanitizer-Gel.jpg\",\"width\":1200,\"height\":1200,\"caption\":\"Gel D\u00e9sinfectant Rafra\u00eechissant Pour Les Mains\"},{\"@type\":\"BreadcrumbList\",\"@id\":\"https:\\\/\\\/europelab.ca\\\/fr\\\/produit\\\/gel-desinfectant-rafraichissant-pour-les-mains\\\/#breadcrumb\",\"itemListElement\":[{\"@type\":\"ListItem\",\"position\":1,\"name\":\"Accueil\",\"item\":\"https:\\\/\\\/europelab.ca\\\/fr\\\/\"},{\"@type\":\"ListItem\",\"position\":2,\"name\":\"Produits\",\"item\":\"https:\\\/\\\/europelab.ca\\\/fr\\\/shop\\\/\"},{\"@type\":\"ListItem\",\"position\":3,\"name\":\"Gel D\u00e9sinfectant Rafra\u00eechissant Pour Les Mains\"}]},{\"@type\":\"WebSite\",\"@id\":\"https:\\\/\\\/europelab.ca\\\/fr\\\/#website\",\"url\":\"https:\\\/\\\/europelab.ca\\\/fr\\\/\",\"name\":\"Europelab\",\"description\":\"Private Label, Made Simple.\",\"potentialAction\":[{\"@type\":\"SearchAction\",\"target\":{\"@type\":\"EntryPoint\",\"urlTemplate\":\"https:\\\/\\\/europelab.ca\\\/fr\\\/?s={search_term_string}\"},\"query-input\":{\"@type\":\"PropertyValueSpecification\",\"valueRequired\":true,\"valueName\":\"search_term_string\"}}],\"inLanguage\":\"fr-FR\"}]}<\/script>\n<!-- \/ Yoast SEO plugin. -->","yoast_head_json":{"title":"Gel D\u00e9sinfectant Rafra\u00eechissant Pour Les Mains - Europelab","description":"Gel d\u00e9sinfectant rafra\u00eechissant pour les mains \u00e0 base d'alcool et d\u2019ingr\u00e9dients naturels, id\u00e9al pour d\u00e9sinfecter les mains et les laisser souples et douces sans jamais provoquer de s\u00e9cheresse ou d'irritation.","robots":{"index":"index","follow":"follow","max-snippet":"max-snippet:-1","max-image-preview":"max-image-preview:large","max-video-preview":"max-video-preview:-1"},"canonical":"https:\/\/europelab.ca\/fr\/produit\/gel-desinfectant-rafraichissant-pour-les-mains\/","og_locale":"fr_FR","og_type":"article","og_title":"Gel D\u00e9sinfectant Rafra\u00eechissant Pour Les Mains - Europelab","og_description":"Gel d\u00e9sinfectant rafra\u00eechissant pour les mains \u00e0 base d'alcool et d\u2019ingr\u00e9dients naturels, id\u00e9al pour d\u00e9sinfecter les mains et les laisser souples et douces sans jamais provoquer de s\u00e9cheresse ou d'irritation.","og_url":"https:\/\/europelab.ca\/fr\/produit\/gel-desinfectant-rafraichissant-pour-les-mains\/","og_site_name":"Europelab","article_modified_time":"2025-09-15T12:09:26+00:00","og_image":[{"width":1200,"height":1200,"url":"https:\/\/europelab.ca\/wp-content\/uploads\/2025\/09\/Fresh-Hand-Sanitizer-Gel.jpg","type":"image\/jpeg"}],"twitter_card":"summary_large_image","schema":{"@context":"https:\/\/schema.org","@graph":[{"@type":"WebPage","@id":"https:\/\/europelab.ca\/fr\/produit\/gel-desinfectant-rafraichissant-pour-les-mains\/","url":"https:\/\/europelab.ca\/fr\/produit\/gel-desinfectant-rafraichissant-pour-les-mains\/","name":"Gel D\u00e9sinfectant Rafra\u00eechissant Pour Les Mains - Europelab","isPartOf":{"@id":"https:\/\/europelab.ca\/fr\/#website"},"primaryImageOfPage":{"@id":"https:\/\/europelab.ca\/fr\/produit\/gel-desinfectant-rafraichissant-pour-les-mains\/#primaryimage"},"image":{"@id":"https:\/\/europelab.ca\/fr\/produit\/gel-desinfectant-rafraichissant-pour-les-mains\/#primaryimage"},"thumbnailUrl":"https:\/\/europelab.ca\/wp-content\/uploads\/2025\/09\/Fresh-Hand-Sanitizer-Gel.jpg","datePublished":"2021-09-07T20:22:12+00:00","dateModified":"2025-09-15T12:09:26+00:00","description":"Gel d\u00e9sinfectant rafra\u00eechissant pour les mains \u00e0 base d'alcool et d\u2019ingr\u00e9dients naturels, id\u00e9al pour d\u00e9sinfecter les mains et les laisser souples et douces sans jamais provoquer de s\u00e9cheresse ou d'irritation.","breadcrumb":{"@id":"https:\/\/europelab.ca\/fr\/produit\/gel-desinfectant-rafraichissant-pour-les-mains\/#breadcrumb"},"inLanguage":"fr-FR","potentialAction":[{"@type":"ReadAction","target":["https:\/\/europelab.ca\/fr\/produit\/gel-desinfectant-rafraichissant-pour-les-mains\/"]}]},{"@type":"ImageObject","inLanguage":"fr-FR","@id":"https:\/\/europelab.ca\/fr\/produit\/gel-desinfectant-rafraichissant-pour-les-mains\/#primaryimage","url":"https:\/\/europelab.ca\/wp-content\/uploads\/2025\/09\/Fresh-Hand-Sanitizer-Gel.jpg","contentUrl":"https:\/\/europelab.ca\/wp-content\/uploads\/2025\/09\/Fresh-Hand-Sanitizer-Gel.jpg","width":1200,"height":1200,"caption":"Gel D\u00e9sinfectant Rafra\u00eechissant Pour Les Mains"},{"@type":"BreadcrumbList","@id":"https:\/\/europelab.ca\/fr\/produit\/gel-desinfectant-rafraichissant-pour-les-mains\/#breadcrumb","itemListElement":[{"@type":"ListItem","position":1,"name":"Accueil","item":"https:\/\/europelab.ca\/fr\/"},{"@type":"ListItem","position":2,"name":"Produits","item":"https:\/\/europelab.ca\/fr\/shop\/"},{"@type":"ListItem","position":3,"name":"Gel D\u00e9sinfectant Rafra\u00eechissant Pour Les Mains"}]},{"@type":"WebSite","@id":"https:\/\/europelab.ca\/fr\/#website","url":"https:\/\/europelab.ca\/fr\/","name":"Europelab","description":"Private Label, Made Simple.","potentialAction":[{"@type":"SearchAction","target":{"@type":"EntryPoint","urlTemplate":"https:\/\/europelab.ca\/fr\/?s={search_term_string}"},"query-input":{"@type":"PropertyValueSpecification","valueRequired":true,"valueName":"search_term_string"}}],"inLanguage":"fr-FR"}]}},"_links":{"self":[{"href":"https:\/\/europelab.ca\/fr\/wp-json\/wp\/v2\/product\/13756","targetHints":{"allow":["GET"]}}],"collection":[{"href":"https:\/\/europelab.ca\/fr\/wp-json\/wp\/v2\/product"}],"about":[{"href":"https:\/\/europelab.ca\/fr\/wp-json\/wp\/v2\/types\/product"}],"replies":[{"embeddable":true,"href":"https:\/\/europelab.ca\/fr\/wp-json\/wp\/v2\/comments?post=13756"}],"wp:featuredmedia":[{"embeddable":true,"href":"https:\/\/europelab.ca\/fr\/wp-json\/wp\/v2\/media\/14904"}],"wp:attachment":[{"href":"https:\/\/europelab.ca\/fr\/wp-json\/wp\/v2\/media?parent=13756"}],"wp:term":[{"taxonomy":"product_brand","embeddable":true,"href":"https:\/\/europelab.ca\/fr\/wp-json\/wp\/v2\/product_brand?post=13756"},{"taxonomy":"product_cat","embeddable":true,"href":"https:\/\/europelab.ca\/fr\/wp-json\/wp\/v2\/product_cat?post=13756"},{"taxonomy":"product_tag","embeddable":true,"href":"https:\/\/europelab.ca\/fr\/wp-json\/wp\/v2\/product_tag?post=13756"}],"curies":[{"name":"wp","href":"https:\/\/api.w.org\/{rel}","templated":true}]}}