{"id":13755,"date":"2021-09-07T20:12:54","date_gmt":"2021-09-07T20:12:54","guid":{"rendered":"https:\/\/elabpl.wpengine.com\/product\/organic-oily-skin-gel\/"},"modified":"2021-11-10T21:25:00","modified_gmt":"2021-11-10T21:25:00","slug":"gel-peaux-grasses-biologique","status":"publish","type":"product","link":"https:\/\/europelab.ca\/fr\/produit\/gel-peaux-grasses-biologique\/","title":{"rendered":"Gel Peaux Grasses Biologique"},"content":{"rendered":"<p>Pour un usage quotidien le matin et\/ou le soir. Appliquer sur le visage et le d\u00e9collet\u00e9 parfaitement nettoy\u00e9s. Pour un usage externe seulement. \u00c9viter tout contact avec les yeux.<\/p>\n","protected":false},"excerpt":{"rendered":"<p>Gel ultral\u00e9ger et sans alcool id\u00e9al pour l\u2019hydratation quotidienne des peaux grasses et des peaux mixtes. Sa synergie d\u2019argile absorbante, de zinc astringent et d\u2019huiles essentielles purifiantes aide \u00e0 normaliser la production de s\u00e9bum en surface et aide \u00e0 pr\u00e9venir l\u2019obstruction des pores pour un grain de peau affin\u00e9 et un fini mat. Sa formule riche en polysaccharides \u00ab capteurs d\u2019eau \u00bb aide \u00e0 pr\u00e9server toute l\u2019hydratation de la peau sans jamais laisser de fini gras ou brillant. En parall\u00e8le, ses pr\u00e9biotiques encouragent la flore b\u00e9n\u00e9fique cutan\u00e9e pour pr\u00e9venir les imperfections du teint et assurer une peau belle et saine.<\/p>\n","protected":false},"featured_media":14721,"comment_status":"closed","ping_status":"closed","template":"","meta":[],"product_brand":[],"product_cat":[116,120,135],"product_tag":[],"class_list":{"0":"post-13755","1":"product","2":"type-product","3":"status-publish","4":"has-post-thumbnail","6":"product_cat-collection-biologique","7":"product_cat-nettoyants","8":"product_cat-peau-grasse","10":"first","11":"instock","12":"sold-individually","13":"taxable","14":"shipping-taxable","15":"product-type-simple"},"yoast_head":"<!-- This site is optimized with the Yoast SEO plugin v27.5 - https:\/\/yoast.com\/product\/yoast-seo-wordpress\/ -->\n<title>Gel Peaux Grasses Biologique - Europelab<\/title>\n<meta name=\"description\" content=\"Gel ultral\u00e9ger et sans alcool id\u00e9al pour l\u2019hydratation quotidienne des peaux grasses et des peaux mixtes. Sa synergie d\u2019argile absorbante, de zinc astringent et d\u2019huiles essentielles purifiantes aide \u00e0 normaliser la production de s\u00e9bum en surface et aide \u00e0 pr\u00e9venir l\u2019obstruction des pores pour un grain de peau affin\u00e9 et un fini mat. Sa formule riche en polysaccharides \u00ab capteurs d\u2019eau \u00bb aide \u00e0 pr\u00e9server toute l\u2019hydratation de la peau sans jamais laisser de fini gras ou brillant. En parall\u00e8le, ses pr\u00e9biotiques encouragent la flore b\u00e9n\u00e9fique cutan\u00e9e pour pr\u00e9venir les imperfections du teint et assurer une peau belle et saine.\" \/>\n<meta name=\"robots\" content=\"index, follow, max-snippet:-1, max-image-preview:large, max-video-preview:-1\" \/>\n<link rel=\"canonical\" href=\"https:\/\/europelab.ca\/fr\/produit\/gel-peaux-grasses-biologique\/\" \/>\n<meta property=\"og:locale\" content=\"fr_FR\" \/>\n<meta property=\"og:type\" content=\"article\" \/>\n<meta property=\"og:title\" content=\"Gel Peaux Grasses Biologique - Europelab\" \/>\n<meta property=\"og:description\" content=\"Gel ultral\u00e9ger et sans alcool id\u00e9al pour l\u2019hydratation quotidienne des peaux grasses et des peaux mixtes. Sa synergie d\u2019argile absorbante, de zinc astringent et d\u2019huiles essentielles purifiantes aide \u00e0 normaliser la production de s\u00e9bum en surface et aide \u00e0 pr\u00e9venir l\u2019obstruction des pores pour un grain de peau affin\u00e9 et un fini mat. Sa formule riche en polysaccharides \u00ab capteurs d\u2019eau \u00bb aide \u00e0 pr\u00e9server toute l\u2019hydratation de la peau sans jamais laisser de fini gras ou brillant. En parall\u00e8le, ses pr\u00e9biotiques encouragent la flore b\u00e9n\u00e9fique cutan\u00e9e pour pr\u00e9venir les imperfections du teint et assurer une peau belle et saine.\" \/>\n<meta property=\"og:url\" content=\"https:\/\/europelab.ca\/fr\/produit\/gel-peaux-grasses-biologique\/\" \/>\n<meta property=\"og:site_name\" content=\"Europelab\" \/>\n<meta property=\"article:modified_time\" content=\"2021-11-10T21:25:00+00:00\" \/>\n<meta property=\"og:image\" content=\"https:\/\/europelab.ca\/wp-content\/uploads\/2021\/09\/Organic-Oily-Skin-Gel.jpg\" \/>\n\t<meta property=\"og:image:width\" content=\"1200\" \/>\n\t<meta property=\"og:image:height\" content=\"1200\" \/>\n\t<meta property=\"og:image:type\" content=\"image\/jpeg\" \/>\n<meta name=\"twitter:card\" content=\"summary_large_image\" \/>\n<script type=\"application\/ld+json\" class=\"yoast-schema-graph\">{\"@context\":\"https:\\\/\\\/schema.org\",\"@graph\":[{\"@type\":\"WebPage\",\"@id\":\"https:\\\/\\\/europelab.ca\\\/fr\\\/produit\\\/gel-peaux-grasses-biologique\\\/\",\"url\":\"https:\\\/\\\/europelab.ca\\\/fr\\\/produit\\\/gel-peaux-grasses-biologique\\\/\",\"name\":\"Gel Peaux Grasses Biologique - Europelab\",\"isPartOf\":{\"@id\":\"https:\\\/\\\/europelab.ca\\\/fr\\\/#website\"},\"primaryImageOfPage\":{\"@id\":\"https:\\\/\\\/europelab.ca\\\/fr\\\/produit\\\/gel-peaux-grasses-biologique\\\/#primaryimage\"},\"image\":{\"@id\":\"https:\\\/\\\/europelab.ca\\\/fr\\\/produit\\\/gel-peaux-grasses-biologique\\\/#primaryimage\"},\"thumbnailUrl\":\"https:\\\/\\\/europelab.ca\\\/wp-content\\\/uploads\\\/2023\\\/11\\\/Organic-Oily-Skin-Gel.jpg\",\"datePublished\":\"2021-09-07T20:12:54+00:00\",\"dateModified\":\"2021-11-10T21:25:00+00:00\",\"description\":\"Gel ultral\u00e9ger et sans alcool id\u00e9al pour l\u2019hydratation quotidienne des peaux grasses et des peaux mixtes. Sa synergie d\u2019argile absorbante, de zinc astringent et d\u2019huiles essentielles purifiantes aide \u00e0 normaliser la production de s\u00e9bum en surface et aide \u00e0 pr\u00e9venir l\u2019obstruction des pores pour un grain de peau affin\u00e9 et un fini mat. Sa formule riche en polysaccharides \u00ab capteurs d\u2019eau \u00bb aide \u00e0 pr\u00e9server toute l\u2019hydratation de la peau sans jamais laisser de fini gras ou brillant. En parall\u00e8le, ses pr\u00e9biotiques encouragent la flore b\u00e9n\u00e9fique cutan\u00e9e pour pr\u00e9venir les imperfections du teint et assurer une peau belle et saine.\",\"breadcrumb\":{\"@id\":\"https:\\\/\\\/europelab.ca\\\/fr\\\/produit\\\/gel-peaux-grasses-biologique\\\/#breadcrumb\"},\"inLanguage\":\"fr-FR\",\"potentialAction\":[{\"@type\":\"ReadAction\",\"target\":[\"https:\\\/\\\/europelab.ca\\\/fr\\\/produit\\\/gel-peaux-grasses-biologique\\\/\"]}]},{\"@type\":\"ImageObject\",\"inLanguage\":\"fr-FR\",\"@id\":\"https:\\\/\\\/europelab.ca\\\/fr\\\/produit\\\/gel-peaux-grasses-biologique\\\/#primaryimage\",\"url\":\"https:\\\/\\\/europelab.ca\\\/wp-content\\\/uploads\\\/2023\\\/11\\\/Organic-Oily-Skin-Gel.jpg\",\"contentUrl\":\"https:\\\/\\\/europelab.ca\\\/wp-content\\\/uploads\\\/2023\\\/11\\\/Organic-Oily-Skin-Gel.jpg\",\"width\":1200,\"height\":1200,\"caption\":\"Gel Peaux Grasses Biologique\"},{\"@type\":\"BreadcrumbList\",\"@id\":\"https:\\\/\\\/europelab.ca\\\/fr\\\/produit\\\/gel-peaux-grasses-biologique\\\/#breadcrumb\",\"itemListElement\":[{\"@type\":\"ListItem\",\"position\":1,\"name\":\"Accueil\",\"item\":\"https:\\\/\\\/europelab.ca\\\/fr\\\/\"},{\"@type\":\"ListItem\",\"position\":2,\"name\":\"Produits\",\"item\":\"https:\\\/\\\/europelab.ca\\\/fr\\\/shop\\\/\"},{\"@type\":\"ListItem\",\"position\":3,\"name\":\"Gel Peaux Grasses Biologique\"}]},{\"@type\":\"WebSite\",\"@id\":\"https:\\\/\\\/europelab.ca\\\/fr\\\/#website\",\"url\":\"https:\\\/\\\/europelab.ca\\\/fr\\\/\",\"name\":\"Europelab\",\"description\":\"Private Label, Made Simple.\",\"potentialAction\":[{\"@type\":\"SearchAction\",\"target\":{\"@type\":\"EntryPoint\",\"urlTemplate\":\"https:\\\/\\\/europelab.ca\\\/fr\\\/?s={search_term_string}\"},\"query-input\":{\"@type\":\"PropertyValueSpecification\",\"valueRequired\":true,\"valueName\":\"search_term_string\"}}],\"inLanguage\":\"fr-FR\"}]}<\/script>\n<!-- \/ Yoast SEO plugin. -->","yoast_head_json":{"title":"Gel Peaux Grasses Biologique - Europelab","description":"Gel ultral\u00e9ger et sans alcool id\u00e9al pour l\u2019hydratation quotidienne des peaux grasses et des peaux mixtes. Sa synergie d\u2019argile absorbante, de zinc astringent et d\u2019huiles essentielles purifiantes aide \u00e0 normaliser la production de s\u00e9bum en surface et aide \u00e0 pr\u00e9venir l\u2019obstruction des pores pour un grain de peau affin\u00e9 et un fini mat. Sa formule riche en polysaccharides \u00ab capteurs d\u2019eau \u00bb aide \u00e0 pr\u00e9server toute l\u2019hydratation de la peau sans jamais laisser de fini gras ou brillant. En parall\u00e8le, ses pr\u00e9biotiques encouragent la flore b\u00e9n\u00e9fique cutan\u00e9e pour pr\u00e9venir les imperfections du teint et assurer une peau belle et saine.","robots":{"index":"index","follow":"follow","max-snippet":"max-snippet:-1","max-image-preview":"max-image-preview:large","max-video-preview":"max-video-preview:-1"},"canonical":"https:\/\/europelab.ca\/fr\/produit\/gel-peaux-grasses-biologique\/","og_locale":"fr_FR","og_type":"article","og_title":"Gel Peaux Grasses Biologique - Europelab","og_description":"Gel ultral\u00e9ger et sans alcool id\u00e9al pour l\u2019hydratation quotidienne des peaux grasses et des peaux mixtes. Sa synergie d\u2019argile absorbante, de zinc astringent et d\u2019huiles essentielles purifiantes aide \u00e0 normaliser la production de s\u00e9bum en surface et aide \u00e0 pr\u00e9venir l\u2019obstruction des pores pour un grain de peau affin\u00e9 et un fini mat. Sa formule riche en polysaccharides \u00ab capteurs d\u2019eau \u00bb aide \u00e0 pr\u00e9server toute l\u2019hydratation de la peau sans jamais laisser de fini gras ou brillant. En parall\u00e8le, ses pr\u00e9biotiques encouragent la flore b\u00e9n\u00e9fique cutan\u00e9e pour pr\u00e9venir les imperfections du teint et assurer une peau belle et saine.","og_url":"https:\/\/europelab.ca\/fr\/produit\/gel-peaux-grasses-biologique\/","og_site_name":"Europelab","article_modified_time":"2021-11-10T21:25:00+00:00","og_image":[{"width":1200,"height":1200,"url":"https:\/\/europelab.ca\/wp-content\/uploads\/2021\/09\/Organic-Oily-Skin-Gel.jpg","type":"image\/jpeg"}],"twitter_card":"summary_large_image","schema":{"@context":"https:\/\/schema.org","@graph":[{"@type":"WebPage","@id":"https:\/\/europelab.ca\/fr\/produit\/gel-peaux-grasses-biologique\/","url":"https:\/\/europelab.ca\/fr\/produit\/gel-peaux-grasses-biologique\/","name":"Gel Peaux Grasses Biologique - Europelab","isPartOf":{"@id":"https:\/\/europelab.ca\/fr\/#website"},"primaryImageOfPage":{"@id":"https:\/\/europelab.ca\/fr\/produit\/gel-peaux-grasses-biologique\/#primaryimage"},"image":{"@id":"https:\/\/europelab.ca\/fr\/produit\/gel-peaux-grasses-biologique\/#primaryimage"},"thumbnailUrl":"https:\/\/europelab.ca\/wp-content\/uploads\/2023\/11\/Organic-Oily-Skin-Gel.jpg","datePublished":"2021-09-07T20:12:54+00:00","dateModified":"2021-11-10T21:25:00+00:00","description":"Gel ultral\u00e9ger et sans alcool id\u00e9al pour l\u2019hydratation quotidienne des peaux grasses et des peaux mixtes. Sa synergie d\u2019argile absorbante, de zinc astringent et d\u2019huiles essentielles purifiantes aide \u00e0 normaliser la production de s\u00e9bum en surface et aide \u00e0 pr\u00e9venir l\u2019obstruction des pores pour un grain de peau affin\u00e9 et un fini mat. Sa formule riche en polysaccharides \u00ab capteurs d\u2019eau \u00bb aide \u00e0 pr\u00e9server toute l\u2019hydratation de la peau sans jamais laisser de fini gras ou brillant. En parall\u00e8le, ses pr\u00e9biotiques encouragent la flore b\u00e9n\u00e9fique cutan\u00e9e pour pr\u00e9venir les imperfections du teint et assurer une peau belle et saine.","breadcrumb":{"@id":"https:\/\/europelab.ca\/fr\/produit\/gel-peaux-grasses-biologique\/#breadcrumb"},"inLanguage":"fr-FR","potentialAction":[{"@type":"ReadAction","target":["https:\/\/europelab.ca\/fr\/produit\/gel-peaux-grasses-biologique\/"]}]},{"@type":"ImageObject","inLanguage":"fr-FR","@id":"https:\/\/europelab.ca\/fr\/produit\/gel-peaux-grasses-biologique\/#primaryimage","url":"https:\/\/europelab.ca\/wp-content\/uploads\/2023\/11\/Organic-Oily-Skin-Gel.jpg","contentUrl":"https:\/\/europelab.ca\/wp-content\/uploads\/2023\/11\/Organic-Oily-Skin-Gel.jpg","width":1200,"height":1200,"caption":"Gel Peaux Grasses Biologique"},{"@type":"BreadcrumbList","@id":"https:\/\/europelab.ca\/fr\/produit\/gel-peaux-grasses-biologique\/#breadcrumb","itemListElement":[{"@type":"ListItem","position":1,"name":"Accueil","item":"https:\/\/europelab.ca\/fr\/"},{"@type":"ListItem","position":2,"name":"Produits","item":"https:\/\/europelab.ca\/fr\/shop\/"},{"@type":"ListItem","position":3,"name":"Gel Peaux Grasses Biologique"}]},{"@type":"WebSite","@id":"https:\/\/europelab.ca\/fr\/#website","url":"https:\/\/europelab.ca\/fr\/","name":"Europelab","description":"Private Label, Made Simple.","potentialAction":[{"@type":"SearchAction","target":{"@type":"EntryPoint","urlTemplate":"https:\/\/europelab.ca\/fr\/?s={search_term_string}"},"query-input":{"@type":"PropertyValueSpecification","valueRequired":true,"valueName":"search_term_string"}}],"inLanguage":"fr-FR"}]}},"_links":{"self":[{"href":"https:\/\/europelab.ca\/fr\/wp-json\/wp\/v2\/product\/13755","targetHints":{"allow":["GET"]}}],"collection":[{"href":"https:\/\/europelab.ca\/fr\/wp-json\/wp\/v2\/product"}],"about":[{"href":"https:\/\/europelab.ca\/fr\/wp-json\/wp\/v2\/types\/product"}],"replies":[{"embeddable":true,"href":"https:\/\/europelab.ca\/fr\/wp-json\/wp\/v2\/comments?post=13755"}],"wp:featuredmedia":[{"embeddable":true,"href":"https:\/\/europelab.ca\/fr\/wp-json\/wp\/v2\/media\/14721"}],"wp:attachment":[{"href":"https:\/\/europelab.ca\/fr\/wp-json\/wp\/v2\/media?parent=13755"}],"wp:term":[{"taxonomy":"product_brand","embeddable":true,"href":"https:\/\/europelab.ca\/fr\/wp-json\/wp\/v2\/product_brand?post=13755"},{"taxonomy":"product_cat","embeddable":true,"href":"https:\/\/europelab.ca\/fr\/wp-json\/wp\/v2\/product_cat?post=13755"},{"taxonomy":"product_tag","embeddable":true,"href":"https:\/\/europelab.ca\/fr\/wp-json\/wp\/v2\/product_tag?post=13755"}],"curies":[{"name":"wp","href":"https:\/\/api.w.org\/{rel}","templated":true}]}}