{"id":13753,"date":"2021-09-07T20:03:41","date_gmt":"2021-09-07T20:03:41","guid":{"rendered":"https:\/\/elabpl.wpengine.com\/product\/organic-regenerating-oil\/"},"modified":"2021-11-11T17:20:24","modified_gmt":"2021-11-11T17:20:24","slug":"huile-regenerante-biologique","status":"publish","type":"product","link":"https:\/\/europelab.ca\/fr\/produit\/huile-regenerante-biologique\/","title":{"rendered":"Huile R\u00e9g\u00e9n\u00e9rante Biologique"},"content":{"rendered":"<p>Appliquer uniform\u00e9ment sur le visage et le cou matin et soir apr\u00e8s nettoyage de la peau. Masser jusqu\u2019\u00e0 p\u00e9n\u00e9tration compl\u00e8te du produit. Terminer par l\u2019application de la Cr\u00e8me Visage R\u00e9g\u00e9n\u00e9rante Biologique pour un effet synergique.<\/p>\n","protected":false},"excerpt":{"rendered":"<p>Huile r\u00e9g\u00e9n\u00e9rante compos\u00e9e d\u2019une synergie d\u2019huiles v\u00e9g\u00e9tales biologiques nourrissantes et r\u00e9paratrices qui aide \u00e0 r\u00e9g\u00e9n\u00e9rer la barri\u00e8re de protection de la peau pour restaurer toute son hydratation. Riche en ingr\u00e9dients apaisants, antioxydants et restructurants, ce soin am\u00e9liore la souplesse et l\u2019\u00e9lasticit\u00e9 de la peau pour lui apporter plus de confort et de bien-\u00eatre. Cette huile pr\u00e9cieuse aide \u00e0 offrir une protection quotidienne de la peau contre les agressions ext\u00e9rieures et contribue jour apr\u00e8s jour \u00e0 l\u2019apparence d\u2019un visage plus jeune et rayonnant de vitalit\u00e9.<\/p>\n","protected":false},"featured_media":14735,"comment_status":"closed","ping_status":"closed","template":"","meta":[],"product_brand":[],"product_cat":[131,116,141,139,132,133,123],"product_tag":[],"class_list":{"0":"post-13753","1":"product","2":"type-product","3":"status-publish","4":"has-post-thumbnail","6":"product_cat-acne-rosacee","7":"product_cat-collection-biologique","8":"product_cat-formules-en-vedette","9":"product_cat-peau-mature-lache","10":"product_cat-peau-normale-sensible-rosacee","11":"product_cat-peau-seche","12":"product_cat-serums-et-huiles","14":"first","15":"instock","16":"sold-individually","17":"taxable","18":"shipping-taxable","19":"product-type-simple"},"yoast_head":"<!-- This site is optimized with the Yoast SEO plugin v27.5 - https:\/\/yoast.com\/product\/yoast-seo-wordpress\/ -->\n<title>Huile R\u00e9g\u00e9n\u00e9rante Biologique - Europelab<\/title>\n<meta name=\"description\" content=\"Huile r\u00e9g\u00e9n\u00e9rante compos\u00e9e d\u2019une synergie d\u2019huiles v\u00e9g\u00e9tales biologiques nourrissantes et r\u00e9paratrices qui aide \u00e0 r\u00e9g\u00e9n\u00e9rer la barri\u00e8re de protection de la peau pour restaurer toute son hydratation. Riche en ingr\u00e9dients apaisants, antioxydants et restructurants, ce soin am\u00e9liore la souplesse et l\u2019\u00e9lasticit\u00e9 de la peau pour lui apporter plus de confort et de bien-\u00eatre. Cette huile pr\u00e9cieuse aide \u00e0 offrir une protection quotidienne de la peau contre les agressions ext\u00e9rieures et contribue jour apr\u00e8s jour \u00e0 l\u2019apparence d\u2019un visage plus jeune et rayonnant de vitalit\u00e9.\" \/>\n<meta name=\"robots\" content=\"index, follow, max-snippet:-1, max-image-preview:large, max-video-preview:-1\" \/>\n<link rel=\"canonical\" href=\"https:\/\/europelab.ca\/fr\/produit\/huile-regenerante-biologique\/\" \/>\n<meta property=\"og:locale\" content=\"fr_FR\" \/>\n<meta property=\"og:type\" content=\"article\" \/>\n<meta property=\"og:title\" content=\"Huile R\u00e9g\u00e9n\u00e9rante Biologique - Europelab\" \/>\n<meta property=\"og:description\" content=\"Huile r\u00e9g\u00e9n\u00e9rante compos\u00e9e d\u2019une synergie d\u2019huiles v\u00e9g\u00e9tales biologiques nourrissantes et r\u00e9paratrices qui aide \u00e0 r\u00e9g\u00e9n\u00e9rer la barri\u00e8re de protection de la peau pour restaurer toute son hydratation. Riche en ingr\u00e9dients apaisants, antioxydants et restructurants, ce soin am\u00e9liore la souplesse et l\u2019\u00e9lasticit\u00e9 de la peau pour lui apporter plus de confort et de bien-\u00eatre. Cette huile pr\u00e9cieuse aide \u00e0 offrir une protection quotidienne de la peau contre les agressions ext\u00e9rieures et contribue jour apr\u00e8s jour \u00e0 l\u2019apparence d\u2019un visage plus jeune et rayonnant de vitalit\u00e9.\" \/>\n<meta property=\"og:url\" content=\"https:\/\/europelab.ca\/fr\/produit\/huile-regenerante-biologique\/\" \/>\n<meta property=\"og:site_name\" content=\"Europelab\" \/>\n<meta property=\"article:modified_time\" content=\"2021-11-11T17:20:24+00:00\" \/>\n<meta property=\"og:image\" content=\"https:\/\/europelab.ca\/wp-content\/uploads\/2021\/09\/Organic-Regenerating-Oil.jpg\" \/>\n\t<meta property=\"og:image:width\" content=\"1200\" \/>\n\t<meta property=\"og:image:height\" content=\"1200\" \/>\n\t<meta property=\"og:image:type\" content=\"image\/jpeg\" \/>\n<meta name=\"twitter:card\" content=\"summary_large_image\" \/>\n<script type=\"application\/ld+json\" class=\"yoast-schema-graph\">{\"@context\":\"https:\\\/\\\/schema.org\",\"@graph\":[{\"@type\":\"WebPage\",\"@id\":\"https:\\\/\\\/europelab.ca\\\/fr\\\/produit\\\/huile-regenerante-biologique\\\/\",\"url\":\"https:\\\/\\\/europelab.ca\\\/fr\\\/produit\\\/huile-regenerante-biologique\\\/\",\"name\":\"Huile R\u00e9g\u00e9n\u00e9rante Biologique - Europelab\",\"isPartOf\":{\"@id\":\"https:\\\/\\\/europelab.ca\\\/fr\\\/#website\"},\"primaryImageOfPage\":{\"@id\":\"https:\\\/\\\/europelab.ca\\\/fr\\\/produit\\\/huile-regenerante-biologique\\\/#primaryimage\"},\"image\":{\"@id\":\"https:\\\/\\\/europelab.ca\\\/fr\\\/produit\\\/huile-regenerante-biologique\\\/#primaryimage\"},\"thumbnailUrl\":\"https:\\\/\\\/europelab.ca\\\/wp-content\\\/uploads\\\/2023\\\/11\\\/Organic-Regenerating-Oil.jpg\",\"datePublished\":\"2021-09-07T20:03:41+00:00\",\"dateModified\":\"2021-11-11T17:20:24+00:00\",\"description\":\"Huile r\u00e9g\u00e9n\u00e9rante compos\u00e9e d\u2019une synergie d\u2019huiles v\u00e9g\u00e9tales biologiques nourrissantes et r\u00e9paratrices qui aide \u00e0 r\u00e9g\u00e9n\u00e9rer la barri\u00e8re de protection de la peau pour restaurer toute son hydratation. Riche en ingr\u00e9dients apaisants, antioxydants et restructurants, ce soin am\u00e9liore la souplesse et l\u2019\u00e9lasticit\u00e9 de la peau pour lui apporter plus de confort et de bien-\u00eatre. Cette huile pr\u00e9cieuse aide \u00e0 offrir une protection quotidienne de la peau contre les agressions ext\u00e9rieures et contribue jour apr\u00e8s jour \u00e0 l\u2019apparence d\u2019un visage plus jeune et rayonnant de vitalit\u00e9.\",\"breadcrumb\":{\"@id\":\"https:\\\/\\\/europelab.ca\\\/fr\\\/produit\\\/huile-regenerante-biologique\\\/#breadcrumb\"},\"inLanguage\":\"fr-FR\",\"potentialAction\":[{\"@type\":\"ReadAction\",\"target\":[\"https:\\\/\\\/europelab.ca\\\/fr\\\/produit\\\/huile-regenerante-biologique\\\/\"]}]},{\"@type\":\"ImageObject\",\"inLanguage\":\"fr-FR\",\"@id\":\"https:\\\/\\\/europelab.ca\\\/fr\\\/produit\\\/huile-regenerante-biologique\\\/#primaryimage\",\"url\":\"https:\\\/\\\/europelab.ca\\\/wp-content\\\/uploads\\\/2023\\\/11\\\/Organic-Regenerating-Oil.jpg\",\"contentUrl\":\"https:\\\/\\\/europelab.ca\\\/wp-content\\\/uploads\\\/2023\\\/11\\\/Organic-Regenerating-Oil.jpg\",\"width\":1200,\"height\":1200,\"caption\":\"Huile R\u00e9g\u00e9n\u00e9rante Biologique\"},{\"@type\":\"BreadcrumbList\",\"@id\":\"https:\\\/\\\/europelab.ca\\\/fr\\\/produit\\\/huile-regenerante-biologique\\\/#breadcrumb\",\"itemListElement\":[{\"@type\":\"ListItem\",\"position\":1,\"name\":\"Accueil\",\"item\":\"https:\\\/\\\/europelab.ca\\\/fr\\\/\"},{\"@type\":\"ListItem\",\"position\":2,\"name\":\"Produits\",\"item\":\"https:\\\/\\\/europelab.ca\\\/fr\\\/shop\\\/\"},{\"@type\":\"ListItem\",\"position\":3,\"name\":\"Huile R\u00e9g\u00e9n\u00e9rante Biologique\"}]},{\"@type\":\"WebSite\",\"@id\":\"https:\\\/\\\/europelab.ca\\\/fr\\\/#website\",\"url\":\"https:\\\/\\\/europelab.ca\\\/fr\\\/\",\"name\":\"Europelab\",\"description\":\"Private Label, Made Simple.\",\"potentialAction\":[{\"@type\":\"SearchAction\",\"target\":{\"@type\":\"EntryPoint\",\"urlTemplate\":\"https:\\\/\\\/europelab.ca\\\/fr\\\/?s={search_term_string}\"},\"query-input\":{\"@type\":\"PropertyValueSpecification\",\"valueRequired\":true,\"valueName\":\"search_term_string\"}}],\"inLanguage\":\"fr-FR\"}]}<\/script>\n<!-- \/ Yoast SEO plugin. -->","yoast_head_json":{"title":"Huile R\u00e9g\u00e9n\u00e9rante Biologique - Europelab","description":"Huile r\u00e9g\u00e9n\u00e9rante compos\u00e9e d\u2019une synergie d\u2019huiles v\u00e9g\u00e9tales biologiques nourrissantes et r\u00e9paratrices qui aide \u00e0 r\u00e9g\u00e9n\u00e9rer la barri\u00e8re de protection de la peau pour restaurer toute son hydratation. Riche en ingr\u00e9dients apaisants, antioxydants et restructurants, ce soin am\u00e9liore la souplesse et l\u2019\u00e9lasticit\u00e9 de la peau pour lui apporter plus de confort et de bien-\u00eatre. Cette huile pr\u00e9cieuse aide \u00e0 offrir une protection quotidienne de la peau contre les agressions ext\u00e9rieures et contribue jour apr\u00e8s jour \u00e0 l\u2019apparence d\u2019un visage plus jeune et rayonnant de vitalit\u00e9.","robots":{"index":"index","follow":"follow","max-snippet":"max-snippet:-1","max-image-preview":"max-image-preview:large","max-video-preview":"max-video-preview:-1"},"canonical":"https:\/\/europelab.ca\/fr\/produit\/huile-regenerante-biologique\/","og_locale":"fr_FR","og_type":"article","og_title":"Huile R\u00e9g\u00e9n\u00e9rante Biologique - Europelab","og_description":"Huile r\u00e9g\u00e9n\u00e9rante compos\u00e9e d\u2019une synergie d\u2019huiles v\u00e9g\u00e9tales biologiques nourrissantes et r\u00e9paratrices qui aide \u00e0 r\u00e9g\u00e9n\u00e9rer la barri\u00e8re de protection de la peau pour restaurer toute son hydratation. Riche en ingr\u00e9dients apaisants, antioxydants et restructurants, ce soin am\u00e9liore la souplesse et l\u2019\u00e9lasticit\u00e9 de la peau pour lui apporter plus de confort et de bien-\u00eatre. Cette huile pr\u00e9cieuse aide \u00e0 offrir une protection quotidienne de la peau contre les agressions ext\u00e9rieures et contribue jour apr\u00e8s jour \u00e0 l\u2019apparence d\u2019un visage plus jeune et rayonnant de vitalit\u00e9.","og_url":"https:\/\/europelab.ca\/fr\/produit\/huile-regenerante-biologique\/","og_site_name":"Europelab","article_modified_time":"2021-11-11T17:20:24+00:00","og_image":[{"width":1200,"height":1200,"url":"https:\/\/europelab.ca\/wp-content\/uploads\/2021\/09\/Organic-Regenerating-Oil.jpg","type":"image\/jpeg"}],"twitter_card":"summary_large_image","schema":{"@context":"https:\/\/schema.org","@graph":[{"@type":"WebPage","@id":"https:\/\/europelab.ca\/fr\/produit\/huile-regenerante-biologique\/","url":"https:\/\/europelab.ca\/fr\/produit\/huile-regenerante-biologique\/","name":"Huile R\u00e9g\u00e9n\u00e9rante Biologique - Europelab","isPartOf":{"@id":"https:\/\/europelab.ca\/fr\/#website"},"primaryImageOfPage":{"@id":"https:\/\/europelab.ca\/fr\/produit\/huile-regenerante-biologique\/#primaryimage"},"image":{"@id":"https:\/\/europelab.ca\/fr\/produit\/huile-regenerante-biologique\/#primaryimage"},"thumbnailUrl":"https:\/\/europelab.ca\/wp-content\/uploads\/2023\/11\/Organic-Regenerating-Oil.jpg","datePublished":"2021-09-07T20:03:41+00:00","dateModified":"2021-11-11T17:20:24+00:00","description":"Huile r\u00e9g\u00e9n\u00e9rante compos\u00e9e d\u2019une synergie d\u2019huiles v\u00e9g\u00e9tales biologiques nourrissantes et r\u00e9paratrices qui aide \u00e0 r\u00e9g\u00e9n\u00e9rer la barri\u00e8re de protection de la peau pour restaurer toute son hydratation. Riche en ingr\u00e9dients apaisants, antioxydants et restructurants, ce soin am\u00e9liore la souplesse et l\u2019\u00e9lasticit\u00e9 de la peau pour lui apporter plus de confort et de bien-\u00eatre. Cette huile pr\u00e9cieuse aide \u00e0 offrir une protection quotidienne de la peau contre les agressions ext\u00e9rieures et contribue jour apr\u00e8s jour \u00e0 l\u2019apparence d\u2019un visage plus jeune et rayonnant de vitalit\u00e9.","breadcrumb":{"@id":"https:\/\/europelab.ca\/fr\/produit\/huile-regenerante-biologique\/#breadcrumb"},"inLanguage":"fr-FR","potentialAction":[{"@type":"ReadAction","target":["https:\/\/europelab.ca\/fr\/produit\/huile-regenerante-biologique\/"]}]},{"@type":"ImageObject","inLanguage":"fr-FR","@id":"https:\/\/europelab.ca\/fr\/produit\/huile-regenerante-biologique\/#primaryimage","url":"https:\/\/europelab.ca\/wp-content\/uploads\/2023\/11\/Organic-Regenerating-Oil.jpg","contentUrl":"https:\/\/europelab.ca\/wp-content\/uploads\/2023\/11\/Organic-Regenerating-Oil.jpg","width":1200,"height":1200,"caption":"Huile R\u00e9g\u00e9n\u00e9rante Biologique"},{"@type":"BreadcrumbList","@id":"https:\/\/europelab.ca\/fr\/produit\/huile-regenerante-biologique\/#breadcrumb","itemListElement":[{"@type":"ListItem","position":1,"name":"Accueil","item":"https:\/\/europelab.ca\/fr\/"},{"@type":"ListItem","position":2,"name":"Produits","item":"https:\/\/europelab.ca\/fr\/shop\/"},{"@type":"ListItem","position":3,"name":"Huile R\u00e9g\u00e9n\u00e9rante Biologique"}]},{"@type":"WebSite","@id":"https:\/\/europelab.ca\/fr\/#website","url":"https:\/\/europelab.ca\/fr\/","name":"Europelab","description":"Private Label, Made Simple.","potentialAction":[{"@type":"SearchAction","target":{"@type":"EntryPoint","urlTemplate":"https:\/\/europelab.ca\/fr\/?s={search_term_string}"},"query-input":{"@type":"PropertyValueSpecification","valueRequired":true,"valueName":"search_term_string"}}],"inLanguage":"fr-FR"}]}},"_links":{"self":[{"href":"https:\/\/europelab.ca\/fr\/wp-json\/wp\/v2\/product\/13753","targetHints":{"allow":["GET"]}}],"collection":[{"href":"https:\/\/europelab.ca\/fr\/wp-json\/wp\/v2\/product"}],"about":[{"href":"https:\/\/europelab.ca\/fr\/wp-json\/wp\/v2\/types\/product"}],"replies":[{"embeddable":true,"href":"https:\/\/europelab.ca\/fr\/wp-json\/wp\/v2\/comments?post=13753"}],"wp:featuredmedia":[{"embeddable":true,"href":"https:\/\/europelab.ca\/fr\/wp-json\/wp\/v2\/media\/14735"}],"wp:attachment":[{"href":"https:\/\/europelab.ca\/fr\/wp-json\/wp\/v2\/media?parent=13753"}],"wp:term":[{"taxonomy":"product_brand","embeddable":true,"href":"https:\/\/europelab.ca\/fr\/wp-json\/wp\/v2\/product_brand?post=13753"},{"taxonomy":"product_cat","embeddable":true,"href":"https:\/\/europelab.ca\/fr\/wp-json\/wp\/v2\/product_cat?post=13753"},{"taxonomy":"product_tag","embeddable":true,"href":"https:\/\/europelab.ca\/fr\/wp-json\/wp\/v2\/product_tag?post=13753"}],"curies":[{"name":"wp","href":"https:\/\/api.w.org\/{rel}","templated":true}]}}