{"id":13750,"date":"2021-09-07T20:10:46","date_gmt":"2021-09-07T20:10:46","guid":{"rendered":"https:\/\/elabpl.wpengine.com\/product\/organic-ultra-hydrating-cream\/"},"modified":"2021-11-11T17:57:43","modified_gmt":"2021-11-11T17:57:43","slug":"creme-ultra-hydratante-biologique","status":"publish","type":"product","link":"https:\/\/europelab.ca\/fr\/produit\/creme-ultra-hydratante-biologique\/","title":{"rendered":"Cr\u00e8me Ultra-Hydratante Biologique"},"content":{"rendered":"<p>Pour un usage quotidien le matin et\/ou le soir. Appliquer sur le visage et le d\u00e9collet\u00e9 parfaitement nettoy\u00e9s. Pour un usage externe seulement. \u00c9viter tout contact avec les yeux.<\/p>\n","protected":false},"excerpt":{"rendered":"<p>Cr\u00e8me ultra-hydratante biologique qui revitalise et prot\u00e8ge la peau du visage et du d\u00e9collet\u00e9. Sa formule enrichie en ingr\u00e9dients hydratants et \u00e9mollients, aide \u00e0 r\u00e9g\u00e9n\u00e9rer la barri\u00e8re d\u2019hydratation cutan\u00e9e et \u00e0 prot\u00e9ger la peau du dess\u00e8chement. La peau est imm\u00e9diatement plus souple et plus douce. Le grain de peau est visiblement am\u00e9lior\u00e9. Sa richesse en ingr\u00e9dients r\u00e9g\u00e9n\u00e9rants et en vitamines antioxydantes, aide \u00e0 lisser les rides et les ridules tout en offrant une protection journali\u00e8re contre la pollution urbaine et digitale. Appliqu\u00e9 quotidiennement, ce soin nourrit la peau et l\u2019enveloppe d\u2019un film protecteur doux et soyeux.<\/p>\n","protected":false},"featured_media":14749,"comment_status":"closed","ping_status":"closed","template":"","meta":[],"product_brand":[],"product_cat":[116,120],"product_tag":[],"class_list":{"0":"post-13750","1":"product","2":"type-product","3":"status-publish","4":"has-post-thumbnail","6":"product_cat-collection-biologique","7":"product_cat-nettoyants","9":"first","10":"instock","11":"sold-individually","12":"taxable","13":"shipping-taxable","14":"product-type-simple"},"yoast_head":"<!-- This site is optimized with the Yoast SEO plugin v27.3 - https:\/\/yoast.com\/product\/yoast-seo-wordpress\/ -->\n<title>Cr\u00e8me Ultra-Hydratante Biologique - Europelab<\/title>\n<meta name=\"description\" content=\"Cr\u00e8me ultra-hydratante biologique qui revitalise et prot\u00e8ge la peau du visage et du d\u00e9collet\u00e9. Sa formule enrichie en ingr\u00e9dients hydratants et \u00e9mollients, aide \u00e0 r\u00e9g\u00e9n\u00e9rer la barri\u00e8re d\u2019hydratation cutan\u00e9e et \u00e0 prot\u00e9ger la peau du dess\u00e8chement. La peau est imm\u00e9diatement plus souple et plus douce. Le grain de peau est visiblement am\u00e9lior\u00e9. Sa richesse en ingr\u00e9dients r\u00e9g\u00e9n\u00e9rants et en vitamines antioxydantes, aide \u00e0 lisser les rides et les ridules tout en offrant une protection journali\u00e8re contre la pollution urbaine et digitale. Appliqu\u00e9 quotidiennement, ce soin nourrit la peau et l\u2019enveloppe d\u2019un film protecteur doux et soyeux.\" \/>\n<meta name=\"robots\" content=\"index, follow, max-snippet:-1, max-image-preview:large, max-video-preview:-1\" \/>\n<link rel=\"canonical\" href=\"https:\/\/europelab.ca\/fr\/produit\/creme-ultra-hydratante-biologique\/\" \/>\n<meta property=\"og:locale\" content=\"fr_FR\" \/>\n<meta property=\"og:type\" content=\"article\" \/>\n<meta property=\"og:title\" content=\"Cr\u00e8me Ultra-Hydratante Biologique - Europelab\" \/>\n<meta property=\"og:description\" content=\"Cr\u00e8me ultra-hydratante biologique qui revitalise et prot\u00e8ge la peau du visage et du d\u00e9collet\u00e9. Sa formule enrichie en ingr\u00e9dients hydratants et \u00e9mollients, aide \u00e0 r\u00e9g\u00e9n\u00e9rer la barri\u00e8re d\u2019hydratation cutan\u00e9e et \u00e0 prot\u00e9ger la peau du dess\u00e8chement. La peau est imm\u00e9diatement plus souple et plus douce. Le grain de peau est visiblement am\u00e9lior\u00e9. Sa richesse en ingr\u00e9dients r\u00e9g\u00e9n\u00e9rants et en vitamines antioxydantes, aide \u00e0 lisser les rides et les ridules tout en offrant une protection journali\u00e8re contre la pollution urbaine et digitale. Appliqu\u00e9 quotidiennement, ce soin nourrit la peau et l\u2019enveloppe d\u2019un film protecteur doux et soyeux.\" \/>\n<meta property=\"og:url\" content=\"https:\/\/europelab.ca\/fr\/produit\/creme-ultra-hydratante-biologique\/\" \/>\n<meta property=\"og:site_name\" content=\"Europelab\" \/>\n<meta property=\"article:modified_time\" content=\"2021-11-11T17:57:43+00:00\" \/>\n<meta property=\"og:image\" content=\"https:\/\/europelab.ca\/wp-content\/uploads\/2021\/09\/ORGANIC-COLLECTION_Organic-Ultra-Hydrating-Cream-50g.jpg\" \/>\n\t<meta property=\"og:image:width\" content=\"1200\" \/>\n\t<meta property=\"og:image:height\" content=\"1200\" \/>\n\t<meta property=\"og:image:type\" content=\"image\/jpeg\" \/>\n<meta name=\"twitter:card\" content=\"summary_large_image\" \/>\n<script type=\"application\/ld+json\" class=\"yoast-schema-graph\">{\"@context\":\"https:\\\/\\\/schema.org\",\"@graph\":[{\"@type\":\"WebPage\",\"@id\":\"https:\\\/\\\/europelab.ca\\\/fr\\\/produit\\\/creme-ultra-hydratante-biologique\\\/\",\"url\":\"https:\\\/\\\/europelab.ca\\\/fr\\\/produit\\\/creme-ultra-hydratante-biologique\\\/\",\"name\":\"Cr\u00e8me Ultra-Hydratante Biologique - Europelab\",\"isPartOf\":{\"@id\":\"https:\\\/\\\/europelab.ca\\\/fr\\\/#website\"},\"primaryImageOfPage\":{\"@id\":\"https:\\\/\\\/europelab.ca\\\/fr\\\/produit\\\/creme-ultra-hydratante-biologique\\\/#primaryimage\"},\"image\":{\"@id\":\"https:\\\/\\\/europelab.ca\\\/fr\\\/produit\\\/creme-ultra-hydratante-biologique\\\/#primaryimage\"},\"thumbnailUrl\":\"https:\\\/\\\/europelab.ca\\\/wp-content\\\/uploads\\\/2021\\\/09\\\/ORGANIC-COLLECTION_Organic-Ultra-Hydrating-Cream-50g.jpg\",\"datePublished\":\"2021-09-07T20:10:46+00:00\",\"dateModified\":\"2021-11-11T17:57:43+00:00\",\"description\":\"Cr\u00e8me ultra-hydratante biologique qui revitalise et prot\u00e8ge la peau du visage et du d\u00e9collet\u00e9. Sa formule enrichie en ingr\u00e9dients hydratants et \u00e9mollients, aide \u00e0 r\u00e9g\u00e9n\u00e9rer la barri\u00e8re d\u2019hydratation cutan\u00e9e et \u00e0 prot\u00e9ger la peau du dess\u00e8chement. La peau est imm\u00e9diatement plus souple et plus douce. Le grain de peau est visiblement am\u00e9lior\u00e9. Sa richesse en ingr\u00e9dients r\u00e9g\u00e9n\u00e9rants et en vitamines antioxydantes, aide \u00e0 lisser les rides et les ridules tout en offrant une protection journali\u00e8re contre la pollution urbaine et digitale. Appliqu\u00e9 quotidiennement, ce soin nourrit la peau et l\u2019enveloppe d\u2019un film protecteur doux et soyeux.\",\"breadcrumb\":{\"@id\":\"https:\\\/\\\/europelab.ca\\\/fr\\\/produit\\\/creme-ultra-hydratante-biologique\\\/#breadcrumb\"},\"inLanguage\":\"fr-FR\",\"potentialAction\":[{\"@type\":\"ReadAction\",\"target\":[\"https:\\\/\\\/europelab.ca\\\/fr\\\/produit\\\/creme-ultra-hydratante-biologique\\\/\"]}]},{\"@type\":\"ImageObject\",\"inLanguage\":\"fr-FR\",\"@id\":\"https:\\\/\\\/europelab.ca\\\/fr\\\/produit\\\/creme-ultra-hydratante-biologique\\\/#primaryimage\",\"url\":\"https:\\\/\\\/europelab.ca\\\/wp-content\\\/uploads\\\/2021\\\/09\\\/ORGANIC-COLLECTION_Organic-Ultra-Hydrating-Cream-50g.jpg\",\"contentUrl\":\"https:\\\/\\\/europelab.ca\\\/wp-content\\\/uploads\\\/2021\\\/09\\\/ORGANIC-COLLECTION_Organic-Ultra-Hydrating-Cream-50g.jpg\",\"width\":1200,\"height\":1200,\"caption\":\"Cr\u00e8me Ultra-Hydratante Biologique\"},{\"@type\":\"BreadcrumbList\",\"@id\":\"https:\\\/\\\/europelab.ca\\\/fr\\\/produit\\\/creme-ultra-hydratante-biologique\\\/#breadcrumb\",\"itemListElement\":[{\"@type\":\"ListItem\",\"position\":1,\"name\":\"Accueil\",\"item\":\"https:\\\/\\\/europelab.ca\\\/fr\\\/\"},{\"@type\":\"ListItem\",\"position\":2,\"name\":\"Produits\",\"item\":\"https:\\\/\\\/europelab.ca\\\/fr\\\/shop\\\/\"},{\"@type\":\"ListItem\",\"position\":3,\"name\":\"Cr\u00e8me Ultra-Hydratante Biologique\"}]},{\"@type\":\"WebSite\",\"@id\":\"https:\\\/\\\/europelab.ca\\\/fr\\\/#website\",\"url\":\"https:\\\/\\\/europelab.ca\\\/fr\\\/\",\"name\":\"Europelab\",\"description\":\"Private Label, Made Simple.\",\"potentialAction\":[{\"@type\":\"SearchAction\",\"target\":{\"@type\":\"EntryPoint\",\"urlTemplate\":\"https:\\\/\\\/europelab.ca\\\/fr\\\/?s={search_term_string}\"},\"query-input\":{\"@type\":\"PropertyValueSpecification\",\"valueRequired\":true,\"valueName\":\"search_term_string\"}}],\"inLanguage\":\"fr-FR\"}]}<\/script>\n<!-- \/ Yoast SEO plugin. -->","yoast_head_json":{"title":"Cr\u00e8me Ultra-Hydratante Biologique - Europelab","description":"Cr\u00e8me ultra-hydratante biologique qui revitalise et prot\u00e8ge la peau du visage et du d\u00e9collet\u00e9. Sa formule enrichie en ingr\u00e9dients hydratants et \u00e9mollients, aide \u00e0 r\u00e9g\u00e9n\u00e9rer la barri\u00e8re d\u2019hydratation cutan\u00e9e et \u00e0 prot\u00e9ger la peau du dess\u00e8chement. La peau est imm\u00e9diatement plus souple et plus douce. Le grain de peau est visiblement am\u00e9lior\u00e9. Sa richesse en ingr\u00e9dients r\u00e9g\u00e9n\u00e9rants et en vitamines antioxydantes, aide \u00e0 lisser les rides et les ridules tout en offrant une protection journali\u00e8re contre la pollution urbaine et digitale. Appliqu\u00e9 quotidiennement, ce soin nourrit la peau et l\u2019enveloppe d\u2019un film protecteur doux et soyeux.","robots":{"index":"index","follow":"follow","max-snippet":"max-snippet:-1","max-image-preview":"max-image-preview:large","max-video-preview":"max-video-preview:-1"},"canonical":"https:\/\/europelab.ca\/fr\/produit\/creme-ultra-hydratante-biologique\/","og_locale":"fr_FR","og_type":"article","og_title":"Cr\u00e8me Ultra-Hydratante Biologique - Europelab","og_description":"Cr\u00e8me ultra-hydratante biologique qui revitalise et prot\u00e8ge la peau du visage et du d\u00e9collet\u00e9. Sa formule enrichie en ingr\u00e9dients hydratants et \u00e9mollients, aide \u00e0 r\u00e9g\u00e9n\u00e9rer la barri\u00e8re d\u2019hydratation cutan\u00e9e et \u00e0 prot\u00e9ger la peau du dess\u00e8chement. La peau est imm\u00e9diatement plus souple et plus douce. Le grain de peau est visiblement am\u00e9lior\u00e9. Sa richesse en ingr\u00e9dients r\u00e9g\u00e9n\u00e9rants et en vitamines antioxydantes, aide \u00e0 lisser les rides et les ridules tout en offrant une protection journali\u00e8re contre la pollution urbaine et digitale. Appliqu\u00e9 quotidiennement, ce soin nourrit la peau et l\u2019enveloppe d\u2019un film protecteur doux et soyeux.","og_url":"https:\/\/europelab.ca\/fr\/produit\/creme-ultra-hydratante-biologique\/","og_site_name":"Europelab","article_modified_time":"2021-11-11T17:57:43+00:00","og_image":[{"width":1200,"height":1200,"url":"https:\/\/europelab.ca\/wp-content\/uploads\/2021\/09\/ORGANIC-COLLECTION_Organic-Ultra-Hydrating-Cream-50g.jpg","type":"image\/jpeg"}],"twitter_card":"summary_large_image","schema":{"@context":"https:\/\/schema.org","@graph":[{"@type":"WebPage","@id":"https:\/\/europelab.ca\/fr\/produit\/creme-ultra-hydratante-biologique\/","url":"https:\/\/europelab.ca\/fr\/produit\/creme-ultra-hydratante-biologique\/","name":"Cr\u00e8me Ultra-Hydratante Biologique - Europelab","isPartOf":{"@id":"https:\/\/europelab.ca\/fr\/#website"},"primaryImageOfPage":{"@id":"https:\/\/europelab.ca\/fr\/produit\/creme-ultra-hydratante-biologique\/#primaryimage"},"image":{"@id":"https:\/\/europelab.ca\/fr\/produit\/creme-ultra-hydratante-biologique\/#primaryimage"},"thumbnailUrl":"https:\/\/europelab.ca\/wp-content\/uploads\/2021\/09\/ORGANIC-COLLECTION_Organic-Ultra-Hydrating-Cream-50g.jpg","datePublished":"2021-09-07T20:10:46+00:00","dateModified":"2021-11-11T17:57:43+00:00","description":"Cr\u00e8me ultra-hydratante biologique qui revitalise et prot\u00e8ge la peau du visage et du d\u00e9collet\u00e9. Sa formule enrichie en ingr\u00e9dients hydratants et \u00e9mollients, aide \u00e0 r\u00e9g\u00e9n\u00e9rer la barri\u00e8re d\u2019hydratation cutan\u00e9e et \u00e0 prot\u00e9ger la peau du dess\u00e8chement. La peau est imm\u00e9diatement plus souple et plus douce. Le grain de peau est visiblement am\u00e9lior\u00e9. Sa richesse en ingr\u00e9dients r\u00e9g\u00e9n\u00e9rants et en vitamines antioxydantes, aide \u00e0 lisser les rides et les ridules tout en offrant une protection journali\u00e8re contre la pollution urbaine et digitale. Appliqu\u00e9 quotidiennement, ce soin nourrit la peau et l\u2019enveloppe d\u2019un film protecteur doux et soyeux.","breadcrumb":{"@id":"https:\/\/europelab.ca\/fr\/produit\/creme-ultra-hydratante-biologique\/#breadcrumb"},"inLanguage":"fr-FR","potentialAction":[{"@type":"ReadAction","target":["https:\/\/europelab.ca\/fr\/produit\/creme-ultra-hydratante-biologique\/"]}]},{"@type":"ImageObject","inLanguage":"fr-FR","@id":"https:\/\/europelab.ca\/fr\/produit\/creme-ultra-hydratante-biologique\/#primaryimage","url":"https:\/\/europelab.ca\/wp-content\/uploads\/2021\/09\/ORGANIC-COLLECTION_Organic-Ultra-Hydrating-Cream-50g.jpg","contentUrl":"https:\/\/europelab.ca\/wp-content\/uploads\/2021\/09\/ORGANIC-COLLECTION_Organic-Ultra-Hydrating-Cream-50g.jpg","width":1200,"height":1200,"caption":"Cr\u00e8me Ultra-Hydratante Biologique"},{"@type":"BreadcrumbList","@id":"https:\/\/europelab.ca\/fr\/produit\/creme-ultra-hydratante-biologique\/#breadcrumb","itemListElement":[{"@type":"ListItem","position":1,"name":"Accueil","item":"https:\/\/europelab.ca\/fr\/"},{"@type":"ListItem","position":2,"name":"Produits","item":"https:\/\/europelab.ca\/fr\/shop\/"},{"@type":"ListItem","position":3,"name":"Cr\u00e8me Ultra-Hydratante Biologique"}]},{"@type":"WebSite","@id":"https:\/\/europelab.ca\/fr\/#website","url":"https:\/\/europelab.ca\/fr\/","name":"Europelab","description":"Private Label, Made Simple.","potentialAction":[{"@type":"SearchAction","target":{"@type":"EntryPoint","urlTemplate":"https:\/\/europelab.ca\/fr\/?s={search_term_string}"},"query-input":{"@type":"PropertyValueSpecification","valueRequired":true,"valueName":"search_term_string"}}],"inLanguage":"fr-FR"}]}},"_links":{"self":[{"href":"https:\/\/europelab.ca\/fr\/wp-json\/wp\/v2\/product\/13750","targetHints":{"allow":["GET"]}}],"collection":[{"href":"https:\/\/europelab.ca\/fr\/wp-json\/wp\/v2\/product"}],"about":[{"href":"https:\/\/europelab.ca\/fr\/wp-json\/wp\/v2\/types\/product"}],"replies":[{"embeddable":true,"href":"https:\/\/europelab.ca\/fr\/wp-json\/wp\/v2\/comments?post=13750"}],"wp:featuredmedia":[{"embeddable":true,"href":"https:\/\/europelab.ca\/fr\/wp-json\/wp\/v2\/media\/14749"}],"wp:attachment":[{"href":"https:\/\/europelab.ca\/fr\/wp-json\/wp\/v2\/media?parent=13750"}],"wp:term":[{"taxonomy":"product_brand","embeddable":true,"href":"https:\/\/europelab.ca\/fr\/wp-json\/wp\/v2\/product_brand?post=13750"},{"taxonomy":"product_cat","embeddable":true,"href":"https:\/\/europelab.ca\/fr\/wp-json\/wp\/v2\/product_cat?post=13750"},{"taxonomy":"product_tag","embeddable":true,"href":"https:\/\/europelab.ca\/fr\/wp-json\/wp\/v2\/product_tag?post=13750"}],"curies":[{"name":"wp","href":"https:\/\/api.w.org\/{rel}","templated":true}]}}