{"id":13747,"date":"2021-03-08T16:48:24","date_gmt":"2021-03-08T16:48:24","guid":{"rendered":"https:\/\/elabpl.wpengine.com\/product\/organic-purity-toner\/"},"modified":"2021-11-10T21:20:48","modified_gmt":"2021-11-10T21:20:48","slug":"tonique-purete-biologique","status":"publish","type":"product","link":"https:\/\/europelab.ca\/fr\/produit\/tonique-purete-biologique\/","title":{"rendered":"Tonique Puret\u00e9 Biologique"},"content":{"rendered":"<p>Pour un usage quotidien le matin et\/ou le soir, sur une peau parfaitement nettoy\u00e9e en prenant soin d\u2019\u00e9viter le contour des yeux. Vaporiser sur le visage et le cou ou appliquer \u00e0 l\u2019aide d\u2019un coton. Pour un usage externe seulement. \u00c9viter tout contact avec les yeux.<\/p>\n","protected":false},"excerpt":{"rendered":"<p>Tonique sans alcool id\u00e9al pour tous les types de peau et sp\u00e9cialement les peaux grasses \u00e0 tendance acn\u00e9ique. Sa formule enrichie en ingr\u00e9dients purifiants, hydratants et astringents aide \u00e0 r\u00e9tablir le pH physiologique de la peau en laissant un fini mat sans jamais provoquer de dess\u00e8chement. Source d\u2019antioxydants protecteurs et de compos\u00e9s apaisants, il aide \u00e0 att\u00e9nuer les rougeurs et \u00e0 soulager les d\u00e9mangeaisons associ\u00e9es aux peaux sensibles. D\u00e8s la premi\u00e8re application, il procure une agr\u00e9able sensation de fra\u00eecheur et de puret\u00e9 de tout le visage tout en laissant la peau douce et confortable. Il s\u2019utilise au quotidien pour pr\u00e9parer la peau \u00e0 recevoir les soins appropri\u00e9s.<\/p>\n","protected":false},"featured_media":14702,"comment_status":"closed","ping_status":"closed","template":"","meta":[],"product_brand":[],"product_cat":[130,131,116,135,136,121],"product_tag":[],"class_list":{"0":"post-13747","1":"product","2":"type-product","3":"status-publish","4":"has-post-thumbnail","6":"product_cat-acne-fr","7":"product_cat-acne-rosacee","8":"product_cat-collection-biologique","9":"product_cat-peau-grasse","10":"product_cat-peau-mixte","11":"product_cat-toniques","13":"first","14":"instock","15":"sold-individually","16":"taxable","17":"shipping-taxable","18":"product-type-simple"},"yoast_head":"<!-- This site is optimized with the Yoast SEO plugin v27.3 - https:\/\/yoast.com\/product\/yoast-seo-wordpress\/ -->\n<title>Tonique Puret\u00e9 Biologique - Europelab<\/title>\n<meta name=\"description\" content=\"Tonique sans alcool id\u00e9al pour tous les types de peau et sp\u00e9cialement les peaux grasses \u00e0 tendance acn\u00e9ique. Sa formule enrichie en ingr\u00e9dients purifiants, hydratants et astringents aide \u00e0 r\u00e9tablir le pH physiologique de la peau en laissant un fini mat sans jamais provoquer de dess\u00e8chement. Source d\u2019antioxydants protecteurs et de compos\u00e9s apaisants, il aide \u00e0 att\u00e9nuer les rougeurs et \u00e0 soulager les d\u00e9mangeaisons associ\u00e9es aux peaux sensibles. D\u00e8s la premi\u00e8re application, il procure une agr\u00e9able sensation de fra\u00eecheur et de puret\u00e9 de tout le visage tout en laissant la peau douce et confortable. Il s\u2019utilise au quotidien pour pr\u00e9parer la peau \u00e0 recevoir les soins appropri\u00e9s.\" \/>\n<meta name=\"robots\" content=\"index, follow, max-snippet:-1, max-image-preview:large, max-video-preview:-1\" \/>\n<link rel=\"canonical\" href=\"https:\/\/europelab.ca\/fr\/produit\/tonique-purete-biologique\/\" \/>\n<meta property=\"og:locale\" content=\"fr_FR\" \/>\n<meta property=\"og:type\" content=\"article\" \/>\n<meta property=\"og:title\" content=\"Tonique Puret\u00e9 Biologique - Europelab\" \/>\n<meta property=\"og:description\" content=\"Tonique sans alcool id\u00e9al pour tous les types de peau et sp\u00e9cialement les peaux grasses \u00e0 tendance acn\u00e9ique. Sa formule enrichie en ingr\u00e9dients purifiants, hydratants et astringents aide \u00e0 r\u00e9tablir le pH physiologique de la peau en laissant un fini mat sans jamais provoquer de dess\u00e8chement. Source d\u2019antioxydants protecteurs et de compos\u00e9s apaisants, il aide \u00e0 att\u00e9nuer les rougeurs et \u00e0 soulager les d\u00e9mangeaisons associ\u00e9es aux peaux sensibles. D\u00e8s la premi\u00e8re application, il procure une agr\u00e9able sensation de fra\u00eecheur et de puret\u00e9 de tout le visage tout en laissant la peau douce et confortable. Il s\u2019utilise au quotidien pour pr\u00e9parer la peau \u00e0 recevoir les soins appropri\u00e9s.\" \/>\n<meta property=\"og:url\" content=\"https:\/\/europelab.ca\/fr\/produit\/tonique-purete-biologique\/\" \/>\n<meta property=\"og:site_name\" content=\"Europelab\" \/>\n<meta property=\"article:modified_time\" content=\"2021-11-10T21:20:48+00:00\" \/>\n<meta property=\"og:image\" content=\"https:\/\/europelab.ca\/wp-content\/uploads\/2021\/03\/Organic-Purity-Toner.jpg\" \/>\n\t<meta property=\"og:image:width\" content=\"1200\" \/>\n\t<meta property=\"og:image:height\" content=\"1200\" \/>\n\t<meta property=\"og:image:type\" content=\"image\/jpeg\" \/>\n<meta name=\"twitter:card\" content=\"summary_large_image\" \/>\n<script type=\"application\/ld+json\" class=\"yoast-schema-graph\">{\"@context\":\"https:\\\/\\\/schema.org\",\"@graph\":[{\"@type\":\"WebPage\",\"@id\":\"https:\\\/\\\/europelab.ca\\\/fr\\\/produit\\\/tonique-purete-biologique\\\/\",\"url\":\"https:\\\/\\\/europelab.ca\\\/fr\\\/produit\\\/tonique-purete-biologique\\\/\",\"name\":\"Tonique Puret\u00e9 Biologique - Europelab\",\"isPartOf\":{\"@id\":\"https:\\\/\\\/europelab.ca\\\/fr\\\/#website\"},\"primaryImageOfPage\":{\"@id\":\"https:\\\/\\\/europelab.ca\\\/fr\\\/produit\\\/tonique-purete-biologique\\\/#primaryimage\"},\"image\":{\"@id\":\"https:\\\/\\\/europelab.ca\\\/fr\\\/produit\\\/tonique-purete-biologique\\\/#primaryimage\"},\"thumbnailUrl\":\"https:\\\/\\\/europelab.ca\\\/wp-content\\\/uploads\\\/2023\\\/11\\\/Organic-Purity-Toner.jpg\",\"datePublished\":\"2021-03-08T16:48:24+00:00\",\"dateModified\":\"2021-11-10T21:20:48+00:00\",\"description\":\"Tonique sans alcool id\u00e9al pour tous les types de peau et sp\u00e9cialement les peaux grasses \u00e0 tendance acn\u00e9ique. Sa formule enrichie en ingr\u00e9dients purifiants, hydratants et astringents aide \u00e0 r\u00e9tablir le pH physiologique de la peau en laissant un fini mat sans jamais provoquer de dess\u00e8chement. Source d\u2019antioxydants protecteurs et de compos\u00e9s apaisants, il aide \u00e0 att\u00e9nuer les rougeurs et \u00e0 soulager les d\u00e9mangeaisons associ\u00e9es aux peaux sensibles. D\u00e8s la premi\u00e8re application, il procure une agr\u00e9able sensation de fra\u00eecheur et de puret\u00e9 de tout le visage tout en laissant la peau douce et confortable. Il s\u2019utilise au quotidien pour pr\u00e9parer la peau \u00e0 recevoir les soins appropri\u00e9s.\",\"breadcrumb\":{\"@id\":\"https:\\\/\\\/europelab.ca\\\/fr\\\/produit\\\/tonique-purete-biologique\\\/#breadcrumb\"},\"inLanguage\":\"fr-FR\",\"potentialAction\":[{\"@type\":\"ReadAction\",\"target\":[\"https:\\\/\\\/europelab.ca\\\/fr\\\/produit\\\/tonique-purete-biologique\\\/\"]}]},{\"@type\":\"ImageObject\",\"inLanguage\":\"fr-FR\",\"@id\":\"https:\\\/\\\/europelab.ca\\\/fr\\\/produit\\\/tonique-purete-biologique\\\/#primaryimage\",\"url\":\"https:\\\/\\\/europelab.ca\\\/wp-content\\\/uploads\\\/2023\\\/11\\\/Organic-Purity-Toner.jpg\",\"contentUrl\":\"https:\\\/\\\/europelab.ca\\\/wp-content\\\/uploads\\\/2023\\\/11\\\/Organic-Purity-Toner.jpg\",\"width\":1200,\"height\":1200,\"caption\":\"Tonique Puret\u00e9 Biologique\"},{\"@type\":\"BreadcrumbList\",\"@id\":\"https:\\\/\\\/europelab.ca\\\/fr\\\/produit\\\/tonique-purete-biologique\\\/#breadcrumb\",\"itemListElement\":[{\"@type\":\"ListItem\",\"position\":1,\"name\":\"Accueil\",\"item\":\"https:\\\/\\\/europelab.ca\\\/fr\\\/\"},{\"@type\":\"ListItem\",\"position\":2,\"name\":\"Produits\",\"item\":\"https:\\\/\\\/europelab.ca\\\/fr\\\/shop\\\/\"},{\"@type\":\"ListItem\",\"position\":3,\"name\":\"Tonique Puret\u00e9 Biologique\"}]},{\"@type\":\"WebSite\",\"@id\":\"https:\\\/\\\/europelab.ca\\\/fr\\\/#website\",\"url\":\"https:\\\/\\\/europelab.ca\\\/fr\\\/\",\"name\":\"Europelab\",\"description\":\"Private Label, Made Simple.\",\"potentialAction\":[{\"@type\":\"SearchAction\",\"target\":{\"@type\":\"EntryPoint\",\"urlTemplate\":\"https:\\\/\\\/europelab.ca\\\/fr\\\/?s={search_term_string}\"},\"query-input\":{\"@type\":\"PropertyValueSpecification\",\"valueRequired\":true,\"valueName\":\"search_term_string\"}}],\"inLanguage\":\"fr-FR\"}]}<\/script>\n<!-- \/ Yoast SEO plugin. -->","yoast_head_json":{"title":"Tonique Puret\u00e9 Biologique - Europelab","description":"Tonique sans alcool id\u00e9al pour tous les types de peau et sp\u00e9cialement les peaux grasses \u00e0 tendance acn\u00e9ique. Sa formule enrichie en ingr\u00e9dients purifiants, hydratants et astringents aide \u00e0 r\u00e9tablir le pH physiologique de la peau en laissant un fini mat sans jamais provoquer de dess\u00e8chement. Source d\u2019antioxydants protecteurs et de compos\u00e9s apaisants, il aide \u00e0 att\u00e9nuer les rougeurs et \u00e0 soulager les d\u00e9mangeaisons associ\u00e9es aux peaux sensibles. D\u00e8s la premi\u00e8re application, il procure une agr\u00e9able sensation de fra\u00eecheur et de puret\u00e9 de tout le visage tout en laissant la peau douce et confortable. Il s\u2019utilise au quotidien pour pr\u00e9parer la peau \u00e0 recevoir les soins appropri\u00e9s.","robots":{"index":"index","follow":"follow","max-snippet":"max-snippet:-1","max-image-preview":"max-image-preview:large","max-video-preview":"max-video-preview:-1"},"canonical":"https:\/\/europelab.ca\/fr\/produit\/tonique-purete-biologique\/","og_locale":"fr_FR","og_type":"article","og_title":"Tonique Puret\u00e9 Biologique - Europelab","og_description":"Tonique sans alcool id\u00e9al pour tous les types de peau et sp\u00e9cialement les peaux grasses \u00e0 tendance acn\u00e9ique. Sa formule enrichie en ingr\u00e9dients purifiants, hydratants et astringents aide \u00e0 r\u00e9tablir le pH physiologique de la peau en laissant un fini mat sans jamais provoquer de dess\u00e8chement. Source d\u2019antioxydants protecteurs et de compos\u00e9s apaisants, il aide \u00e0 att\u00e9nuer les rougeurs et \u00e0 soulager les d\u00e9mangeaisons associ\u00e9es aux peaux sensibles. D\u00e8s la premi\u00e8re application, il procure une agr\u00e9able sensation de fra\u00eecheur et de puret\u00e9 de tout le visage tout en laissant la peau douce et confortable. Il s\u2019utilise au quotidien pour pr\u00e9parer la peau \u00e0 recevoir les soins appropri\u00e9s.","og_url":"https:\/\/europelab.ca\/fr\/produit\/tonique-purete-biologique\/","og_site_name":"Europelab","article_modified_time":"2021-11-10T21:20:48+00:00","og_image":[{"width":1200,"height":1200,"url":"https:\/\/europelab.ca\/wp-content\/uploads\/2021\/03\/Organic-Purity-Toner.jpg","type":"image\/jpeg"}],"twitter_card":"summary_large_image","schema":{"@context":"https:\/\/schema.org","@graph":[{"@type":"WebPage","@id":"https:\/\/europelab.ca\/fr\/produit\/tonique-purete-biologique\/","url":"https:\/\/europelab.ca\/fr\/produit\/tonique-purete-biologique\/","name":"Tonique Puret\u00e9 Biologique - Europelab","isPartOf":{"@id":"https:\/\/europelab.ca\/fr\/#website"},"primaryImageOfPage":{"@id":"https:\/\/europelab.ca\/fr\/produit\/tonique-purete-biologique\/#primaryimage"},"image":{"@id":"https:\/\/europelab.ca\/fr\/produit\/tonique-purete-biologique\/#primaryimage"},"thumbnailUrl":"https:\/\/europelab.ca\/wp-content\/uploads\/2023\/11\/Organic-Purity-Toner.jpg","datePublished":"2021-03-08T16:48:24+00:00","dateModified":"2021-11-10T21:20:48+00:00","description":"Tonique sans alcool id\u00e9al pour tous les types de peau et sp\u00e9cialement les peaux grasses \u00e0 tendance acn\u00e9ique. Sa formule enrichie en ingr\u00e9dients purifiants, hydratants et astringents aide \u00e0 r\u00e9tablir le pH physiologique de la peau en laissant un fini mat sans jamais provoquer de dess\u00e8chement. Source d\u2019antioxydants protecteurs et de compos\u00e9s apaisants, il aide \u00e0 att\u00e9nuer les rougeurs et \u00e0 soulager les d\u00e9mangeaisons associ\u00e9es aux peaux sensibles. D\u00e8s la premi\u00e8re application, il procure une agr\u00e9able sensation de fra\u00eecheur et de puret\u00e9 de tout le visage tout en laissant la peau douce et confortable. Il s\u2019utilise au quotidien pour pr\u00e9parer la peau \u00e0 recevoir les soins appropri\u00e9s.","breadcrumb":{"@id":"https:\/\/europelab.ca\/fr\/produit\/tonique-purete-biologique\/#breadcrumb"},"inLanguage":"fr-FR","potentialAction":[{"@type":"ReadAction","target":["https:\/\/europelab.ca\/fr\/produit\/tonique-purete-biologique\/"]}]},{"@type":"ImageObject","inLanguage":"fr-FR","@id":"https:\/\/europelab.ca\/fr\/produit\/tonique-purete-biologique\/#primaryimage","url":"https:\/\/europelab.ca\/wp-content\/uploads\/2023\/11\/Organic-Purity-Toner.jpg","contentUrl":"https:\/\/europelab.ca\/wp-content\/uploads\/2023\/11\/Organic-Purity-Toner.jpg","width":1200,"height":1200,"caption":"Tonique Puret\u00e9 Biologique"},{"@type":"BreadcrumbList","@id":"https:\/\/europelab.ca\/fr\/produit\/tonique-purete-biologique\/#breadcrumb","itemListElement":[{"@type":"ListItem","position":1,"name":"Accueil","item":"https:\/\/europelab.ca\/fr\/"},{"@type":"ListItem","position":2,"name":"Produits","item":"https:\/\/europelab.ca\/fr\/shop\/"},{"@type":"ListItem","position":3,"name":"Tonique Puret\u00e9 Biologique"}]},{"@type":"WebSite","@id":"https:\/\/europelab.ca\/fr\/#website","url":"https:\/\/europelab.ca\/fr\/","name":"Europelab","description":"Private Label, Made Simple.","potentialAction":[{"@type":"SearchAction","target":{"@type":"EntryPoint","urlTemplate":"https:\/\/europelab.ca\/fr\/?s={search_term_string}"},"query-input":{"@type":"PropertyValueSpecification","valueRequired":true,"valueName":"search_term_string"}}],"inLanguage":"fr-FR"}]}},"_links":{"self":[{"href":"https:\/\/europelab.ca\/fr\/wp-json\/wp\/v2\/product\/13747","targetHints":{"allow":["GET"]}}],"collection":[{"href":"https:\/\/europelab.ca\/fr\/wp-json\/wp\/v2\/product"}],"about":[{"href":"https:\/\/europelab.ca\/fr\/wp-json\/wp\/v2\/types\/product"}],"replies":[{"embeddable":true,"href":"https:\/\/europelab.ca\/fr\/wp-json\/wp\/v2\/comments?post=13747"}],"wp:featuredmedia":[{"embeddable":true,"href":"https:\/\/europelab.ca\/fr\/wp-json\/wp\/v2\/media\/14702"}],"wp:attachment":[{"href":"https:\/\/europelab.ca\/fr\/wp-json\/wp\/v2\/media?parent=13747"}],"wp:term":[{"taxonomy":"product_brand","embeddable":true,"href":"https:\/\/europelab.ca\/fr\/wp-json\/wp\/v2\/product_brand?post=13747"},{"taxonomy":"product_cat","embeddable":true,"href":"https:\/\/europelab.ca\/fr\/wp-json\/wp\/v2\/product_cat?post=13747"},{"taxonomy":"product_tag","embeddable":true,"href":"https:\/\/europelab.ca\/fr\/wp-json\/wp\/v2\/product_tag?post=13747"}],"curies":[{"name":"wp","href":"https:\/\/api.w.org\/{rel}","templated":true}]}}