{"id":13746,"date":"2021-03-08T16:49:37","date_gmt":"2021-03-08T16:49:37","guid":{"rendered":"https:\/\/elabpl.wpengine.com\/product\/organic-ph-toner\/"},"modified":"2021-11-10T21:17:30","modified_gmt":"2021-11-10T21:17:30","slug":"tonique-ph-biologique","status":"publish","type":"product","link":"https:\/\/europelab.ca\/fr\/produit\/tonique-ph-biologique\/","title":{"rendered":"Tonique pH Biologique"},"content":{"rendered":"<p>Pour un usage quotidien, apr\u00e8s le nettoyage du visage. Vaporiser sur le visage et le cou ou appliquer le produit \u00e0 l\u2019aide d\u2019un coton en prenant soin d\u2019\u00e9viter le contour des yeux. Terminer par l\u2019application des produits de soins appropri\u00e9s aux types de peau, soit le S\u00e9rum ou la Cr\u00e8me.<\/p>\n","protected":false},"excerpt":{"rendered":"<p>Lotion tonique sans alcool id\u00e9ale pour tous les types de peau m\u00eame les plus sensibles. Sa formule enrichie en ingr\u00e9dients hydratants et antioxydants aide \u00e0 r\u00e9tablir le pH physiologique de la peau tout en douceur et sans jamais l\u2019ass\u00e9cher. Il laisse ainsi un agr\u00e9able film protecteur, doux et soyeux \u00e0 la surface de la peau. Gr\u00e2ce \u00e0 ses extraits apaisants et illuminateurs, ce soin calme les sensations d\u2019inconforts associ\u00e9es aux peaux sensibles et aide \u00e0 offrir un teint plus lumineux et plus uniforme. Il s\u2019utilise au quotidien pour pr\u00e9parer la peau \u00e0 recevoir les soins appropri\u00e9s et offrir une sensation de fra\u00eecheur imm\u00e9diate \u00e0 tout moment de la journ\u00e9e.<\/p>\n","protected":false},"featured_media":14700,"comment_status":"closed","ping_status":"closed","template":"","meta":[],"product_brand":[],"product_cat":[116,134,139,132,133,140,121],"product_tag":[],"class_list":{"0":"post-13746","1":"product","2":"type-product","3":"status-publish","4":"has-post-thumbnail","6":"product_cat-collection-biologique","7":"product_cat-peau-deshydratee","8":"product_cat-peau-mature-lache","9":"product_cat-peau-normale-sensible-rosacee","10":"product_cat-peau-seche","11":"product_cat-pigmentation-fr","12":"product_cat-toniques","14":"first","15":"instock","16":"sold-individually","17":"taxable","18":"shipping-taxable","19":"product-type-simple"},"yoast_head":"<!-- This site is optimized with the Yoast SEO plugin v27.4 - https:\/\/yoast.com\/product\/yoast-seo-wordpress\/ -->\n<title>Tonique pH Biologique - Europelab<\/title>\n<meta name=\"description\" content=\"Lotion tonique sans alcool id\u00e9ale pour tous les types de peau m\u00eame les plus sensibles. Sa formule enrichie en ingr\u00e9dients hydratants et antioxydants aide \u00e0 r\u00e9tablir le pH physiologique de la peau tout en douceur et sans jamais l\u2019ass\u00e9cher. Il laisse ainsi un agr\u00e9able film protecteur, doux et soyeux \u00e0 la surface de la peau. Gr\u00e2ce \u00e0 ses extraits apaisants et illuminateurs, ce soin calme les sensations d\u2019inconforts associ\u00e9es aux peaux sensibles et aide \u00e0 offrir un teint plus lumineux et plus uniforme. Il s\u2019utilise au quotidien pour pr\u00e9parer la peau \u00e0 recevoir les soins appropri\u00e9s et offrir une sensation de fra\u00eecheur imm\u00e9diate \u00e0 tout moment de la journ\u00e9e.\" \/>\n<meta name=\"robots\" content=\"index, follow, max-snippet:-1, max-image-preview:large, max-video-preview:-1\" \/>\n<link rel=\"canonical\" href=\"https:\/\/europelab.ca\/fr\/produit\/tonique-ph-biologique\/\" \/>\n<meta property=\"og:locale\" content=\"fr_FR\" \/>\n<meta property=\"og:type\" content=\"article\" \/>\n<meta property=\"og:title\" content=\"Tonique pH Biologique - Europelab\" \/>\n<meta property=\"og:description\" content=\"Lotion tonique sans alcool id\u00e9ale pour tous les types de peau m\u00eame les plus sensibles. Sa formule enrichie en ingr\u00e9dients hydratants et antioxydants aide \u00e0 r\u00e9tablir le pH physiologique de la peau tout en douceur et sans jamais l\u2019ass\u00e9cher. Il laisse ainsi un agr\u00e9able film protecteur, doux et soyeux \u00e0 la surface de la peau. Gr\u00e2ce \u00e0 ses extraits apaisants et illuminateurs, ce soin calme les sensations d\u2019inconforts associ\u00e9es aux peaux sensibles et aide \u00e0 offrir un teint plus lumineux et plus uniforme. Il s\u2019utilise au quotidien pour pr\u00e9parer la peau \u00e0 recevoir les soins appropri\u00e9s et offrir une sensation de fra\u00eecheur imm\u00e9diate \u00e0 tout moment de la journ\u00e9e.\" \/>\n<meta property=\"og:url\" content=\"https:\/\/europelab.ca\/fr\/produit\/tonique-ph-biologique\/\" \/>\n<meta property=\"og:site_name\" content=\"Europelab\" \/>\n<meta property=\"article:modified_time\" content=\"2021-11-10T21:17:30+00:00\" \/>\n<meta property=\"og:image\" content=\"https:\/\/europelab.ca\/wp-content\/uploads\/2021\/03\/Organic-pH-Toner.jpg\" \/>\n\t<meta property=\"og:image:width\" content=\"1200\" \/>\n\t<meta property=\"og:image:height\" content=\"1200\" \/>\n\t<meta property=\"og:image:type\" content=\"image\/jpeg\" \/>\n<meta name=\"twitter:card\" content=\"summary_large_image\" \/>\n<script type=\"application\/ld+json\" class=\"yoast-schema-graph\">{\"@context\":\"https:\\\/\\\/schema.org\",\"@graph\":[{\"@type\":\"WebPage\",\"@id\":\"https:\\\/\\\/europelab.ca\\\/fr\\\/produit\\\/tonique-ph-biologique\\\/\",\"url\":\"https:\\\/\\\/europelab.ca\\\/fr\\\/produit\\\/tonique-ph-biologique\\\/\",\"name\":\"Tonique pH Biologique - Europelab\",\"isPartOf\":{\"@id\":\"https:\\\/\\\/europelab.ca\\\/fr\\\/#website\"},\"primaryImageOfPage\":{\"@id\":\"https:\\\/\\\/europelab.ca\\\/fr\\\/produit\\\/tonique-ph-biologique\\\/#primaryimage\"},\"image\":{\"@id\":\"https:\\\/\\\/europelab.ca\\\/fr\\\/produit\\\/tonique-ph-biologique\\\/#primaryimage\"},\"thumbnailUrl\":\"https:\\\/\\\/europelab.ca\\\/wp-content\\\/uploads\\\/2023\\\/11\\\/Organic-pH-Toner.jpg\",\"datePublished\":\"2021-03-08T16:49:37+00:00\",\"dateModified\":\"2021-11-10T21:17:30+00:00\",\"description\":\"Lotion tonique sans alcool id\u00e9ale pour tous les types de peau m\u00eame les plus sensibles. Sa formule enrichie en ingr\u00e9dients hydratants et antioxydants aide \u00e0 r\u00e9tablir le pH physiologique de la peau tout en douceur et sans jamais l\u2019ass\u00e9cher. Il laisse ainsi un agr\u00e9able film protecteur, doux et soyeux \u00e0 la surface de la peau. Gr\u00e2ce \u00e0 ses extraits apaisants et illuminateurs, ce soin calme les sensations d\u2019inconforts associ\u00e9es aux peaux sensibles et aide \u00e0 offrir un teint plus lumineux et plus uniforme. Il s\u2019utilise au quotidien pour pr\u00e9parer la peau \u00e0 recevoir les soins appropri\u00e9s et offrir une sensation de fra\u00eecheur imm\u00e9diate \u00e0 tout moment de la journ\u00e9e.\",\"breadcrumb\":{\"@id\":\"https:\\\/\\\/europelab.ca\\\/fr\\\/produit\\\/tonique-ph-biologique\\\/#breadcrumb\"},\"inLanguage\":\"fr-FR\",\"potentialAction\":[{\"@type\":\"ReadAction\",\"target\":[\"https:\\\/\\\/europelab.ca\\\/fr\\\/produit\\\/tonique-ph-biologique\\\/\"]}]},{\"@type\":\"ImageObject\",\"inLanguage\":\"fr-FR\",\"@id\":\"https:\\\/\\\/europelab.ca\\\/fr\\\/produit\\\/tonique-ph-biologique\\\/#primaryimage\",\"url\":\"https:\\\/\\\/europelab.ca\\\/wp-content\\\/uploads\\\/2023\\\/11\\\/Organic-pH-Toner.jpg\",\"contentUrl\":\"https:\\\/\\\/europelab.ca\\\/wp-content\\\/uploads\\\/2023\\\/11\\\/Organic-pH-Toner.jpg\",\"width\":1200,\"height\":1200,\"caption\":\"Tonique pH Biologique\"},{\"@type\":\"BreadcrumbList\",\"@id\":\"https:\\\/\\\/europelab.ca\\\/fr\\\/produit\\\/tonique-ph-biologique\\\/#breadcrumb\",\"itemListElement\":[{\"@type\":\"ListItem\",\"position\":1,\"name\":\"Accueil\",\"item\":\"https:\\\/\\\/europelab.ca\\\/fr\\\/\"},{\"@type\":\"ListItem\",\"position\":2,\"name\":\"Produits\",\"item\":\"https:\\\/\\\/europelab.ca\\\/fr\\\/shop\\\/\"},{\"@type\":\"ListItem\",\"position\":3,\"name\":\"Tonique pH Biologique\"}]},{\"@type\":\"WebSite\",\"@id\":\"https:\\\/\\\/europelab.ca\\\/fr\\\/#website\",\"url\":\"https:\\\/\\\/europelab.ca\\\/fr\\\/\",\"name\":\"Europelab\",\"description\":\"Private Label, Made Simple.\",\"potentialAction\":[{\"@type\":\"SearchAction\",\"target\":{\"@type\":\"EntryPoint\",\"urlTemplate\":\"https:\\\/\\\/europelab.ca\\\/fr\\\/?s={search_term_string}\"},\"query-input\":{\"@type\":\"PropertyValueSpecification\",\"valueRequired\":true,\"valueName\":\"search_term_string\"}}],\"inLanguage\":\"fr-FR\"}]}<\/script>\n<!-- \/ Yoast SEO plugin. -->","yoast_head_json":{"title":"Tonique pH Biologique - Europelab","description":"Lotion tonique sans alcool id\u00e9ale pour tous les types de peau m\u00eame les plus sensibles. Sa formule enrichie en ingr\u00e9dients hydratants et antioxydants aide \u00e0 r\u00e9tablir le pH physiologique de la peau tout en douceur et sans jamais l\u2019ass\u00e9cher. Il laisse ainsi un agr\u00e9able film protecteur, doux et soyeux \u00e0 la surface de la peau. Gr\u00e2ce \u00e0 ses extraits apaisants et illuminateurs, ce soin calme les sensations d\u2019inconforts associ\u00e9es aux peaux sensibles et aide \u00e0 offrir un teint plus lumineux et plus uniforme. Il s\u2019utilise au quotidien pour pr\u00e9parer la peau \u00e0 recevoir les soins appropri\u00e9s et offrir une sensation de fra\u00eecheur imm\u00e9diate \u00e0 tout moment de la journ\u00e9e.","robots":{"index":"index","follow":"follow","max-snippet":"max-snippet:-1","max-image-preview":"max-image-preview:large","max-video-preview":"max-video-preview:-1"},"canonical":"https:\/\/europelab.ca\/fr\/produit\/tonique-ph-biologique\/","og_locale":"fr_FR","og_type":"article","og_title":"Tonique pH Biologique - Europelab","og_description":"Lotion tonique sans alcool id\u00e9ale pour tous les types de peau m\u00eame les plus sensibles. Sa formule enrichie en ingr\u00e9dients hydratants et antioxydants aide \u00e0 r\u00e9tablir le pH physiologique de la peau tout en douceur et sans jamais l\u2019ass\u00e9cher. Il laisse ainsi un agr\u00e9able film protecteur, doux et soyeux \u00e0 la surface de la peau. Gr\u00e2ce \u00e0 ses extraits apaisants et illuminateurs, ce soin calme les sensations d\u2019inconforts associ\u00e9es aux peaux sensibles et aide \u00e0 offrir un teint plus lumineux et plus uniforme. Il s\u2019utilise au quotidien pour pr\u00e9parer la peau \u00e0 recevoir les soins appropri\u00e9s et offrir une sensation de fra\u00eecheur imm\u00e9diate \u00e0 tout moment de la journ\u00e9e.","og_url":"https:\/\/europelab.ca\/fr\/produit\/tonique-ph-biologique\/","og_site_name":"Europelab","article_modified_time":"2021-11-10T21:17:30+00:00","og_image":[{"width":1200,"height":1200,"url":"https:\/\/europelab.ca\/wp-content\/uploads\/2021\/03\/Organic-pH-Toner.jpg","type":"image\/jpeg"}],"twitter_card":"summary_large_image","schema":{"@context":"https:\/\/schema.org","@graph":[{"@type":"WebPage","@id":"https:\/\/europelab.ca\/fr\/produit\/tonique-ph-biologique\/","url":"https:\/\/europelab.ca\/fr\/produit\/tonique-ph-biologique\/","name":"Tonique pH Biologique - Europelab","isPartOf":{"@id":"https:\/\/europelab.ca\/fr\/#website"},"primaryImageOfPage":{"@id":"https:\/\/europelab.ca\/fr\/produit\/tonique-ph-biologique\/#primaryimage"},"image":{"@id":"https:\/\/europelab.ca\/fr\/produit\/tonique-ph-biologique\/#primaryimage"},"thumbnailUrl":"https:\/\/europelab.ca\/wp-content\/uploads\/2023\/11\/Organic-pH-Toner.jpg","datePublished":"2021-03-08T16:49:37+00:00","dateModified":"2021-11-10T21:17:30+00:00","description":"Lotion tonique sans alcool id\u00e9ale pour tous les types de peau m\u00eame les plus sensibles. Sa formule enrichie en ingr\u00e9dients hydratants et antioxydants aide \u00e0 r\u00e9tablir le pH physiologique de la peau tout en douceur et sans jamais l\u2019ass\u00e9cher. Il laisse ainsi un agr\u00e9able film protecteur, doux et soyeux \u00e0 la surface de la peau. Gr\u00e2ce \u00e0 ses extraits apaisants et illuminateurs, ce soin calme les sensations d\u2019inconforts associ\u00e9es aux peaux sensibles et aide \u00e0 offrir un teint plus lumineux et plus uniforme. Il s\u2019utilise au quotidien pour pr\u00e9parer la peau \u00e0 recevoir les soins appropri\u00e9s et offrir une sensation de fra\u00eecheur imm\u00e9diate \u00e0 tout moment de la journ\u00e9e.","breadcrumb":{"@id":"https:\/\/europelab.ca\/fr\/produit\/tonique-ph-biologique\/#breadcrumb"},"inLanguage":"fr-FR","potentialAction":[{"@type":"ReadAction","target":["https:\/\/europelab.ca\/fr\/produit\/tonique-ph-biologique\/"]}]},{"@type":"ImageObject","inLanguage":"fr-FR","@id":"https:\/\/europelab.ca\/fr\/produit\/tonique-ph-biologique\/#primaryimage","url":"https:\/\/europelab.ca\/wp-content\/uploads\/2023\/11\/Organic-pH-Toner.jpg","contentUrl":"https:\/\/europelab.ca\/wp-content\/uploads\/2023\/11\/Organic-pH-Toner.jpg","width":1200,"height":1200,"caption":"Tonique pH Biologique"},{"@type":"BreadcrumbList","@id":"https:\/\/europelab.ca\/fr\/produit\/tonique-ph-biologique\/#breadcrumb","itemListElement":[{"@type":"ListItem","position":1,"name":"Accueil","item":"https:\/\/europelab.ca\/fr\/"},{"@type":"ListItem","position":2,"name":"Produits","item":"https:\/\/europelab.ca\/fr\/shop\/"},{"@type":"ListItem","position":3,"name":"Tonique pH Biologique"}]},{"@type":"WebSite","@id":"https:\/\/europelab.ca\/fr\/#website","url":"https:\/\/europelab.ca\/fr\/","name":"Europelab","description":"Private Label, Made Simple.","potentialAction":[{"@type":"SearchAction","target":{"@type":"EntryPoint","urlTemplate":"https:\/\/europelab.ca\/fr\/?s={search_term_string}"},"query-input":{"@type":"PropertyValueSpecification","valueRequired":true,"valueName":"search_term_string"}}],"inLanguage":"fr-FR"}]}},"_links":{"self":[{"href":"https:\/\/europelab.ca\/fr\/wp-json\/wp\/v2\/product\/13746","targetHints":{"allow":["GET"]}}],"collection":[{"href":"https:\/\/europelab.ca\/fr\/wp-json\/wp\/v2\/product"}],"about":[{"href":"https:\/\/europelab.ca\/fr\/wp-json\/wp\/v2\/types\/product"}],"replies":[{"embeddable":true,"href":"https:\/\/europelab.ca\/fr\/wp-json\/wp\/v2\/comments?post=13746"}],"wp:featuredmedia":[{"embeddable":true,"href":"https:\/\/europelab.ca\/fr\/wp-json\/wp\/v2\/media\/14700"}],"wp:attachment":[{"href":"https:\/\/europelab.ca\/fr\/wp-json\/wp\/v2\/media?parent=13746"}],"wp:term":[{"taxonomy":"product_brand","embeddable":true,"href":"https:\/\/europelab.ca\/fr\/wp-json\/wp\/v2\/product_brand?post=13746"},{"taxonomy":"product_cat","embeddable":true,"href":"https:\/\/europelab.ca\/fr\/wp-json\/wp\/v2\/product_cat?post=13746"},{"taxonomy":"product_tag","embeddable":true,"href":"https:\/\/europelab.ca\/fr\/wp-json\/wp\/v2\/product_tag?post=13746"}],"curies":[{"name":"wp","href":"https:\/\/api.w.org\/{rel}","templated":true}]}}