{"id":13744,"date":"2021-09-07T20:12:24","date_gmt":"2021-09-07T20:12:24","guid":{"rendered":"https:\/\/elabpl.wpengine.com\/product\/organic-hydrating-cream\/"},"modified":"2021-11-10T21:29:41","modified_gmt":"2021-11-10T21:29:41","slug":"creme-hydratante-biologique","status":"publish","type":"product","link":"https:\/\/europelab.ca\/fr\/produit\/creme-hydratante-biologique\/","title":{"rendered":"Cr\u00e8me Hydratante Biologique"},"content":{"rendered":"<p>Pour un usage quotidien le matin et\/ou le soir. Appliquer sur le visage et le d\u00e9collet\u00e9 pr\u00e9alablement nettoy\u00e9s. Pour un usage externe seulement. \u00c9viter tout contact avec les yeux.<\/p>\n","protected":false},"excerpt":{"rendered":"<p>Cr\u00e8me hydratante id\u00e9ale pour pr\u00e9server la souplesse et l\u2019hydratation de la peau du visage, du cou et du d\u00e9collet\u00e9. Sa formule l\u00e9g\u00e8re est enrichie en ingr\u00e9dients hydratants et \u00e9mollients pour aider \u00e0 r\u00e9g\u00e9n\u00e9rer la barri\u00e8re d\u2019hydratation cutan\u00e9e et \u00e0 prot\u00e9ger la peau du dess\u00e8chement. La peau est imm\u00e9diatement plus souple et plus douce au toucher. Sa richesse en vitamines antioxydantes et en pr\u00e9biotiques offre \u00e0 la peau une protection quotidienne contre les agressions ext\u00e9rieures et aide \u00e0 pr\u00e9venir l\u2019apparition des signes du vieillissement.<\/p>\n","protected":false},"featured_media":14719,"comment_status":"closed","ping_status":"closed","template":"","meta":[],"product_brand":[],"product_cat":[116,120,134],"product_tag":[],"class_list":{"0":"post-13744","1":"product","2":"type-product","3":"status-publish","4":"has-post-thumbnail","6":"product_cat-collection-biologique","7":"product_cat-nettoyants","8":"product_cat-peau-deshydratee","10":"first","11":"instock","12":"sold-individually","13":"taxable","14":"shipping-taxable","15":"product-type-simple"},"yoast_head":"<!-- This site is optimized with the Yoast SEO plugin v27.5 - https:\/\/yoast.com\/product\/yoast-seo-wordpress\/ -->\n<title>Cr\u00e8me Hydratante Biologique - Europelab<\/title>\n<meta name=\"description\" content=\"Cr\u00e8me hydratante id\u00e9ale pour pr\u00e9server la souplesse et l\u2019hydratation de la peau du visage, du cou et du d\u00e9collet\u00e9. Sa formule l\u00e9g\u00e8re est enrichie en ingr\u00e9dients hydratants et \u00e9mollients pour aider \u00e0 r\u00e9g\u00e9n\u00e9rer la barri\u00e8re d\u2019hydratation cutan\u00e9e et \u00e0 prot\u00e9ger la peau du dess\u00e8chement. La peau est imm\u00e9diatement plus souple et plus douce au toucher. Sa richesse en vitamines antioxydantes et en pr\u00e9biotiques offre \u00e0 la peau une protection quotidienne contre les agressions ext\u00e9rieures et aide \u00e0 pr\u00e9venir l\u2019apparition des signes du vieillissement.\" \/>\n<meta name=\"robots\" content=\"index, follow, max-snippet:-1, max-image-preview:large, max-video-preview:-1\" \/>\n<link rel=\"canonical\" href=\"https:\/\/europelab.ca\/fr\/produit\/creme-hydratante-biologique\/\" \/>\n<meta property=\"og:locale\" content=\"fr_FR\" \/>\n<meta property=\"og:type\" content=\"article\" \/>\n<meta property=\"og:title\" content=\"Cr\u00e8me Hydratante Biologique - Europelab\" \/>\n<meta property=\"og:description\" content=\"Cr\u00e8me hydratante id\u00e9ale pour pr\u00e9server la souplesse et l\u2019hydratation de la peau du visage, du cou et du d\u00e9collet\u00e9. Sa formule l\u00e9g\u00e8re est enrichie en ingr\u00e9dients hydratants et \u00e9mollients pour aider \u00e0 r\u00e9g\u00e9n\u00e9rer la barri\u00e8re d\u2019hydratation cutan\u00e9e et \u00e0 prot\u00e9ger la peau du dess\u00e8chement. La peau est imm\u00e9diatement plus souple et plus douce au toucher. Sa richesse en vitamines antioxydantes et en pr\u00e9biotiques offre \u00e0 la peau une protection quotidienne contre les agressions ext\u00e9rieures et aide \u00e0 pr\u00e9venir l\u2019apparition des signes du vieillissement.\" \/>\n<meta property=\"og:url\" content=\"https:\/\/europelab.ca\/fr\/produit\/creme-hydratante-biologique\/\" \/>\n<meta property=\"og:site_name\" content=\"Europelab\" \/>\n<meta property=\"article:modified_time\" content=\"2021-11-10T21:29:41+00:00\" \/>\n<meta property=\"og:image\" content=\"https:\/\/europelab.ca\/wp-content\/uploads\/2021\/09\/Organic-Hydrating-Cream.jpg\" \/>\n\t<meta property=\"og:image:width\" content=\"1200\" \/>\n\t<meta property=\"og:image:height\" content=\"1200\" \/>\n\t<meta property=\"og:image:type\" content=\"image\/jpeg\" \/>\n<meta name=\"twitter:card\" content=\"summary_large_image\" \/>\n<script type=\"application\/ld+json\" class=\"yoast-schema-graph\">{\"@context\":\"https:\\\/\\\/schema.org\",\"@graph\":[{\"@type\":\"WebPage\",\"@id\":\"https:\\\/\\\/europelab.ca\\\/fr\\\/produit\\\/creme-hydratante-biologique\\\/\",\"url\":\"https:\\\/\\\/europelab.ca\\\/fr\\\/produit\\\/creme-hydratante-biologique\\\/\",\"name\":\"Cr\u00e8me Hydratante Biologique - Europelab\",\"isPartOf\":{\"@id\":\"https:\\\/\\\/europelab.ca\\\/fr\\\/#website\"},\"primaryImageOfPage\":{\"@id\":\"https:\\\/\\\/europelab.ca\\\/fr\\\/produit\\\/creme-hydratante-biologique\\\/#primaryimage\"},\"image\":{\"@id\":\"https:\\\/\\\/europelab.ca\\\/fr\\\/produit\\\/creme-hydratante-biologique\\\/#primaryimage\"},\"thumbnailUrl\":\"https:\\\/\\\/europelab.ca\\\/wp-content\\\/uploads\\\/2023\\\/11\\\/Organic_Hydrating-Cream.jpg\",\"datePublished\":\"2021-09-07T20:12:24+00:00\",\"dateModified\":\"2021-11-10T21:29:41+00:00\",\"description\":\"Cr\u00e8me hydratante id\u00e9ale pour pr\u00e9server la souplesse et l\u2019hydratation de la peau du visage, du cou et du d\u00e9collet\u00e9. Sa formule l\u00e9g\u00e8re est enrichie en ingr\u00e9dients hydratants et \u00e9mollients pour aider \u00e0 r\u00e9g\u00e9n\u00e9rer la barri\u00e8re d\u2019hydratation cutan\u00e9e et \u00e0 prot\u00e9ger la peau du dess\u00e8chement. La peau est imm\u00e9diatement plus souple et plus douce au toucher. Sa richesse en vitamines antioxydantes et en pr\u00e9biotiques offre \u00e0 la peau une protection quotidienne contre les agressions ext\u00e9rieures et aide \u00e0 pr\u00e9venir l\u2019apparition des signes du vieillissement.\",\"breadcrumb\":{\"@id\":\"https:\\\/\\\/europelab.ca\\\/fr\\\/produit\\\/creme-hydratante-biologique\\\/#breadcrumb\"},\"inLanguage\":\"fr-FR\",\"potentialAction\":[{\"@type\":\"ReadAction\",\"target\":[\"https:\\\/\\\/europelab.ca\\\/fr\\\/produit\\\/creme-hydratante-biologique\\\/\"]}]},{\"@type\":\"ImageObject\",\"inLanguage\":\"fr-FR\",\"@id\":\"https:\\\/\\\/europelab.ca\\\/fr\\\/produit\\\/creme-hydratante-biologique\\\/#primaryimage\",\"url\":\"https:\\\/\\\/europelab.ca\\\/wp-content\\\/uploads\\\/2023\\\/11\\\/Organic_Hydrating-Cream.jpg\",\"contentUrl\":\"https:\\\/\\\/europelab.ca\\\/wp-content\\\/uploads\\\/2023\\\/11\\\/Organic_Hydrating-Cream.jpg\",\"width\":1200,\"height\":1200,\"caption\":\"Cr\u00e8me Hydratante Biologique\"},{\"@type\":\"BreadcrumbList\",\"@id\":\"https:\\\/\\\/europelab.ca\\\/fr\\\/produit\\\/creme-hydratante-biologique\\\/#breadcrumb\",\"itemListElement\":[{\"@type\":\"ListItem\",\"position\":1,\"name\":\"Accueil\",\"item\":\"https:\\\/\\\/europelab.ca\\\/fr\\\/\"},{\"@type\":\"ListItem\",\"position\":2,\"name\":\"Produits\",\"item\":\"https:\\\/\\\/europelab.ca\\\/fr\\\/shop\\\/\"},{\"@type\":\"ListItem\",\"position\":3,\"name\":\"Cr\u00e8me Hydratante Biologique\"}]},{\"@type\":\"WebSite\",\"@id\":\"https:\\\/\\\/europelab.ca\\\/fr\\\/#website\",\"url\":\"https:\\\/\\\/europelab.ca\\\/fr\\\/\",\"name\":\"Europelab\",\"description\":\"Private Label, Made Simple.\",\"potentialAction\":[{\"@type\":\"SearchAction\",\"target\":{\"@type\":\"EntryPoint\",\"urlTemplate\":\"https:\\\/\\\/europelab.ca\\\/fr\\\/?s={search_term_string}\"},\"query-input\":{\"@type\":\"PropertyValueSpecification\",\"valueRequired\":true,\"valueName\":\"search_term_string\"}}],\"inLanguage\":\"fr-FR\"}]}<\/script>\n<!-- \/ Yoast SEO plugin. -->","yoast_head_json":{"title":"Cr\u00e8me Hydratante Biologique - Europelab","description":"Cr\u00e8me hydratante id\u00e9ale pour pr\u00e9server la souplesse et l\u2019hydratation de la peau du visage, du cou et du d\u00e9collet\u00e9. Sa formule l\u00e9g\u00e8re est enrichie en ingr\u00e9dients hydratants et \u00e9mollients pour aider \u00e0 r\u00e9g\u00e9n\u00e9rer la barri\u00e8re d\u2019hydratation cutan\u00e9e et \u00e0 prot\u00e9ger la peau du dess\u00e8chement. La peau est imm\u00e9diatement plus souple et plus douce au toucher. Sa richesse en vitamines antioxydantes et en pr\u00e9biotiques offre \u00e0 la peau une protection quotidienne contre les agressions ext\u00e9rieures et aide \u00e0 pr\u00e9venir l\u2019apparition des signes du vieillissement.","robots":{"index":"index","follow":"follow","max-snippet":"max-snippet:-1","max-image-preview":"max-image-preview:large","max-video-preview":"max-video-preview:-1"},"canonical":"https:\/\/europelab.ca\/fr\/produit\/creme-hydratante-biologique\/","og_locale":"fr_FR","og_type":"article","og_title":"Cr\u00e8me Hydratante Biologique - Europelab","og_description":"Cr\u00e8me hydratante id\u00e9ale pour pr\u00e9server la souplesse et l\u2019hydratation de la peau du visage, du cou et du d\u00e9collet\u00e9. Sa formule l\u00e9g\u00e8re est enrichie en ingr\u00e9dients hydratants et \u00e9mollients pour aider \u00e0 r\u00e9g\u00e9n\u00e9rer la barri\u00e8re d\u2019hydratation cutan\u00e9e et \u00e0 prot\u00e9ger la peau du dess\u00e8chement. La peau est imm\u00e9diatement plus souple et plus douce au toucher. Sa richesse en vitamines antioxydantes et en pr\u00e9biotiques offre \u00e0 la peau une protection quotidienne contre les agressions ext\u00e9rieures et aide \u00e0 pr\u00e9venir l\u2019apparition des signes du vieillissement.","og_url":"https:\/\/europelab.ca\/fr\/produit\/creme-hydratante-biologique\/","og_site_name":"Europelab","article_modified_time":"2021-11-10T21:29:41+00:00","og_image":[{"width":1200,"height":1200,"url":"https:\/\/europelab.ca\/wp-content\/uploads\/2021\/09\/Organic-Hydrating-Cream.jpg","type":"image\/jpeg"}],"twitter_card":"summary_large_image","schema":{"@context":"https:\/\/schema.org","@graph":[{"@type":"WebPage","@id":"https:\/\/europelab.ca\/fr\/produit\/creme-hydratante-biologique\/","url":"https:\/\/europelab.ca\/fr\/produit\/creme-hydratante-biologique\/","name":"Cr\u00e8me Hydratante Biologique - Europelab","isPartOf":{"@id":"https:\/\/europelab.ca\/fr\/#website"},"primaryImageOfPage":{"@id":"https:\/\/europelab.ca\/fr\/produit\/creme-hydratante-biologique\/#primaryimage"},"image":{"@id":"https:\/\/europelab.ca\/fr\/produit\/creme-hydratante-biologique\/#primaryimage"},"thumbnailUrl":"https:\/\/europelab.ca\/wp-content\/uploads\/2023\/11\/Organic_Hydrating-Cream.jpg","datePublished":"2021-09-07T20:12:24+00:00","dateModified":"2021-11-10T21:29:41+00:00","description":"Cr\u00e8me hydratante id\u00e9ale pour pr\u00e9server la souplesse et l\u2019hydratation de la peau du visage, du cou et du d\u00e9collet\u00e9. Sa formule l\u00e9g\u00e8re est enrichie en ingr\u00e9dients hydratants et \u00e9mollients pour aider \u00e0 r\u00e9g\u00e9n\u00e9rer la barri\u00e8re d\u2019hydratation cutan\u00e9e et \u00e0 prot\u00e9ger la peau du dess\u00e8chement. La peau est imm\u00e9diatement plus souple et plus douce au toucher. Sa richesse en vitamines antioxydantes et en pr\u00e9biotiques offre \u00e0 la peau une protection quotidienne contre les agressions ext\u00e9rieures et aide \u00e0 pr\u00e9venir l\u2019apparition des signes du vieillissement.","breadcrumb":{"@id":"https:\/\/europelab.ca\/fr\/produit\/creme-hydratante-biologique\/#breadcrumb"},"inLanguage":"fr-FR","potentialAction":[{"@type":"ReadAction","target":["https:\/\/europelab.ca\/fr\/produit\/creme-hydratante-biologique\/"]}]},{"@type":"ImageObject","inLanguage":"fr-FR","@id":"https:\/\/europelab.ca\/fr\/produit\/creme-hydratante-biologique\/#primaryimage","url":"https:\/\/europelab.ca\/wp-content\/uploads\/2023\/11\/Organic_Hydrating-Cream.jpg","contentUrl":"https:\/\/europelab.ca\/wp-content\/uploads\/2023\/11\/Organic_Hydrating-Cream.jpg","width":1200,"height":1200,"caption":"Cr\u00e8me Hydratante Biologique"},{"@type":"BreadcrumbList","@id":"https:\/\/europelab.ca\/fr\/produit\/creme-hydratante-biologique\/#breadcrumb","itemListElement":[{"@type":"ListItem","position":1,"name":"Accueil","item":"https:\/\/europelab.ca\/fr\/"},{"@type":"ListItem","position":2,"name":"Produits","item":"https:\/\/europelab.ca\/fr\/shop\/"},{"@type":"ListItem","position":3,"name":"Cr\u00e8me Hydratante Biologique"}]},{"@type":"WebSite","@id":"https:\/\/europelab.ca\/fr\/#website","url":"https:\/\/europelab.ca\/fr\/","name":"Europelab","description":"Private Label, Made Simple.","potentialAction":[{"@type":"SearchAction","target":{"@type":"EntryPoint","urlTemplate":"https:\/\/europelab.ca\/fr\/?s={search_term_string}"},"query-input":{"@type":"PropertyValueSpecification","valueRequired":true,"valueName":"search_term_string"}}],"inLanguage":"fr-FR"}]}},"_links":{"self":[{"href":"https:\/\/europelab.ca\/fr\/wp-json\/wp\/v2\/product\/13744","targetHints":{"allow":["GET"]}}],"collection":[{"href":"https:\/\/europelab.ca\/fr\/wp-json\/wp\/v2\/product"}],"about":[{"href":"https:\/\/europelab.ca\/fr\/wp-json\/wp\/v2\/types\/product"}],"replies":[{"embeddable":true,"href":"https:\/\/europelab.ca\/fr\/wp-json\/wp\/v2\/comments?post=13744"}],"wp:featuredmedia":[{"embeddable":true,"href":"https:\/\/europelab.ca\/fr\/wp-json\/wp\/v2\/media\/14719"}],"wp:attachment":[{"href":"https:\/\/europelab.ca\/fr\/wp-json\/wp\/v2\/media?parent=13744"}],"wp:term":[{"taxonomy":"product_brand","embeddable":true,"href":"https:\/\/europelab.ca\/fr\/wp-json\/wp\/v2\/product_brand?post=13744"},{"taxonomy":"product_cat","embeddable":true,"href":"https:\/\/europelab.ca\/fr\/wp-json\/wp\/v2\/product_cat?post=13744"},{"taxonomy":"product_tag","embeddable":true,"href":"https:\/\/europelab.ca\/fr\/wp-json\/wp\/v2\/product_tag?post=13744"}],"curies":[{"name":"wp","href":"https:\/\/api.w.org\/{rel}","templated":true}]}}