{"id":13743,"date":"2021-03-08T18:36:50","date_gmt":"2021-03-08T18:36:50","guid":{"rendered":"https:\/\/elabpl.wpengine.com\/product\/organic-foaming-cleanser\/"},"modified":"2021-11-11T17:03:25","modified_gmt":"2021-11-11T17:03:25","slug":"nettoyant-moussant-biologique","status":"publish","type":"product","link":"https:\/\/europelab.ca\/fr\/produit\/nettoyant-moussant-biologique\/","title":{"rendered":"Nettoyant Moussant Biologique"},"content":{"rendered":"<p>Pour un usage quotidien, matin et\/ou soir. Vaporiser sur le visage et le cou humidifi\u00e9s ou appliquer le produit \u00e0 l\u2019aide d\u2019un coton. Rincer et continuer par l\u2019application du Tonique pour \u00e9quilibrer le pH de la peau.<\/p>\n","protected":false},"excerpt":{"rendered":"<p>Nettoyant moussant sans sulfate \u00e0 base de tensioactifs doux et gel d\u2019Aloe Vera hydratant et apaisante qui nettoie et \u00e9limine les impuret\u00e9s du visage et des paupi\u00e8res tout en douceur, sans jamais provoquer de dess\u00e8chement. Gr\u00e2ce \u00e0 ses extraits apaisants et illuminateurs, ce soin calme instantan\u00e9ment les sensations d\u2019inconforts associ\u00e9es et aide \u00e0 offrir un teint plus lumineux et plus uniforme. Il respecte le pH physiologique des peaux les plus sensibles pour apporter le plus grand des conforts \u00e0 chaque utilisation. Une fois rinc\u00e9, ce nettoyant laissera sur la peau un film protecteur l\u00e9ger et soyeux et un fini mat.<\/p>\n","protected":false},"featured_media":14731,"comment_status":"closed","ping_status":"closed","template":"","meta":[],"product_brand":[],"product_cat":[131,138,116,120,134,135,139,136,140],"product_tag":[],"class_list":{"0":"post-13743","1":"product","2":"type-product","3":"status-publish","4":"has-post-thumbnail","6":"product_cat-acne-rosacee","7":"product_cat-anti-age-rides","8":"product_cat-collection-biologique","9":"product_cat-nettoyants","10":"product_cat-peau-deshydratee","11":"product_cat-peau-grasse","12":"product_cat-peau-mature-lache","13":"product_cat-peau-mixte","14":"product_cat-pigmentation-fr","16":"first","17":"instock","18":"sold-individually","19":"taxable","20":"shipping-taxable","21":"product-type-simple"},"yoast_head":"<!-- This site is optimized with the Yoast SEO plugin v27.3 - https:\/\/yoast.com\/product\/yoast-seo-wordpress\/ -->\n<title>Nettoyant Moussant Biologique - Europelab<\/title>\n<meta name=\"description\" content=\"Nettoyant moussant sans sulfate \u00e0 base de tensioactifs doux et gel d\u2019Aloe Vera hydratant et apaisante qui nettoie et \u00e9limine les impuret\u00e9s du visage et des paupi\u00e8res tout en douceur, sans jamais provoquer de dess\u00e8chement. Gr\u00e2ce \u00e0 ses extraits apaisants et illuminateurs, ce soin calme instantan\u00e9ment les sensations d\u2019inconforts associ\u00e9es et aide \u00e0 offrir un teint plus lumineux et plus uniforme. Il respecte le pH physiologique des peaux les plus sensibles pour apporter le plus grand des conforts \u00e0 chaque utilisation. Une fois rinc\u00e9, ce nettoyant laissera sur la peau un film protecteur l\u00e9ger et soyeux et un fini mat.\" \/>\n<meta name=\"robots\" content=\"index, follow, max-snippet:-1, max-image-preview:large, max-video-preview:-1\" \/>\n<link rel=\"canonical\" href=\"https:\/\/europelab.ca\/fr\/produit\/nettoyant-moussant-biologique\/\" \/>\n<meta property=\"og:locale\" content=\"fr_FR\" \/>\n<meta property=\"og:type\" content=\"article\" \/>\n<meta property=\"og:title\" content=\"Nettoyant Moussant Biologique - Europelab\" \/>\n<meta property=\"og:description\" content=\"Nettoyant moussant sans sulfate \u00e0 base de tensioactifs doux et gel d\u2019Aloe Vera hydratant et apaisante qui nettoie et \u00e9limine les impuret\u00e9s du visage et des paupi\u00e8res tout en douceur, sans jamais provoquer de dess\u00e8chement. Gr\u00e2ce \u00e0 ses extraits apaisants et illuminateurs, ce soin calme instantan\u00e9ment les sensations d\u2019inconforts associ\u00e9es et aide \u00e0 offrir un teint plus lumineux et plus uniforme. Il respecte le pH physiologique des peaux les plus sensibles pour apporter le plus grand des conforts \u00e0 chaque utilisation. Une fois rinc\u00e9, ce nettoyant laissera sur la peau un film protecteur l\u00e9ger et soyeux et un fini mat.\" \/>\n<meta property=\"og:url\" content=\"https:\/\/europelab.ca\/fr\/produit\/nettoyant-moussant-biologique\/\" \/>\n<meta property=\"og:site_name\" content=\"Europelab\" \/>\n<meta property=\"article:modified_time\" content=\"2021-11-11T17:03:25+00:00\" \/>\n<meta property=\"og:image\" content=\"https:\/\/europelab.ca\/wp-content\/uploads\/2021\/03\/Organic-Foaming-Cleanser.jpg\" \/>\n\t<meta property=\"og:image:width\" content=\"1200\" \/>\n\t<meta property=\"og:image:height\" content=\"1200\" \/>\n\t<meta property=\"og:image:type\" content=\"image\/jpeg\" \/>\n<meta name=\"twitter:card\" content=\"summary_large_image\" \/>\n<script type=\"application\/ld+json\" class=\"yoast-schema-graph\">{\"@context\":\"https:\\\/\\\/schema.org\",\"@graph\":[{\"@type\":\"WebPage\",\"@id\":\"https:\\\/\\\/europelab.ca\\\/fr\\\/produit\\\/nettoyant-moussant-biologique\\\/\",\"url\":\"https:\\\/\\\/europelab.ca\\\/fr\\\/produit\\\/nettoyant-moussant-biologique\\\/\",\"name\":\"Nettoyant Moussant Biologique - Europelab\",\"isPartOf\":{\"@id\":\"https:\\\/\\\/europelab.ca\\\/fr\\\/#website\"},\"primaryImageOfPage\":{\"@id\":\"https:\\\/\\\/europelab.ca\\\/fr\\\/produit\\\/nettoyant-moussant-biologique\\\/#primaryimage\"},\"image\":{\"@id\":\"https:\\\/\\\/europelab.ca\\\/fr\\\/produit\\\/nettoyant-moussant-biologique\\\/#primaryimage\"},\"thumbnailUrl\":\"https:\\\/\\\/europelab.ca\\\/wp-content\\\/uploads\\\/2023\\\/11\\\/Organic-Foaming-Cleanser.jpg\",\"datePublished\":\"2021-03-08T18:36:50+00:00\",\"dateModified\":\"2021-11-11T17:03:25+00:00\",\"description\":\"Nettoyant moussant sans sulfate \u00e0 base de tensioactifs doux et gel d\u2019Aloe Vera hydratant et apaisante qui nettoie et \u00e9limine les impuret\u00e9s du visage et des paupi\u00e8res tout en douceur, sans jamais provoquer de dess\u00e8chement. Gr\u00e2ce \u00e0 ses extraits apaisants et illuminateurs, ce soin calme instantan\u00e9ment les sensations d\u2019inconforts associ\u00e9es et aide \u00e0 offrir un teint plus lumineux et plus uniforme. Il respecte le pH physiologique des peaux les plus sensibles pour apporter le plus grand des conforts \u00e0 chaque utilisation. Une fois rinc\u00e9, ce nettoyant laissera sur la peau un film protecteur l\u00e9ger et soyeux et un fini mat.\",\"breadcrumb\":{\"@id\":\"https:\\\/\\\/europelab.ca\\\/fr\\\/produit\\\/nettoyant-moussant-biologique\\\/#breadcrumb\"},\"inLanguage\":\"fr-FR\",\"potentialAction\":[{\"@type\":\"ReadAction\",\"target\":[\"https:\\\/\\\/europelab.ca\\\/fr\\\/produit\\\/nettoyant-moussant-biologique\\\/\"]}]},{\"@type\":\"ImageObject\",\"inLanguage\":\"fr-FR\",\"@id\":\"https:\\\/\\\/europelab.ca\\\/fr\\\/produit\\\/nettoyant-moussant-biologique\\\/#primaryimage\",\"url\":\"https:\\\/\\\/europelab.ca\\\/wp-content\\\/uploads\\\/2023\\\/11\\\/Organic-Foaming-Cleanser.jpg\",\"contentUrl\":\"https:\\\/\\\/europelab.ca\\\/wp-content\\\/uploads\\\/2023\\\/11\\\/Organic-Foaming-Cleanser.jpg\",\"width\":1200,\"height\":1200,\"caption\":\"Nettoyant Moussant Biologique\"},{\"@type\":\"BreadcrumbList\",\"@id\":\"https:\\\/\\\/europelab.ca\\\/fr\\\/produit\\\/nettoyant-moussant-biologique\\\/#breadcrumb\",\"itemListElement\":[{\"@type\":\"ListItem\",\"position\":1,\"name\":\"Accueil\",\"item\":\"https:\\\/\\\/europelab.ca\\\/fr\\\/\"},{\"@type\":\"ListItem\",\"position\":2,\"name\":\"Produits\",\"item\":\"https:\\\/\\\/europelab.ca\\\/fr\\\/shop\\\/\"},{\"@type\":\"ListItem\",\"position\":3,\"name\":\"Nettoyant Moussant Biologique\"}]},{\"@type\":\"WebSite\",\"@id\":\"https:\\\/\\\/europelab.ca\\\/fr\\\/#website\",\"url\":\"https:\\\/\\\/europelab.ca\\\/fr\\\/\",\"name\":\"Europelab\",\"description\":\"Private Label, Made Simple.\",\"potentialAction\":[{\"@type\":\"SearchAction\",\"target\":{\"@type\":\"EntryPoint\",\"urlTemplate\":\"https:\\\/\\\/europelab.ca\\\/fr\\\/?s={search_term_string}\"},\"query-input\":{\"@type\":\"PropertyValueSpecification\",\"valueRequired\":true,\"valueName\":\"search_term_string\"}}],\"inLanguage\":\"fr-FR\"}]}<\/script>\n<!-- \/ Yoast SEO plugin. -->","yoast_head_json":{"title":"Nettoyant Moussant Biologique - Europelab","description":"Nettoyant moussant sans sulfate \u00e0 base de tensioactifs doux et gel d\u2019Aloe Vera hydratant et apaisante qui nettoie et \u00e9limine les impuret\u00e9s du visage et des paupi\u00e8res tout en douceur, sans jamais provoquer de dess\u00e8chement. Gr\u00e2ce \u00e0 ses extraits apaisants et illuminateurs, ce soin calme instantan\u00e9ment les sensations d\u2019inconforts associ\u00e9es et aide \u00e0 offrir un teint plus lumineux et plus uniforme. Il respecte le pH physiologique des peaux les plus sensibles pour apporter le plus grand des conforts \u00e0 chaque utilisation. Une fois rinc\u00e9, ce nettoyant laissera sur la peau un film protecteur l\u00e9ger et soyeux et un fini mat.","robots":{"index":"index","follow":"follow","max-snippet":"max-snippet:-1","max-image-preview":"max-image-preview:large","max-video-preview":"max-video-preview:-1"},"canonical":"https:\/\/europelab.ca\/fr\/produit\/nettoyant-moussant-biologique\/","og_locale":"fr_FR","og_type":"article","og_title":"Nettoyant Moussant Biologique - Europelab","og_description":"Nettoyant moussant sans sulfate \u00e0 base de tensioactifs doux et gel d\u2019Aloe Vera hydratant et apaisante qui nettoie et \u00e9limine les impuret\u00e9s du visage et des paupi\u00e8res tout en douceur, sans jamais provoquer de dess\u00e8chement. Gr\u00e2ce \u00e0 ses extraits apaisants et illuminateurs, ce soin calme instantan\u00e9ment les sensations d\u2019inconforts associ\u00e9es et aide \u00e0 offrir un teint plus lumineux et plus uniforme. Il respecte le pH physiologique des peaux les plus sensibles pour apporter le plus grand des conforts \u00e0 chaque utilisation. Une fois rinc\u00e9, ce nettoyant laissera sur la peau un film protecteur l\u00e9ger et soyeux et un fini mat.","og_url":"https:\/\/europelab.ca\/fr\/produit\/nettoyant-moussant-biologique\/","og_site_name":"Europelab","article_modified_time":"2021-11-11T17:03:25+00:00","og_image":[{"width":1200,"height":1200,"url":"https:\/\/europelab.ca\/wp-content\/uploads\/2021\/03\/Organic-Foaming-Cleanser.jpg","type":"image\/jpeg"}],"twitter_card":"summary_large_image","schema":{"@context":"https:\/\/schema.org","@graph":[{"@type":"WebPage","@id":"https:\/\/europelab.ca\/fr\/produit\/nettoyant-moussant-biologique\/","url":"https:\/\/europelab.ca\/fr\/produit\/nettoyant-moussant-biologique\/","name":"Nettoyant Moussant Biologique - Europelab","isPartOf":{"@id":"https:\/\/europelab.ca\/fr\/#website"},"primaryImageOfPage":{"@id":"https:\/\/europelab.ca\/fr\/produit\/nettoyant-moussant-biologique\/#primaryimage"},"image":{"@id":"https:\/\/europelab.ca\/fr\/produit\/nettoyant-moussant-biologique\/#primaryimage"},"thumbnailUrl":"https:\/\/europelab.ca\/wp-content\/uploads\/2023\/11\/Organic-Foaming-Cleanser.jpg","datePublished":"2021-03-08T18:36:50+00:00","dateModified":"2021-11-11T17:03:25+00:00","description":"Nettoyant moussant sans sulfate \u00e0 base de tensioactifs doux et gel d\u2019Aloe Vera hydratant et apaisante qui nettoie et \u00e9limine les impuret\u00e9s du visage et des paupi\u00e8res tout en douceur, sans jamais provoquer de dess\u00e8chement. Gr\u00e2ce \u00e0 ses extraits apaisants et illuminateurs, ce soin calme instantan\u00e9ment les sensations d\u2019inconforts associ\u00e9es et aide \u00e0 offrir un teint plus lumineux et plus uniforme. Il respecte le pH physiologique des peaux les plus sensibles pour apporter le plus grand des conforts \u00e0 chaque utilisation. Une fois rinc\u00e9, ce nettoyant laissera sur la peau un film protecteur l\u00e9ger et soyeux et un fini mat.","breadcrumb":{"@id":"https:\/\/europelab.ca\/fr\/produit\/nettoyant-moussant-biologique\/#breadcrumb"},"inLanguage":"fr-FR","potentialAction":[{"@type":"ReadAction","target":["https:\/\/europelab.ca\/fr\/produit\/nettoyant-moussant-biologique\/"]}]},{"@type":"ImageObject","inLanguage":"fr-FR","@id":"https:\/\/europelab.ca\/fr\/produit\/nettoyant-moussant-biologique\/#primaryimage","url":"https:\/\/europelab.ca\/wp-content\/uploads\/2023\/11\/Organic-Foaming-Cleanser.jpg","contentUrl":"https:\/\/europelab.ca\/wp-content\/uploads\/2023\/11\/Organic-Foaming-Cleanser.jpg","width":1200,"height":1200,"caption":"Nettoyant Moussant Biologique"},{"@type":"BreadcrumbList","@id":"https:\/\/europelab.ca\/fr\/produit\/nettoyant-moussant-biologique\/#breadcrumb","itemListElement":[{"@type":"ListItem","position":1,"name":"Accueil","item":"https:\/\/europelab.ca\/fr\/"},{"@type":"ListItem","position":2,"name":"Produits","item":"https:\/\/europelab.ca\/fr\/shop\/"},{"@type":"ListItem","position":3,"name":"Nettoyant Moussant Biologique"}]},{"@type":"WebSite","@id":"https:\/\/europelab.ca\/fr\/#website","url":"https:\/\/europelab.ca\/fr\/","name":"Europelab","description":"Private Label, Made Simple.","potentialAction":[{"@type":"SearchAction","target":{"@type":"EntryPoint","urlTemplate":"https:\/\/europelab.ca\/fr\/?s={search_term_string}"},"query-input":{"@type":"PropertyValueSpecification","valueRequired":true,"valueName":"search_term_string"}}],"inLanguage":"fr-FR"}]}},"_links":{"self":[{"href":"https:\/\/europelab.ca\/fr\/wp-json\/wp\/v2\/product\/13743","targetHints":{"allow":["GET"]}}],"collection":[{"href":"https:\/\/europelab.ca\/fr\/wp-json\/wp\/v2\/product"}],"about":[{"href":"https:\/\/europelab.ca\/fr\/wp-json\/wp\/v2\/types\/product"}],"replies":[{"embeddable":true,"href":"https:\/\/europelab.ca\/fr\/wp-json\/wp\/v2\/comments?post=13743"}],"wp:featuredmedia":[{"embeddable":true,"href":"https:\/\/europelab.ca\/fr\/wp-json\/wp\/v2\/media\/14731"}],"wp:attachment":[{"href":"https:\/\/europelab.ca\/fr\/wp-json\/wp\/v2\/media?parent=13743"}],"wp:term":[{"taxonomy":"product_brand","embeddable":true,"href":"https:\/\/europelab.ca\/fr\/wp-json\/wp\/v2\/product_brand?post=13743"},{"taxonomy":"product_cat","embeddable":true,"href":"https:\/\/europelab.ca\/fr\/wp-json\/wp\/v2\/product_cat?post=13743"},{"taxonomy":"product_tag","embeddable":true,"href":"https:\/\/europelab.ca\/fr\/wp-json\/wp\/v2\/product_tag?post=13743"}],"curies":[{"name":"wp","href":"https:\/\/api.w.org\/{rel}","templated":true}]}}