{"id":13740,"date":"2021-09-07T19:56:26","date_gmt":"2021-09-07T19:56:26","guid":{"rendered":"https:\/\/elabpl.wpengine.com\/product\/organic-exfoliating-gel\/"},"modified":"2021-11-11T18:02:29","modified_gmt":"2021-11-11T18:02:29","slug":"gel-exfoliant-biologique","status":"publish","type":"product","link":"https:\/\/europelab.ca\/fr\/produit\/gel-exfoliant-biologique\/","title":{"rendered":"Gel Exfoliant Biologique"},"content":{"rendered":"<p>Une \u00e0 deux fois par semaine, appliquer sur la peau pr\u00e9alablement humidifi\u00e9e. Masser, rincer et r\u00e9p\u00e9ter si n\u00e9cessaire. Pour un usage externe seulement. \u00c9viter tout contact avec les yeux.<\/p>\n","protected":false},"excerpt":{"rendered":"<p>Gel exfoliant doux, purifiant et rafra\u00eechissant pour le visage et le corps. Sa formule \u00e0 base de silice de bambou absorbante et d\u2019extrait de noix de coco nettoyant, \u00e9limine les cellules mortes et les impuret\u00e9s de l\u2019\u00e9piderme pour r\u00e9v\u00e9ler tout l\u2019\u00e9clat et la vitalit\u00e9 de la peau. Enrichi en gel d\u2019Aloe Vera 100% biologique \u00e9mollient et hydratant, ce soin prot\u00e8ge la barri\u00e8re d\u2019hydratation cutan\u00e9e et laisse la peau extr\u00eamement douce au toucher. Son complexe d\u2019huiles essentielles apaisantes et relaxantes procure d\u00e8s l\u2019application une agr\u00e9able sensation de calme et de s\u00e9r\u00e9nit\u00e9 de tout le corps.<\/p>\n","protected":false},"featured_media":14709,"comment_status":"closed","ping_status":"closed","template":"","meta":[],"product_brand":[],"product_cat":[138,116,122],"product_tag":[],"class_list":{"0":"post-13740","1":"product","2":"type-product","3":"status-publish","4":"has-post-thumbnail","6":"product_cat-anti-age-rides","7":"product_cat-collection-biologique","8":"product_cat-exfoliants-fr","10":"first","11":"instock","12":"sold-individually","13":"taxable","14":"shipping-taxable","15":"product-type-simple"},"yoast_head":"<!-- This site is optimized with the Yoast SEO plugin v27.5 - https:\/\/yoast.com\/product\/yoast-seo-wordpress\/ -->\n<title>Gel Exfoliant Biologique - Europelab<\/title>\n<meta name=\"description\" content=\"Gentle, purifying and refreshing Organic Exfoliating Gel for the face and body. Its formula is derived from absorbent bamboo silica and coconut extract, to remove dead cells and impurities from the skin to reveal the skin\u2019s natural radiance and vitality.\" \/>\n<meta name=\"robots\" content=\"index, follow, max-snippet:-1, max-image-preview:large, max-video-preview:-1\" \/>\n<link rel=\"canonical\" href=\"https:\/\/europelab.ca\/fr\/produit\/gel-exfoliant-biologique\/\" \/>\n<meta property=\"og:locale\" content=\"fr_FR\" \/>\n<meta property=\"og:type\" content=\"article\" \/>\n<meta property=\"og:title\" content=\"Gel Exfoliant Biologique - Europelab\" \/>\n<meta property=\"og:description\" content=\"Gentle, purifying and refreshing Organic Exfoliating Gel for the face and body. Its formula is derived from absorbent bamboo silica and coconut extract, to remove dead cells and impurities from the skin to reveal the skin\u2019s natural radiance and vitality.\" \/>\n<meta property=\"og:url\" content=\"https:\/\/europelab.ca\/fr\/produit\/gel-exfoliant-biologique\/\" \/>\n<meta property=\"og:site_name\" content=\"Europelab\" \/>\n<meta property=\"article:modified_time\" content=\"2021-11-11T18:02:29+00:00\" \/>\n<meta property=\"og:image\" content=\"https:\/\/europelab.ca\/wp-content\/uploads\/2021\/09\/Organic-Exfoliating-Gel.jpg\" \/>\n\t<meta property=\"og:image:width\" content=\"1200\" \/>\n\t<meta property=\"og:image:height\" content=\"1200\" \/>\n\t<meta property=\"og:image:type\" content=\"image\/jpeg\" \/>\n<meta name=\"twitter:card\" content=\"summary_large_image\" \/>\n<script type=\"application\/ld+json\" class=\"yoast-schema-graph\">{\"@context\":\"https:\\\/\\\/schema.org\",\"@graph\":[{\"@type\":\"WebPage\",\"@id\":\"https:\\\/\\\/europelab.ca\\\/fr\\\/produit\\\/gel-exfoliant-biologique\\\/\",\"url\":\"https:\\\/\\\/europelab.ca\\\/fr\\\/produit\\\/gel-exfoliant-biologique\\\/\",\"name\":\"Gel Exfoliant Biologique - Europelab\",\"isPartOf\":{\"@id\":\"https:\\\/\\\/europelab.ca\\\/fr\\\/#website\"},\"primaryImageOfPage\":{\"@id\":\"https:\\\/\\\/europelab.ca\\\/fr\\\/produit\\\/gel-exfoliant-biologique\\\/#primaryimage\"},\"image\":{\"@id\":\"https:\\\/\\\/europelab.ca\\\/fr\\\/produit\\\/gel-exfoliant-biologique\\\/#primaryimage\"},\"thumbnailUrl\":\"https:\\\/\\\/europelab.ca\\\/wp-content\\\/uploads\\\/2023\\\/11\\\/Organic-Exfoliating-Gel.jpg\",\"datePublished\":\"2021-09-07T19:56:26+00:00\",\"dateModified\":\"2021-11-11T18:02:29+00:00\",\"description\":\"Gentle, purifying and refreshing Organic Exfoliating Gel for the face and body. Its formula is derived from absorbent bamboo silica and coconut extract, to remove dead cells and impurities from the skin to reveal the skin\u2019s natural radiance and vitality.\",\"breadcrumb\":{\"@id\":\"https:\\\/\\\/europelab.ca\\\/fr\\\/produit\\\/gel-exfoliant-biologique\\\/#breadcrumb\"},\"inLanguage\":\"fr-FR\",\"potentialAction\":[{\"@type\":\"ReadAction\",\"target\":[\"https:\\\/\\\/europelab.ca\\\/fr\\\/produit\\\/gel-exfoliant-biologique\\\/\"]}]},{\"@type\":\"ImageObject\",\"inLanguage\":\"fr-FR\",\"@id\":\"https:\\\/\\\/europelab.ca\\\/fr\\\/produit\\\/gel-exfoliant-biologique\\\/#primaryimage\",\"url\":\"https:\\\/\\\/europelab.ca\\\/wp-content\\\/uploads\\\/2023\\\/11\\\/Organic-Exfoliating-Gel.jpg\",\"contentUrl\":\"https:\\\/\\\/europelab.ca\\\/wp-content\\\/uploads\\\/2023\\\/11\\\/Organic-Exfoliating-Gel.jpg\",\"width\":1200,\"height\":1200,\"caption\":\"Gel Exfoliant Biologique\"},{\"@type\":\"BreadcrumbList\",\"@id\":\"https:\\\/\\\/europelab.ca\\\/fr\\\/produit\\\/gel-exfoliant-biologique\\\/#breadcrumb\",\"itemListElement\":[{\"@type\":\"ListItem\",\"position\":1,\"name\":\"Accueil\",\"item\":\"https:\\\/\\\/europelab.ca\\\/fr\\\/\"},{\"@type\":\"ListItem\",\"position\":2,\"name\":\"Produits\",\"item\":\"https:\\\/\\\/europelab.ca\\\/fr\\\/shop\\\/\"},{\"@type\":\"ListItem\",\"position\":3,\"name\":\"Gel Exfoliant Biologique\"}]},{\"@type\":\"WebSite\",\"@id\":\"https:\\\/\\\/europelab.ca\\\/fr\\\/#website\",\"url\":\"https:\\\/\\\/europelab.ca\\\/fr\\\/\",\"name\":\"Europelab\",\"description\":\"Private Label, Made Simple.\",\"potentialAction\":[{\"@type\":\"SearchAction\",\"target\":{\"@type\":\"EntryPoint\",\"urlTemplate\":\"https:\\\/\\\/europelab.ca\\\/fr\\\/?s={search_term_string}\"},\"query-input\":{\"@type\":\"PropertyValueSpecification\",\"valueRequired\":true,\"valueName\":\"search_term_string\"}}],\"inLanguage\":\"fr-FR\"}]}<\/script>\n<!-- \/ Yoast SEO plugin. -->","yoast_head_json":{"title":"Gel Exfoliant Biologique - Europelab","description":"Gentle, purifying and refreshing Organic Exfoliating Gel for the face and body. Its formula is derived from absorbent bamboo silica and coconut extract, to remove dead cells and impurities from the skin to reveal the skin\u2019s natural radiance and vitality.","robots":{"index":"index","follow":"follow","max-snippet":"max-snippet:-1","max-image-preview":"max-image-preview:large","max-video-preview":"max-video-preview:-1"},"canonical":"https:\/\/europelab.ca\/fr\/produit\/gel-exfoliant-biologique\/","og_locale":"fr_FR","og_type":"article","og_title":"Gel Exfoliant Biologique - Europelab","og_description":"Gentle, purifying and refreshing Organic Exfoliating Gel for the face and body. Its formula is derived from absorbent bamboo silica and coconut extract, to remove dead cells and impurities from the skin to reveal the skin\u2019s natural radiance and vitality.","og_url":"https:\/\/europelab.ca\/fr\/produit\/gel-exfoliant-biologique\/","og_site_name":"Europelab","article_modified_time":"2021-11-11T18:02:29+00:00","og_image":[{"width":1200,"height":1200,"url":"https:\/\/europelab.ca\/wp-content\/uploads\/2021\/09\/Organic-Exfoliating-Gel.jpg","type":"image\/jpeg"}],"twitter_card":"summary_large_image","schema":{"@context":"https:\/\/schema.org","@graph":[{"@type":"WebPage","@id":"https:\/\/europelab.ca\/fr\/produit\/gel-exfoliant-biologique\/","url":"https:\/\/europelab.ca\/fr\/produit\/gel-exfoliant-biologique\/","name":"Gel Exfoliant Biologique - Europelab","isPartOf":{"@id":"https:\/\/europelab.ca\/fr\/#website"},"primaryImageOfPage":{"@id":"https:\/\/europelab.ca\/fr\/produit\/gel-exfoliant-biologique\/#primaryimage"},"image":{"@id":"https:\/\/europelab.ca\/fr\/produit\/gel-exfoliant-biologique\/#primaryimage"},"thumbnailUrl":"https:\/\/europelab.ca\/wp-content\/uploads\/2023\/11\/Organic-Exfoliating-Gel.jpg","datePublished":"2021-09-07T19:56:26+00:00","dateModified":"2021-11-11T18:02:29+00:00","description":"Gentle, purifying and refreshing Organic Exfoliating Gel for the face and body. Its formula is derived from absorbent bamboo silica and coconut extract, to remove dead cells and impurities from the skin to reveal the skin\u2019s natural radiance and vitality.","breadcrumb":{"@id":"https:\/\/europelab.ca\/fr\/produit\/gel-exfoliant-biologique\/#breadcrumb"},"inLanguage":"fr-FR","potentialAction":[{"@type":"ReadAction","target":["https:\/\/europelab.ca\/fr\/produit\/gel-exfoliant-biologique\/"]}]},{"@type":"ImageObject","inLanguage":"fr-FR","@id":"https:\/\/europelab.ca\/fr\/produit\/gel-exfoliant-biologique\/#primaryimage","url":"https:\/\/europelab.ca\/wp-content\/uploads\/2023\/11\/Organic-Exfoliating-Gel.jpg","contentUrl":"https:\/\/europelab.ca\/wp-content\/uploads\/2023\/11\/Organic-Exfoliating-Gel.jpg","width":1200,"height":1200,"caption":"Gel Exfoliant Biologique"},{"@type":"BreadcrumbList","@id":"https:\/\/europelab.ca\/fr\/produit\/gel-exfoliant-biologique\/#breadcrumb","itemListElement":[{"@type":"ListItem","position":1,"name":"Accueil","item":"https:\/\/europelab.ca\/fr\/"},{"@type":"ListItem","position":2,"name":"Produits","item":"https:\/\/europelab.ca\/fr\/shop\/"},{"@type":"ListItem","position":3,"name":"Gel Exfoliant Biologique"}]},{"@type":"WebSite","@id":"https:\/\/europelab.ca\/fr\/#website","url":"https:\/\/europelab.ca\/fr\/","name":"Europelab","description":"Private Label, Made Simple.","potentialAction":[{"@type":"SearchAction","target":{"@type":"EntryPoint","urlTemplate":"https:\/\/europelab.ca\/fr\/?s={search_term_string}"},"query-input":{"@type":"PropertyValueSpecification","valueRequired":true,"valueName":"search_term_string"}}],"inLanguage":"fr-FR"}]}},"_links":{"self":[{"href":"https:\/\/europelab.ca\/fr\/wp-json\/wp\/v2\/product\/13740","targetHints":{"allow":["GET"]}}],"collection":[{"href":"https:\/\/europelab.ca\/fr\/wp-json\/wp\/v2\/product"}],"about":[{"href":"https:\/\/europelab.ca\/fr\/wp-json\/wp\/v2\/types\/product"}],"replies":[{"embeddable":true,"href":"https:\/\/europelab.ca\/fr\/wp-json\/wp\/v2\/comments?post=13740"}],"wp:featuredmedia":[{"embeddable":true,"href":"https:\/\/europelab.ca\/fr\/wp-json\/wp\/v2\/media\/14709"}],"wp:attachment":[{"href":"https:\/\/europelab.ca\/fr\/wp-json\/wp\/v2\/media?parent=13740"}],"wp:term":[{"taxonomy":"product_brand","embeddable":true,"href":"https:\/\/europelab.ca\/fr\/wp-json\/wp\/v2\/product_brand?post=13740"},{"taxonomy":"product_cat","embeddable":true,"href":"https:\/\/europelab.ca\/fr\/wp-json\/wp\/v2\/product_cat?post=13740"},{"taxonomy":"product_tag","embeddable":true,"href":"https:\/\/europelab.ca\/fr\/wp-json\/wp\/v2\/product_tag?post=13740"}],"curies":[{"name":"wp","href":"https:\/\/api.w.org\/{rel}","templated":true}]}}