{"id":13739,"date":"2021-09-07T20:13:21","date_gmt":"2021-09-07T20:13:21","guid":{"rendered":"https:\/\/elabpl.wpengine.com\/product\/organic-anti-aging-cream\/"},"modified":"2021-11-08T21:53:15","modified_gmt":"2021-11-08T21:53:15","slug":"creme-anti-age-biologique","status":"publish","type":"product","link":"https:\/\/europelab.ca\/fr\/produit\/creme-anti-age-biologique\/","title":{"rendered":"Cr\u00e8me Anti-\u00c2ge Biologique"},"content":{"rendered":"<p>Appliquer matin et\/ou soir sur une peau parfaitement nettoy\u00e9e. Masser l\u00e9g\u00e8rement jusqu\u2019\u00e0 p\u00e9n\u00e9tration compl\u00e8te. Produit non-com\u00e9dog\u00e8ne. Test\u00e9 sous contr\u00f4le dermatologique. Pour un usage externe seulement. \u00c9viter tout contact avec les yeux.<\/p>\n","protected":false},"excerpt":{"rendered":"<p>Cr\u00e8me anti-\u00e2ge id\u00e9ale pour la peau mature pr\u00e9sentant des signes du vieillissement et manquant de tonus. Sa formule unique contient des ingr\u00e9dients repulpants et dermo-tenseurs qui aident \u00e0 combler les rides et apporter plus de fermet\u00e9 \u00e0 la peau. Son complexe d\u2019ingr\u00e9dients ultra-hydratants, revitalisants et protecteurs, aide \u00e0 r\u00e9g\u00e9n\u00e9rer la barri\u00e8re d\u2019hydratation de la peau pour pr\u00e9server sa souplesse et son \u00e9lasticit\u00e9 tout en lui offrant une protection quotidienne contre les agressions ext\u00e9rieures. Riche en ingr\u00e9dients apaisants et illuminateurs, ce soin aide \u00e0 att\u00e9nuer jour apr\u00e8s jour l\u2019apparence des taches pigmentaires et des rougeurs pour un teint unifi\u00e9 et plein d\u2019\u00e9clat.<\/p>\n","protected":false},"featured_media":14723,"comment_status":"closed","ping_status":"closed","template":"","meta":[],"product_brand":[],"product_cat":[138,116,120],"product_tag":[],"class_list":{"0":"post-13739","1":"product","2":"type-product","3":"status-publish","4":"has-post-thumbnail","6":"product_cat-anti-age-rides","7":"product_cat-collection-biologique","8":"product_cat-nettoyants","10":"first","11":"instock","12":"sold-individually","13":"taxable","14":"shipping-taxable","15":"product-type-simple"},"yoast_head":"<!-- This site is optimized with the Yoast SEO plugin v27.5 - https:\/\/yoast.com\/product\/yoast-seo-wordpress\/ -->\n<title>Cr\u00e8me Anti-\u00c2ge Biologique - Europelab<\/title>\n<meta name=\"description\" content=\"Cr\u00e8me anti-\u00e2ge id\u00e9ale pour la peau mature pr\u00e9sentant des signes du vieillissement et manquant de tonus. Sa formule unique contient des ingr\u00e9dients repulpants et dermo-tenseurs qui aident \u00e0 combler les rides et apporter plus de fermet\u00e9 \u00e0 la peau. Son complexe d\u2019ingr\u00e9dients ultra-hydratants, revitalisants et protecteurs, aide \u00e0 r\u00e9g\u00e9n\u00e9rer la barri\u00e8re d\u2019hydratation de la peau pour pr\u00e9server sa souplesse et son \u00e9lasticit\u00e9 tout en lui offrant une protection quotidienne contre les agressions ext\u00e9rieures. Riche en ingr\u00e9dients apaisants et illuminateurs, ce soin aide \u00e0 att\u00e9nuer jour apr\u00e8s jour l\u2019apparence des taches pigmentaires et des rougeurs pour un teint unifi\u00e9 et plein d\u2019\u00e9clat.\" \/>\n<meta name=\"robots\" content=\"index, follow, max-snippet:-1, max-image-preview:large, max-video-preview:-1\" \/>\n<link rel=\"canonical\" href=\"https:\/\/europelab.ca\/fr\/produit\/creme-anti-age-biologique\/\" \/>\n<meta property=\"og:locale\" content=\"fr_FR\" \/>\n<meta property=\"og:type\" content=\"article\" \/>\n<meta property=\"og:title\" content=\"Cr\u00e8me Anti-\u00c2ge Biologique - Europelab\" \/>\n<meta property=\"og:description\" content=\"Cr\u00e8me anti-\u00e2ge id\u00e9ale pour la peau mature pr\u00e9sentant des signes du vieillissement et manquant de tonus. Sa formule unique contient des ingr\u00e9dients repulpants et dermo-tenseurs qui aident \u00e0 combler les rides et apporter plus de fermet\u00e9 \u00e0 la peau. Son complexe d\u2019ingr\u00e9dients ultra-hydratants, revitalisants et protecteurs, aide \u00e0 r\u00e9g\u00e9n\u00e9rer la barri\u00e8re d\u2019hydratation de la peau pour pr\u00e9server sa souplesse et son \u00e9lasticit\u00e9 tout en lui offrant une protection quotidienne contre les agressions ext\u00e9rieures. Riche en ingr\u00e9dients apaisants et illuminateurs, ce soin aide \u00e0 att\u00e9nuer jour apr\u00e8s jour l\u2019apparence des taches pigmentaires et des rougeurs pour un teint unifi\u00e9 et plein d\u2019\u00e9clat.\" \/>\n<meta property=\"og:url\" content=\"https:\/\/europelab.ca\/fr\/produit\/creme-anti-age-biologique\/\" \/>\n<meta property=\"og:site_name\" content=\"Europelab\" \/>\n<meta property=\"article:modified_time\" content=\"2021-11-08T21:53:15+00:00\" \/>\n<meta property=\"og:image\" content=\"https:\/\/europelab.ca\/wp-content\/uploads\/2021\/09\/Organic-Anti-Aging-Cream.jpg\" \/>\n\t<meta property=\"og:image:width\" content=\"1200\" \/>\n\t<meta property=\"og:image:height\" content=\"1200\" \/>\n\t<meta property=\"og:image:type\" content=\"image\/jpeg\" \/>\n<meta name=\"twitter:card\" content=\"summary_large_image\" \/>\n<script type=\"application\/ld+json\" class=\"yoast-schema-graph\">{\"@context\":\"https:\\\/\\\/schema.org\",\"@graph\":[{\"@type\":\"WebPage\",\"@id\":\"https:\\\/\\\/europelab.ca\\\/fr\\\/produit\\\/creme-anti-age-biologique\\\/\",\"url\":\"https:\\\/\\\/europelab.ca\\\/fr\\\/produit\\\/creme-anti-age-biologique\\\/\",\"name\":\"Cr\u00e8me Anti-\u00c2ge Biologique - Europelab\",\"isPartOf\":{\"@id\":\"https:\\\/\\\/europelab.ca\\\/fr\\\/#website\"},\"primaryImageOfPage\":{\"@id\":\"https:\\\/\\\/europelab.ca\\\/fr\\\/produit\\\/creme-anti-age-biologique\\\/#primaryimage\"},\"image\":{\"@id\":\"https:\\\/\\\/europelab.ca\\\/fr\\\/produit\\\/creme-anti-age-biologique\\\/#primaryimage\"},\"thumbnailUrl\":\"https:\\\/\\\/europelab.ca\\\/wp-content\\\/uploads\\\/2023\\\/11\\\/Organic-Anti-Aging-Cream.jpg\",\"datePublished\":\"2021-09-07T20:13:21+00:00\",\"dateModified\":\"2021-11-08T21:53:15+00:00\",\"description\":\"Cr\u00e8me anti-\u00e2ge id\u00e9ale pour la peau mature pr\u00e9sentant des signes du vieillissement et manquant de tonus. Sa formule unique contient des ingr\u00e9dients repulpants et dermo-tenseurs qui aident \u00e0 combler les rides et apporter plus de fermet\u00e9 \u00e0 la peau. Son complexe d\u2019ingr\u00e9dients ultra-hydratants, revitalisants et protecteurs, aide \u00e0 r\u00e9g\u00e9n\u00e9rer la barri\u00e8re d\u2019hydratation de la peau pour pr\u00e9server sa souplesse et son \u00e9lasticit\u00e9 tout en lui offrant une protection quotidienne contre les agressions ext\u00e9rieures. Riche en ingr\u00e9dients apaisants et illuminateurs, ce soin aide \u00e0 att\u00e9nuer jour apr\u00e8s jour l\u2019apparence des taches pigmentaires et des rougeurs pour un teint unifi\u00e9 et plein d\u2019\u00e9clat.\",\"breadcrumb\":{\"@id\":\"https:\\\/\\\/europelab.ca\\\/fr\\\/produit\\\/creme-anti-age-biologique\\\/#breadcrumb\"},\"inLanguage\":\"fr-FR\",\"potentialAction\":[{\"@type\":\"ReadAction\",\"target\":[\"https:\\\/\\\/europelab.ca\\\/fr\\\/produit\\\/creme-anti-age-biologique\\\/\"]}]},{\"@type\":\"ImageObject\",\"inLanguage\":\"fr-FR\",\"@id\":\"https:\\\/\\\/europelab.ca\\\/fr\\\/produit\\\/creme-anti-age-biologique\\\/#primaryimage\",\"url\":\"https:\\\/\\\/europelab.ca\\\/wp-content\\\/uploads\\\/2023\\\/11\\\/Organic-Anti-Aging-Cream.jpg\",\"contentUrl\":\"https:\\\/\\\/europelab.ca\\\/wp-content\\\/uploads\\\/2023\\\/11\\\/Organic-Anti-Aging-Cream.jpg\",\"width\":1200,\"height\":1200,\"caption\":\"Cr\u00e8me Anti-\u00c2ge Biologique\"},{\"@type\":\"BreadcrumbList\",\"@id\":\"https:\\\/\\\/europelab.ca\\\/fr\\\/produit\\\/creme-anti-age-biologique\\\/#breadcrumb\",\"itemListElement\":[{\"@type\":\"ListItem\",\"position\":1,\"name\":\"Accueil\",\"item\":\"https:\\\/\\\/europelab.ca\\\/fr\\\/\"},{\"@type\":\"ListItem\",\"position\":2,\"name\":\"Produits\",\"item\":\"https:\\\/\\\/europelab.ca\\\/fr\\\/shop\\\/\"},{\"@type\":\"ListItem\",\"position\":3,\"name\":\"Cr\u00e8me Anti-\u00c2ge Biologique\"}]},{\"@type\":\"WebSite\",\"@id\":\"https:\\\/\\\/europelab.ca\\\/fr\\\/#website\",\"url\":\"https:\\\/\\\/europelab.ca\\\/fr\\\/\",\"name\":\"Europelab\",\"description\":\"Private Label, Made Simple.\",\"potentialAction\":[{\"@type\":\"SearchAction\",\"target\":{\"@type\":\"EntryPoint\",\"urlTemplate\":\"https:\\\/\\\/europelab.ca\\\/fr\\\/?s={search_term_string}\"},\"query-input\":{\"@type\":\"PropertyValueSpecification\",\"valueRequired\":true,\"valueName\":\"search_term_string\"}}],\"inLanguage\":\"fr-FR\"}]}<\/script>\n<!-- \/ Yoast SEO plugin. -->","yoast_head_json":{"title":"Cr\u00e8me Anti-\u00c2ge Biologique - Europelab","description":"Cr\u00e8me anti-\u00e2ge id\u00e9ale pour la peau mature pr\u00e9sentant des signes du vieillissement et manquant de tonus. Sa formule unique contient des ingr\u00e9dients repulpants et dermo-tenseurs qui aident \u00e0 combler les rides et apporter plus de fermet\u00e9 \u00e0 la peau. Son complexe d\u2019ingr\u00e9dients ultra-hydratants, revitalisants et protecteurs, aide \u00e0 r\u00e9g\u00e9n\u00e9rer la barri\u00e8re d\u2019hydratation de la peau pour pr\u00e9server sa souplesse et son \u00e9lasticit\u00e9 tout en lui offrant une protection quotidienne contre les agressions ext\u00e9rieures. Riche en ingr\u00e9dients apaisants et illuminateurs, ce soin aide \u00e0 att\u00e9nuer jour apr\u00e8s jour l\u2019apparence des taches pigmentaires et des rougeurs pour un teint unifi\u00e9 et plein d\u2019\u00e9clat.","robots":{"index":"index","follow":"follow","max-snippet":"max-snippet:-1","max-image-preview":"max-image-preview:large","max-video-preview":"max-video-preview:-1"},"canonical":"https:\/\/europelab.ca\/fr\/produit\/creme-anti-age-biologique\/","og_locale":"fr_FR","og_type":"article","og_title":"Cr\u00e8me Anti-\u00c2ge Biologique - Europelab","og_description":"Cr\u00e8me anti-\u00e2ge id\u00e9ale pour la peau mature pr\u00e9sentant des signes du vieillissement et manquant de tonus. Sa formule unique contient des ingr\u00e9dients repulpants et dermo-tenseurs qui aident \u00e0 combler les rides et apporter plus de fermet\u00e9 \u00e0 la peau. Son complexe d\u2019ingr\u00e9dients ultra-hydratants, revitalisants et protecteurs, aide \u00e0 r\u00e9g\u00e9n\u00e9rer la barri\u00e8re d\u2019hydratation de la peau pour pr\u00e9server sa souplesse et son \u00e9lasticit\u00e9 tout en lui offrant une protection quotidienne contre les agressions ext\u00e9rieures. Riche en ingr\u00e9dients apaisants et illuminateurs, ce soin aide \u00e0 att\u00e9nuer jour apr\u00e8s jour l\u2019apparence des taches pigmentaires et des rougeurs pour un teint unifi\u00e9 et plein d\u2019\u00e9clat.","og_url":"https:\/\/europelab.ca\/fr\/produit\/creme-anti-age-biologique\/","og_site_name":"Europelab","article_modified_time":"2021-11-08T21:53:15+00:00","og_image":[{"width":1200,"height":1200,"url":"https:\/\/europelab.ca\/wp-content\/uploads\/2021\/09\/Organic-Anti-Aging-Cream.jpg","type":"image\/jpeg"}],"twitter_card":"summary_large_image","schema":{"@context":"https:\/\/schema.org","@graph":[{"@type":"WebPage","@id":"https:\/\/europelab.ca\/fr\/produit\/creme-anti-age-biologique\/","url":"https:\/\/europelab.ca\/fr\/produit\/creme-anti-age-biologique\/","name":"Cr\u00e8me Anti-\u00c2ge Biologique - Europelab","isPartOf":{"@id":"https:\/\/europelab.ca\/fr\/#website"},"primaryImageOfPage":{"@id":"https:\/\/europelab.ca\/fr\/produit\/creme-anti-age-biologique\/#primaryimage"},"image":{"@id":"https:\/\/europelab.ca\/fr\/produit\/creme-anti-age-biologique\/#primaryimage"},"thumbnailUrl":"https:\/\/europelab.ca\/wp-content\/uploads\/2023\/11\/Organic-Anti-Aging-Cream.jpg","datePublished":"2021-09-07T20:13:21+00:00","dateModified":"2021-11-08T21:53:15+00:00","description":"Cr\u00e8me anti-\u00e2ge id\u00e9ale pour la peau mature pr\u00e9sentant des signes du vieillissement et manquant de tonus. Sa formule unique contient des ingr\u00e9dients repulpants et dermo-tenseurs qui aident \u00e0 combler les rides et apporter plus de fermet\u00e9 \u00e0 la peau. Son complexe d\u2019ingr\u00e9dients ultra-hydratants, revitalisants et protecteurs, aide \u00e0 r\u00e9g\u00e9n\u00e9rer la barri\u00e8re d\u2019hydratation de la peau pour pr\u00e9server sa souplesse et son \u00e9lasticit\u00e9 tout en lui offrant une protection quotidienne contre les agressions ext\u00e9rieures. Riche en ingr\u00e9dients apaisants et illuminateurs, ce soin aide \u00e0 att\u00e9nuer jour apr\u00e8s jour l\u2019apparence des taches pigmentaires et des rougeurs pour un teint unifi\u00e9 et plein d\u2019\u00e9clat.","breadcrumb":{"@id":"https:\/\/europelab.ca\/fr\/produit\/creme-anti-age-biologique\/#breadcrumb"},"inLanguage":"fr-FR","potentialAction":[{"@type":"ReadAction","target":["https:\/\/europelab.ca\/fr\/produit\/creme-anti-age-biologique\/"]}]},{"@type":"ImageObject","inLanguage":"fr-FR","@id":"https:\/\/europelab.ca\/fr\/produit\/creme-anti-age-biologique\/#primaryimage","url":"https:\/\/europelab.ca\/wp-content\/uploads\/2023\/11\/Organic-Anti-Aging-Cream.jpg","contentUrl":"https:\/\/europelab.ca\/wp-content\/uploads\/2023\/11\/Organic-Anti-Aging-Cream.jpg","width":1200,"height":1200,"caption":"Cr\u00e8me Anti-\u00c2ge Biologique"},{"@type":"BreadcrumbList","@id":"https:\/\/europelab.ca\/fr\/produit\/creme-anti-age-biologique\/#breadcrumb","itemListElement":[{"@type":"ListItem","position":1,"name":"Accueil","item":"https:\/\/europelab.ca\/fr\/"},{"@type":"ListItem","position":2,"name":"Produits","item":"https:\/\/europelab.ca\/fr\/shop\/"},{"@type":"ListItem","position":3,"name":"Cr\u00e8me Anti-\u00c2ge Biologique"}]},{"@type":"WebSite","@id":"https:\/\/europelab.ca\/fr\/#website","url":"https:\/\/europelab.ca\/fr\/","name":"Europelab","description":"Private Label, Made Simple.","potentialAction":[{"@type":"SearchAction","target":{"@type":"EntryPoint","urlTemplate":"https:\/\/europelab.ca\/fr\/?s={search_term_string}"},"query-input":{"@type":"PropertyValueSpecification","valueRequired":true,"valueName":"search_term_string"}}],"inLanguage":"fr-FR"}]}},"_links":{"self":[{"href":"https:\/\/europelab.ca\/fr\/wp-json\/wp\/v2\/product\/13739","targetHints":{"allow":["GET"]}}],"collection":[{"href":"https:\/\/europelab.ca\/fr\/wp-json\/wp\/v2\/product"}],"about":[{"href":"https:\/\/europelab.ca\/fr\/wp-json\/wp\/v2\/types\/product"}],"replies":[{"embeddable":true,"href":"https:\/\/europelab.ca\/fr\/wp-json\/wp\/v2\/comments?post=13739"}],"wp:featuredmedia":[{"embeddable":true,"href":"https:\/\/europelab.ca\/fr\/wp-json\/wp\/v2\/media\/14723"}],"wp:attachment":[{"href":"https:\/\/europelab.ca\/fr\/wp-json\/wp\/v2\/media?parent=13739"}],"wp:term":[{"taxonomy":"product_brand","embeddable":true,"href":"https:\/\/europelab.ca\/fr\/wp-json\/wp\/v2\/product_brand?post=13739"},{"taxonomy":"product_cat","embeddable":true,"href":"https:\/\/europelab.ca\/fr\/wp-json\/wp\/v2\/product_cat?post=13739"},{"taxonomy":"product_tag","embeddable":true,"href":"https:\/\/europelab.ca\/fr\/wp-json\/wp\/v2\/product_tag?post=13739"}],"curies":[{"name":"wp","href":"https:\/\/api.w.org\/{rel}","templated":true}]}}