{"id":13736,"date":"2021-03-08T18:30:55","date_gmt":"2021-03-08T18:30:55","guid":{"rendered":"https:\/\/elabpl.wpengine.com\/product\/organic-biphased-makeup-remover\/"},"modified":"2021-11-08T21:57:00","modified_gmt":"2021-11-08T21:57:00","slug":"demaquillant-biphasique-biologique","status":"publish","type":"product","link":"https:\/\/europelab.ca\/fr\/produit\/demaquillant-biphasique-biologique\/","title":{"rendered":"D\u00e9maquillant Biphasique Biologique"},"content":{"rendered":"<p>Bien agiter avant emploi. Pour un usage quotidien, matin et\/ou soir. Appliquer sur le visage et le contour des yeux \u00e0 l\u2019aide d\u2019un coton et nettoyer la peau. Pour un usage externe seulement.<\/p>\n","protected":false},"excerpt":{"rendered":"<p>D\u00e9maquillant biphase soyeux, sans alcool, qui retire parfaitement le maquillage r\u00e9sistant sur le visage et les paupi\u00e8res sans ass\u00e9cher la peau. Sa formule unique biphasique associe les propri\u00e9t\u00e9s purifiantes, adoucissantes et protectrices de ses ingr\u00e9dients pour r\u00e9v\u00e9ler une peau \u00e9clatante de propret\u00e9 et douce au toucher.<\/p>\n","protected":false},"featured_media":14767,"comment_status":"closed","ping_status":"closed","template":"","meta":[],"product_brand":[],"product_cat":[130,131,138,116,120,134,135,139,136,132,133,140],"product_tag":[],"class_list":{"0":"post-13736","1":"product","2":"type-product","3":"status-publish","4":"has-post-thumbnail","6":"product_cat-acne-fr","7":"product_cat-acne-rosacee","8":"product_cat-anti-age-rides","9":"product_cat-collection-biologique","10":"product_cat-nettoyants","11":"product_cat-peau-deshydratee","12":"product_cat-peau-grasse","13":"product_cat-peau-mature-lache","14":"product_cat-peau-mixte","15":"product_cat-peau-normale-sensible-rosacee","16":"product_cat-peau-seche","17":"product_cat-pigmentation-fr","19":"first","20":"instock","21":"sold-individually","22":"taxable","23":"shipping-taxable","24":"product-type-simple"},"yoast_head":"<!-- This site is optimized with the Yoast SEO plugin v27.3 - https:\/\/yoast.com\/product\/yoast-seo-wordpress\/ -->\n<title>D\u00e9maquillant Biphasique Biologique - Europelab<\/title>\n<meta name=\"description\" content=\"D\u00e9maquillant biphase soyeux, sans alcool, qui retire parfaitement le maquillage r\u00e9sistant sur le visage et les paupi\u00e8res sans ass\u00e9cher la peau. Sa formule unique biphasique associe les propri\u00e9t\u00e9s purifiantes, adoucissantes et protectrices de ses ingr\u00e9dients pour r\u00e9v\u00e9ler une peau \u00e9clatante de propret\u00e9 et douce au toucher.\" \/>\n<meta name=\"robots\" content=\"index, follow, max-snippet:-1, max-image-preview:large, max-video-preview:-1\" \/>\n<link rel=\"canonical\" href=\"https:\/\/europelab.ca\/fr\/produit\/demaquillant-biphasique-biologique\/\" \/>\n<meta property=\"og:locale\" content=\"fr_FR\" \/>\n<meta property=\"og:type\" content=\"article\" \/>\n<meta property=\"og:title\" content=\"D\u00e9maquillant Biphasique Biologique - Europelab\" \/>\n<meta property=\"og:description\" content=\"D\u00e9maquillant biphase soyeux, sans alcool, qui retire parfaitement le maquillage r\u00e9sistant sur le visage et les paupi\u00e8res sans ass\u00e9cher la peau. Sa formule unique biphasique associe les propri\u00e9t\u00e9s purifiantes, adoucissantes et protectrices de ses ingr\u00e9dients pour r\u00e9v\u00e9ler une peau \u00e9clatante de propret\u00e9 et douce au toucher.\" \/>\n<meta property=\"og:url\" content=\"https:\/\/europelab.ca\/fr\/produit\/demaquillant-biphasique-biologique\/\" \/>\n<meta property=\"og:site_name\" content=\"Europelab\" \/>\n<meta property=\"article:modified_time\" content=\"2021-11-08T21:57:00+00:00\" \/>\n<meta property=\"og:image\" content=\"https:\/\/europelab.ca\/wp-content\/uploads\/2021\/03\/Organic-Biphased-Makeup-Remover-1.jpg\" \/>\n\t<meta property=\"og:image:width\" content=\"1200\" \/>\n\t<meta property=\"og:image:height\" content=\"1200\" \/>\n\t<meta property=\"og:image:type\" content=\"image\/jpeg\" \/>\n<meta name=\"twitter:card\" content=\"summary_large_image\" \/>\n<script type=\"application\/ld+json\" class=\"yoast-schema-graph\">{\"@context\":\"https:\\\/\\\/schema.org\",\"@graph\":[{\"@type\":\"WebPage\",\"@id\":\"https:\\\/\\\/europelab.ca\\\/fr\\\/produit\\\/demaquillant-biphasique-biologique\\\/\",\"url\":\"https:\\\/\\\/europelab.ca\\\/fr\\\/produit\\\/demaquillant-biphasique-biologique\\\/\",\"name\":\"D\u00e9maquillant Biphasique Biologique - Europelab\",\"isPartOf\":{\"@id\":\"https:\\\/\\\/europelab.ca\\\/fr\\\/#website\"},\"primaryImageOfPage\":{\"@id\":\"https:\\\/\\\/europelab.ca\\\/fr\\\/produit\\\/demaquillant-biphasique-biologique\\\/#primaryimage\"},\"image\":{\"@id\":\"https:\\\/\\\/europelab.ca\\\/fr\\\/produit\\\/demaquillant-biphasique-biologique\\\/#primaryimage\"},\"thumbnailUrl\":\"https:\\\/\\\/europelab.ca\\\/wp-content\\\/uploads\\\/2021\\\/03\\\/Organic-Biphased-Makeup-Remover-1.jpg\",\"datePublished\":\"2021-03-08T18:30:55+00:00\",\"dateModified\":\"2021-11-08T21:57:00+00:00\",\"description\":\"D\u00e9maquillant biphase soyeux, sans alcool, qui retire parfaitement le maquillage r\u00e9sistant sur le visage et les paupi\u00e8res sans ass\u00e9cher la peau. Sa formule unique biphasique associe les propri\u00e9t\u00e9s purifiantes, adoucissantes et protectrices de ses ingr\u00e9dients pour r\u00e9v\u00e9ler une peau \u00e9clatante de propret\u00e9 et douce au toucher.\",\"breadcrumb\":{\"@id\":\"https:\\\/\\\/europelab.ca\\\/fr\\\/produit\\\/demaquillant-biphasique-biologique\\\/#breadcrumb\"},\"inLanguage\":\"fr-FR\",\"potentialAction\":[{\"@type\":\"ReadAction\",\"target\":[\"https:\\\/\\\/europelab.ca\\\/fr\\\/produit\\\/demaquillant-biphasique-biologique\\\/\"]}]},{\"@type\":\"ImageObject\",\"inLanguage\":\"fr-FR\",\"@id\":\"https:\\\/\\\/europelab.ca\\\/fr\\\/produit\\\/demaquillant-biphasique-biologique\\\/#primaryimage\",\"url\":\"https:\\\/\\\/europelab.ca\\\/wp-content\\\/uploads\\\/2021\\\/03\\\/Organic-Biphased-Makeup-Remover-1.jpg\",\"contentUrl\":\"https:\\\/\\\/europelab.ca\\\/wp-content\\\/uploads\\\/2021\\\/03\\\/Organic-Biphased-Makeup-Remover-1.jpg\",\"width\":1200,\"height\":1200,\"caption\":\"D\u00e9maquillant Biphasique Biologique\"},{\"@type\":\"BreadcrumbList\",\"@id\":\"https:\\\/\\\/europelab.ca\\\/fr\\\/produit\\\/demaquillant-biphasique-biologique\\\/#breadcrumb\",\"itemListElement\":[{\"@type\":\"ListItem\",\"position\":1,\"name\":\"Accueil\",\"item\":\"https:\\\/\\\/europelab.ca\\\/fr\\\/\"},{\"@type\":\"ListItem\",\"position\":2,\"name\":\"Produits\",\"item\":\"https:\\\/\\\/europelab.ca\\\/fr\\\/shop\\\/\"},{\"@type\":\"ListItem\",\"position\":3,\"name\":\"D\u00e9maquillant Biphasique Biologique\"}]},{\"@type\":\"WebSite\",\"@id\":\"https:\\\/\\\/europelab.ca\\\/fr\\\/#website\",\"url\":\"https:\\\/\\\/europelab.ca\\\/fr\\\/\",\"name\":\"Europelab\",\"description\":\"Private Label, Made Simple.\",\"potentialAction\":[{\"@type\":\"SearchAction\",\"target\":{\"@type\":\"EntryPoint\",\"urlTemplate\":\"https:\\\/\\\/europelab.ca\\\/fr\\\/?s={search_term_string}\"},\"query-input\":{\"@type\":\"PropertyValueSpecification\",\"valueRequired\":true,\"valueName\":\"search_term_string\"}}],\"inLanguage\":\"fr-FR\"}]}<\/script>\n<!-- \/ Yoast SEO plugin. -->","yoast_head_json":{"title":"D\u00e9maquillant Biphasique Biologique - Europelab","description":"D\u00e9maquillant biphase soyeux, sans alcool, qui retire parfaitement le maquillage r\u00e9sistant sur le visage et les paupi\u00e8res sans ass\u00e9cher la peau. Sa formule unique biphasique associe les propri\u00e9t\u00e9s purifiantes, adoucissantes et protectrices de ses ingr\u00e9dients pour r\u00e9v\u00e9ler une peau \u00e9clatante de propret\u00e9 et douce au toucher.","robots":{"index":"index","follow":"follow","max-snippet":"max-snippet:-1","max-image-preview":"max-image-preview:large","max-video-preview":"max-video-preview:-1"},"canonical":"https:\/\/europelab.ca\/fr\/produit\/demaquillant-biphasique-biologique\/","og_locale":"fr_FR","og_type":"article","og_title":"D\u00e9maquillant Biphasique Biologique - Europelab","og_description":"D\u00e9maquillant biphase soyeux, sans alcool, qui retire parfaitement le maquillage r\u00e9sistant sur le visage et les paupi\u00e8res sans ass\u00e9cher la peau. Sa formule unique biphasique associe les propri\u00e9t\u00e9s purifiantes, adoucissantes et protectrices de ses ingr\u00e9dients pour r\u00e9v\u00e9ler une peau \u00e9clatante de propret\u00e9 et douce au toucher.","og_url":"https:\/\/europelab.ca\/fr\/produit\/demaquillant-biphasique-biologique\/","og_site_name":"Europelab","article_modified_time":"2021-11-08T21:57:00+00:00","og_image":[{"width":1200,"height":1200,"url":"https:\/\/europelab.ca\/wp-content\/uploads\/2021\/03\/Organic-Biphased-Makeup-Remover-1.jpg","type":"image\/jpeg"}],"twitter_card":"summary_large_image","schema":{"@context":"https:\/\/schema.org","@graph":[{"@type":"WebPage","@id":"https:\/\/europelab.ca\/fr\/produit\/demaquillant-biphasique-biologique\/","url":"https:\/\/europelab.ca\/fr\/produit\/demaquillant-biphasique-biologique\/","name":"D\u00e9maquillant Biphasique Biologique - Europelab","isPartOf":{"@id":"https:\/\/europelab.ca\/fr\/#website"},"primaryImageOfPage":{"@id":"https:\/\/europelab.ca\/fr\/produit\/demaquillant-biphasique-biologique\/#primaryimage"},"image":{"@id":"https:\/\/europelab.ca\/fr\/produit\/demaquillant-biphasique-biologique\/#primaryimage"},"thumbnailUrl":"https:\/\/europelab.ca\/wp-content\/uploads\/2021\/03\/Organic-Biphased-Makeup-Remover-1.jpg","datePublished":"2021-03-08T18:30:55+00:00","dateModified":"2021-11-08T21:57:00+00:00","description":"D\u00e9maquillant biphase soyeux, sans alcool, qui retire parfaitement le maquillage r\u00e9sistant sur le visage et les paupi\u00e8res sans ass\u00e9cher la peau. Sa formule unique biphasique associe les propri\u00e9t\u00e9s purifiantes, adoucissantes et protectrices de ses ingr\u00e9dients pour r\u00e9v\u00e9ler une peau \u00e9clatante de propret\u00e9 et douce au toucher.","breadcrumb":{"@id":"https:\/\/europelab.ca\/fr\/produit\/demaquillant-biphasique-biologique\/#breadcrumb"},"inLanguage":"fr-FR","potentialAction":[{"@type":"ReadAction","target":["https:\/\/europelab.ca\/fr\/produit\/demaquillant-biphasique-biologique\/"]}]},{"@type":"ImageObject","inLanguage":"fr-FR","@id":"https:\/\/europelab.ca\/fr\/produit\/demaquillant-biphasique-biologique\/#primaryimage","url":"https:\/\/europelab.ca\/wp-content\/uploads\/2021\/03\/Organic-Biphased-Makeup-Remover-1.jpg","contentUrl":"https:\/\/europelab.ca\/wp-content\/uploads\/2021\/03\/Organic-Biphased-Makeup-Remover-1.jpg","width":1200,"height":1200,"caption":"D\u00e9maquillant Biphasique Biologique"},{"@type":"BreadcrumbList","@id":"https:\/\/europelab.ca\/fr\/produit\/demaquillant-biphasique-biologique\/#breadcrumb","itemListElement":[{"@type":"ListItem","position":1,"name":"Accueil","item":"https:\/\/europelab.ca\/fr\/"},{"@type":"ListItem","position":2,"name":"Produits","item":"https:\/\/europelab.ca\/fr\/shop\/"},{"@type":"ListItem","position":3,"name":"D\u00e9maquillant Biphasique Biologique"}]},{"@type":"WebSite","@id":"https:\/\/europelab.ca\/fr\/#website","url":"https:\/\/europelab.ca\/fr\/","name":"Europelab","description":"Private Label, Made Simple.","potentialAction":[{"@type":"SearchAction","target":{"@type":"EntryPoint","urlTemplate":"https:\/\/europelab.ca\/fr\/?s={search_term_string}"},"query-input":{"@type":"PropertyValueSpecification","valueRequired":true,"valueName":"search_term_string"}}],"inLanguage":"fr-FR"}]}},"_links":{"self":[{"href":"https:\/\/europelab.ca\/fr\/wp-json\/wp\/v2\/product\/13736","targetHints":{"allow":["GET"]}}],"collection":[{"href":"https:\/\/europelab.ca\/fr\/wp-json\/wp\/v2\/product"}],"about":[{"href":"https:\/\/europelab.ca\/fr\/wp-json\/wp\/v2\/types\/product"}],"replies":[{"embeddable":true,"href":"https:\/\/europelab.ca\/fr\/wp-json\/wp\/v2\/comments?post=13736"}],"wp:featuredmedia":[{"embeddable":true,"href":"https:\/\/europelab.ca\/fr\/wp-json\/wp\/v2\/media\/14767"}],"wp:attachment":[{"href":"https:\/\/europelab.ca\/fr\/wp-json\/wp\/v2\/media?parent=13736"}],"wp:term":[{"taxonomy":"product_brand","embeddable":true,"href":"https:\/\/europelab.ca\/fr\/wp-json\/wp\/v2\/product_brand?post=13736"},{"taxonomy":"product_cat","embeddable":true,"href":"https:\/\/europelab.ca\/fr\/wp-json\/wp\/v2\/product_cat?post=13736"},{"taxonomy":"product_tag","embeddable":true,"href":"https:\/\/europelab.ca\/fr\/wp-json\/wp\/v2\/product_tag?post=13736"}],"curies":[{"name":"wp","href":"https:\/\/api.w.org\/{rel}","templated":true}]}}