{"id":13724,"date":"2021-09-07T20:01:18","date_gmt":"2021-09-07T20:01:18","guid":{"rendered":"https:\/\/elabpl.wpengine.com\/product\/retinol-serum\/"},"modified":"2021-11-16T14:35:32","modified_gmt":"2021-11-16T14:35:32","slug":"serum-retinol","status":"publish","type":"product","link":"https:\/\/europelab.ca\/fr\/produit\/serum-retinol\/","title":{"rendered":"S\u00e9rum R\u00e9tinol"},"content":{"rendered":"<p>Appliquer uniform\u00e9ment le matin et\/ou le soir sur le visage et le cou parfaitement nettoy\u00e9s. Masser jusqu\u2019\u00e0 p\u00e9n\u00e9tration compl\u00e8te du produit. Terminer par l\u2019application de la cr\u00e8me appropri\u00e9e au type de peau. Pour un usage externe seulement. \u00c9viter tout contact avec les yeux.<\/p>\n","protected":false},"excerpt":{"rendered":"<p>Formule exclusive qui aidera \u00e0 r\u00e9duire les signes du vieillissement. Ce traitement avec r\u00e9tinol ne provoque aucune irritation et est id\u00e9al pour les peaux matures pr\u00e9sentant des signes de vieillissement et\/ou de manque de fermet\u00e9. Am\u00e9liore la texture de la peau pour une peau d\u2019apparence plus jeune.<\/p>\n","protected":false},"featured_media":13275,"comment_status":"closed","ping_status":"closed","template":"","meta":[],"product_brand":[],"product_cat":[138,117,123],"product_tag":[],"class_list":{"0":"post-13724","1":"product","2":"type-product","3":"status-publish","4":"has-post-thumbnail","6":"product_cat-anti-age-rides","7":"product_cat-collection-classique","8":"product_cat-serums-et-huiles","10":"first","11":"instock","12":"sold-individually","13":"taxable","14":"shipping-taxable","15":"product-type-simple"},"yoast_head":"<!-- This site is optimized with the Yoast SEO plugin v27.5 - https:\/\/yoast.com\/product\/yoast-seo-wordpress\/ -->\n<title>S\u00e9rum R\u00e9tinol - Europelab<\/title>\n<meta name=\"description\" content=\"Formule exclusive qui aidera \u00e0 r\u00e9duire les signes du vieillissement. Ce traitement avec r\u00e9tinol ne provoque aucune irritation et est id\u00e9al pour les peaux matures pr\u00e9sentant des signes de vieillissement et\/ou de manque de fermet\u00e9. Am\u00e9liore la texture de la peau pour une peau d\u2019apparence plus jeune.\" \/>\n<meta name=\"robots\" content=\"index, follow, max-snippet:-1, max-image-preview:large, max-video-preview:-1\" \/>\n<link rel=\"canonical\" href=\"https:\/\/europelab.ca\/fr\/produit\/serum-retinol\/\" \/>\n<meta property=\"og:locale\" content=\"fr_FR\" \/>\n<meta property=\"og:type\" content=\"article\" \/>\n<meta property=\"og:title\" content=\"S\u00e9rum R\u00e9tinol - Europelab\" \/>\n<meta property=\"og:description\" content=\"Formule exclusive qui aidera \u00e0 r\u00e9duire les signes du vieillissement. Ce traitement avec r\u00e9tinol ne provoque aucune irritation et est id\u00e9al pour les peaux matures pr\u00e9sentant des signes de vieillissement et\/ou de manque de fermet\u00e9. Am\u00e9liore la texture de la peau pour une peau d\u2019apparence plus jeune.\" \/>\n<meta property=\"og:url\" content=\"https:\/\/europelab.ca\/fr\/produit\/serum-retinol\/\" \/>\n<meta property=\"og:site_name\" content=\"Europelab\" \/>\n<meta property=\"article:modified_time\" content=\"2021-11-16T14:35:32+00:00\" \/>\n<meta property=\"og:image\" content=\"https:\/\/europelab.ca\/wp-content\/uploads\/2021\/09\/Retinol-Serum.jpg\" \/>\n\t<meta property=\"og:image:width\" content=\"1200\" \/>\n\t<meta property=\"og:image:height\" content=\"1200\" \/>\n\t<meta property=\"og:image:type\" content=\"image\/jpeg\" \/>\n<meta name=\"twitter:card\" content=\"summary_large_image\" \/>\n<script type=\"application\/ld+json\" class=\"yoast-schema-graph\">{\"@context\":\"https:\\\/\\\/schema.org\",\"@graph\":[{\"@type\":\"WebPage\",\"@id\":\"https:\\\/\\\/europelab.ca\\\/fr\\\/produit\\\/serum-retinol\\\/\",\"url\":\"https:\\\/\\\/europelab.ca\\\/fr\\\/produit\\\/serum-retinol\\\/\",\"name\":\"S\u00e9rum R\u00e9tinol - Europelab\",\"isPartOf\":{\"@id\":\"https:\\\/\\\/europelab.ca\\\/fr\\\/#website\"},\"primaryImageOfPage\":{\"@id\":\"https:\\\/\\\/europelab.ca\\\/fr\\\/produit\\\/serum-retinol\\\/#primaryimage\"},\"image\":{\"@id\":\"https:\\\/\\\/europelab.ca\\\/fr\\\/produit\\\/serum-retinol\\\/#primaryimage\"},\"thumbnailUrl\":\"https:\\\/\\\/europelab.ca\\\/wp-content\\\/uploads\\\/2021\\\/09\\\/Retinol-Serum.jpg\",\"datePublished\":\"2021-09-07T20:01:18+00:00\",\"dateModified\":\"2021-11-16T14:35:32+00:00\",\"description\":\"Formule exclusive qui aidera \u00e0 r\u00e9duire les signes du vieillissement. Ce traitement avec r\u00e9tinol ne provoque aucune irritation et est id\u00e9al pour les peaux matures pr\u00e9sentant des signes de vieillissement et\\\/ou de manque de fermet\u00e9. Am\u00e9liore la texture de la peau pour une peau d\u2019apparence plus jeune.\",\"breadcrumb\":{\"@id\":\"https:\\\/\\\/europelab.ca\\\/fr\\\/produit\\\/serum-retinol\\\/#breadcrumb\"},\"inLanguage\":\"fr-FR\",\"potentialAction\":[{\"@type\":\"ReadAction\",\"target\":[\"https:\\\/\\\/europelab.ca\\\/fr\\\/produit\\\/serum-retinol\\\/\"]}]},{\"@type\":\"ImageObject\",\"inLanguage\":\"fr-FR\",\"@id\":\"https:\\\/\\\/europelab.ca\\\/fr\\\/produit\\\/serum-retinol\\\/#primaryimage\",\"url\":\"https:\\\/\\\/europelab.ca\\\/wp-content\\\/uploads\\\/2021\\\/09\\\/Retinol-Serum.jpg\",\"contentUrl\":\"https:\\\/\\\/europelab.ca\\\/wp-content\\\/uploads\\\/2021\\\/09\\\/Retinol-Serum.jpg\",\"width\":1200,\"height\":1200,\"caption\":\"S\u00e9rum R\u00e9tinol\"},{\"@type\":\"BreadcrumbList\",\"@id\":\"https:\\\/\\\/europelab.ca\\\/fr\\\/produit\\\/serum-retinol\\\/#breadcrumb\",\"itemListElement\":[{\"@type\":\"ListItem\",\"position\":1,\"name\":\"Accueil\",\"item\":\"https:\\\/\\\/europelab.ca\\\/fr\\\/\"},{\"@type\":\"ListItem\",\"position\":2,\"name\":\"Produits\",\"item\":\"https:\\\/\\\/europelab.ca\\\/fr\\\/shop\\\/\"},{\"@type\":\"ListItem\",\"position\":3,\"name\":\"S\u00e9rum R\u00e9tinol\"}]},{\"@type\":\"WebSite\",\"@id\":\"https:\\\/\\\/europelab.ca\\\/fr\\\/#website\",\"url\":\"https:\\\/\\\/europelab.ca\\\/fr\\\/\",\"name\":\"Europelab\",\"description\":\"Private Label, Made Simple.\",\"potentialAction\":[{\"@type\":\"SearchAction\",\"target\":{\"@type\":\"EntryPoint\",\"urlTemplate\":\"https:\\\/\\\/europelab.ca\\\/fr\\\/?s={search_term_string}\"},\"query-input\":{\"@type\":\"PropertyValueSpecification\",\"valueRequired\":true,\"valueName\":\"search_term_string\"}}],\"inLanguage\":\"fr-FR\"}]}<\/script>\n<!-- \/ Yoast SEO plugin. -->","yoast_head_json":{"title":"S\u00e9rum R\u00e9tinol - Europelab","description":"Formule exclusive qui aidera \u00e0 r\u00e9duire les signes du vieillissement. Ce traitement avec r\u00e9tinol ne provoque aucune irritation et est id\u00e9al pour les peaux matures pr\u00e9sentant des signes de vieillissement et\/ou de manque de fermet\u00e9. Am\u00e9liore la texture de la peau pour une peau d\u2019apparence plus jeune.","robots":{"index":"index","follow":"follow","max-snippet":"max-snippet:-1","max-image-preview":"max-image-preview:large","max-video-preview":"max-video-preview:-1"},"canonical":"https:\/\/europelab.ca\/fr\/produit\/serum-retinol\/","og_locale":"fr_FR","og_type":"article","og_title":"S\u00e9rum R\u00e9tinol - Europelab","og_description":"Formule exclusive qui aidera \u00e0 r\u00e9duire les signes du vieillissement. Ce traitement avec r\u00e9tinol ne provoque aucune irritation et est id\u00e9al pour les peaux matures pr\u00e9sentant des signes de vieillissement et\/ou de manque de fermet\u00e9. Am\u00e9liore la texture de la peau pour une peau d\u2019apparence plus jeune.","og_url":"https:\/\/europelab.ca\/fr\/produit\/serum-retinol\/","og_site_name":"Europelab","article_modified_time":"2021-11-16T14:35:32+00:00","og_image":[{"width":1200,"height":1200,"url":"https:\/\/europelab.ca\/wp-content\/uploads\/2021\/09\/Retinol-Serum.jpg","type":"image\/jpeg"}],"twitter_card":"summary_large_image","schema":{"@context":"https:\/\/schema.org","@graph":[{"@type":"WebPage","@id":"https:\/\/europelab.ca\/fr\/produit\/serum-retinol\/","url":"https:\/\/europelab.ca\/fr\/produit\/serum-retinol\/","name":"S\u00e9rum R\u00e9tinol - Europelab","isPartOf":{"@id":"https:\/\/europelab.ca\/fr\/#website"},"primaryImageOfPage":{"@id":"https:\/\/europelab.ca\/fr\/produit\/serum-retinol\/#primaryimage"},"image":{"@id":"https:\/\/europelab.ca\/fr\/produit\/serum-retinol\/#primaryimage"},"thumbnailUrl":"https:\/\/europelab.ca\/wp-content\/uploads\/2021\/09\/Retinol-Serum.jpg","datePublished":"2021-09-07T20:01:18+00:00","dateModified":"2021-11-16T14:35:32+00:00","description":"Formule exclusive qui aidera \u00e0 r\u00e9duire les signes du vieillissement. Ce traitement avec r\u00e9tinol ne provoque aucune irritation et est id\u00e9al pour les peaux matures pr\u00e9sentant des signes de vieillissement et\/ou de manque de fermet\u00e9. Am\u00e9liore la texture de la peau pour une peau d\u2019apparence plus jeune.","breadcrumb":{"@id":"https:\/\/europelab.ca\/fr\/produit\/serum-retinol\/#breadcrumb"},"inLanguage":"fr-FR","potentialAction":[{"@type":"ReadAction","target":["https:\/\/europelab.ca\/fr\/produit\/serum-retinol\/"]}]},{"@type":"ImageObject","inLanguage":"fr-FR","@id":"https:\/\/europelab.ca\/fr\/produit\/serum-retinol\/#primaryimage","url":"https:\/\/europelab.ca\/wp-content\/uploads\/2021\/09\/Retinol-Serum.jpg","contentUrl":"https:\/\/europelab.ca\/wp-content\/uploads\/2021\/09\/Retinol-Serum.jpg","width":1200,"height":1200,"caption":"S\u00e9rum R\u00e9tinol"},{"@type":"BreadcrumbList","@id":"https:\/\/europelab.ca\/fr\/produit\/serum-retinol\/#breadcrumb","itemListElement":[{"@type":"ListItem","position":1,"name":"Accueil","item":"https:\/\/europelab.ca\/fr\/"},{"@type":"ListItem","position":2,"name":"Produits","item":"https:\/\/europelab.ca\/fr\/shop\/"},{"@type":"ListItem","position":3,"name":"S\u00e9rum R\u00e9tinol"}]},{"@type":"WebSite","@id":"https:\/\/europelab.ca\/fr\/#website","url":"https:\/\/europelab.ca\/fr\/","name":"Europelab","description":"Private Label, Made Simple.","potentialAction":[{"@type":"SearchAction","target":{"@type":"EntryPoint","urlTemplate":"https:\/\/europelab.ca\/fr\/?s={search_term_string}"},"query-input":{"@type":"PropertyValueSpecification","valueRequired":true,"valueName":"search_term_string"}}],"inLanguage":"fr-FR"}]}},"_links":{"self":[{"href":"https:\/\/europelab.ca\/fr\/wp-json\/wp\/v2\/product\/13724","targetHints":{"allow":["GET"]}}],"collection":[{"href":"https:\/\/europelab.ca\/fr\/wp-json\/wp\/v2\/product"}],"about":[{"href":"https:\/\/europelab.ca\/fr\/wp-json\/wp\/v2\/types\/product"}],"replies":[{"embeddable":true,"href":"https:\/\/europelab.ca\/fr\/wp-json\/wp\/v2\/comments?post=13724"}],"wp:featuredmedia":[{"embeddable":true,"href":"https:\/\/europelab.ca\/fr\/wp-json\/wp\/v2\/media\/13275"}],"wp:attachment":[{"href":"https:\/\/europelab.ca\/fr\/wp-json\/wp\/v2\/media?parent=13724"}],"wp:term":[{"taxonomy":"product_brand","embeddable":true,"href":"https:\/\/europelab.ca\/fr\/wp-json\/wp\/v2\/product_brand?post=13724"},{"taxonomy":"product_cat","embeddable":true,"href":"https:\/\/europelab.ca\/fr\/wp-json\/wp\/v2\/product_cat?post=13724"},{"taxonomy":"product_tag","embeddable":true,"href":"https:\/\/europelab.ca\/fr\/wp-json\/wp\/v2\/product_tag?post=13724"}],"curies":[{"name":"wp","href":"https:\/\/api.w.org\/{rel}","templated":true}]}}