{"id":13722,"date":"2021-03-08T16:51:10","date_gmt":"2021-03-08T16:51:10","guid":{"rendered":"https:\/\/elabpl.wpengine.com\/product\/toner-acne-prone-skin\/"},"modified":"2025-09-28T17:10:04","modified_gmt":"2025-09-28T17:10:04","slug":"tonique-peaux-acneique","status":"publish","type":"product","link":"https:\/\/europelab.ca\/fr\/produit\/tonique-peaux-acneique\/","title":{"rendered":"Tonique | Peaux Acn\u00e9ique"},"content":{"rendered":"<p>Pour un usage quotidien, apr\u00e8s le nettoyage du visage. Vaporiser sur le visage et le cou ou appliquer le produit \u00e0 l\u2019aide d\u2019un coton. Terminer par l\u2019application des produits de soins appropri\u00e9s \u00e0 votre type de peau. Pour un usage externe seulement. \u00c9viter tout contact avec les yeux.<\/p>\n","protected":false},"excerpt":{"rendered":"<p>Sans alcool, ce tonique pour peau sujette \u00e0 l\u2019acn\u00e9 est id\u00e9al pour les peaux grasses et impures. Ses propri\u00e9t\u00e9s apaisantes et antiseptiques, aident \u00e0 neutraliser et \u00e0 \u00e9liminer toutes les impuret\u00e9s sans dess\u00e9cher la peau. Cette formule aide \u00e0 restaurer le pH physiologique de la peau pour un teint sain et \u00e9clatant.<\/p>\n","protected":false},"featured_media":14692,"comment_status":"closed","ping_status":"closed","template":"","meta":[],"product_brand":[],"product_cat":[130,117,121],"product_tag":[],"class_list":{"0":"post-13722","1":"product","2":"type-product","3":"status-publish","4":"has-post-thumbnail","6":"product_cat-acne-fr","7":"product_cat-collection-classique","8":"product_cat-toniques","10":"first","11":"instock","12":"sold-individually","13":"taxable","14":"shipping-taxable","15":"product-type-simple"},"yoast_head":"<!-- This site is optimized with the Yoast SEO plugin v27.5 - https:\/\/yoast.com\/product\/yoast-seo-wordpress\/ -->\n<title>Tonique | Peaux Acn\u00e9ique - Europelab<\/title>\n<meta name=\"description\" content=\"Sans alcool, ce tonique pour peau sujette \u00e0 l\u2019acn\u00e9 est id\u00e9al pour les peaux grasses et impures. Ses propri\u00e9t\u00e9s apaisantes et antiseptiques, aident \u00e0 neutraliser et \u00e0 \u00e9liminer toutes les impuret\u00e9s sans dess\u00e9cher la peau. Cette formule aide \u00e0 restaurer le pH physiologique de la peau pour un teint sain et \u00e9clatant.\" \/>\n<meta name=\"robots\" content=\"index, follow, max-snippet:-1, max-image-preview:large, max-video-preview:-1\" \/>\n<link rel=\"canonical\" href=\"https:\/\/europelab.ca\/fr\/produit\/tonique-peaux-acneique\/\" \/>\n<meta property=\"og:locale\" content=\"fr_FR\" \/>\n<meta property=\"og:type\" content=\"article\" \/>\n<meta property=\"og:title\" content=\"Tonique | Peaux Acn\u00e9ique - Europelab\" \/>\n<meta property=\"og:description\" content=\"Sans alcool, ce tonique pour peau sujette \u00e0 l\u2019acn\u00e9 est id\u00e9al pour les peaux grasses et impures. Ses propri\u00e9t\u00e9s apaisantes et antiseptiques, aident \u00e0 neutraliser et \u00e0 \u00e9liminer toutes les impuret\u00e9s sans dess\u00e9cher la peau. Cette formule aide \u00e0 restaurer le pH physiologique de la peau pour un teint sain et \u00e9clatant.\" \/>\n<meta property=\"og:url\" content=\"https:\/\/europelab.ca\/fr\/produit\/tonique-peaux-acneique\/\" \/>\n<meta property=\"og:site_name\" content=\"Europelab\" \/>\n<meta property=\"article:modified_time\" content=\"2025-09-28T17:10:04+00:00\" \/>\n<meta property=\"og:image\" content=\"https:\/\/europelab.ca\/wp-content\/uploads\/2023\/11\/Toner-Acne.jpg\" \/>\n\t<meta property=\"og:image:width\" content=\"1200\" \/>\n\t<meta property=\"og:image:height\" content=\"1200\" \/>\n\t<meta property=\"og:image:type\" content=\"image\/jpeg\" \/>\n<meta name=\"twitter:card\" content=\"summary_large_image\" \/>\n<script type=\"application\/ld+json\" class=\"yoast-schema-graph\">{\"@context\":\"https:\\\/\\\/schema.org\",\"@graph\":[{\"@type\":\"WebPage\",\"@id\":\"https:\\\/\\\/europelab.ca\\\/fr\\\/produit\\\/tonique-peaux-acneique\\\/\",\"url\":\"https:\\\/\\\/europelab.ca\\\/fr\\\/produit\\\/tonique-peaux-acneique\\\/\",\"name\":\"Tonique | Peaux Acn\u00e9ique - Europelab\",\"isPartOf\":{\"@id\":\"https:\\\/\\\/europelab.ca\\\/fr\\\/#website\"},\"primaryImageOfPage\":{\"@id\":\"https:\\\/\\\/europelab.ca\\\/fr\\\/produit\\\/tonique-peaux-acneique\\\/#primaryimage\"},\"image\":{\"@id\":\"https:\\\/\\\/europelab.ca\\\/fr\\\/produit\\\/tonique-peaux-acneique\\\/#primaryimage\"},\"thumbnailUrl\":\"https:\\\/\\\/europelab.ca\\\/wp-content\\\/uploads\\\/2023\\\/11\\\/Toner-Acne.jpg\",\"datePublished\":\"2021-03-08T16:51:10+00:00\",\"dateModified\":\"2025-09-28T17:10:04+00:00\",\"description\":\"Sans alcool, ce tonique pour peau sujette \u00e0 l\u2019acn\u00e9 est id\u00e9al pour les peaux grasses et impures. Ses propri\u00e9t\u00e9s apaisantes et antiseptiques, aident \u00e0 neutraliser et \u00e0 \u00e9liminer toutes les impuret\u00e9s sans dess\u00e9cher la peau. Cette formule aide \u00e0 restaurer le pH physiologique de la peau pour un teint sain et \u00e9clatant.\",\"breadcrumb\":{\"@id\":\"https:\\\/\\\/europelab.ca\\\/fr\\\/produit\\\/tonique-peaux-acneique\\\/#breadcrumb\"},\"inLanguage\":\"fr-FR\",\"potentialAction\":[{\"@type\":\"ReadAction\",\"target\":[\"https:\\\/\\\/europelab.ca\\\/fr\\\/produit\\\/tonique-peaux-acneique\\\/\"]}]},{\"@type\":\"ImageObject\",\"inLanguage\":\"fr-FR\",\"@id\":\"https:\\\/\\\/europelab.ca\\\/fr\\\/produit\\\/tonique-peaux-acneique\\\/#primaryimage\",\"url\":\"https:\\\/\\\/europelab.ca\\\/wp-content\\\/uploads\\\/2023\\\/11\\\/Toner-Acne.jpg\",\"contentUrl\":\"https:\\\/\\\/europelab.ca\\\/wp-content\\\/uploads\\\/2023\\\/11\\\/Toner-Acne.jpg\",\"width\":1200,\"height\":1200,\"caption\":\"Tonique | Peaux Acn\u00e9ique\"},{\"@type\":\"BreadcrumbList\",\"@id\":\"https:\\\/\\\/europelab.ca\\\/fr\\\/produit\\\/tonique-peaux-acneique\\\/#breadcrumb\",\"itemListElement\":[{\"@type\":\"ListItem\",\"position\":1,\"name\":\"Accueil\",\"item\":\"https:\\\/\\\/europelab.ca\\\/fr\\\/\"},{\"@type\":\"ListItem\",\"position\":2,\"name\":\"Produits\",\"item\":\"https:\\\/\\\/europelab.ca\\\/fr\\\/shop\\\/\"},{\"@type\":\"ListItem\",\"position\":3,\"name\":\"Tonique | Peaux Acn\u00e9ique\"}]},{\"@type\":\"WebSite\",\"@id\":\"https:\\\/\\\/europelab.ca\\\/fr\\\/#website\",\"url\":\"https:\\\/\\\/europelab.ca\\\/fr\\\/\",\"name\":\"Europelab\",\"description\":\"Private Label, Made Simple.\",\"potentialAction\":[{\"@type\":\"SearchAction\",\"target\":{\"@type\":\"EntryPoint\",\"urlTemplate\":\"https:\\\/\\\/europelab.ca\\\/fr\\\/?s={search_term_string}\"},\"query-input\":{\"@type\":\"PropertyValueSpecification\",\"valueRequired\":true,\"valueName\":\"search_term_string\"}}],\"inLanguage\":\"fr-FR\"}]}<\/script>\n<!-- \/ Yoast SEO plugin. -->","yoast_head_json":{"title":"Tonique | Peaux Acn\u00e9ique - Europelab","description":"Sans alcool, ce tonique pour peau sujette \u00e0 l\u2019acn\u00e9 est id\u00e9al pour les peaux grasses et impures. Ses propri\u00e9t\u00e9s apaisantes et antiseptiques, aident \u00e0 neutraliser et \u00e0 \u00e9liminer toutes les impuret\u00e9s sans dess\u00e9cher la peau. Cette formule aide \u00e0 restaurer le pH physiologique de la peau pour un teint sain et \u00e9clatant.","robots":{"index":"index","follow":"follow","max-snippet":"max-snippet:-1","max-image-preview":"max-image-preview:large","max-video-preview":"max-video-preview:-1"},"canonical":"https:\/\/europelab.ca\/fr\/produit\/tonique-peaux-acneique\/","og_locale":"fr_FR","og_type":"article","og_title":"Tonique | Peaux Acn\u00e9ique - Europelab","og_description":"Sans alcool, ce tonique pour peau sujette \u00e0 l\u2019acn\u00e9 est id\u00e9al pour les peaux grasses et impures. Ses propri\u00e9t\u00e9s apaisantes et antiseptiques, aident \u00e0 neutraliser et \u00e0 \u00e9liminer toutes les impuret\u00e9s sans dess\u00e9cher la peau. Cette formule aide \u00e0 restaurer le pH physiologique de la peau pour un teint sain et \u00e9clatant.","og_url":"https:\/\/europelab.ca\/fr\/produit\/tonique-peaux-acneique\/","og_site_name":"Europelab","article_modified_time":"2025-09-28T17:10:04+00:00","og_image":[{"width":1200,"height":1200,"url":"https:\/\/europelab.ca\/wp-content\/uploads\/2023\/11\/Toner-Acne.jpg","type":"image\/jpeg"}],"twitter_card":"summary_large_image","schema":{"@context":"https:\/\/schema.org","@graph":[{"@type":"WebPage","@id":"https:\/\/europelab.ca\/fr\/produit\/tonique-peaux-acneique\/","url":"https:\/\/europelab.ca\/fr\/produit\/tonique-peaux-acneique\/","name":"Tonique | Peaux Acn\u00e9ique - Europelab","isPartOf":{"@id":"https:\/\/europelab.ca\/fr\/#website"},"primaryImageOfPage":{"@id":"https:\/\/europelab.ca\/fr\/produit\/tonique-peaux-acneique\/#primaryimage"},"image":{"@id":"https:\/\/europelab.ca\/fr\/produit\/tonique-peaux-acneique\/#primaryimage"},"thumbnailUrl":"https:\/\/europelab.ca\/wp-content\/uploads\/2023\/11\/Toner-Acne.jpg","datePublished":"2021-03-08T16:51:10+00:00","dateModified":"2025-09-28T17:10:04+00:00","description":"Sans alcool, ce tonique pour peau sujette \u00e0 l\u2019acn\u00e9 est id\u00e9al pour les peaux grasses et impures. Ses propri\u00e9t\u00e9s apaisantes et antiseptiques, aident \u00e0 neutraliser et \u00e0 \u00e9liminer toutes les impuret\u00e9s sans dess\u00e9cher la peau. Cette formule aide \u00e0 restaurer le pH physiologique de la peau pour un teint sain et \u00e9clatant.","breadcrumb":{"@id":"https:\/\/europelab.ca\/fr\/produit\/tonique-peaux-acneique\/#breadcrumb"},"inLanguage":"fr-FR","potentialAction":[{"@type":"ReadAction","target":["https:\/\/europelab.ca\/fr\/produit\/tonique-peaux-acneique\/"]}]},{"@type":"ImageObject","inLanguage":"fr-FR","@id":"https:\/\/europelab.ca\/fr\/produit\/tonique-peaux-acneique\/#primaryimage","url":"https:\/\/europelab.ca\/wp-content\/uploads\/2023\/11\/Toner-Acne.jpg","contentUrl":"https:\/\/europelab.ca\/wp-content\/uploads\/2023\/11\/Toner-Acne.jpg","width":1200,"height":1200,"caption":"Tonique | Peaux Acn\u00e9ique"},{"@type":"BreadcrumbList","@id":"https:\/\/europelab.ca\/fr\/produit\/tonique-peaux-acneique\/#breadcrumb","itemListElement":[{"@type":"ListItem","position":1,"name":"Accueil","item":"https:\/\/europelab.ca\/fr\/"},{"@type":"ListItem","position":2,"name":"Produits","item":"https:\/\/europelab.ca\/fr\/shop\/"},{"@type":"ListItem","position":3,"name":"Tonique | Peaux Acn\u00e9ique"}]},{"@type":"WebSite","@id":"https:\/\/europelab.ca\/fr\/#website","url":"https:\/\/europelab.ca\/fr\/","name":"Europelab","description":"Private Label, Made Simple.","potentialAction":[{"@type":"SearchAction","target":{"@type":"EntryPoint","urlTemplate":"https:\/\/europelab.ca\/fr\/?s={search_term_string}"},"query-input":{"@type":"PropertyValueSpecification","valueRequired":true,"valueName":"search_term_string"}}],"inLanguage":"fr-FR"}]}},"_links":{"self":[{"href":"https:\/\/europelab.ca\/fr\/wp-json\/wp\/v2\/product\/13722","targetHints":{"allow":["GET"]}}],"collection":[{"href":"https:\/\/europelab.ca\/fr\/wp-json\/wp\/v2\/product"}],"about":[{"href":"https:\/\/europelab.ca\/fr\/wp-json\/wp\/v2\/types\/product"}],"replies":[{"embeddable":true,"href":"https:\/\/europelab.ca\/fr\/wp-json\/wp\/v2\/comments?post=13722"}],"wp:featuredmedia":[{"embeddable":true,"href":"https:\/\/europelab.ca\/fr\/wp-json\/wp\/v2\/media\/14692"}],"wp:attachment":[{"href":"https:\/\/europelab.ca\/fr\/wp-json\/wp\/v2\/media?parent=13722"}],"wp:term":[{"taxonomy":"product_brand","embeddable":true,"href":"https:\/\/europelab.ca\/fr\/wp-json\/wp\/v2\/product_brand?post=13722"},{"taxonomy":"product_cat","embeddable":true,"href":"https:\/\/europelab.ca\/fr\/wp-json\/wp\/v2\/product_cat?post=13722"},{"taxonomy":"product_tag","embeddable":true,"href":"https:\/\/europelab.ca\/fr\/wp-json\/wp\/v2\/product_tag?post=13722"}],"curies":[{"name":"wp","href":"https:\/\/api.w.org\/{rel}","templated":true}]}}