{"id":13711,"date":"2021-09-07T20:02:26","date_gmt":"2021-09-07T20:02:26","guid":{"rendered":"https:\/\/elabpl.wpengine.com\/product\/repair-oil-signature-scent\/"},"modified":"2025-09-28T16:25:49","modified_gmt":"2025-09-28T16:25:49","slug":"huile-reparatrice-fragrance-signature","status":"publish","type":"product","link":"https:\/\/europelab.ca\/fr\/produit\/huile-reparatrice-fragrance-signature\/","title":{"rendered":"Huile R\u00e9paratrice | Fragrance Signature"},"content":{"rendered":"<p>Appliquer uniform\u00e9ment le matin et\/ou le soir sur le visage et le cou parfaitement nettoy\u00e9s. Masser jusqu\u2019\u00e0 p\u00e9n\u00e9tration compl\u00e8te du produit. Terminer par l\u2019application de la cr\u00e8me appropri\u00e9e au type de peau. Pour un usage externe seulement. \u00c9viter tout contact avec les yeux.<\/p>\n","protected":false},"excerpt":{"rendered":"<p>L\u2019huile r\u00e9paratrice \u00e0 l\u2019ar\u00f4me signature est id\u00e9ale pour les peaux matures d\u00e9vitalis\u00e9es, les cicatrices et les br\u00fblures. Riche en acides gras essentiels et en ingr\u00e9dients restructurant, ce traitement stimule le renouvellement cellulaire pour une peau enti\u00e8rement r\u00e9par\u00e9e et r\u00e9g\u00e9n\u00e9r\u00e9e. Antioxydante et adoucissante, cette huile forme un voile protecteur \u00e0 la surface de la peau pour apporter une douceur incomparable.<\/p>\n","protected":false},"featured_media":14886,"comment_status":"closed","ping_status":"closed","template":"","meta":[],"product_brand":[],"product_cat":[131,117,139,132,133,123],"product_tag":[],"class_list":{"0":"post-13711","1":"product","2":"type-product","3":"status-publish","4":"has-post-thumbnail","6":"product_cat-acne-rosacee","7":"product_cat-collection-classique","8":"product_cat-peau-mature-lache","9":"product_cat-peau-normale-sensible-rosacee","10":"product_cat-peau-seche","11":"product_cat-serums-et-huiles","13":"first","14":"instock","15":"sold-individually","16":"taxable","17":"shipping-taxable","18":"product-type-simple"},"yoast_head":"<!-- This site is optimized with the Yoast SEO plugin v27.4 - https:\/\/yoast.com\/product\/yoast-seo-wordpress\/ -->\n<title>Huile R\u00e9paratrice | Fragrance Signature - Europelab<\/title>\n<meta name=\"description\" content=\"L\u2019huile r\u00e9paratrice \u00e0 l\u2019ar\u00f4me signature est id\u00e9ale pour les peaux matures d\u00e9vitalis\u00e9es, les cicatrices et les br\u00fblures. Riche en acides gras essentiels et en ingr\u00e9dients restructurant, ce traitement stimule le renouvellement cellulaire pour une peau enti\u00e8rement r\u00e9par\u00e9e et r\u00e9g\u00e9n\u00e9r\u00e9e. Antioxydante et adoucissante, cette huile forme un voile protecteur \u00e0 la surface de la peau pour apporter une douceur incomparable.\" \/>\n<meta name=\"robots\" content=\"index, follow, max-snippet:-1, max-image-preview:large, max-video-preview:-1\" \/>\n<link rel=\"canonical\" href=\"https:\/\/europelab.ca\/fr\/produit\/huile-reparatrice-fragrance-signature\/\" \/>\n<meta property=\"og:locale\" content=\"fr_FR\" \/>\n<meta property=\"og:type\" content=\"article\" \/>\n<meta property=\"og:title\" content=\"Huile R\u00e9paratrice | Fragrance Signature - Europelab\" \/>\n<meta property=\"og:description\" content=\"L\u2019huile r\u00e9paratrice \u00e0 l\u2019ar\u00f4me signature est id\u00e9ale pour les peaux matures d\u00e9vitalis\u00e9es, les cicatrices et les br\u00fblures. Riche en acides gras essentiels et en ingr\u00e9dients restructurant, ce traitement stimule le renouvellement cellulaire pour une peau enti\u00e8rement r\u00e9par\u00e9e et r\u00e9g\u00e9n\u00e9r\u00e9e. Antioxydante et adoucissante, cette huile forme un voile protecteur \u00e0 la surface de la peau pour apporter une douceur incomparable.\" \/>\n<meta property=\"og:url\" content=\"https:\/\/europelab.ca\/fr\/produit\/huile-reparatrice-fragrance-signature\/\" \/>\n<meta property=\"og:site_name\" content=\"Europelab\" \/>\n<meta property=\"article:modified_time\" content=\"2025-09-28T16:25:49+00:00\" \/>\n<meta property=\"og:image\" content=\"https:\/\/europelab.ca\/wp-content\/uploads\/2025\/09\/W_CLASSIC-COLLECTION_2025_R3-4200-P_Repairing-Oil-30ml.jpg\" \/>\n\t<meta property=\"og:image:width\" content=\"1200\" \/>\n\t<meta property=\"og:image:height\" content=\"1200\" \/>\n\t<meta property=\"og:image:type\" content=\"image\/jpeg\" \/>\n<meta name=\"twitter:card\" content=\"summary_large_image\" \/>\n<script type=\"application\/ld+json\" class=\"yoast-schema-graph\">{\"@context\":\"https:\\\/\\\/schema.org\",\"@graph\":[{\"@type\":\"WebPage\",\"@id\":\"https:\\\/\\\/europelab.ca\\\/fr\\\/produit\\\/huile-reparatrice-fragrance-signature\\\/\",\"url\":\"https:\\\/\\\/europelab.ca\\\/fr\\\/produit\\\/huile-reparatrice-fragrance-signature\\\/\",\"name\":\"Huile R\u00e9paratrice | Fragrance Signature - Europelab\",\"isPartOf\":{\"@id\":\"https:\\\/\\\/europelab.ca\\\/fr\\\/#website\"},\"primaryImageOfPage\":{\"@id\":\"https:\\\/\\\/europelab.ca\\\/fr\\\/produit\\\/huile-reparatrice-fragrance-signature\\\/#primaryimage\"},\"image\":{\"@id\":\"https:\\\/\\\/europelab.ca\\\/fr\\\/produit\\\/huile-reparatrice-fragrance-signature\\\/#primaryimage\"},\"thumbnailUrl\":\"https:\\\/\\\/europelab.ca\\\/wp-content\\\/uploads\\\/2025\\\/09\\\/W_CLASSIC-COLLECTION_2025_R3-4200-P_Repairing-Oil-30ml.jpg\",\"datePublished\":\"2021-09-07T20:02:26+00:00\",\"dateModified\":\"2025-09-28T16:25:49+00:00\",\"description\":\"L\u2019huile r\u00e9paratrice \u00e0 l\u2019ar\u00f4me signature est id\u00e9ale pour les peaux matures d\u00e9vitalis\u00e9es, les cicatrices et les br\u00fblures. Riche en acides gras essentiels et en ingr\u00e9dients restructurant, ce traitement stimule le renouvellement cellulaire pour une peau enti\u00e8rement r\u00e9par\u00e9e et r\u00e9g\u00e9n\u00e9r\u00e9e. Antioxydante et adoucissante, cette huile forme un voile protecteur \u00e0 la surface de la peau pour apporter une douceur incomparable.\",\"breadcrumb\":{\"@id\":\"https:\\\/\\\/europelab.ca\\\/fr\\\/produit\\\/huile-reparatrice-fragrance-signature\\\/#breadcrumb\"},\"inLanguage\":\"fr-FR\",\"potentialAction\":[{\"@type\":\"ReadAction\",\"target\":[\"https:\\\/\\\/europelab.ca\\\/fr\\\/produit\\\/huile-reparatrice-fragrance-signature\\\/\"]}]},{\"@type\":\"ImageObject\",\"inLanguage\":\"fr-FR\",\"@id\":\"https:\\\/\\\/europelab.ca\\\/fr\\\/produit\\\/huile-reparatrice-fragrance-signature\\\/#primaryimage\",\"url\":\"https:\\\/\\\/europelab.ca\\\/wp-content\\\/uploads\\\/2025\\\/09\\\/W_CLASSIC-COLLECTION_2025_R3-4200-P_Repairing-Oil-30ml.jpg\",\"contentUrl\":\"https:\\\/\\\/europelab.ca\\\/wp-content\\\/uploads\\\/2025\\\/09\\\/W_CLASSIC-COLLECTION_2025_R3-4200-P_Repairing-Oil-30ml.jpg\",\"width\":1200,\"height\":1200,\"caption\":\"Huile R\u00e9paratrice | Fragrance Signature\"},{\"@type\":\"BreadcrumbList\",\"@id\":\"https:\\\/\\\/europelab.ca\\\/fr\\\/produit\\\/huile-reparatrice-fragrance-signature\\\/#breadcrumb\",\"itemListElement\":[{\"@type\":\"ListItem\",\"position\":1,\"name\":\"Accueil\",\"item\":\"https:\\\/\\\/europelab.ca\\\/fr\\\/\"},{\"@type\":\"ListItem\",\"position\":2,\"name\":\"Produits\",\"item\":\"https:\\\/\\\/europelab.ca\\\/fr\\\/shop\\\/\"},{\"@type\":\"ListItem\",\"position\":3,\"name\":\"Huile R\u00e9paratrice | Fragrance Signature\"}]},{\"@type\":\"WebSite\",\"@id\":\"https:\\\/\\\/europelab.ca\\\/fr\\\/#website\",\"url\":\"https:\\\/\\\/europelab.ca\\\/fr\\\/\",\"name\":\"Europelab\",\"description\":\"Private Label, Made Simple.\",\"potentialAction\":[{\"@type\":\"SearchAction\",\"target\":{\"@type\":\"EntryPoint\",\"urlTemplate\":\"https:\\\/\\\/europelab.ca\\\/fr\\\/?s={search_term_string}\"},\"query-input\":{\"@type\":\"PropertyValueSpecification\",\"valueRequired\":true,\"valueName\":\"search_term_string\"}}],\"inLanguage\":\"fr-FR\"}]}<\/script>\n<!-- \/ Yoast SEO plugin. -->","yoast_head_json":{"title":"Huile R\u00e9paratrice | Fragrance Signature - Europelab","description":"L\u2019huile r\u00e9paratrice \u00e0 l\u2019ar\u00f4me signature est id\u00e9ale pour les peaux matures d\u00e9vitalis\u00e9es, les cicatrices et les br\u00fblures. Riche en acides gras essentiels et en ingr\u00e9dients restructurant, ce traitement stimule le renouvellement cellulaire pour une peau enti\u00e8rement r\u00e9par\u00e9e et r\u00e9g\u00e9n\u00e9r\u00e9e. Antioxydante et adoucissante, cette huile forme un voile protecteur \u00e0 la surface de la peau pour apporter une douceur incomparable.","robots":{"index":"index","follow":"follow","max-snippet":"max-snippet:-1","max-image-preview":"max-image-preview:large","max-video-preview":"max-video-preview:-1"},"canonical":"https:\/\/europelab.ca\/fr\/produit\/huile-reparatrice-fragrance-signature\/","og_locale":"fr_FR","og_type":"article","og_title":"Huile R\u00e9paratrice | Fragrance Signature - Europelab","og_description":"L\u2019huile r\u00e9paratrice \u00e0 l\u2019ar\u00f4me signature est id\u00e9ale pour les peaux matures d\u00e9vitalis\u00e9es, les cicatrices et les br\u00fblures. Riche en acides gras essentiels et en ingr\u00e9dients restructurant, ce traitement stimule le renouvellement cellulaire pour une peau enti\u00e8rement r\u00e9par\u00e9e et r\u00e9g\u00e9n\u00e9r\u00e9e. Antioxydante et adoucissante, cette huile forme un voile protecteur \u00e0 la surface de la peau pour apporter une douceur incomparable.","og_url":"https:\/\/europelab.ca\/fr\/produit\/huile-reparatrice-fragrance-signature\/","og_site_name":"Europelab","article_modified_time":"2025-09-28T16:25:49+00:00","og_image":[{"width":1200,"height":1200,"url":"https:\/\/europelab.ca\/wp-content\/uploads\/2025\/09\/W_CLASSIC-COLLECTION_2025_R3-4200-P_Repairing-Oil-30ml.jpg","type":"image\/jpeg"}],"twitter_card":"summary_large_image","schema":{"@context":"https:\/\/schema.org","@graph":[{"@type":"WebPage","@id":"https:\/\/europelab.ca\/fr\/produit\/huile-reparatrice-fragrance-signature\/","url":"https:\/\/europelab.ca\/fr\/produit\/huile-reparatrice-fragrance-signature\/","name":"Huile R\u00e9paratrice | Fragrance Signature - Europelab","isPartOf":{"@id":"https:\/\/europelab.ca\/fr\/#website"},"primaryImageOfPage":{"@id":"https:\/\/europelab.ca\/fr\/produit\/huile-reparatrice-fragrance-signature\/#primaryimage"},"image":{"@id":"https:\/\/europelab.ca\/fr\/produit\/huile-reparatrice-fragrance-signature\/#primaryimage"},"thumbnailUrl":"https:\/\/europelab.ca\/wp-content\/uploads\/2025\/09\/W_CLASSIC-COLLECTION_2025_R3-4200-P_Repairing-Oil-30ml.jpg","datePublished":"2021-09-07T20:02:26+00:00","dateModified":"2025-09-28T16:25:49+00:00","description":"L\u2019huile r\u00e9paratrice \u00e0 l\u2019ar\u00f4me signature est id\u00e9ale pour les peaux matures d\u00e9vitalis\u00e9es, les cicatrices et les br\u00fblures. Riche en acides gras essentiels et en ingr\u00e9dients restructurant, ce traitement stimule le renouvellement cellulaire pour une peau enti\u00e8rement r\u00e9par\u00e9e et r\u00e9g\u00e9n\u00e9r\u00e9e. Antioxydante et adoucissante, cette huile forme un voile protecteur \u00e0 la surface de la peau pour apporter une douceur incomparable.","breadcrumb":{"@id":"https:\/\/europelab.ca\/fr\/produit\/huile-reparatrice-fragrance-signature\/#breadcrumb"},"inLanguage":"fr-FR","potentialAction":[{"@type":"ReadAction","target":["https:\/\/europelab.ca\/fr\/produit\/huile-reparatrice-fragrance-signature\/"]}]},{"@type":"ImageObject","inLanguage":"fr-FR","@id":"https:\/\/europelab.ca\/fr\/produit\/huile-reparatrice-fragrance-signature\/#primaryimage","url":"https:\/\/europelab.ca\/wp-content\/uploads\/2025\/09\/W_CLASSIC-COLLECTION_2025_R3-4200-P_Repairing-Oil-30ml.jpg","contentUrl":"https:\/\/europelab.ca\/wp-content\/uploads\/2025\/09\/W_CLASSIC-COLLECTION_2025_R3-4200-P_Repairing-Oil-30ml.jpg","width":1200,"height":1200,"caption":"Huile R\u00e9paratrice | Fragrance Signature"},{"@type":"BreadcrumbList","@id":"https:\/\/europelab.ca\/fr\/produit\/huile-reparatrice-fragrance-signature\/#breadcrumb","itemListElement":[{"@type":"ListItem","position":1,"name":"Accueil","item":"https:\/\/europelab.ca\/fr\/"},{"@type":"ListItem","position":2,"name":"Produits","item":"https:\/\/europelab.ca\/fr\/shop\/"},{"@type":"ListItem","position":3,"name":"Huile R\u00e9paratrice | Fragrance Signature"}]},{"@type":"WebSite","@id":"https:\/\/europelab.ca\/fr\/#website","url":"https:\/\/europelab.ca\/fr\/","name":"Europelab","description":"Private Label, Made Simple.","potentialAction":[{"@type":"SearchAction","target":{"@type":"EntryPoint","urlTemplate":"https:\/\/europelab.ca\/fr\/?s={search_term_string}"},"query-input":{"@type":"PropertyValueSpecification","valueRequired":true,"valueName":"search_term_string"}}],"inLanguage":"fr-FR"}]}},"_links":{"self":[{"href":"https:\/\/europelab.ca\/fr\/wp-json\/wp\/v2\/product\/13711","targetHints":{"allow":["GET"]}}],"collection":[{"href":"https:\/\/europelab.ca\/fr\/wp-json\/wp\/v2\/product"}],"about":[{"href":"https:\/\/europelab.ca\/fr\/wp-json\/wp\/v2\/types\/product"}],"replies":[{"embeddable":true,"href":"https:\/\/europelab.ca\/fr\/wp-json\/wp\/v2\/comments?post=13711"}],"wp:featuredmedia":[{"embeddable":true,"href":"https:\/\/europelab.ca\/fr\/wp-json\/wp\/v2\/media\/14886"}],"wp:attachment":[{"href":"https:\/\/europelab.ca\/fr\/wp-json\/wp\/v2\/media?parent=13711"}],"wp:term":[{"taxonomy":"product_brand","embeddable":true,"href":"https:\/\/europelab.ca\/fr\/wp-json\/wp\/v2\/product_brand?post=13711"},{"taxonomy":"product_cat","embeddable":true,"href":"https:\/\/europelab.ca\/fr\/wp-json\/wp\/v2\/product_cat?post=13711"},{"taxonomy":"product_tag","embeddable":true,"href":"https:\/\/europelab.ca\/fr\/wp-json\/wp\/v2\/product_tag?post=13711"}],"curies":[{"name":"wp","href":"https:\/\/api.w.org\/{rel}","templated":true}]}}