{"id":13707,"date":"2021-09-07T20:10:04","date_gmt":"2021-09-07T20:10:04","guid":{"rendered":"https:\/\/elabpl.wpengine.com\/product\/purifying-moisturizing-gel-acne-prone-skin\/"},"modified":"2025-09-28T15:10:15","modified_gmt":"2025-09-28T15:10:15","slug":"gel-purifiant-hydratante-peaux-acneique","status":"publish","type":"product","link":"https:\/\/europelab.ca\/fr\/produit\/gel-purifiant-hydratante-peaux-acneique\/","title":{"rendered":"Gel Purifiant Hydratante | Peaux Acn\u00e9ique"},"content":{"rendered":"<p>Appliquer localement sur les papules, les pustules, les com\u00e9dons ou les imperfections. \u00c9viter tout contact avec les yeux. Pour un usage externe seulement.<\/p>\n","protected":false},"excerpt":{"rendered":"<p>Le gel hydratant purifiant est sp\u00e9cialement con\u00e7u pour les peaux grasses et impures sujettes \u00e0 l\u2019acn\u00e9. La synergie du zinc PCA et de l\u2019acide salicylique aide \u00e0 \u00e9liminer les cellules mortes et \u00e0 normaliser les s\u00e9cr\u00e9tions s\u00e9bac\u00e9es. Ses propri\u00e9t\u00e9s antiseptiques et anti-inflammatoires r\u00e9v\u00e8lent un teint plus clair et visiblement plus sain.<\/p>\n","protected":false},"featured_media":14882,"comment_status":"closed","ping_status":"closed","template":"","meta":[],"product_brand":[],"product_cat":[130,131,117,124,135,136],"product_tag":[],"class_list":{"0":"post-13707","1":"product","2":"type-product","3":"status-publish","4":"has-post-thumbnail","6":"product_cat-acne-fr","7":"product_cat-acne-rosacee","8":"product_cat-collection-classique","9":"product_cat-cremes","10":"product_cat-peau-grasse","11":"product_cat-peau-mixte","13":"first","14":"instock","15":"sold-individually","16":"taxable","17":"shipping-taxable","18":"product-type-simple"},"yoast_head":"<!-- This site is optimized with the Yoast SEO plugin v27.5 - https:\/\/yoast.com\/product\/yoast-seo-wordpress\/ -->\n<title>Gel Purifiant Hydratante | Peaux Acn\u00e9ique - Europelab<\/title>\n<meta name=\"description\" content=\"Le gel hydratant purifiant est sp\u00e9cialement con\u00e7u pour les peaux grasses et impures sujettes \u00e0 l\u2019acn\u00e9. La synergie du zinc PCA et de l\u2019acide salicylique aide \u00e0 \u00e9liminer les cellules mortes et \u00e0 normaliser les s\u00e9cr\u00e9tions s\u00e9bac\u00e9es. Ses propri\u00e9t\u00e9s antiseptiques et anti-inflammatoires r\u00e9v\u00e8lent un teint plus clair et visiblement plus sain.\" \/>\n<meta name=\"robots\" content=\"index, follow, max-snippet:-1, max-image-preview:large, max-video-preview:-1\" \/>\n<link rel=\"canonical\" href=\"https:\/\/europelab.ca\/fr\/produit\/gel-purifiant-hydratante-peaux-acneique\/\" \/>\n<meta property=\"og:locale\" content=\"fr_FR\" \/>\n<meta property=\"og:type\" content=\"article\" \/>\n<meta property=\"og:title\" content=\"Gel Purifiant Hydratante | Peaux Acn\u00e9ique - Europelab\" \/>\n<meta property=\"og:description\" content=\"Le gel hydratant purifiant est sp\u00e9cialement con\u00e7u pour les peaux grasses et impures sujettes \u00e0 l\u2019acn\u00e9. La synergie du zinc PCA et de l\u2019acide salicylique aide \u00e0 \u00e9liminer les cellules mortes et \u00e0 normaliser les s\u00e9cr\u00e9tions s\u00e9bac\u00e9es. Ses propri\u00e9t\u00e9s antiseptiques et anti-inflammatoires r\u00e9v\u00e8lent un teint plus clair et visiblement plus sain.\" \/>\n<meta property=\"og:url\" content=\"https:\/\/europelab.ca\/fr\/produit\/gel-purifiant-hydratante-peaux-acneique\/\" \/>\n<meta property=\"og:site_name\" content=\"Europelab\" \/>\n<meta property=\"article:modified_time\" content=\"2025-09-28T15:10:15+00:00\" \/>\n<meta property=\"og:image\" content=\"https:\/\/europelab.ca\/wp-content\/uploads\/2025\/09\/W_CLASSIC-COLLECTION_2025_F5-6500-A_Purifying-Acne-Gel-50g.jpg\" \/>\n\t<meta property=\"og:image:width\" content=\"1200\" \/>\n\t<meta property=\"og:image:height\" content=\"1200\" \/>\n\t<meta property=\"og:image:type\" content=\"image\/jpeg\" \/>\n<meta name=\"twitter:card\" content=\"summary_large_image\" \/>\n<script type=\"application\/ld+json\" class=\"yoast-schema-graph\">{\"@context\":\"https:\\\/\\\/schema.org\",\"@graph\":[{\"@type\":\"WebPage\",\"@id\":\"https:\\\/\\\/europelab.ca\\\/fr\\\/produit\\\/gel-purifiant-hydratante-peaux-acneique\\\/\",\"url\":\"https:\\\/\\\/europelab.ca\\\/fr\\\/produit\\\/gel-purifiant-hydratante-peaux-acneique\\\/\",\"name\":\"Gel Purifiant Hydratante | Peaux Acn\u00e9ique - Europelab\",\"isPartOf\":{\"@id\":\"https:\\\/\\\/europelab.ca\\\/fr\\\/#website\"},\"primaryImageOfPage\":{\"@id\":\"https:\\\/\\\/europelab.ca\\\/fr\\\/produit\\\/gel-purifiant-hydratante-peaux-acneique\\\/#primaryimage\"},\"image\":{\"@id\":\"https:\\\/\\\/europelab.ca\\\/fr\\\/produit\\\/gel-purifiant-hydratante-peaux-acneique\\\/#primaryimage\"},\"thumbnailUrl\":\"https:\\\/\\\/europelab.ca\\\/wp-content\\\/uploads\\\/2025\\\/09\\\/W_CLASSIC-COLLECTION_2025_F5-6500-A_Purifying-Acne-Gel-50g.jpg\",\"datePublished\":\"2021-09-07T20:10:04+00:00\",\"dateModified\":\"2025-09-28T15:10:15+00:00\",\"description\":\"Le gel hydratant purifiant est sp\u00e9cialement con\u00e7u pour les peaux grasses et impures sujettes \u00e0 l\u2019acn\u00e9. La synergie du zinc PCA et de l\u2019acide salicylique aide \u00e0 \u00e9liminer les cellules mortes et \u00e0 normaliser les s\u00e9cr\u00e9tions s\u00e9bac\u00e9es. Ses propri\u00e9t\u00e9s antiseptiques et anti-inflammatoires r\u00e9v\u00e8lent un teint plus clair et visiblement plus sain.\",\"breadcrumb\":{\"@id\":\"https:\\\/\\\/europelab.ca\\\/fr\\\/produit\\\/gel-purifiant-hydratante-peaux-acneique\\\/#breadcrumb\"},\"inLanguage\":\"fr-FR\",\"potentialAction\":[{\"@type\":\"ReadAction\",\"target\":[\"https:\\\/\\\/europelab.ca\\\/fr\\\/produit\\\/gel-purifiant-hydratante-peaux-acneique\\\/\"]}]},{\"@type\":\"ImageObject\",\"inLanguage\":\"fr-FR\",\"@id\":\"https:\\\/\\\/europelab.ca\\\/fr\\\/produit\\\/gel-purifiant-hydratante-peaux-acneique\\\/#primaryimage\",\"url\":\"https:\\\/\\\/europelab.ca\\\/wp-content\\\/uploads\\\/2025\\\/09\\\/W_CLASSIC-COLLECTION_2025_F5-6500-A_Purifying-Acne-Gel-50g.jpg\",\"contentUrl\":\"https:\\\/\\\/europelab.ca\\\/wp-content\\\/uploads\\\/2025\\\/09\\\/W_CLASSIC-COLLECTION_2025_F5-6500-A_Purifying-Acne-Gel-50g.jpg\",\"width\":1200,\"height\":1200,\"caption\":\"Gel Purifiant Hydratante | Peaux Acn\u00e9ique\"},{\"@type\":\"BreadcrumbList\",\"@id\":\"https:\\\/\\\/europelab.ca\\\/fr\\\/produit\\\/gel-purifiant-hydratante-peaux-acneique\\\/#breadcrumb\",\"itemListElement\":[{\"@type\":\"ListItem\",\"position\":1,\"name\":\"Accueil\",\"item\":\"https:\\\/\\\/europelab.ca\\\/fr\\\/\"},{\"@type\":\"ListItem\",\"position\":2,\"name\":\"Produits\",\"item\":\"https:\\\/\\\/europelab.ca\\\/fr\\\/shop\\\/\"},{\"@type\":\"ListItem\",\"position\":3,\"name\":\"Gel Purifiant Hydratante | Peaux Acn\u00e9ique\"}]},{\"@type\":\"WebSite\",\"@id\":\"https:\\\/\\\/europelab.ca\\\/fr\\\/#website\",\"url\":\"https:\\\/\\\/europelab.ca\\\/fr\\\/\",\"name\":\"Europelab\",\"description\":\"Private Label, Made Simple.\",\"potentialAction\":[{\"@type\":\"SearchAction\",\"target\":{\"@type\":\"EntryPoint\",\"urlTemplate\":\"https:\\\/\\\/europelab.ca\\\/fr\\\/?s={search_term_string}\"},\"query-input\":{\"@type\":\"PropertyValueSpecification\",\"valueRequired\":true,\"valueName\":\"search_term_string\"}}],\"inLanguage\":\"fr-FR\"}]}<\/script>\n<!-- \/ Yoast SEO plugin. -->","yoast_head_json":{"title":"Gel Purifiant Hydratante | Peaux Acn\u00e9ique - Europelab","description":"Le gel hydratant purifiant est sp\u00e9cialement con\u00e7u pour les peaux grasses et impures sujettes \u00e0 l\u2019acn\u00e9. La synergie du zinc PCA et de l\u2019acide salicylique aide \u00e0 \u00e9liminer les cellules mortes et \u00e0 normaliser les s\u00e9cr\u00e9tions s\u00e9bac\u00e9es. Ses propri\u00e9t\u00e9s antiseptiques et anti-inflammatoires r\u00e9v\u00e8lent un teint plus clair et visiblement plus sain.","robots":{"index":"index","follow":"follow","max-snippet":"max-snippet:-1","max-image-preview":"max-image-preview:large","max-video-preview":"max-video-preview:-1"},"canonical":"https:\/\/europelab.ca\/fr\/produit\/gel-purifiant-hydratante-peaux-acneique\/","og_locale":"fr_FR","og_type":"article","og_title":"Gel Purifiant Hydratante | Peaux Acn\u00e9ique - Europelab","og_description":"Le gel hydratant purifiant est sp\u00e9cialement con\u00e7u pour les peaux grasses et impures sujettes \u00e0 l\u2019acn\u00e9. La synergie du zinc PCA et de l\u2019acide salicylique aide \u00e0 \u00e9liminer les cellules mortes et \u00e0 normaliser les s\u00e9cr\u00e9tions s\u00e9bac\u00e9es. Ses propri\u00e9t\u00e9s antiseptiques et anti-inflammatoires r\u00e9v\u00e8lent un teint plus clair et visiblement plus sain.","og_url":"https:\/\/europelab.ca\/fr\/produit\/gel-purifiant-hydratante-peaux-acneique\/","og_site_name":"Europelab","article_modified_time":"2025-09-28T15:10:15+00:00","og_image":[{"width":1200,"height":1200,"url":"https:\/\/europelab.ca\/wp-content\/uploads\/2025\/09\/W_CLASSIC-COLLECTION_2025_F5-6500-A_Purifying-Acne-Gel-50g.jpg","type":"image\/jpeg"}],"twitter_card":"summary_large_image","schema":{"@context":"https:\/\/schema.org","@graph":[{"@type":"WebPage","@id":"https:\/\/europelab.ca\/fr\/produit\/gel-purifiant-hydratante-peaux-acneique\/","url":"https:\/\/europelab.ca\/fr\/produit\/gel-purifiant-hydratante-peaux-acneique\/","name":"Gel Purifiant Hydratante | Peaux Acn\u00e9ique - Europelab","isPartOf":{"@id":"https:\/\/europelab.ca\/fr\/#website"},"primaryImageOfPage":{"@id":"https:\/\/europelab.ca\/fr\/produit\/gel-purifiant-hydratante-peaux-acneique\/#primaryimage"},"image":{"@id":"https:\/\/europelab.ca\/fr\/produit\/gel-purifiant-hydratante-peaux-acneique\/#primaryimage"},"thumbnailUrl":"https:\/\/europelab.ca\/wp-content\/uploads\/2025\/09\/W_CLASSIC-COLLECTION_2025_F5-6500-A_Purifying-Acne-Gel-50g.jpg","datePublished":"2021-09-07T20:10:04+00:00","dateModified":"2025-09-28T15:10:15+00:00","description":"Le gel hydratant purifiant est sp\u00e9cialement con\u00e7u pour les peaux grasses et impures sujettes \u00e0 l\u2019acn\u00e9. La synergie du zinc PCA et de l\u2019acide salicylique aide \u00e0 \u00e9liminer les cellules mortes et \u00e0 normaliser les s\u00e9cr\u00e9tions s\u00e9bac\u00e9es. Ses propri\u00e9t\u00e9s antiseptiques et anti-inflammatoires r\u00e9v\u00e8lent un teint plus clair et visiblement plus sain.","breadcrumb":{"@id":"https:\/\/europelab.ca\/fr\/produit\/gel-purifiant-hydratante-peaux-acneique\/#breadcrumb"},"inLanguage":"fr-FR","potentialAction":[{"@type":"ReadAction","target":["https:\/\/europelab.ca\/fr\/produit\/gel-purifiant-hydratante-peaux-acneique\/"]}]},{"@type":"ImageObject","inLanguage":"fr-FR","@id":"https:\/\/europelab.ca\/fr\/produit\/gel-purifiant-hydratante-peaux-acneique\/#primaryimage","url":"https:\/\/europelab.ca\/wp-content\/uploads\/2025\/09\/W_CLASSIC-COLLECTION_2025_F5-6500-A_Purifying-Acne-Gel-50g.jpg","contentUrl":"https:\/\/europelab.ca\/wp-content\/uploads\/2025\/09\/W_CLASSIC-COLLECTION_2025_F5-6500-A_Purifying-Acne-Gel-50g.jpg","width":1200,"height":1200,"caption":"Gel Purifiant Hydratante | Peaux Acn\u00e9ique"},{"@type":"BreadcrumbList","@id":"https:\/\/europelab.ca\/fr\/produit\/gel-purifiant-hydratante-peaux-acneique\/#breadcrumb","itemListElement":[{"@type":"ListItem","position":1,"name":"Accueil","item":"https:\/\/europelab.ca\/fr\/"},{"@type":"ListItem","position":2,"name":"Produits","item":"https:\/\/europelab.ca\/fr\/shop\/"},{"@type":"ListItem","position":3,"name":"Gel Purifiant Hydratante | Peaux Acn\u00e9ique"}]},{"@type":"WebSite","@id":"https:\/\/europelab.ca\/fr\/#website","url":"https:\/\/europelab.ca\/fr\/","name":"Europelab","description":"Private Label, Made Simple.","potentialAction":[{"@type":"SearchAction","target":{"@type":"EntryPoint","urlTemplate":"https:\/\/europelab.ca\/fr\/?s={search_term_string}"},"query-input":{"@type":"PropertyValueSpecification","valueRequired":true,"valueName":"search_term_string"}}],"inLanguage":"fr-FR"}]}},"_links":{"self":[{"href":"https:\/\/europelab.ca\/fr\/wp-json\/wp\/v2\/product\/13707","targetHints":{"allow":["GET"]}}],"collection":[{"href":"https:\/\/europelab.ca\/fr\/wp-json\/wp\/v2\/product"}],"about":[{"href":"https:\/\/europelab.ca\/fr\/wp-json\/wp\/v2\/types\/product"}],"replies":[{"embeddable":true,"href":"https:\/\/europelab.ca\/fr\/wp-json\/wp\/v2\/comments?post=13707"}],"wp:featuredmedia":[{"embeddable":true,"href":"https:\/\/europelab.ca\/fr\/wp-json\/wp\/v2\/media\/14882"}],"wp:attachment":[{"href":"https:\/\/europelab.ca\/fr\/wp-json\/wp\/v2\/media?parent=13707"}],"wp:term":[{"taxonomy":"product_brand","embeddable":true,"href":"https:\/\/europelab.ca\/fr\/wp-json\/wp\/v2\/product_brand?post=13707"},{"taxonomy":"product_cat","embeddable":true,"href":"https:\/\/europelab.ca\/fr\/wp-json\/wp\/v2\/product_cat?post=13707"},{"taxonomy":"product_tag","embeddable":true,"href":"https:\/\/europelab.ca\/fr\/wp-json\/wp\/v2\/product_tag?post=13707"}],"curies":[{"name":"wp","href":"https:\/\/api.w.org\/{rel}","templated":true}]}}