{"id":13706,"date":"2021-09-07T20:03:02","date_gmt":"2021-09-07T20:03:02","guid":{"rendered":"https:\/\/elabpl.wpengine.com\/product\/oil-acne-prone-skin\/"},"modified":"2025-09-28T16:42:10","modified_gmt":"2025-09-28T16:42:10","slug":"huile-peaux-acneique","status":"publish","type":"product","link":"https:\/\/europelab.ca\/fr\/produit\/huile-peaux-acneique\/","title":{"rendered":"Huile | Peaux Acn\u00e9ique"},"content":{"rendered":"<p>Appliquer quelques gouttes sur la zone concern\u00e9e matin et\/ou soir. Masser l\u00e9g\u00e8rement. Terminer par l\u2019application de la cr\u00e8me appropri\u00e9e. Pour un usage externe seulement. \u00c9viter tout contact avec les yeux.<\/p>\n","protected":false},"excerpt":{"rendered":"<p>Ce puissant concentr\u00e9 antiseptique d\u2019huiles essentielles d\u2019arbre \u00e0 th\u00e9 et de la lavande contr\u00f4le et limite la propagation des bact\u00e9ries responsables de l\u2019acn\u00e9. Cette huile pour les peaux sujettes \u00e0 l\u2019acn\u00e9 est apaisante et ses propri\u00e9t\u00e9s anti-inflammatoires aident \u00e0 r\u00e9duire les rougeurs, les papules et les pustules. Pour un usage quotidien.<\/p>\n","protected":false},"featured_media":14676,"comment_status":"closed","ping_status":"closed","template":"","meta":[],"product_brand":[],"product_cat":[130,131,117,123],"product_tag":[],"class_list":{"0":"post-13706","1":"product","2":"type-product","3":"status-publish","4":"has-post-thumbnail","6":"product_cat-acne-fr","7":"product_cat-acne-rosacee","8":"product_cat-collection-classique","9":"product_cat-serums-et-huiles","11":"first","12":"instock","13":"sold-individually","14":"taxable","15":"shipping-taxable","16":"product-type-simple"},"yoast_head":"<!-- This site is optimized with the Yoast SEO plugin v27.5 - https:\/\/yoast.com\/product\/yoast-seo-wordpress\/ -->\n<title>Huile | Peaux Acn\u00e9ique - Europelab<\/title>\n<meta name=\"description\" content=\"Ce puissant concentr\u00e9 antiseptique d\u2019huiles essentielles d\u2019arbre \u00e0 th\u00e9 et de la lavande contr\u00f4le et limite la propagation des bact\u00e9ries responsables de l\u2019acn\u00e9. Cette huile pour les peaux sujettes \u00e0 l\u2019acn\u00e9 est apaisante et ses propri\u00e9t\u00e9s anti-inflammatoires aident \u00e0 r\u00e9duire les rougeurs, les papules et les pustules. Pour un usage quotidien.\" \/>\n<meta name=\"robots\" content=\"index, follow, max-snippet:-1, max-image-preview:large, max-video-preview:-1\" \/>\n<link rel=\"canonical\" href=\"https:\/\/europelab.ca\/fr\/produit\/huile-peaux-acneique\/\" \/>\n<meta property=\"og:locale\" content=\"fr_FR\" \/>\n<meta property=\"og:type\" content=\"article\" \/>\n<meta property=\"og:title\" content=\"Huile | Peaux Acn\u00e9ique - Europelab\" \/>\n<meta property=\"og:description\" content=\"Ce puissant concentr\u00e9 antiseptique d\u2019huiles essentielles d\u2019arbre \u00e0 th\u00e9 et de la lavande contr\u00f4le et limite la propagation des bact\u00e9ries responsables de l\u2019acn\u00e9. Cette huile pour les peaux sujettes \u00e0 l\u2019acn\u00e9 est apaisante et ses propri\u00e9t\u00e9s anti-inflammatoires aident \u00e0 r\u00e9duire les rougeurs, les papules et les pustules. Pour un usage quotidien.\" \/>\n<meta property=\"og:url\" content=\"https:\/\/europelab.ca\/fr\/produit\/huile-peaux-acneique\/\" \/>\n<meta property=\"og:site_name\" content=\"Europelab\" \/>\n<meta property=\"article:modified_time\" content=\"2025-09-28T16:42:10+00:00\" \/>\n<meta property=\"og:image\" content=\"https:\/\/europelab.ca\/wp-content\/uploads\/2023\/11\/Oil-Acne.jpg\" \/>\n\t<meta property=\"og:image:width\" content=\"1200\" \/>\n\t<meta property=\"og:image:height\" content=\"1200\" \/>\n\t<meta property=\"og:image:type\" content=\"image\/jpeg\" \/>\n<meta name=\"twitter:card\" content=\"summary_large_image\" \/>\n<script type=\"application\/ld+json\" class=\"yoast-schema-graph\">{\"@context\":\"https:\\\/\\\/schema.org\",\"@graph\":[{\"@type\":\"WebPage\",\"@id\":\"https:\\\/\\\/europelab.ca\\\/fr\\\/produit\\\/huile-peaux-acneique\\\/\",\"url\":\"https:\\\/\\\/europelab.ca\\\/fr\\\/produit\\\/huile-peaux-acneique\\\/\",\"name\":\"Huile | Peaux Acn\u00e9ique - Europelab\",\"isPartOf\":{\"@id\":\"https:\\\/\\\/europelab.ca\\\/fr\\\/#website\"},\"primaryImageOfPage\":{\"@id\":\"https:\\\/\\\/europelab.ca\\\/fr\\\/produit\\\/huile-peaux-acneique\\\/#primaryimage\"},\"image\":{\"@id\":\"https:\\\/\\\/europelab.ca\\\/fr\\\/produit\\\/huile-peaux-acneique\\\/#primaryimage\"},\"thumbnailUrl\":\"https:\\\/\\\/europelab.ca\\\/wp-content\\\/uploads\\\/2023\\\/11\\\/Oil-Acne.jpg\",\"datePublished\":\"2021-09-07T20:03:02+00:00\",\"dateModified\":\"2025-09-28T16:42:10+00:00\",\"description\":\"Ce puissant concentr\u00e9 antiseptique d\u2019huiles essentielles d\u2019arbre \u00e0 th\u00e9 et de la lavande contr\u00f4le et limite la propagation des bact\u00e9ries responsables de l\u2019acn\u00e9. Cette huile pour les peaux sujettes \u00e0 l\u2019acn\u00e9 est apaisante et ses propri\u00e9t\u00e9s anti-inflammatoires aident \u00e0 r\u00e9duire les rougeurs, les papules et les pustules. Pour un usage quotidien.\",\"breadcrumb\":{\"@id\":\"https:\\\/\\\/europelab.ca\\\/fr\\\/produit\\\/huile-peaux-acneique\\\/#breadcrumb\"},\"inLanguage\":\"fr-FR\",\"potentialAction\":[{\"@type\":\"ReadAction\",\"target\":[\"https:\\\/\\\/europelab.ca\\\/fr\\\/produit\\\/huile-peaux-acneique\\\/\"]}]},{\"@type\":\"ImageObject\",\"inLanguage\":\"fr-FR\",\"@id\":\"https:\\\/\\\/europelab.ca\\\/fr\\\/produit\\\/huile-peaux-acneique\\\/#primaryimage\",\"url\":\"https:\\\/\\\/europelab.ca\\\/wp-content\\\/uploads\\\/2023\\\/11\\\/Oil-Acne.jpg\",\"contentUrl\":\"https:\\\/\\\/europelab.ca\\\/wp-content\\\/uploads\\\/2023\\\/11\\\/Oil-Acne.jpg\",\"width\":1200,\"height\":1200,\"caption\":\"Huile | Peaux Acn\u00e9ique\"},{\"@type\":\"BreadcrumbList\",\"@id\":\"https:\\\/\\\/europelab.ca\\\/fr\\\/produit\\\/huile-peaux-acneique\\\/#breadcrumb\",\"itemListElement\":[{\"@type\":\"ListItem\",\"position\":1,\"name\":\"Accueil\",\"item\":\"https:\\\/\\\/europelab.ca\\\/fr\\\/\"},{\"@type\":\"ListItem\",\"position\":2,\"name\":\"Produits\",\"item\":\"https:\\\/\\\/europelab.ca\\\/fr\\\/shop\\\/\"},{\"@type\":\"ListItem\",\"position\":3,\"name\":\"Huile | Peaux Acn\u00e9ique\"}]},{\"@type\":\"WebSite\",\"@id\":\"https:\\\/\\\/europelab.ca\\\/fr\\\/#website\",\"url\":\"https:\\\/\\\/europelab.ca\\\/fr\\\/\",\"name\":\"Europelab\",\"description\":\"Private Label, Made Simple.\",\"potentialAction\":[{\"@type\":\"SearchAction\",\"target\":{\"@type\":\"EntryPoint\",\"urlTemplate\":\"https:\\\/\\\/europelab.ca\\\/fr\\\/?s={search_term_string}\"},\"query-input\":{\"@type\":\"PropertyValueSpecification\",\"valueRequired\":true,\"valueName\":\"search_term_string\"}}],\"inLanguage\":\"fr-FR\"}]}<\/script>\n<!-- \/ Yoast SEO plugin. -->","yoast_head_json":{"title":"Huile | Peaux Acn\u00e9ique - Europelab","description":"Ce puissant concentr\u00e9 antiseptique d\u2019huiles essentielles d\u2019arbre \u00e0 th\u00e9 et de la lavande contr\u00f4le et limite la propagation des bact\u00e9ries responsables de l\u2019acn\u00e9. Cette huile pour les peaux sujettes \u00e0 l\u2019acn\u00e9 est apaisante et ses propri\u00e9t\u00e9s anti-inflammatoires aident \u00e0 r\u00e9duire les rougeurs, les papules et les pustules. Pour un usage quotidien.","robots":{"index":"index","follow":"follow","max-snippet":"max-snippet:-1","max-image-preview":"max-image-preview:large","max-video-preview":"max-video-preview:-1"},"canonical":"https:\/\/europelab.ca\/fr\/produit\/huile-peaux-acneique\/","og_locale":"fr_FR","og_type":"article","og_title":"Huile | Peaux Acn\u00e9ique - Europelab","og_description":"Ce puissant concentr\u00e9 antiseptique d\u2019huiles essentielles d\u2019arbre \u00e0 th\u00e9 et de la lavande contr\u00f4le et limite la propagation des bact\u00e9ries responsables de l\u2019acn\u00e9. Cette huile pour les peaux sujettes \u00e0 l\u2019acn\u00e9 est apaisante et ses propri\u00e9t\u00e9s anti-inflammatoires aident \u00e0 r\u00e9duire les rougeurs, les papules et les pustules. Pour un usage quotidien.","og_url":"https:\/\/europelab.ca\/fr\/produit\/huile-peaux-acneique\/","og_site_name":"Europelab","article_modified_time":"2025-09-28T16:42:10+00:00","og_image":[{"width":1200,"height":1200,"url":"https:\/\/europelab.ca\/wp-content\/uploads\/2023\/11\/Oil-Acne.jpg","type":"image\/jpeg"}],"twitter_card":"summary_large_image","schema":{"@context":"https:\/\/schema.org","@graph":[{"@type":"WebPage","@id":"https:\/\/europelab.ca\/fr\/produit\/huile-peaux-acneique\/","url":"https:\/\/europelab.ca\/fr\/produit\/huile-peaux-acneique\/","name":"Huile | Peaux Acn\u00e9ique - Europelab","isPartOf":{"@id":"https:\/\/europelab.ca\/fr\/#website"},"primaryImageOfPage":{"@id":"https:\/\/europelab.ca\/fr\/produit\/huile-peaux-acneique\/#primaryimage"},"image":{"@id":"https:\/\/europelab.ca\/fr\/produit\/huile-peaux-acneique\/#primaryimage"},"thumbnailUrl":"https:\/\/europelab.ca\/wp-content\/uploads\/2023\/11\/Oil-Acne.jpg","datePublished":"2021-09-07T20:03:02+00:00","dateModified":"2025-09-28T16:42:10+00:00","description":"Ce puissant concentr\u00e9 antiseptique d\u2019huiles essentielles d\u2019arbre \u00e0 th\u00e9 et de la lavande contr\u00f4le et limite la propagation des bact\u00e9ries responsables de l\u2019acn\u00e9. Cette huile pour les peaux sujettes \u00e0 l\u2019acn\u00e9 est apaisante et ses propri\u00e9t\u00e9s anti-inflammatoires aident \u00e0 r\u00e9duire les rougeurs, les papules et les pustules. Pour un usage quotidien.","breadcrumb":{"@id":"https:\/\/europelab.ca\/fr\/produit\/huile-peaux-acneique\/#breadcrumb"},"inLanguage":"fr-FR","potentialAction":[{"@type":"ReadAction","target":["https:\/\/europelab.ca\/fr\/produit\/huile-peaux-acneique\/"]}]},{"@type":"ImageObject","inLanguage":"fr-FR","@id":"https:\/\/europelab.ca\/fr\/produit\/huile-peaux-acneique\/#primaryimage","url":"https:\/\/europelab.ca\/wp-content\/uploads\/2023\/11\/Oil-Acne.jpg","contentUrl":"https:\/\/europelab.ca\/wp-content\/uploads\/2023\/11\/Oil-Acne.jpg","width":1200,"height":1200,"caption":"Huile | Peaux Acn\u00e9ique"},{"@type":"BreadcrumbList","@id":"https:\/\/europelab.ca\/fr\/produit\/huile-peaux-acneique\/#breadcrumb","itemListElement":[{"@type":"ListItem","position":1,"name":"Accueil","item":"https:\/\/europelab.ca\/fr\/"},{"@type":"ListItem","position":2,"name":"Produits","item":"https:\/\/europelab.ca\/fr\/shop\/"},{"@type":"ListItem","position":3,"name":"Huile | Peaux Acn\u00e9ique"}]},{"@type":"WebSite","@id":"https:\/\/europelab.ca\/fr\/#website","url":"https:\/\/europelab.ca\/fr\/","name":"Europelab","description":"Private Label, Made Simple.","potentialAction":[{"@type":"SearchAction","target":{"@type":"EntryPoint","urlTemplate":"https:\/\/europelab.ca\/fr\/?s={search_term_string}"},"query-input":{"@type":"PropertyValueSpecification","valueRequired":true,"valueName":"search_term_string"}}],"inLanguage":"fr-FR"}]}},"_links":{"self":[{"href":"https:\/\/europelab.ca\/fr\/wp-json\/wp\/v2\/product\/13706","targetHints":{"allow":["GET"]}}],"collection":[{"href":"https:\/\/europelab.ca\/fr\/wp-json\/wp\/v2\/product"}],"about":[{"href":"https:\/\/europelab.ca\/fr\/wp-json\/wp\/v2\/types\/product"}],"replies":[{"embeddable":true,"href":"https:\/\/europelab.ca\/fr\/wp-json\/wp\/v2\/comments?post=13706"}],"wp:featuredmedia":[{"embeddable":true,"href":"https:\/\/europelab.ca\/fr\/wp-json\/wp\/v2\/media\/14676"}],"wp:attachment":[{"href":"https:\/\/europelab.ca\/fr\/wp-json\/wp\/v2\/media?parent=13706"}],"wp:term":[{"taxonomy":"product_brand","embeddable":true,"href":"https:\/\/europelab.ca\/fr\/wp-json\/wp\/v2\/product_brand?post=13706"},{"taxonomy":"product_cat","embeddable":true,"href":"https:\/\/europelab.ca\/fr\/wp-json\/wp\/v2\/product_cat?post=13706"},{"taxonomy":"product_tag","embeddable":true,"href":"https:\/\/europelab.ca\/fr\/wp-json\/wp\/v2\/product_tag?post=13706"}],"curies":[{"name":"wp","href":"https:\/\/api.w.org\/{rel}","templated":true}]}}