{"id":13705,"date":"2021-03-08T16:43:00","date_gmt":"2021-03-08T16:43:00","guid":{"rendered":"https:\/\/elabpl.wpengine.com\/product\/neutralizer\/"},"modified":"2021-11-16T14:30:54","modified_gmt":"2021-11-16T14:30:54","slug":"neutralisant","status":"publish","type":"product","link":"https:\/\/europelab.ca\/fr\/produit\/neutralisant\/","title":{"rendered":"Neutralisant"},"content":{"rendered":"<p>\u00c0 utiliser selon le besoin apr\u00e8s avoir appliqu\u00e9 le peeling. Vaporiser le Neutralisant sur la zone d\u2019application du Peeling. Rincer compl\u00e8tement de fa\u00e7on \u00e0 pr\u00e9parer la peau pour la poursuite du traitement. \u00c9viter tout contact avec les yeux. Pour un usage externe seulement.<\/p>\n","protected":false},"excerpt":{"rendered":"<p>Le neutralisant a \u00e9t\u00e9 formul\u00e9 pour \u00eatre utilis\u00e9 en conjonction avec les peelings chimiques. Il est formul\u00e9 \u00e0 l\u2019aide d\u2019ingr\u00e9dients reconnus pour leurs propri\u00e9t\u00e9s non dess\u00e9chantes, bact\u00e9riostatiques et anti-inflammatoires.<\/p>\n","protected":false},"featured_media":14688,"comment_status":"closed","ping_status":"closed","template":"","meta":[],"product_brand":[],"product_cat":[130,138,117,121],"product_tag":[],"class_list":{"0":"post-13705","1":"product","2":"type-product","3":"status-publish","4":"has-post-thumbnail","6":"product_cat-acne-fr","7":"product_cat-anti-age-rides","8":"product_cat-collection-classique","9":"product_cat-toniques","11":"first","12":"instock","13":"sold-individually","14":"taxable","15":"shipping-taxable","16":"product-type-simple"},"yoast_head":"<!-- This site is optimized with the Yoast SEO plugin v27.5 - https:\/\/yoast.com\/product\/yoast-seo-wordpress\/ -->\n<title>Neutralisant - Europelab<\/title>\n<meta name=\"description\" content=\"Le neutralisant a \u00e9t\u00e9 formul\u00e9 pour \u00eatre utilis\u00e9 en conjonction avec les peelings chimiques. Il est formul\u00e9 \u00e0 l\u2019aide d\u2019ingr\u00e9dients reconnus pour leurs propri\u00e9t\u00e9s non dess\u00e9chantes, bact\u00e9riostatiques et anti-inflammatoires.\" \/>\n<meta name=\"robots\" content=\"index, follow, max-snippet:-1, max-image-preview:large, max-video-preview:-1\" \/>\n<link rel=\"canonical\" href=\"https:\/\/europelab.ca\/fr\/produit\/neutralisant\/\" \/>\n<meta property=\"og:locale\" content=\"fr_FR\" \/>\n<meta property=\"og:type\" content=\"article\" \/>\n<meta property=\"og:title\" content=\"Neutralisant - Europelab\" \/>\n<meta property=\"og:description\" content=\"Le neutralisant a \u00e9t\u00e9 formul\u00e9 pour \u00eatre utilis\u00e9 en conjonction avec les peelings chimiques. Il est formul\u00e9 \u00e0 l\u2019aide d\u2019ingr\u00e9dients reconnus pour leurs propri\u00e9t\u00e9s non dess\u00e9chantes, bact\u00e9riostatiques et anti-inflammatoires.\" \/>\n<meta property=\"og:url\" content=\"https:\/\/europelab.ca\/fr\/produit\/neutralisant\/\" \/>\n<meta property=\"og:site_name\" content=\"Europelab\" \/>\n<meta property=\"article:modified_time\" content=\"2021-11-16T14:30:54+00:00\" \/>\n<meta property=\"og:image\" content=\"https:\/\/europelab.ca\/wp-content\/uploads\/2023\/11\/Neutralizer.jpg\" \/>\n\t<meta property=\"og:image:width\" content=\"1200\" \/>\n\t<meta property=\"og:image:height\" content=\"1200\" \/>\n\t<meta property=\"og:image:type\" content=\"image\/jpeg\" \/>\n<meta name=\"twitter:card\" content=\"summary_large_image\" \/>\n<script type=\"application\/ld+json\" class=\"yoast-schema-graph\">{\"@context\":\"https:\\\/\\\/schema.org\",\"@graph\":[{\"@type\":\"WebPage\",\"@id\":\"https:\\\/\\\/europelab.ca\\\/fr\\\/produit\\\/neutralisant\\\/\",\"url\":\"https:\\\/\\\/europelab.ca\\\/fr\\\/produit\\\/neutralisant\\\/\",\"name\":\"Neutralisant - Europelab\",\"isPartOf\":{\"@id\":\"https:\\\/\\\/europelab.ca\\\/fr\\\/#website\"},\"primaryImageOfPage\":{\"@id\":\"https:\\\/\\\/europelab.ca\\\/fr\\\/produit\\\/neutralisant\\\/#primaryimage\"},\"image\":{\"@id\":\"https:\\\/\\\/europelab.ca\\\/fr\\\/produit\\\/neutralisant\\\/#primaryimage\"},\"thumbnailUrl\":\"https:\\\/\\\/europelab.ca\\\/wp-content\\\/uploads\\\/2023\\\/11\\\/Neutralizer.jpg\",\"datePublished\":\"2021-03-08T16:43:00+00:00\",\"dateModified\":\"2021-11-16T14:30:54+00:00\",\"description\":\"Le neutralisant a \u00e9t\u00e9 formul\u00e9 pour \u00eatre utilis\u00e9 en conjonction avec les peelings chimiques. Il est formul\u00e9 \u00e0 l\u2019aide d\u2019ingr\u00e9dients reconnus pour leurs propri\u00e9t\u00e9s non dess\u00e9chantes, bact\u00e9riostatiques et anti-inflammatoires.\",\"breadcrumb\":{\"@id\":\"https:\\\/\\\/europelab.ca\\\/fr\\\/produit\\\/neutralisant\\\/#breadcrumb\"},\"inLanguage\":\"fr-FR\",\"potentialAction\":[{\"@type\":\"ReadAction\",\"target\":[\"https:\\\/\\\/europelab.ca\\\/fr\\\/produit\\\/neutralisant\\\/\"]}]},{\"@type\":\"ImageObject\",\"inLanguage\":\"fr-FR\",\"@id\":\"https:\\\/\\\/europelab.ca\\\/fr\\\/produit\\\/neutralisant\\\/#primaryimage\",\"url\":\"https:\\\/\\\/europelab.ca\\\/wp-content\\\/uploads\\\/2023\\\/11\\\/Neutralizer.jpg\",\"contentUrl\":\"https:\\\/\\\/europelab.ca\\\/wp-content\\\/uploads\\\/2023\\\/11\\\/Neutralizer.jpg\",\"width\":1200,\"height\":1200,\"caption\":\"Neutralisant\"},{\"@type\":\"BreadcrumbList\",\"@id\":\"https:\\\/\\\/europelab.ca\\\/fr\\\/produit\\\/neutralisant\\\/#breadcrumb\",\"itemListElement\":[{\"@type\":\"ListItem\",\"position\":1,\"name\":\"Accueil\",\"item\":\"https:\\\/\\\/europelab.ca\\\/fr\\\/\"},{\"@type\":\"ListItem\",\"position\":2,\"name\":\"Produits\",\"item\":\"https:\\\/\\\/europelab.ca\\\/fr\\\/shop\\\/\"},{\"@type\":\"ListItem\",\"position\":3,\"name\":\"Neutralisant\"}]},{\"@type\":\"WebSite\",\"@id\":\"https:\\\/\\\/europelab.ca\\\/fr\\\/#website\",\"url\":\"https:\\\/\\\/europelab.ca\\\/fr\\\/\",\"name\":\"Europelab\",\"description\":\"Private Label, Made Simple.\",\"potentialAction\":[{\"@type\":\"SearchAction\",\"target\":{\"@type\":\"EntryPoint\",\"urlTemplate\":\"https:\\\/\\\/europelab.ca\\\/fr\\\/?s={search_term_string}\"},\"query-input\":{\"@type\":\"PropertyValueSpecification\",\"valueRequired\":true,\"valueName\":\"search_term_string\"}}],\"inLanguage\":\"fr-FR\"}]}<\/script>\n<!-- \/ Yoast SEO plugin. -->","yoast_head_json":{"title":"Neutralisant - Europelab","description":"Le neutralisant a \u00e9t\u00e9 formul\u00e9 pour \u00eatre utilis\u00e9 en conjonction avec les peelings chimiques. Il est formul\u00e9 \u00e0 l\u2019aide d\u2019ingr\u00e9dients reconnus pour leurs propri\u00e9t\u00e9s non dess\u00e9chantes, bact\u00e9riostatiques et anti-inflammatoires.","robots":{"index":"index","follow":"follow","max-snippet":"max-snippet:-1","max-image-preview":"max-image-preview:large","max-video-preview":"max-video-preview:-1"},"canonical":"https:\/\/europelab.ca\/fr\/produit\/neutralisant\/","og_locale":"fr_FR","og_type":"article","og_title":"Neutralisant - Europelab","og_description":"Le neutralisant a \u00e9t\u00e9 formul\u00e9 pour \u00eatre utilis\u00e9 en conjonction avec les peelings chimiques. Il est formul\u00e9 \u00e0 l\u2019aide d\u2019ingr\u00e9dients reconnus pour leurs propri\u00e9t\u00e9s non dess\u00e9chantes, bact\u00e9riostatiques et anti-inflammatoires.","og_url":"https:\/\/europelab.ca\/fr\/produit\/neutralisant\/","og_site_name":"Europelab","article_modified_time":"2021-11-16T14:30:54+00:00","og_image":[{"width":1200,"height":1200,"url":"https:\/\/europelab.ca\/wp-content\/uploads\/2023\/11\/Neutralizer.jpg","type":"image\/jpeg"}],"twitter_card":"summary_large_image","schema":{"@context":"https:\/\/schema.org","@graph":[{"@type":"WebPage","@id":"https:\/\/europelab.ca\/fr\/produit\/neutralisant\/","url":"https:\/\/europelab.ca\/fr\/produit\/neutralisant\/","name":"Neutralisant - Europelab","isPartOf":{"@id":"https:\/\/europelab.ca\/fr\/#website"},"primaryImageOfPage":{"@id":"https:\/\/europelab.ca\/fr\/produit\/neutralisant\/#primaryimage"},"image":{"@id":"https:\/\/europelab.ca\/fr\/produit\/neutralisant\/#primaryimage"},"thumbnailUrl":"https:\/\/europelab.ca\/wp-content\/uploads\/2023\/11\/Neutralizer.jpg","datePublished":"2021-03-08T16:43:00+00:00","dateModified":"2021-11-16T14:30:54+00:00","description":"Le neutralisant a \u00e9t\u00e9 formul\u00e9 pour \u00eatre utilis\u00e9 en conjonction avec les peelings chimiques. Il est formul\u00e9 \u00e0 l\u2019aide d\u2019ingr\u00e9dients reconnus pour leurs propri\u00e9t\u00e9s non dess\u00e9chantes, bact\u00e9riostatiques et anti-inflammatoires.","breadcrumb":{"@id":"https:\/\/europelab.ca\/fr\/produit\/neutralisant\/#breadcrumb"},"inLanguage":"fr-FR","potentialAction":[{"@type":"ReadAction","target":["https:\/\/europelab.ca\/fr\/produit\/neutralisant\/"]}]},{"@type":"ImageObject","inLanguage":"fr-FR","@id":"https:\/\/europelab.ca\/fr\/produit\/neutralisant\/#primaryimage","url":"https:\/\/europelab.ca\/wp-content\/uploads\/2023\/11\/Neutralizer.jpg","contentUrl":"https:\/\/europelab.ca\/wp-content\/uploads\/2023\/11\/Neutralizer.jpg","width":1200,"height":1200,"caption":"Neutralisant"},{"@type":"BreadcrumbList","@id":"https:\/\/europelab.ca\/fr\/produit\/neutralisant\/#breadcrumb","itemListElement":[{"@type":"ListItem","position":1,"name":"Accueil","item":"https:\/\/europelab.ca\/fr\/"},{"@type":"ListItem","position":2,"name":"Produits","item":"https:\/\/europelab.ca\/fr\/shop\/"},{"@type":"ListItem","position":3,"name":"Neutralisant"}]},{"@type":"WebSite","@id":"https:\/\/europelab.ca\/fr\/#website","url":"https:\/\/europelab.ca\/fr\/","name":"Europelab","description":"Private Label, Made Simple.","potentialAction":[{"@type":"SearchAction","target":{"@type":"EntryPoint","urlTemplate":"https:\/\/europelab.ca\/fr\/?s={search_term_string}"},"query-input":{"@type":"PropertyValueSpecification","valueRequired":true,"valueName":"search_term_string"}}],"inLanguage":"fr-FR"}]}},"_links":{"self":[{"href":"https:\/\/europelab.ca\/fr\/wp-json\/wp\/v2\/product\/13705","targetHints":{"allow":["GET"]}}],"collection":[{"href":"https:\/\/europelab.ca\/fr\/wp-json\/wp\/v2\/product"}],"about":[{"href":"https:\/\/europelab.ca\/fr\/wp-json\/wp\/v2\/types\/product"}],"replies":[{"embeddable":true,"href":"https:\/\/europelab.ca\/fr\/wp-json\/wp\/v2\/comments?post=13705"}],"wp:featuredmedia":[{"embeddable":true,"href":"https:\/\/europelab.ca\/fr\/wp-json\/wp\/v2\/media\/14688"}],"wp:attachment":[{"href":"https:\/\/europelab.ca\/fr\/wp-json\/wp\/v2\/media?parent=13705"}],"wp:term":[{"taxonomy":"product_brand","embeddable":true,"href":"https:\/\/europelab.ca\/fr\/wp-json\/wp\/v2\/product_brand?post=13705"},{"taxonomy":"product_cat","embeddable":true,"href":"https:\/\/europelab.ca\/fr\/wp-json\/wp\/v2\/product_cat?post=13705"},{"taxonomy":"product_tag","embeddable":true,"href":"https:\/\/europelab.ca\/fr\/wp-json\/wp\/v2\/product_tag?post=13705"}],"curies":[{"name":"wp","href":"https:\/\/api.w.org\/{rel}","templated":true}]}}