{"id":13696,"date":"2021-09-07T20:06:56","date_gmt":"2021-09-07T20:06:56","guid":{"rendered":"https:\/\/elabpl.wpengine.com\/product\/moisturizing-cream-botanical-scent\/"},"modified":"2021-11-16T14:01:06","modified_gmt":"2021-11-16T14:01:06","slug":"creme-hydratante-fragrance-botanique","status":"publish","type":"product","link":"https:\/\/europelab.ca\/fr\/produit\/creme-hydratante-fragrance-botanique\/","title":{"rendered":"Cr\u00e8me Hydratante | Fragrance Botanique"},"content":{"rendered":"<p>Appliquer uniform\u00e9ment le matin et\/ou le soir sur le visage et le cou parfaitement nettoy\u00e9s. Masser jusqu\u2019\u00e0 p\u00e9n\u00e9tration compl\u00e8te du produit. \u00c9viter tout contact avec les yeux. Pour un usage externe seulement.<\/p>\n","protected":false},"excerpt":{"rendered":"<p>Cette Cr\u00e8me Hydratante avec ar\u00f4me Botanique est une cr\u00e8me hydratante parfaitement adapt\u00e9e \u00e0 tous les types de peaux, en particulier pour les peaux d\u00e9shydrat\u00e9es. Gr\u00e2ce \u00e0 ses ingr\u00e9dients \u00ab biomim\u00e9tiques \u00bb qui aide \u00e0 capter les mol\u00e9cules d\u2019eau, l\u2019hydratation de la peau est restaur\u00e9e sans aucuns fini gras. Cr\u00e8me de jour et nuit, elle prot\u00e8ge la peau contre les tiraillements, pour une finition plus souple et douce au touch\u00e9.<\/p>\n","protected":false},"featured_media":14654,"comment_status":"closed","ping_status":"closed","template":"","meta":[],"product_brand":[],"product_cat":[117,124,134,136,133],"product_tag":[],"class_list":{"0":"post-13696","1":"product","2":"type-product","3":"status-publish","4":"has-post-thumbnail","6":"product_cat-collection-classique","7":"product_cat-cremes","8":"product_cat-peau-deshydratee","9":"product_cat-peau-mixte","10":"product_cat-peau-seche","12":"first","13":"instock","14":"sold-individually","15":"taxable","16":"shipping-taxable","17":"product-type-simple"},"yoast_head":"<!-- This site is optimized with the Yoast SEO plugin v27.5 - https:\/\/yoast.com\/product\/yoast-seo-wordpress\/ -->\n<title>Cr\u00e8me Hydratante | Fragrance Botanique - Europelab<\/title>\n<meta name=\"description\" content=\"Cette Cr\u00e8me Hydratante avec ar\u00f4me Botanique est une cr\u00e8me hydratante parfaitement adapt\u00e9e \u00e0 tous les types de peaux, en particulier pour les peaux d\u00e9shydrat\u00e9es. Gr\u00e2ce \u00e0 ses ingr\u00e9dients \u00ab biomim\u00e9tiques \u00bb qui aide \u00e0 capter les mol\u00e9cules d\u2019eau, l\u2019hydratation de la peau est restaur\u00e9e sans aucuns fini gras. Cr\u00e8me de jour et nuit, elle prot\u00e8ge la peau contre les tiraillements, pour une finition plus souple et douce au touch\u00e9.\" \/>\n<meta name=\"robots\" content=\"index, follow, max-snippet:-1, max-image-preview:large, max-video-preview:-1\" \/>\n<link rel=\"canonical\" href=\"https:\/\/europelab.ca\/fr\/produit\/creme-hydratante-fragrance-botanique\/\" \/>\n<meta property=\"og:locale\" content=\"fr_FR\" \/>\n<meta property=\"og:type\" content=\"article\" \/>\n<meta property=\"og:title\" content=\"Cr\u00e8me Hydratante | Fragrance Botanique - Europelab\" \/>\n<meta property=\"og:description\" content=\"Cette Cr\u00e8me Hydratante avec ar\u00f4me Botanique est une cr\u00e8me hydratante parfaitement adapt\u00e9e \u00e0 tous les types de peaux, en particulier pour les peaux d\u00e9shydrat\u00e9es. Gr\u00e2ce \u00e0 ses ingr\u00e9dients \u00ab biomim\u00e9tiques \u00bb qui aide \u00e0 capter les mol\u00e9cules d\u2019eau, l\u2019hydratation de la peau est restaur\u00e9e sans aucuns fini gras. Cr\u00e8me de jour et nuit, elle prot\u00e8ge la peau contre les tiraillements, pour une finition plus souple et douce au touch\u00e9.\" \/>\n<meta property=\"og:url\" content=\"https:\/\/europelab.ca\/fr\/produit\/creme-hydratante-fragrance-botanique\/\" \/>\n<meta property=\"og:site_name\" content=\"Europelab\" \/>\n<meta property=\"article:modified_time\" content=\"2021-11-16T14:01:06+00:00\" \/>\n<meta property=\"og:image\" content=\"https:\/\/europelab.ca\/wp-content\/uploads\/2021\/09\/Moisturizing-Cream-Botanical-Scent.jpg\" \/>\n\t<meta property=\"og:image:width\" content=\"1200\" \/>\n\t<meta property=\"og:image:height\" content=\"1200\" \/>\n\t<meta property=\"og:image:type\" content=\"image\/jpeg\" \/>\n<meta name=\"twitter:card\" content=\"summary_large_image\" \/>\n<script type=\"application\/ld+json\" class=\"yoast-schema-graph\">{\"@context\":\"https:\\\/\\\/schema.org\",\"@graph\":[{\"@type\":\"WebPage\",\"@id\":\"https:\\\/\\\/europelab.ca\\\/fr\\\/produit\\\/creme-hydratante-fragrance-botanique\\\/\",\"url\":\"https:\\\/\\\/europelab.ca\\\/fr\\\/produit\\\/creme-hydratante-fragrance-botanique\\\/\",\"name\":\"Cr\u00e8me Hydratante | Fragrance Botanique - Europelab\",\"isPartOf\":{\"@id\":\"https:\\\/\\\/europelab.ca\\\/fr\\\/#website\"},\"primaryImageOfPage\":{\"@id\":\"https:\\\/\\\/europelab.ca\\\/fr\\\/produit\\\/creme-hydratante-fragrance-botanique\\\/#primaryimage\"},\"image\":{\"@id\":\"https:\\\/\\\/europelab.ca\\\/fr\\\/produit\\\/creme-hydratante-fragrance-botanique\\\/#primaryimage\"},\"thumbnailUrl\":\"https:\\\/\\\/europelab.ca\\\/wp-content\\\/uploads\\\/2023\\\/11\\\/Moisturizing-Cream.jpg\",\"datePublished\":\"2021-09-07T20:06:56+00:00\",\"dateModified\":\"2021-11-16T14:01:06+00:00\",\"description\":\"Cette Cr\u00e8me Hydratante avec ar\u00f4me Botanique est une cr\u00e8me hydratante parfaitement adapt\u00e9e \u00e0 tous les types de peaux, en particulier pour les peaux d\u00e9shydrat\u00e9es. Gr\u00e2ce \u00e0 ses ingr\u00e9dients \u00ab biomim\u00e9tiques \u00bb qui aide \u00e0 capter les mol\u00e9cules d\u2019eau, l\u2019hydratation de la peau est restaur\u00e9e sans aucuns fini gras. Cr\u00e8me de jour et nuit, elle prot\u00e8ge la peau contre les tiraillements, pour une finition plus souple et douce au touch\u00e9.\",\"breadcrumb\":{\"@id\":\"https:\\\/\\\/europelab.ca\\\/fr\\\/produit\\\/creme-hydratante-fragrance-botanique\\\/#breadcrumb\"},\"inLanguage\":\"fr-FR\",\"potentialAction\":[{\"@type\":\"ReadAction\",\"target\":[\"https:\\\/\\\/europelab.ca\\\/fr\\\/produit\\\/creme-hydratante-fragrance-botanique\\\/\"]}]},{\"@type\":\"ImageObject\",\"inLanguage\":\"fr-FR\",\"@id\":\"https:\\\/\\\/europelab.ca\\\/fr\\\/produit\\\/creme-hydratante-fragrance-botanique\\\/#primaryimage\",\"url\":\"https:\\\/\\\/europelab.ca\\\/wp-content\\\/uploads\\\/2023\\\/11\\\/Moisturizing-Cream.jpg\",\"contentUrl\":\"https:\\\/\\\/europelab.ca\\\/wp-content\\\/uploads\\\/2023\\\/11\\\/Moisturizing-Cream.jpg\",\"width\":1200,\"height\":1200,\"caption\":\"Cr\u00e8me Hydratante | Fragrance Botanique\"},{\"@type\":\"BreadcrumbList\",\"@id\":\"https:\\\/\\\/europelab.ca\\\/fr\\\/produit\\\/creme-hydratante-fragrance-botanique\\\/#breadcrumb\",\"itemListElement\":[{\"@type\":\"ListItem\",\"position\":1,\"name\":\"Accueil\",\"item\":\"https:\\\/\\\/europelab.ca\\\/fr\\\/\"},{\"@type\":\"ListItem\",\"position\":2,\"name\":\"Produits\",\"item\":\"https:\\\/\\\/europelab.ca\\\/fr\\\/shop\\\/\"},{\"@type\":\"ListItem\",\"position\":3,\"name\":\"Cr\u00e8me Hydratante | Fragrance Botanique\"}]},{\"@type\":\"WebSite\",\"@id\":\"https:\\\/\\\/europelab.ca\\\/fr\\\/#website\",\"url\":\"https:\\\/\\\/europelab.ca\\\/fr\\\/\",\"name\":\"Europelab\",\"description\":\"Private Label, Made Simple.\",\"potentialAction\":[{\"@type\":\"SearchAction\",\"target\":{\"@type\":\"EntryPoint\",\"urlTemplate\":\"https:\\\/\\\/europelab.ca\\\/fr\\\/?s={search_term_string}\"},\"query-input\":{\"@type\":\"PropertyValueSpecification\",\"valueRequired\":true,\"valueName\":\"search_term_string\"}}],\"inLanguage\":\"fr-FR\"}]}<\/script>\n<!-- \/ Yoast SEO plugin. -->","yoast_head_json":{"title":"Cr\u00e8me Hydratante | Fragrance Botanique - Europelab","description":"Cette Cr\u00e8me Hydratante avec ar\u00f4me Botanique est une cr\u00e8me hydratante parfaitement adapt\u00e9e \u00e0 tous les types de peaux, en particulier pour les peaux d\u00e9shydrat\u00e9es. Gr\u00e2ce \u00e0 ses ingr\u00e9dients \u00ab biomim\u00e9tiques \u00bb qui aide \u00e0 capter les mol\u00e9cules d\u2019eau, l\u2019hydratation de la peau est restaur\u00e9e sans aucuns fini gras. Cr\u00e8me de jour et nuit, elle prot\u00e8ge la peau contre les tiraillements, pour une finition plus souple et douce au touch\u00e9.","robots":{"index":"index","follow":"follow","max-snippet":"max-snippet:-1","max-image-preview":"max-image-preview:large","max-video-preview":"max-video-preview:-1"},"canonical":"https:\/\/europelab.ca\/fr\/produit\/creme-hydratante-fragrance-botanique\/","og_locale":"fr_FR","og_type":"article","og_title":"Cr\u00e8me Hydratante | Fragrance Botanique - Europelab","og_description":"Cette Cr\u00e8me Hydratante avec ar\u00f4me Botanique est une cr\u00e8me hydratante parfaitement adapt\u00e9e \u00e0 tous les types de peaux, en particulier pour les peaux d\u00e9shydrat\u00e9es. Gr\u00e2ce \u00e0 ses ingr\u00e9dients \u00ab biomim\u00e9tiques \u00bb qui aide \u00e0 capter les mol\u00e9cules d\u2019eau, l\u2019hydratation de la peau est restaur\u00e9e sans aucuns fini gras. Cr\u00e8me de jour et nuit, elle prot\u00e8ge la peau contre les tiraillements, pour une finition plus souple et douce au touch\u00e9.","og_url":"https:\/\/europelab.ca\/fr\/produit\/creme-hydratante-fragrance-botanique\/","og_site_name":"Europelab","article_modified_time":"2021-11-16T14:01:06+00:00","og_image":[{"width":1200,"height":1200,"url":"https:\/\/europelab.ca\/wp-content\/uploads\/2021\/09\/Moisturizing-Cream-Botanical-Scent.jpg","type":"image\/jpeg"}],"twitter_card":"summary_large_image","schema":{"@context":"https:\/\/schema.org","@graph":[{"@type":"WebPage","@id":"https:\/\/europelab.ca\/fr\/produit\/creme-hydratante-fragrance-botanique\/","url":"https:\/\/europelab.ca\/fr\/produit\/creme-hydratante-fragrance-botanique\/","name":"Cr\u00e8me Hydratante | Fragrance Botanique - Europelab","isPartOf":{"@id":"https:\/\/europelab.ca\/fr\/#website"},"primaryImageOfPage":{"@id":"https:\/\/europelab.ca\/fr\/produit\/creme-hydratante-fragrance-botanique\/#primaryimage"},"image":{"@id":"https:\/\/europelab.ca\/fr\/produit\/creme-hydratante-fragrance-botanique\/#primaryimage"},"thumbnailUrl":"https:\/\/europelab.ca\/wp-content\/uploads\/2023\/11\/Moisturizing-Cream.jpg","datePublished":"2021-09-07T20:06:56+00:00","dateModified":"2021-11-16T14:01:06+00:00","description":"Cette Cr\u00e8me Hydratante avec ar\u00f4me Botanique est une cr\u00e8me hydratante parfaitement adapt\u00e9e \u00e0 tous les types de peaux, en particulier pour les peaux d\u00e9shydrat\u00e9es. Gr\u00e2ce \u00e0 ses ingr\u00e9dients \u00ab biomim\u00e9tiques \u00bb qui aide \u00e0 capter les mol\u00e9cules d\u2019eau, l\u2019hydratation de la peau est restaur\u00e9e sans aucuns fini gras. Cr\u00e8me de jour et nuit, elle prot\u00e8ge la peau contre les tiraillements, pour une finition plus souple et douce au touch\u00e9.","breadcrumb":{"@id":"https:\/\/europelab.ca\/fr\/produit\/creme-hydratante-fragrance-botanique\/#breadcrumb"},"inLanguage":"fr-FR","potentialAction":[{"@type":"ReadAction","target":["https:\/\/europelab.ca\/fr\/produit\/creme-hydratante-fragrance-botanique\/"]}]},{"@type":"ImageObject","inLanguage":"fr-FR","@id":"https:\/\/europelab.ca\/fr\/produit\/creme-hydratante-fragrance-botanique\/#primaryimage","url":"https:\/\/europelab.ca\/wp-content\/uploads\/2023\/11\/Moisturizing-Cream.jpg","contentUrl":"https:\/\/europelab.ca\/wp-content\/uploads\/2023\/11\/Moisturizing-Cream.jpg","width":1200,"height":1200,"caption":"Cr\u00e8me Hydratante | Fragrance Botanique"},{"@type":"BreadcrumbList","@id":"https:\/\/europelab.ca\/fr\/produit\/creme-hydratante-fragrance-botanique\/#breadcrumb","itemListElement":[{"@type":"ListItem","position":1,"name":"Accueil","item":"https:\/\/europelab.ca\/fr\/"},{"@type":"ListItem","position":2,"name":"Produits","item":"https:\/\/europelab.ca\/fr\/shop\/"},{"@type":"ListItem","position":3,"name":"Cr\u00e8me Hydratante | Fragrance Botanique"}]},{"@type":"WebSite","@id":"https:\/\/europelab.ca\/fr\/#website","url":"https:\/\/europelab.ca\/fr\/","name":"Europelab","description":"Private Label, Made Simple.","potentialAction":[{"@type":"SearchAction","target":{"@type":"EntryPoint","urlTemplate":"https:\/\/europelab.ca\/fr\/?s={search_term_string}"},"query-input":{"@type":"PropertyValueSpecification","valueRequired":true,"valueName":"search_term_string"}}],"inLanguage":"fr-FR"}]}},"_links":{"self":[{"href":"https:\/\/europelab.ca\/fr\/wp-json\/wp\/v2\/product\/13696","targetHints":{"allow":["GET"]}}],"collection":[{"href":"https:\/\/europelab.ca\/fr\/wp-json\/wp\/v2\/product"}],"about":[{"href":"https:\/\/europelab.ca\/fr\/wp-json\/wp\/v2\/types\/product"}],"replies":[{"embeddable":true,"href":"https:\/\/europelab.ca\/fr\/wp-json\/wp\/v2\/comments?post=13696"}],"wp:featuredmedia":[{"embeddable":true,"href":"https:\/\/europelab.ca\/fr\/wp-json\/wp\/v2\/media\/14654"}],"wp:attachment":[{"href":"https:\/\/europelab.ca\/fr\/wp-json\/wp\/v2\/media?parent=13696"}],"wp:term":[{"taxonomy":"product_brand","embeddable":true,"href":"https:\/\/europelab.ca\/fr\/wp-json\/wp\/v2\/product_brand?post=13696"},{"taxonomy":"product_cat","embeddable":true,"href":"https:\/\/europelab.ca\/fr\/wp-json\/wp\/v2\/product_cat?post=13696"},{"taxonomy":"product_tag","embeddable":true,"href":"https:\/\/europelab.ca\/fr\/wp-json\/wp\/v2\/product_tag?post=13696"}],"curies":[{"name":"wp","href":"https:\/\/api.w.org\/{rel}","templated":true}]}}