{"id":13694,"date":"2021-02-26T15:07:55","date_gmt":"2021-02-26T15:07:55","guid":{"rendered":"https:\/\/elabpl.wpengine.com\/product\/gentle-exfoliant\/"},"modified":"2025-09-28T16:18:11","modified_gmt":"2025-09-28T16:18:11","slug":"exfoliant","status":"publish","type":"product","link":"https:\/\/europelab.ca\/fr\/produit\/exfoliant\/","title":{"rendered":"Exfoliant Doux"},"content":{"rendered":"<p>Appliquer une couche d\u2019exfoliant sur le visage, le cou, les paupi\u00e8res et les l\u00e8vres. Masser la peau avec le bout des doigts pour \u00e9liminer les cellules mortes et les impuret\u00e9s. Rincer \u00e0 l\u2019eau ti\u00e8de et s\u00e9cher d\u00e9licatement. Vaporiser le Tonique et terminer par les produits de soins appropri\u00e9s \u00e0 votre type de peau. n\u00c9viter tout contact avec les yeux. Pour un usage externe seulement.<\/p>\n","protected":false},"excerpt":{"rendered":"<p>Cet exfoliant doux \u00e9limine parfaitement les cellules mortes de la peau en fournissant un \u00e9clat sain instantan\u00e9. Id\u00e9al pour les teints ternes, il r\u00e9duit l\u2019apparence des imperfections visibles de la surface telles que les pores dilat\u00e9s, les rougeurs et la brillance. D\u00e8s la premi\u00e8re application, la texture de la peau est plus lisse et plus douce. Un traitement id\u00e9al pour pr\u00e9parer la peau aux prochaines \u00e9tapes de soins.<\/p>\n","protected":false},"featured_media":14884,"comment_status":"closed","ping_status":"closed","template":"","meta":[],"product_brand":[],"product_cat":[130,131,138,117,122,141,134,135,139,136,132,133,140],"product_tag":[],"class_list":{"0":"post-13694","1":"product","2":"type-product","3":"status-publish","4":"has-post-thumbnail","6":"product_cat-acne-fr","7":"product_cat-acne-rosacee","8":"product_cat-anti-age-rides","9":"product_cat-collection-classique","10":"product_cat-exfoliants-fr","11":"product_cat-formules-en-vedette","12":"product_cat-peau-deshydratee","13":"product_cat-peau-grasse","14":"product_cat-peau-mature-lache","15":"product_cat-peau-mixte","16":"product_cat-peau-normale-sensible-rosacee","17":"product_cat-peau-seche","18":"product_cat-pigmentation-fr","20":"first","21":"instock","22":"sold-individually","23":"taxable","24":"shipping-taxable","25":"product-type-simple"},"yoast_head":"<!-- This site is optimized with the Yoast SEO plugin v27.5 - https:\/\/yoast.com\/product\/yoast-seo-wordpress\/ -->\n<title>Exfoliant Doux - Europelab<\/title>\n<meta name=\"description\" content=\"Cet exfoliant doux \u00e9limine parfaitement les cellules mortes de la peau en fournissant un \u00e9clat sain instantan\u00e9. Id\u00e9al pour les teints ternes, il r\u00e9duit l\u2019apparence des imperfections visibles de la surface telles que les pores dilat\u00e9s, les rougeurs et la brillance. D\u00e8s la premi\u00e8re application, la texture de la peau est plus lisse et plus douce. Un traitement id\u00e9al pour pr\u00e9parer la peau aux prochaines \u00e9tapes de soins.\" \/>\n<meta name=\"robots\" content=\"index, follow, max-snippet:-1, max-image-preview:large, max-video-preview:-1\" \/>\n<link rel=\"canonical\" href=\"https:\/\/europelab.ca\/fr\/produit\/exfoliant\/\" \/>\n<meta property=\"og:locale\" content=\"fr_FR\" \/>\n<meta property=\"og:type\" content=\"article\" \/>\n<meta property=\"og:title\" content=\"Exfoliant Doux - Europelab\" \/>\n<meta property=\"og:description\" content=\"Cet exfoliant doux \u00e9limine parfaitement les cellules mortes de la peau en fournissant un \u00e9clat sain instantan\u00e9. Id\u00e9al pour les teints ternes, il r\u00e9duit l\u2019apparence des imperfections visibles de la surface telles que les pores dilat\u00e9s, les rougeurs et la brillance. D\u00e8s la premi\u00e8re application, la texture de la peau est plus lisse et plus douce. Un traitement id\u00e9al pour pr\u00e9parer la peau aux prochaines \u00e9tapes de soins.\" \/>\n<meta property=\"og:url\" content=\"https:\/\/europelab.ca\/fr\/produit\/exfoliant\/\" \/>\n<meta property=\"og:site_name\" content=\"Europelab\" \/>\n<meta property=\"article:modified_time\" content=\"2025-09-28T16:18:11+00:00\" \/>\n<meta property=\"og:image\" content=\"https:\/\/europelab.ca\/wp-content\/uploads\/2025\/09\/W_CLASSIC-COLLECTION_2025_MT-3000-L_Gentle-Exfoliant-65g.jpg\" \/>\n\t<meta property=\"og:image:width\" content=\"1200\" \/>\n\t<meta property=\"og:image:height\" content=\"1200\" \/>\n\t<meta property=\"og:image:type\" content=\"image\/jpeg\" \/>\n<meta name=\"twitter:card\" content=\"summary_large_image\" \/>\n<script type=\"application\/ld+json\" class=\"yoast-schema-graph\">{\"@context\":\"https:\\\/\\\/schema.org\",\"@graph\":[{\"@type\":\"WebPage\",\"@id\":\"https:\\\/\\\/europelab.ca\\\/fr\\\/produit\\\/exfoliant\\\/\",\"url\":\"https:\\\/\\\/europelab.ca\\\/fr\\\/produit\\\/exfoliant\\\/\",\"name\":\"Exfoliant Doux - Europelab\",\"isPartOf\":{\"@id\":\"https:\\\/\\\/europelab.ca\\\/fr\\\/#website\"},\"primaryImageOfPage\":{\"@id\":\"https:\\\/\\\/europelab.ca\\\/fr\\\/produit\\\/exfoliant\\\/#primaryimage\"},\"image\":{\"@id\":\"https:\\\/\\\/europelab.ca\\\/fr\\\/produit\\\/exfoliant\\\/#primaryimage\"},\"thumbnailUrl\":\"https:\\\/\\\/europelab.ca\\\/wp-content\\\/uploads\\\/2025\\\/09\\\/W_CLASSIC-COLLECTION_2025_MT-3000-L_Gentle-Exfoliant-65g.jpg\",\"datePublished\":\"2021-02-26T15:07:55+00:00\",\"dateModified\":\"2025-09-28T16:18:11+00:00\",\"description\":\"Cet exfoliant doux \u00e9limine parfaitement les cellules mortes de la peau en fournissant un \u00e9clat sain instantan\u00e9. Id\u00e9al pour les teints ternes, il r\u00e9duit l\u2019apparence des imperfections visibles de la surface telles que les pores dilat\u00e9s, les rougeurs et la brillance. D\u00e8s la premi\u00e8re application, la texture de la peau est plus lisse et plus douce. Un traitement id\u00e9al pour pr\u00e9parer la peau aux prochaines \u00e9tapes de soins.\",\"breadcrumb\":{\"@id\":\"https:\\\/\\\/europelab.ca\\\/fr\\\/produit\\\/exfoliant\\\/#breadcrumb\"},\"inLanguage\":\"fr-FR\",\"potentialAction\":[{\"@type\":\"ReadAction\",\"target\":[\"https:\\\/\\\/europelab.ca\\\/fr\\\/produit\\\/exfoliant\\\/\"]}]},{\"@type\":\"ImageObject\",\"inLanguage\":\"fr-FR\",\"@id\":\"https:\\\/\\\/europelab.ca\\\/fr\\\/produit\\\/exfoliant\\\/#primaryimage\",\"url\":\"https:\\\/\\\/europelab.ca\\\/wp-content\\\/uploads\\\/2025\\\/09\\\/W_CLASSIC-COLLECTION_2025_MT-3000-L_Gentle-Exfoliant-65g.jpg\",\"contentUrl\":\"https:\\\/\\\/europelab.ca\\\/wp-content\\\/uploads\\\/2025\\\/09\\\/W_CLASSIC-COLLECTION_2025_MT-3000-L_Gentle-Exfoliant-65g.jpg\",\"width\":1200,\"height\":1200,\"caption\":\"Exfoliant Doux\"},{\"@type\":\"BreadcrumbList\",\"@id\":\"https:\\\/\\\/europelab.ca\\\/fr\\\/produit\\\/exfoliant\\\/#breadcrumb\",\"itemListElement\":[{\"@type\":\"ListItem\",\"position\":1,\"name\":\"Accueil\",\"item\":\"https:\\\/\\\/europelab.ca\\\/fr\\\/\"},{\"@type\":\"ListItem\",\"position\":2,\"name\":\"Produits\",\"item\":\"https:\\\/\\\/europelab.ca\\\/fr\\\/shop\\\/\"},{\"@type\":\"ListItem\",\"position\":3,\"name\":\"Exfoliant Doux\"}]},{\"@type\":\"WebSite\",\"@id\":\"https:\\\/\\\/europelab.ca\\\/fr\\\/#website\",\"url\":\"https:\\\/\\\/europelab.ca\\\/fr\\\/\",\"name\":\"Europelab\",\"description\":\"Private Label, Made Simple.\",\"potentialAction\":[{\"@type\":\"SearchAction\",\"target\":{\"@type\":\"EntryPoint\",\"urlTemplate\":\"https:\\\/\\\/europelab.ca\\\/fr\\\/?s={search_term_string}\"},\"query-input\":{\"@type\":\"PropertyValueSpecification\",\"valueRequired\":true,\"valueName\":\"search_term_string\"}}],\"inLanguage\":\"fr-FR\"}]}<\/script>\n<!-- \/ Yoast SEO plugin. -->","yoast_head_json":{"title":"Exfoliant Doux - Europelab","description":"Cet exfoliant doux \u00e9limine parfaitement les cellules mortes de la peau en fournissant un \u00e9clat sain instantan\u00e9. Id\u00e9al pour les teints ternes, il r\u00e9duit l\u2019apparence des imperfections visibles de la surface telles que les pores dilat\u00e9s, les rougeurs et la brillance. D\u00e8s la premi\u00e8re application, la texture de la peau est plus lisse et plus douce. Un traitement id\u00e9al pour pr\u00e9parer la peau aux prochaines \u00e9tapes de soins.","robots":{"index":"index","follow":"follow","max-snippet":"max-snippet:-1","max-image-preview":"max-image-preview:large","max-video-preview":"max-video-preview:-1"},"canonical":"https:\/\/europelab.ca\/fr\/produit\/exfoliant\/","og_locale":"fr_FR","og_type":"article","og_title":"Exfoliant Doux - Europelab","og_description":"Cet exfoliant doux \u00e9limine parfaitement les cellules mortes de la peau en fournissant un \u00e9clat sain instantan\u00e9. Id\u00e9al pour les teints ternes, il r\u00e9duit l\u2019apparence des imperfections visibles de la surface telles que les pores dilat\u00e9s, les rougeurs et la brillance. D\u00e8s la premi\u00e8re application, la texture de la peau est plus lisse et plus douce. Un traitement id\u00e9al pour pr\u00e9parer la peau aux prochaines \u00e9tapes de soins.","og_url":"https:\/\/europelab.ca\/fr\/produit\/exfoliant\/","og_site_name":"Europelab","article_modified_time":"2025-09-28T16:18:11+00:00","og_image":[{"width":1200,"height":1200,"url":"https:\/\/europelab.ca\/wp-content\/uploads\/2025\/09\/W_CLASSIC-COLLECTION_2025_MT-3000-L_Gentle-Exfoliant-65g.jpg","type":"image\/jpeg"}],"twitter_card":"summary_large_image","schema":{"@context":"https:\/\/schema.org","@graph":[{"@type":"WebPage","@id":"https:\/\/europelab.ca\/fr\/produit\/exfoliant\/","url":"https:\/\/europelab.ca\/fr\/produit\/exfoliant\/","name":"Exfoliant Doux - Europelab","isPartOf":{"@id":"https:\/\/europelab.ca\/fr\/#website"},"primaryImageOfPage":{"@id":"https:\/\/europelab.ca\/fr\/produit\/exfoliant\/#primaryimage"},"image":{"@id":"https:\/\/europelab.ca\/fr\/produit\/exfoliant\/#primaryimage"},"thumbnailUrl":"https:\/\/europelab.ca\/wp-content\/uploads\/2025\/09\/W_CLASSIC-COLLECTION_2025_MT-3000-L_Gentle-Exfoliant-65g.jpg","datePublished":"2021-02-26T15:07:55+00:00","dateModified":"2025-09-28T16:18:11+00:00","description":"Cet exfoliant doux \u00e9limine parfaitement les cellules mortes de la peau en fournissant un \u00e9clat sain instantan\u00e9. Id\u00e9al pour les teints ternes, il r\u00e9duit l\u2019apparence des imperfections visibles de la surface telles que les pores dilat\u00e9s, les rougeurs et la brillance. D\u00e8s la premi\u00e8re application, la texture de la peau est plus lisse et plus douce. Un traitement id\u00e9al pour pr\u00e9parer la peau aux prochaines \u00e9tapes de soins.","breadcrumb":{"@id":"https:\/\/europelab.ca\/fr\/produit\/exfoliant\/#breadcrumb"},"inLanguage":"fr-FR","potentialAction":[{"@type":"ReadAction","target":["https:\/\/europelab.ca\/fr\/produit\/exfoliant\/"]}]},{"@type":"ImageObject","inLanguage":"fr-FR","@id":"https:\/\/europelab.ca\/fr\/produit\/exfoliant\/#primaryimage","url":"https:\/\/europelab.ca\/wp-content\/uploads\/2025\/09\/W_CLASSIC-COLLECTION_2025_MT-3000-L_Gentle-Exfoliant-65g.jpg","contentUrl":"https:\/\/europelab.ca\/wp-content\/uploads\/2025\/09\/W_CLASSIC-COLLECTION_2025_MT-3000-L_Gentle-Exfoliant-65g.jpg","width":1200,"height":1200,"caption":"Exfoliant Doux"},{"@type":"BreadcrumbList","@id":"https:\/\/europelab.ca\/fr\/produit\/exfoliant\/#breadcrumb","itemListElement":[{"@type":"ListItem","position":1,"name":"Accueil","item":"https:\/\/europelab.ca\/fr\/"},{"@type":"ListItem","position":2,"name":"Produits","item":"https:\/\/europelab.ca\/fr\/shop\/"},{"@type":"ListItem","position":3,"name":"Exfoliant Doux"}]},{"@type":"WebSite","@id":"https:\/\/europelab.ca\/fr\/#website","url":"https:\/\/europelab.ca\/fr\/","name":"Europelab","description":"Private Label, Made Simple.","potentialAction":[{"@type":"SearchAction","target":{"@type":"EntryPoint","urlTemplate":"https:\/\/europelab.ca\/fr\/?s={search_term_string}"},"query-input":{"@type":"PropertyValueSpecification","valueRequired":true,"valueName":"search_term_string"}}],"inLanguage":"fr-FR"}]}},"_links":{"self":[{"href":"https:\/\/europelab.ca\/fr\/wp-json\/wp\/v2\/product\/13694","targetHints":{"allow":["GET"]}}],"collection":[{"href":"https:\/\/europelab.ca\/fr\/wp-json\/wp\/v2\/product"}],"about":[{"href":"https:\/\/europelab.ca\/fr\/wp-json\/wp\/v2\/types\/product"}],"replies":[{"embeddable":true,"href":"https:\/\/europelab.ca\/fr\/wp-json\/wp\/v2\/comments?post=13694"}],"wp:featuredmedia":[{"embeddable":true,"href":"https:\/\/europelab.ca\/fr\/wp-json\/wp\/v2\/media\/14884"}],"wp:attachment":[{"href":"https:\/\/europelab.ca\/fr\/wp-json\/wp\/v2\/media?parent=13694"}],"wp:term":[{"taxonomy":"product_brand","embeddable":true,"href":"https:\/\/europelab.ca\/fr\/wp-json\/wp\/v2\/product_brand?post=13694"},{"taxonomy":"product_cat","embeddable":true,"href":"https:\/\/europelab.ca\/fr\/wp-json\/wp\/v2\/product_cat?post=13694"},{"taxonomy":"product_tag","embeddable":true,"href":"https:\/\/europelab.ca\/fr\/wp-json\/wp\/v2\/product_tag?post=13694"}],"curies":[{"name":"wp","href":"https:\/\/api.w.org\/{rel}","templated":true}]}}