{"id":13693,"date":"2021-03-08T18:43:34","date_gmt":"2021-03-08T18:43:34","guid":{"rendered":"https:\/\/elabpl.wpengine.com\/product\/foaming-cleanser\/"},"modified":"2021-11-16T14:28:33","modified_gmt":"2021-11-16T14:28:33","slug":"nettoyant-moussant","status":"publish","type":"product","link":"https:\/\/europelab.ca\/fr\/produit\/nettoyant-moussant\/","title":{"rendered":"Nettoyant Moussant"},"content":{"rendered":"<p>Appliquer le Nettoyant Moussant sur le visage et le cou pr\u00e9alablement humidifi\u00e9s. Faire mousser puis rincer \u00e0 l\u2019eau ti\u00e8de. R\u00e9p\u00e9ter si n\u00e9cessaire. \u00c9viter tout contact avec les yeux. Pour un usage externe seulement.<\/p>\n","protected":false},"excerpt":{"rendered":"<p>Un nettoyant moussant id\u00e9al pour nettoyer et purifier la peau en douceur. Enrichie en extraits d\u2019AHA et d\u2019agrumes, cette formule nettoyante pr\u00e9vient l\u2019apparition de taches et r\u00e9gule la s\u00e9cr\u00e9tion de s\u00e9bum. Offrant une exfoliation superficielle, ce soin favorise le renouvellement cellulaire et am\u00e9liore la texture de la peau. La peau est \u00e9clatante et le teint est plus clair.<\/p>\n","protected":false},"featured_media":14668,"comment_status":"closed","ping_status":"closed","template":"","meta":[],"product_brand":[],"product_cat":[131,138,117,120,134,135,139,136,140],"product_tag":[],"class_list":{"0":"post-13693","1":"product","2":"type-product","3":"status-publish","4":"has-post-thumbnail","6":"product_cat-acne-rosacee","7":"product_cat-anti-age-rides","8":"product_cat-collection-classique","9":"product_cat-nettoyants","10":"product_cat-peau-deshydratee","11":"product_cat-peau-grasse","12":"product_cat-peau-mature-lache","13":"product_cat-peau-mixte","14":"product_cat-pigmentation-fr","16":"first","17":"instock","18":"taxable","19":"shipping-taxable","20":"product-type-simple"},"yoast_head":"<!-- This site is optimized with the Yoast SEO plugin v27.4 - https:\/\/yoast.com\/product\/yoast-seo-wordpress\/ -->\n<title>Nettoyant Moussant - Europelab<\/title>\n<meta name=\"description\" content=\"Un nettoyant moussant id\u00e9al pour nettoyer et purifier la peau en douceur. Enrichie en extraits d\u2019AHA et d\u2019agrumes, cette formule nettoyante pr\u00e9vient l\u2019apparition de taches et r\u00e9gule la s\u00e9cr\u00e9tion de s\u00e9bum. Offrant une exfoliation superficielle, ce soin favorise le renouvellement cellulaire et am\u00e9liore la texture de la peau. La peau est \u00e9clatante et le teint est plus clair.\" \/>\n<meta name=\"robots\" content=\"index, follow, max-snippet:-1, max-image-preview:large, max-video-preview:-1\" \/>\n<link rel=\"canonical\" href=\"https:\/\/europelab.ca\/fr\/produit\/nettoyant-moussant\/\" \/>\n<meta property=\"og:locale\" content=\"fr_FR\" \/>\n<meta property=\"og:type\" content=\"article\" \/>\n<meta property=\"og:title\" content=\"Nettoyant Moussant - Europelab\" \/>\n<meta property=\"og:description\" content=\"Un nettoyant moussant id\u00e9al pour nettoyer et purifier la peau en douceur. Enrichie en extraits d\u2019AHA et d\u2019agrumes, cette formule nettoyante pr\u00e9vient l\u2019apparition de taches et r\u00e9gule la s\u00e9cr\u00e9tion de s\u00e9bum. Offrant une exfoliation superficielle, ce soin favorise le renouvellement cellulaire et am\u00e9liore la texture de la peau. La peau est \u00e9clatante et le teint est plus clair.\" \/>\n<meta property=\"og:url\" content=\"https:\/\/europelab.ca\/fr\/produit\/nettoyant-moussant\/\" \/>\n<meta property=\"og:site_name\" content=\"Europelab\" \/>\n<meta property=\"article:modified_time\" content=\"2021-11-16T14:28:33+00:00\" \/>\n<meta property=\"og:image\" content=\"https:\/\/europelab.ca\/wp-content\/uploads\/2021\/03\/Foaming-Cleanser.jpg\" \/>\n\t<meta property=\"og:image:width\" content=\"1200\" \/>\n\t<meta property=\"og:image:height\" content=\"1200\" \/>\n\t<meta property=\"og:image:type\" content=\"image\/jpeg\" \/>\n<meta name=\"twitter:card\" content=\"summary_large_image\" \/>\n<script type=\"application\/ld+json\" class=\"yoast-schema-graph\">{\"@context\":\"https:\\\/\\\/schema.org\",\"@graph\":[{\"@type\":\"WebPage\",\"@id\":\"https:\\\/\\\/europelab.ca\\\/fr\\\/produit\\\/nettoyant-moussant\\\/\",\"url\":\"https:\\\/\\\/europelab.ca\\\/fr\\\/produit\\\/nettoyant-moussant\\\/\",\"name\":\"Nettoyant Moussant - Europelab\",\"isPartOf\":{\"@id\":\"https:\\\/\\\/europelab.ca\\\/fr\\\/#website\"},\"primaryImageOfPage\":{\"@id\":\"https:\\\/\\\/europelab.ca\\\/fr\\\/produit\\\/nettoyant-moussant\\\/#primaryimage\"},\"image\":{\"@id\":\"https:\\\/\\\/europelab.ca\\\/fr\\\/produit\\\/nettoyant-moussant\\\/#primaryimage\"},\"thumbnailUrl\":\"https:\\\/\\\/europelab.ca\\\/wp-content\\\/uploads\\\/2023\\\/11\\\/Foaming-Cleanser.jpg\",\"datePublished\":\"2021-03-08T18:43:34+00:00\",\"dateModified\":\"2021-11-16T14:28:33+00:00\",\"description\":\"Un nettoyant moussant id\u00e9al pour nettoyer et purifier la peau en douceur. Enrichie en extraits d\u2019AHA et d\u2019agrumes, cette formule nettoyante pr\u00e9vient l\u2019apparition de taches et r\u00e9gule la s\u00e9cr\u00e9tion de s\u00e9bum. Offrant une exfoliation superficielle, ce soin favorise le renouvellement cellulaire et am\u00e9liore la texture de la peau. La peau est \u00e9clatante et le teint est plus clair.\",\"breadcrumb\":{\"@id\":\"https:\\\/\\\/europelab.ca\\\/fr\\\/produit\\\/nettoyant-moussant\\\/#breadcrumb\"},\"inLanguage\":\"fr-FR\",\"potentialAction\":[{\"@type\":\"ReadAction\",\"target\":[\"https:\\\/\\\/europelab.ca\\\/fr\\\/produit\\\/nettoyant-moussant\\\/\"]}]},{\"@type\":\"ImageObject\",\"inLanguage\":\"fr-FR\",\"@id\":\"https:\\\/\\\/europelab.ca\\\/fr\\\/produit\\\/nettoyant-moussant\\\/#primaryimage\",\"url\":\"https:\\\/\\\/europelab.ca\\\/wp-content\\\/uploads\\\/2023\\\/11\\\/Foaming-Cleanser.jpg\",\"contentUrl\":\"https:\\\/\\\/europelab.ca\\\/wp-content\\\/uploads\\\/2023\\\/11\\\/Foaming-Cleanser.jpg\",\"width\":1200,\"height\":1200,\"caption\":\"Nettoyant Moussant\"},{\"@type\":\"BreadcrumbList\",\"@id\":\"https:\\\/\\\/europelab.ca\\\/fr\\\/produit\\\/nettoyant-moussant\\\/#breadcrumb\",\"itemListElement\":[{\"@type\":\"ListItem\",\"position\":1,\"name\":\"Accueil\",\"item\":\"https:\\\/\\\/europelab.ca\\\/fr\\\/\"},{\"@type\":\"ListItem\",\"position\":2,\"name\":\"Produits\",\"item\":\"https:\\\/\\\/europelab.ca\\\/fr\\\/shop\\\/\"},{\"@type\":\"ListItem\",\"position\":3,\"name\":\"Nettoyant Moussant\"}]},{\"@type\":\"WebSite\",\"@id\":\"https:\\\/\\\/europelab.ca\\\/fr\\\/#website\",\"url\":\"https:\\\/\\\/europelab.ca\\\/fr\\\/\",\"name\":\"Europelab\",\"description\":\"Private Label, Made Simple.\",\"potentialAction\":[{\"@type\":\"SearchAction\",\"target\":{\"@type\":\"EntryPoint\",\"urlTemplate\":\"https:\\\/\\\/europelab.ca\\\/fr\\\/?s={search_term_string}\"},\"query-input\":{\"@type\":\"PropertyValueSpecification\",\"valueRequired\":true,\"valueName\":\"search_term_string\"}}],\"inLanguage\":\"fr-FR\"}]}<\/script>\n<!-- \/ Yoast SEO plugin. -->","yoast_head_json":{"title":"Nettoyant Moussant - Europelab","description":"Un nettoyant moussant id\u00e9al pour nettoyer et purifier la peau en douceur. Enrichie en extraits d\u2019AHA et d\u2019agrumes, cette formule nettoyante pr\u00e9vient l\u2019apparition de taches et r\u00e9gule la s\u00e9cr\u00e9tion de s\u00e9bum. Offrant une exfoliation superficielle, ce soin favorise le renouvellement cellulaire et am\u00e9liore la texture de la peau. La peau est \u00e9clatante et le teint est plus clair.","robots":{"index":"index","follow":"follow","max-snippet":"max-snippet:-1","max-image-preview":"max-image-preview:large","max-video-preview":"max-video-preview:-1"},"canonical":"https:\/\/europelab.ca\/fr\/produit\/nettoyant-moussant\/","og_locale":"fr_FR","og_type":"article","og_title":"Nettoyant Moussant - Europelab","og_description":"Un nettoyant moussant id\u00e9al pour nettoyer et purifier la peau en douceur. Enrichie en extraits d\u2019AHA et d\u2019agrumes, cette formule nettoyante pr\u00e9vient l\u2019apparition de taches et r\u00e9gule la s\u00e9cr\u00e9tion de s\u00e9bum. Offrant une exfoliation superficielle, ce soin favorise le renouvellement cellulaire et am\u00e9liore la texture de la peau. La peau est \u00e9clatante et le teint est plus clair.","og_url":"https:\/\/europelab.ca\/fr\/produit\/nettoyant-moussant\/","og_site_name":"Europelab","article_modified_time":"2021-11-16T14:28:33+00:00","og_image":[{"width":1200,"height":1200,"url":"https:\/\/europelab.ca\/wp-content\/uploads\/2021\/03\/Foaming-Cleanser.jpg","type":"image\/jpeg"}],"twitter_card":"summary_large_image","schema":{"@context":"https:\/\/schema.org","@graph":[{"@type":"WebPage","@id":"https:\/\/europelab.ca\/fr\/produit\/nettoyant-moussant\/","url":"https:\/\/europelab.ca\/fr\/produit\/nettoyant-moussant\/","name":"Nettoyant Moussant - Europelab","isPartOf":{"@id":"https:\/\/europelab.ca\/fr\/#website"},"primaryImageOfPage":{"@id":"https:\/\/europelab.ca\/fr\/produit\/nettoyant-moussant\/#primaryimage"},"image":{"@id":"https:\/\/europelab.ca\/fr\/produit\/nettoyant-moussant\/#primaryimage"},"thumbnailUrl":"https:\/\/europelab.ca\/wp-content\/uploads\/2023\/11\/Foaming-Cleanser.jpg","datePublished":"2021-03-08T18:43:34+00:00","dateModified":"2021-11-16T14:28:33+00:00","description":"Un nettoyant moussant id\u00e9al pour nettoyer et purifier la peau en douceur. Enrichie en extraits d\u2019AHA et d\u2019agrumes, cette formule nettoyante pr\u00e9vient l\u2019apparition de taches et r\u00e9gule la s\u00e9cr\u00e9tion de s\u00e9bum. Offrant une exfoliation superficielle, ce soin favorise le renouvellement cellulaire et am\u00e9liore la texture de la peau. La peau est \u00e9clatante et le teint est plus clair.","breadcrumb":{"@id":"https:\/\/europelab.ca\/fr\/produit\/nettoyant-moussant\/#breadcrumb"},"inLanguage":"fr-FR","potentialAction":[{"@type":"ReadAction","target":["https:\/\/europelab.ca\/fr\/produit\/nettoyant-moussant\/"]}]},{"@type":"ImageObject","inLanguage":"fr-FR","@id":"https:\/\/europelab.ca\/fr\/produit\/nettoyant-moussant\/#primaryimage","url":"https:\/\/europelab.ca\/wp-content\/uploads\/2023\/11\/Foaming-Cleanser.jpg","contentUrl":"https:\/\/europelab.ca\/wp-content\/uploads\/2023\/11\/Foaming-Cleanser.jpg","width":1200,"height":1200,"caption":"Nettoyant Moussant"},{"@type":"BreadcrumbList","@id":"https:\/\/europelab.ca\/fr\/produit\/nettoyant-moussant\/#breadcrumb","itemListElement":[{"@type":"ListItem","position":1,"name":"Accueil","item":"https:\/\/europelab.ca\/fr\/"},{"@type":"ListItem","position":2,"name":"Produits","item":"https:\/\/europelab.ca\/fr\/shop\/"},{"@type":"ListItem","position":3,"name":"Nettoyant Moussant"}]},{"@type":"WebSite","@id":"https:\/\/europelab.ca\/fr\/#website","url":"https:\/\/europelab.ca\/fr\/","name":"Europelab","description":"Private Label, Made Simple.","potentialAction":[{"@type":"SearchAction","target":{"@type":"EntryPoint","urlTemplate":"https:\/\/europelab.ca\/fr\/?s={search_term_string}"},"query-input":{"@type":"PropertyValueSpecification","valueRequired":true,"valueName":"search_term_string"}}],"inLanguage":"fr-FR"}]}},"_links":{"self":[{"href":"https:\/\/europelab.ca\/fr\/wp-json\/wp\/v2\/product\/13693","targetHints":{"allow":["GET"]}}],"collection":[{"href":"https:\/\/europelab.ca\/fr\/wp-json\/wp\/v2\/product"}],"about":[{"href":"https:\/\/europelab.ca\/fr\/wp-json\/wp\/v2\/types\/product"}],"replies":[{"embeddable":true,"href":"https:\/\/europelab.ca\/fr\/wp-json\/wp\/v2\/comments?post=13693"}],"wp:featuredmedia":[{"embeddable":true,"href":"https:\/\/europelab.ca\/fr\/wp-json\/wp\/v2\/media\/14668"}],"wp:attachment":[{"href":"https:\/\/europelab.ca\/fr\/wp-json\/wp\/v2\/media?parent=13693"}],"wp:term":[{"taxonomy":"product_brand","embeddable":true,"href":"https:\/\/europelab.ca\/fr\/wp-json\/wp\/v2\/product_brand?post=13693"},{"taxonomy":"product_cat","embeddable":true,"href":"https:\/\/europelab.ca\/fr\/wp-json\/wp\/v2\/product_cat?post=13693"},{"taxonomy":"product_tag","embeddable":true,"href":"https:\/\/europelab.ca\/fr\/wp-json\/wp\/v2\/product_tag?post=13693"}],"curies":[{"name":"wp","href":"https:\/\/api.w.org\/{rel}","templated":true}]}}