{"id":13685,"date":"2021-03-08T18:28:22","date_gmt":"2021-03-08T18:28:22","guid":{"rendered":"https:\/\/elabpl.wpengine.com\/product\/cleansing-milk\/"},"modified":"2021-11-16T14:23:40","modified_gmt":"2021-11-16T14:23:40","slug":"lait-nettoyant","status":"publish","type":"product","link":"https:\/\/europelab.ca\/fr\/produit\/lait-nettoyant\/","title":{"rendered":"Lait Nettoyant"},"content":{"rendered":"<p>Pour usage quotidien, matin et\/ou soir. Appliquer sur le visage et le cou \u00e0 l\u2019aide d\u2019un coton. Terminer par le Tonique appropri\u00e9 \u00e0 votre type de peau. \u00c9viter tout contact avec les yeux. Pour un usage externe seulement.<\/p>\n","protected":false},"excerpt":{"rendered":"<p>Ce lait nettoyant cr\u00e9meux aide \u00e0 nettoyer en douceur la peau de toutes les impuret\u00e9s et \u00e0 \u00e9liminer toute trace de maquillage. Son complexe d\u2019eaux florales poss\u00e8de des propri\u00e9t\u00e9s d\u00e9congestionnantes et astringentes offrant une sensation de fra\u00eecheur et de l\u00e9g\u00e8ret\u00e9 \u00e0 la peau. Recommand\u00e9 pour tous les types de peau, ce lait respecte le pH physiologique de la peau.<\/p>\n","protected":false},"featured_media":14686,"comment_status":"closed","ping_status":"closed","template":"","meta":[],"product_brand":[],"product_cat":[138,117,120,134,139,132,133,140],"product_tag":[],"class_list":{"0":"post-13685","1":"product","2":"type-product","3":"status-publish","4":"has-post-thumbnail","6":"product_cat-anti-age-rides","7":"product_cat-collection-classique","8":"product_cat-nettoyants","9":"product_cat-peau-deshydratee","10":"product_cat-peau-mature-lache","11":"product_cat-peau-normale-sensible-rosacee","12":"product_cat-peau-seche","13":"product_cat-pigmentation-fr","15":"first","16":"instock","17":"sold-individually","18":"taxable","19":"shipping-taxable","20":"product-type-simple"},"yoast_head":"<!-- This site is optimized with the Yoast SEO plugin v27.5 - https:\/\/yoast.com\/product\/yoast-seo-wordpress\/ -->\n<title>Lait Nettoyant - Europelab<\/title>\n<meta name=\"description\" content=\"Ce lait nettoyant cr\u00e9meux aide \u00e0 nettoyer en douceur la peau de toutes les impuret\u00e9s et \u00e0 \u00e9liminer toute trace de maquillage. Son complexe d\u2019eaux florales poss\u00e8de des propri\u00e9t\u00e9s d\u00e9congestionnantes et astringentes offrant une sensation de fra\u00eecheur et de l\u00e9g\u00e8ret\u00e9 \u00e0 la peau. Recommand\u00e9 pour tous les types de peau, ce lait respecte le pH physiologique de la peau.\" \/>\n<meta name=\"robots\" content=\"index, follow, max-snippet:-1, max-image-preview:large, max-video-preview:-1\" \/>\n<link rel=\"canonical\" href=\"https:\/\/europelab.ca\/fr\/produit\/lait-nettoyant\/\" \/>\n<meta property=\"og:locale\" content=\"fr_FR\" \/>\n<meta property=\"og:type\" content=\"article\" \/>\n<meta property=\"og:title\" content=\"Lait Nettoyant - Europelab\" \/>\n<meta property=\"og:description\" content=\"Ce lait nettoyant cr\u00e9meux aide \u00e0 nettoyer en douceur la peau de toutes les impuret\u00e9s et \u00e0 \u00e9liminer toute trace de maquillage. Son complexe d\u2019eaux florales poss\u00e8de des propri\u00e9t\u00e9s d\u00e9congestionnantes et astringentes offrant une sensation de fra\u00eecheur et de l\u00e9g\u00e8ret\u00e9 \u00e0 la peau. Recommand\u00e9 pour tous les types de peau, ce lait respecte le pH physiologique de la peau.\" \/>\n<meta property=\"og:url\" content=\"https:\/\/europelab.ca\/fr\/produit\/lait-nettoyant\/\" \/>\n<meta property=\"og:site_name\" content=\"Europelab\" \/>\n<meta property=\"article:modified_time\" content=\"2021-11-16T14:23:40+00:00\" \/>\n<meta property=\"og:image\" content=\"https:\/\/europelab.ca\/wp-content\/uploads\/2021\/03\/Cleansing-Milk.jpg\" \/>\n\t<meta property=\"og:image:width\" content=\"1200\" \/>\n\t<meta property=\"og:image:height\" content=\"1200\" \/>\n\t<meta property=\"og:image:type\" content=\"image\/jpeg\" \/>\n<meta name=\"twitter:card\" content=\"summary_large_image\" \/>\n<script type=\"application\/ld+json\" class=\"yoast-schema-graph\">{\"@context\":\"https:\\\/\\\/schema.org\",\"@graph\":[{\"@type\":\"WebPage\",\"@id\":\"https:\\\/\\\/europelab.ca\\\/fr\\\/produit\\\/lait-nettoyant\\\/\",\"url\":\"https:\\\/\\\/europelab.ca\\\/fr\\\/produit\\\/lait-nettoyant\\\/\",\"name\":\"Lait Nettoyant - Europelab\",\"isPartOf\":{\"@id\":\"https:\\\/\\\/europelab.ca\\\/fr\\\/#website\"},\"primaryImageOfPage\":{\"@id\":\"https:\\\/\\\/europelab.ca\\\/fr\\\/produit\\\/lait-nettoyant\\\/#primaryimage\"},\"image\":{\"@id\":\"https:\\\/\\\/europelab.ca\\\/fr\\\/produit\\\/lait-nettoyant\\\/#primaryimage\"},\"thumbnailUrl\":\"https:\\\/\\\/europelab.ca\\\/wp-content\\\/uploads\\\/2023\\\/11\\\/Cleansing-Milk.jpg\",\"datePublished\":\"2021-03-08T18:28:22+00:00\",\"dateModified\":\"2021-11-16T14:23:40+00:00\",\"description\":\"Ce lait nettoyant cr\u00e9meux aide \u00e0 nettoyer en douceur la peau de toutes les impuret\u00e9s et \u00e0 \u00e9liminer toute trace de maquillage. Son complexe d\u2019eaux florales poss\u00e8de des propri\u00e9t\u00e9s d\u00e9congestionnantes et astringentes offrant une sensation de fra\u00eecheur et de l\u00e9g\u00e8ret\u00e9 \u00e0 la peau. Recommand\u00e9 pour tous les types de peau, ce lait respecte le pH physiologique de la peau.\",\"breadcrumb\":{\"@id\":\"https:\\\/\\\/europelab.ca\\\/fr\\\/produit\\\/lait-nettoyant\\\/#breadcrumb\"},\"inLanguage\":\"fr-FR\",\"potentialAction\":[{\"@type\":\"ReadAction\",\"target\":[\"https:\\\/\\\/europelab.ca\\\/fr\\\/produit\\\/lait-nettoyant\\\/\"]}]},{\"@type\":\"ImageObject\",\"inLanguage\":\"fr-FR\",\"@id\":\"https:\\\/\\\/europelab.ca\\\/fr\\\/produit\\\/lait-nettoyant\\\/#primaryimage\",\"url\":\"https:\\\/\\\/europelab.ca\\\/wp-content\\\/uploads\\\/2023\\\/11\\\/Cleansing-Milk.jpg\",\"contentUrl\":\"https:\\\/\\\/europelab.ca\\\/wp-content\\\/uploads\\\/2023\\\/11\\\/Cleansing-Milk.jpg\",\"width\":1200,\"height\":1200,\"caption\":\"Lait Nettoyant\"},{\"@type\":\"BreadcrumbList\",\"@id\":\"https:\\\/\\\/europelab.ca\\\/fr\\\/produit\\\/lait-nettoyant\\\/#breadcrumb\",\"itemListElement\":[{\"@type\":\"ListItem\",\"position\":1,\"name\":\"Accueil\",\"item\":\"https:\\\/\\\/europelab.ca\\\/fr\\\/\"},{\"@type\":\"ListItem\",\"position\":2,\"name\":\"Produits\",\"item\":\"https:\\\/\\\/europelab.ca\\\/fr\\\/shop\\\/\"},{\"@type\":\"ListItem\",\"position\":3,\"name\":\"Lait Nettoyant\"}]},{\"@type\":\"WebSite\",\"@id\":\"https:\\\/\\\/europelab.ca\\\/fr\\\/#website\",\"url\":\"https:\\\/\\\/europelab.ca\\\/fr\\\/\",\"name\":\"Europelab\",\"description\":\"Private Label, Made Simple.\",\"potentialAction\":[{\"@type\":\"SearchAction\",\"target\":{\"@type\":\"EntryPoint\",\"urlTemplate\":\"https:\\\/\\\/europelab.ca\\\/fr\\\/?s={search_term_string}\"},\"query-input\":{\"@type\":\"PropertyValueSpecification\",\"valueRequired\":true,\"valueName\":\"search_term_string\"}}],\"inLanguage\":\"fr-FR\"}]}<\/script>\n<!-- \/ Yoast SEO plugin. -->","yoast_head_json":{"title":"Lait Nettoyant - Europelab","description":"Ce lait nettoyant cr\u00e9meux aide \u00e0 nettoyer en douceur la peau de toutes les impuret\u00e9s et \u00e0 \u00e9liminer toute trace de maquillage. Son complexe d\u2019eaux florales poss\u00e8de des propri\u00e9t\u00e9s d\u00e9congestionnantes et astringentes offrant une sensation de fra\u00eecheur et de l\u00e9g\u00e8ret\u00e9 \u00e0 la peau. Recommand\u00e9 pour tous les types de peau, ce lait respecte le pH physiologique de la peau.","robots":{"index":"index","follow":"follow","max-snippet":"max-snippet:-1","max-image-preview":"max-image-preview:large","max-video-preview":"max-video-preview:-1"},"canonical":"https:\/\/europelab.ca\/fr\/produit\/lait-nettoyant\/","og_locale":"fr_FR","og_type":"article","og_title":"Lait Nettoyant - Europelab","og_description":"Ce lait nettoyant cr\u00e9meux aide \u00e0 nettoyer en douceur la peau de toutes les impuret\u00e9s et \u00e0 \u00e9liminer toute trace de maquillage. Son complexe d\u2019eaux florales poss\u00e8de des propri\u00e9t\u00e9s d\u00e9congestionnantes et astringentes offrant une sensation de fra\u00eecheur et de l\u00e9g\u00e8ret\u00e9 \u00e0 la peau. Recommand\u00e9 pour tous les types de peau, ce lait respecte le pH physiologique de la peau.","og_url":"https:\/\/europelab.ca\/fr\/produit\/lait-nettoyant\/","og_site_name":"Europelab","article_modified_time":"2021-11-16T14:23:40+00:00","og_image":[{"width":1200,"height":1200,"url":"https:\/\/europelab.ca\/wp-content\/uploads\/2021\/03\/Cleansing-Milk.jpg","type":"image\/jpeg"}],"twitter_card":"summary_large_image","schema":{"@context":"https:\/\/schema.org","@graph":[{"@type":"WebPage","@id":"https:\/\/europelab.ca\/fr\/produit\/lait-nettoyant\/","url":"https:\/\/europelab.ca\/fr\/produit\/lait-nettoyant\/","name":"Lait Nettoyant - Europelab","isPartOf":{"@id":"https:\/\/europelab.ca\/fr\/#website"},"primaryImageOfPage":{"@id":"https:\/\/europelab.ca\/fr\/produit\/lait-nettoyant\/#primaryimage"},"image":{"@id":"https:\/\/europelab.ca\/fr\/produit\/lait-nettoyant\/#primaryimage"},"thumbnailUrl":"https:\/\/europelab.ca\/wp-content\/uploads\/2023\/11\/Cleansing-Milk.jpg","datePublished":"2021-03-08T18:28:22+00:00","dateModified":"2021-11-16T14:23:40+00:00","description":"Ce lait nettoyant cr\u00e9meux aide \u00e0 nettoyer en douceur la peau de toutes les impuret\u00e9s et \u00e0 \u00e9liminer toute trace de maquillage. Son complexe d\u2019eaux florales poss\u00e8de des propri\u00e9t\u00e9s d\u00e9congestionnantes et astringentes offrant une sensation de fra\u00eecheur et de l\u00e9g\u00e8ret\u00e9 \u00e0 la peau. Recommand\u00e9 pour tous les types de peau, ce lait respecte le pH physiologique de la peau.","breadcrumb":{"@id":"https:\/\/europelab.ca\/fr\/produit\/lait-nettoyant\/#breadcrumb"},"inLanguage":"fr-FR","potentialAction":[{"@type":"ReadAction","target":["https:\/\/europelab.ca\/fr\/produit\/lait-nettoyant\/"]}]},{"@type":"ImageObject","inLanguage":"fr-FR","@id":"https:\/\/europelab.ca\/fr\/produit\/lait-nettoyant\/#primaryimage","url":"https:\/\/europelab.ca\/wp-content\/uploads\/2023\/11\/Cleansing-Milk.jpg","contentUrl":"https:\/\/europelab.ca\/wp-content\/uploads\/2023\/11\/Cleansing-Milk.jpg","width":1200,"height":1200,"caption":"Lait Nettoyant"},{"@type":"BreadcrumbList","@id":"https:\/\/europelab.ca\/fr\/produit\/lait-nettoyant\/#breadcrumb","itemListElement":[{"@type":"ListItem","position":1,"name":"Accueil","item":"https:\/\/europelab.ca\/fr\/"},{"@type":"ListItem","position":2,"name":"Produits","item":"https:\/\/europelab.ca\/fr\/shop\/"},{"@type":"ListItem","position":3,"name":"Lait Nettoyant"}]},{"@type":"WebSite","@id":"https:\/\/europelab.ca\/fr\/#website","url":"https:\/\/europelab.ca\/fr\/","name":"Europelab","description":"Private Label, Made Simple.","potentialAction":[{"@type":"SearchAction","target":{"@type":"EntryPoint","urlTemplate":"https:\/\/europelab.ca\/fr\/?s={search_term_string}"},"query-input":{"@type":"PropertyValueSpecification","valueRequired":true,"valueName":"search_term_string"}}],"inLanguage":"fr-FR"}]}},"_links":{"self":[{"href":"https:\/\/europelab.ca\/fr\/wp-json\/wp\/v2\/product\/13685","targetHints":{"allow":["GET"]}}],"collection":[{"href":"https:\/\/europelab.ca\/fr\/wp-json\/wp\/v2\/product"}],"about":[{"href":"https:\/\/europelab.ca\/fr\/wp-json\/wp\/v2\/types\/product"}],"replies":[{"embeddable":true,"href":"https:\/\/europelab.ca\/fr\/wp-json\/wp\/v2\/comments?post=13685"}],"wp:featuredmedia":[{"embeddable":true,"href":"https:\/\/europelab.ca\/fr\/wp-json\/wp\/v2\/media\/14686"}],"wp:attachment":[{"href":"https:\/\/europelab.ca\/fr\/wp-json\/wp\/v2\/media?parent=13685"}],"wp:term":[{"taxonomy":"product_brand","embeddable":true,"href":"https:\/\/europelab.ca\/fr\/wp-json\/wp\/v2\/product_brand?post=13685"},{"taxonomy":"product_cat","embeddable":true,"href":"https:\/\/europelab.ca\/fr\/wp-json\/wp\/v2\/product_cat?post=13685"},{"taxonomy":"product_tag","embeddable":true,"href":"https:\/\/europelab.ca\/fr\/wp-json\/wp\/v2\/product_tag?post=13685"}],"curies":[{"name":"wp","href":"https:\/\/api.w.org\/{rel}","templated":true}]}}