{"id":13683,"date":"2021-03-08T18:13:36","date_gmt":"2021-03-08T18:13:36","guid":{"rendered":"https:\/\/elabpl.wpengine.com\/product\/cleansing-gel\/"},"modified":"2025-07-27T15:43:23","modified_gmt":"2025-07-27T15:43:23","slug":"gel-nettoyant","status":"publish","type":"product","link":"https:\/\/europelab.ca\/fr\/produit\/gel-nettoyant\/","title":{"rendered":"Gel Nettoyant"},"content":{"rendered":"<p>Appliquer le Gel Nettoyant sur le visage et le cou pr\u00e9alablement humidifi\u00e9s. Faire mousser et rincer \u00e0 l\u2019eau ti\u00e8de. R\u00e9p\u00e9ter si n\u00e9cessaire. Peut \u00eatre utilis\u00e9 avec une brosse faciale. \u00c9viter tout contact avec les yeux. Pour un usage externe seulement.<\/p>\n","protected":false},"excerpt":{"rendered":"<p>Le Gel Nettoyant nettoie efficacement la peau des impuret\u00e9s tout en respectant son film hydrolipidique. Formul\u00e9 \u00e0 partir de pr\u00e9biotiques et de zinc PCA, il r\u00e9tablit l\u2019\u00e9quilibre de la flore microbienne b\u00e9n\u00e9fique de la peau et normalise les s\u00e9cr\u00e9tions de s\u00e9bum. Lors de la premi\u00e8re utilisation, la peau est imm\u00e9diatement plus fra\u00eeche et plus propre. Sa formule est parfaitement adapt\u00e9e m\u00eame pour les peaux les plus sensibles. Elle est formul\u00e9e sans SLS pour \u00e9viter les irritations cutan\u00e9es caus\u00e9 par ces types de surfactants agressifs.<\/p>\n","protected":false},"featured_media":14684,"comment_status":"closed","ping_status":"closed","template":"","meta":[],"product_brand":[],"product_cat":[117,120,136,132],"product_tag":[],"class_list":{"0":"post-13683","1":"product","2":"type-product","3":"status-publish","4":"has-post-thumbnail","6":"product_cat-collection-classique","7":"product_cat-nettoyants","8":"product_cat-peau-mixte","9":"product_cat-peau-normale-sensible-rosacee","11":"first","12":"instock","13":"sold-individually","14":"taxable","15":"shipping-taxable","16":"product-type-simple"},"yoast_head":"<!-- This site is optimized with the Yoast SEO plugin v27.5 - https:\/\/yoast.com\/product\/yoast-seo-wordpress\/ -->\n<title>Gel Nettoyant - Europelab<\/title>\n<meta name=\"description\" content=\"Le Gel Nettoyant nettoie efficacement la peau des impuret\u00e9s tout en respectant son film hydrolipidique. Formul\u00e9 \u00e0 partir de pr\u00e9biotiques et de zinc PCA, il r\u00e9tablit l\u2019\u00e9quilibre de la flore microbienne b\u00e9n\u00e9fique de la peau et normalise les s\u00e9cr\u00e9tions de s\u00e9bum. Lors de la premi\u00e8re utilisation, la peau est imm\u00e9diatement plus fra\u00eeche et plus propre. Sa formule est parfaitement adapt\u00e9e m\u00eame pour les peaux les plus sensibles. Elle est formul\u00e9e sans SLS pour \u00e9viter les irritations cutan\u00e9es caus\u00e9 par ces types de surfactants agressifs.\" \/>\n<meta name=\"robots\" content=\"index, follow, max-snippet:-1, max-image-preview:large, max-video-preview:-1\" \/>\n<link rel=\"canonical\" href=\"https:\/\/europelab.ca\/fr\/produit\/gel-nettoyant\/\" \/>\n<meta property=\"og:locale\" content=\"fr_FR\" \/>\n<meta property=\"og:type\" content=\"article\" \/>\n<meta property=\"og:title\" content=\"Gel Nettoyant - Europelab\" \/>\n<meta property=\"og:description\" content=\"Le Gel Nettoyant nettoie efficacement la peau des impuret\u00e9s tout en respectant son film hydrolipidique. Formul\u00e9 \u00e0 partir de pr\u00e9biotiques et de zinc PCA, il r\u00e9tablit l\u2019\u00e9quilibre de la flore microbienne b\u00e9n\u00e9fique de la peau et normalise les s\u00e9cr\u00e9tions de s\u00e9bum. Lors de la premi\u00e8re utilisation, la peau est imm\u00e9diatement plus fra\u00eeche et plus propre. Sa formule est parfaitement adapt\u00e9e m\u00eame pour les peaux les plus sensibles. Elle est formul\u00e9e sans SLS pour \u00e9viter les irritations cutan\u00e9es caus\u00e9 par ces types de surfactants agressifs.\" \/>\n<meta property=\"og:url\" content=\"https:\/\/europelab.ca\/fr\/produit\/gel-nettoyant\/\" \/>\n<meta property=\"og:site_name\" content=\"Europelab\" \/>\n<meta property=\"article:modified_time\" content=\"2025-07-27T15:43:23+00:00\" \/>\n<meta property=\"og:image\" content=\"https:\/\/europelab.ca\/wp-content\/uploads\/2023\/11\/Cleansing-Gel.jpg\" \/>\n\t<meta property=\"og:image:width\" content=\"1200\" \/>\n\t<meta property=\"og:image:height\" content=\"1200\" \/>\n\t<meta property=\"og:image:type\" content=\"image\/jpeg\" \/>\n<meta name=\"twitter:card\" content=\"summary_large_image\" \/>\n<script type=\"application\/ld+json\" class=\"yoast-schema-graph\">{\"@context\":\"https:\\\/\\\/schema.org\",\"@graph\":[{\"@type\":\"WebPage\",\"@id\":\"https:\\\/\\\/europelab.ca\\\/fr\\\/produit\\\/gel-nettoyant\\\/\",\"url\":\"https:\\\/\\\/europelab.ca\\\/fr\\\/produit\\\/gel-nettoyant\\\/\",\"name\":\"Gel Nettoyant - Europelab\",\"isPartOf\":{\"@id\":\"https:\\\/\\\/europelab.ca\\\/fr\\\/#website\"},\"primaryImageOfPage\":{\"@id\":\"https:\\\/\\\/europelab.ca\\\/fr\\\/produit\\\/gel-nettoyant\\\/#primaryimage\"},\"image\":{\"@id\":\"https:\\\/\\\/europelab.ca\\\/fr\\\/produit\\\/gel-nettoyant\\\/#primaryimage\"},\"thumbnailUrl\":\"https:\\\/\\\/europelab.ca\\\/wp-content\\\/uploads\\\/2023\\\/11\\\/Cleansing-Gel.jpg\",\"datePublished\":\"2021-03-08T18:13:36+00:00\",\"dateModified\":\"2025-07-27T15:43:23+00:00\",\"description\":\"Le Gel Nettoyant nettoie efficacement la peau des impuret\u00e9s tout en respectant son film hydrolipidique. Formul\u00e9 \u00e0 partir de pr\u00e9biotiques et de zinc PCA, il r\u00e9tablit l\u2019\u00e9quilibre de la flore microbienne b\u00e9n\u00e9fique de la peau et normalise les s\u00e9cr\u00e9tions de s\u00e9bum. Lors de la premi\u00e8re utilisation, la peau est imm\u00e9diatement plus fra\u00eeche et plus propre. Sa formule est parfaitement adapt\u00e9e m\u00eame pour les peaux les plus sensibles. Elle est formul\u00e9e sans SLS pour \u00e9viter les irritations cutan\u00e9es caus\u00e9 par ces types de surfactants agressifs.\",\"breadcrumb\":{\"@id\":\"https:\\\/\\\/europelab.ca\\\/fr\\\/produit\\\/gel-nettoyant\\\/#breadcrumb\"},\"inLanguage\":\"fr-FR\",\"potentialAction\":[{\"@type\":\"ReadAction\",\"target\":[\"https:\\\/\\\/europelab.ca\\\/fr\\\/produit\\\/gel-nettoyant\\\/\"]}]},{\"@type\":\"ImageObject\",\"inLanguage\":\"fr-FR\",\"@id\":\"https:\\\/\\\/europelab.ca\\\/fr\\\/produit\\\/gel-nettoyant\\\/#primaryimage\",\"url\":\"https:\\\/\\\/europelab.ca\\\/wp-content\\\/uploads\\\/2023\\\/11\\\/Cleansing-Gel.jpg\",\"contentUrl\":\"https:\\\/\\\/europelab.ca\\\/wp-content\\\/uploads\\\/2023\\\/11\\\/Cleansing-Gel.jpg\",\"width\":1200,\"height\":1200,\"caption\":\"Gel Nettoyant\"},{\"@type\":\"BreadcrumbList\",\"@id\":\"https:\\\/\\\/europelab.ca\\\/fr\\\/produit\\\/gel-nettoyant\\\/#breadcrumb\",\"itemListElement\":[{\"@type\":\"ListItem\",\"position\":1,\"name\":\"Accueil\",\"item\":\"https:\\\/\\\/europelab.ca\\\/fr\\\/\"},{\"@type\":\"ListItem\",\"position\":2,\"name\":\"Produits\",\"item\":\"https:\\\/\\\/europelab.ca\\\/fr\\\/shop\\\/\"},{\"@type\":\"ListItem\",\"position\":3,\"name\":\"Gel Nettoyant\"}]},{\"@type\":\"WebSite\",\"@id\":\"https:\\\/\\\/europelab.ca\\\/fr\\\/#website\",\"url\":\"https:\\\/\\\/europelab.ca\\\/fr\\\/\",\"name\":\"Europelab\",\"description\":\"Private Label, Made Simple.\",\"potentialAction\":[{\"@type\":\"SearchAction\",\"target\":{\"@type\":\"EntryPoint\",\"urlTemplate\":\"https:\\\/\\\/europelab.ca\\\/fr\\\/?s={search_term_string}\"},\"query-input\":{\"@type\":\"PropertyValueSpecification\",\"valueRequired\":true,\"valueName\":\"search_term_string\"}}],\"inLanguage\":\"fr-FR\"}]}<\/script>\n<!-- \/ Yoast SEO plugin. -->","yoast_head_json":{"title":"Gel Nettoyant - Europelab","description":"Le Gel Nettoyant nettoie efficacement la peau des impuret\u00e9s tout en respectant son film hydrolipidique. Formul\u00e9 \u00e0 partir de pr\u00e9biotiques et de zinc PCA, il r\u00e9tablit l\u2019\u00e9quilibre de la flore microbienne b\u00e9n\u00e9fique de la peau et normalise les s\u00e9cr\u00e9tions de s\u00e9bum. Lors de la premi\u00e8re utilisation, la peau est imm\u00e9diatement plus fra\u00eeche et plus propre. Sa formule est parfaitement adapt\u00e9e m\u00eame pour les peaux les plus sensibles. Elle est formul\u00e9e sans SLS pour \u00e9viter les irritations cutan\u00e9es caus\u00e9 par ces types de surfactants agressifs.","robots":{"index":"index","follow":"follow","max-snippet":"max-snippet:-1","max-image-preview":"max-image-preview:large","max-video-preview":"max-video-preview:-1"},"canonical":"https:\/\/europelab.ca\/fr\/produit\/gel-nettoyant\/","og_locale":"fr_FR","og_type":"article","og_title":"Gel Nettoyant - Europelab","og_description":"Le Gel Nettoyant nettoie efficacement la peau des impuret\u00e9s tout en respectant son film hydrolipidique. Formul\u00e9 \u00e0 partir de pr\u00e9biotiques et de zinc PCA, il r\u00e9tablit l\u2019\u00e9quilibre de la flore microbienne b\u00e9n\u00e9fique de la peau et normalise les s\u00e9cr\u00e9tions de s\u00e9bum. Lors de la premi\u00e8re utilisation, la peau est imm\u00e9diatement plus fra\u00eeche et plus propre. Sa formule est parfaitement adapt\u00e9e m\u00eame pour les peaux les plus sensibles. Elle est formul\u00e9e sans SLS pour \u00e9viter les irritations cutan\u00e9es caus\u00e9 par ces types de surfactants agressifs.","og_url":"https:\/\/europelab.ca\/fr\/produit\/gel-nettoyant\/","og_site_name":"Europelab","article_modified_time":"2025-07-27T15:43:23+00:00","og_image":[{"width":1200,"height":1200,"url":"https:\/\/europelab.ca\/wp-content\/uploads\/2023\/11\/Cleansing-Gel.jpg","type":"image\/jpeg"}],"twitter_card":"summary_large_image","schema":{"@context":"https:\/\/schema.org","@graph":[{"@type":"WebPage","@id":"https:\/\/europelab.ca\/fr\/produit\/gel-nettoyant\/","url":"https:\/\/europelab.ca\/fr\/produit\/gel-nettoyant\/","name":"Gel Nettoyant - Europelab","isPartOf":{"@id":"https:\/\/europelab.ca\/fr\/#website"},"primaryImageOfPage":{"@id":"https:\/\/europelab.ca\/fr\/produit\/gel-nettoyant\/#primaryimage"},"image":{"@id":"https:\/\/europelab.ca\/fr\/produit\/gel-nettoyant\/#primaryimage"},"thumbnailUrl":"https:\/\/europelab.ca\/wp-content\/uploads\/2023\/11\/Cleansing-Gel.jpg","datePublished":"2021-03-08T18:13:36+00:00","dateModified":"2025-07-27T15:43:23+00:00","description":"Le Gel Nettoyant nettoie efficacement la peau des impuret\u00e9s tout en respectant son film hydrolipidique. Formul\u00e9 \u00e0 partir de pr\u00e9biotiques et de zinc PCA, il r\u00e9tablit l\u2019\u00e9quilibre de la flore microbienne b\u00e9n\u00e9fique de la peau et normalise les s\u00e9cr\u00e9tions de s\u00e9bum. Lors de la premi\u00e8re utilisation, la peau est imm\u00e9diatement plus fra\u00eeche et plus propre. Sa formule est parfaitement adapt\u00e9e m\u00eame pour les peaux les plus sensibles. Elle est formul\u00e9e sans SLS pour \u00e9viter les irritations cutan\u00e9es caus\u00e9 par ces types de surfactants agressifs.","breadcrumb":{"@id":"https:\/\/europelab.ca\/fr\/produit\/gel-nettoyant\/#breadcrumb"},"inLanguage":"fr-FR","potentialAction":[{"@type":"ReadAction","target":["https:\/\/europelab.ca\/fr\/produit\/gel-nettoyant\/"]}]},{"@type":"ImageObject","inLanguage":"fr-FR","@id":"https:\/\/europelab.ca\/fr\/produit\/gel-nettoyant\/#primaryimage","url":"https:\/\/europelab.ca\/wp-content\/uploads\/2023\/11\/Cleansing-Gel.jpg","contentUrl":"https:\/\/europelab.ca\/wp-content\/uploads\/2023\/11\/Cleansing-Gel.jpg","width":1200,"height":1200,"caption":"Gel Nettoyant"},{"@type":"BreadcrumbList","@id":"https:\/\/europelab.ca\/fr\/produit\/gel-nettoyant\/#breadcrumb","itemListElement":[{"@type":"ListItem","position":1,"name":"Accueil","item":"https:\/\/europelab.ca\/fr\/"},{"@type":"ListItem","position":2,"name":"Produits","item":"https:\/\/europelab.ca\/fr\/shop\/"},{"@type":"ListItem","position":3,"name":"Gel Nettoyant"}]},{"@type":"WebSite","@id":"https:\/\/europelab.ca\/fr\/#website","url":"https:\/\/europelab.ca\/fr\/","name":"Europelab","description":"Private Label, Made Simple.","potentialAction":[{"@type":"SearchAction","target":{"@type":"EntryPoint","urlTemplate":"https:\/\/europelab.ca\/fr\/?s={search_term_string}"},"query-input":{"@type":"PropertyValueSpecification","valueRequired":true,"valueName":"search_term_string"}}],"inLanguage":"fr-FR"}]}},"_links":{"self":[{"href":"https:\/\/europelab.ca\/fr\/wp-json\/wp\/v2\/product\/13683","targetHints":{"allow":["GET"]}}],"collection":[{"href":"https:\/\/europelab.ca\/fr\/wp-json\/wp\/v2\/product"}],"about":[{"href":"https:\/\/europelab.ca\/fr\/wp-json\/wp\/v2\/types\/product"}],"replies":[{"embeddable":true,"href":"https:\/\/europelab.ca\/fr\/wp-json\/wp\/v2\/comments?post=13683"}],"wp:featuredmedia":[{"embeddable":true,"href":"https:\/\/europelab.ca\/fr\/wp-json\/wp\/v2\/media\/14684"}],"wp:attachment":[{"href":"https:\/\/europelab.ca\/fr\/wp-json\/wp\/v2\/media?parent=13683"}],"wp:term":[{"taxonomy":"product_brand","embeddable":true,"href":"https:\/\/europelab.ca\/fr\/wp-json\/wp\/v2\/product_brand?post=13683"},{"taxonomy":"product_cat","embeddable":true,"href":"https:\/\/europelab.ca\/fr\/wp-json\/wp\/v2\/product_cat?post=13683"},{"taxonomy":"product_tag","embeddable":true,"href":"https:\/\/europelab.ca\/fr\/wp-json\/wp\/v2\/product_tag?post=13683"}],"curies":[{"name":"wp","href":"https:\/\/api.w.org\/{rel}","templated":true}]}}