{"id":13681,"date":"2021-09-07T20:21:30","date_gmt":"2021-09-07T20:21:30","guid":{"rendered":"https:\/\/elabpl.wpengine.com\/product\/chemical-peel-acne-prone-skin\/"},"modified":"2025-09-28T17:01:09","modified_gmt":"2025-09-28T17:01:09","slug":"peeling-chimique-peaux-acneique","status":"publish","type":"product","link":"https:\/\/europelab.ca\/fr\/produit\/peeling-chimique-peaux-acneique\/","title":{"rendered":"Peeling Chimique | Peaux Acn\u00e9ique"},"content":{"rendered":"<p><strong>Pour les nouveaux utilisateurs:<\/strong> \u00c0 utiliser selon le besoin ou en cure de 2 traitements par semaine sur une p\u00e9riode de 6 traitements. Appliquer le produit avec un pinceau ou un coton de tige. Laisser poser pendant 15 minutes puis neutraliser avec la lotion neutralisante (\u00e0 utiliser selon le besoin). Rincer compl\u00e8tement de fa\u00e7on \u00e0 pr\u00e9parer la peau pour la poursuite du traitement.<\/p>\n<p><strong>Pr\u00e9cautions:<\/strong> <em>\u00c9viter tout contact avec les yeux. Pour usage externe seulement. Tenir hors de port\u00e9e des enfants. Le contact du produit avec la peau doit \u00eatre de fr\u00e9quence ou de dur\u00e9e limit\u00e9e. Lors de l\u2019utilisation de ce produit: \u00c9viter le contact avec les yeux. En cas de contact, rincer abondamment \u00e0 l\u2019eau. L\u2019irritation de la peau et la s\u00e9cheresse sont plus susceptibles de se produire lors de l\u2019utilisation simultan\u00e9e d\u2019un produit topique contre l\u2019acn\u00e9. En cas d\u2019irritation, utiliser un seul produit \u00e0 la fois.<\/em><\/p>\n","protected":false},"excerpt":{"rendered":"<p>Ce peeling chimique pour les peaux sujettes \u00e0 l\u2019acn\u00e9 a \u00e9t\u00e9 con\u00e7u pour les peaux grasses et impures. Formul\u00e9 avec de l\u2019AHA et du BHA d\u2019origine naturelle pour effectuer une exfoliation moyenne \u00e0 profonde pour toutes les peaux Fitzpatrick. La formule magnifiquement con\u00e7ue a des propri\u00e9t\u00e9s antibact\u00e9riennes et bact\u00e9riostatiques pour am\u00e9liorer l\u2019aspect de la peau r\u00e9v\u00e9lant un teint plus sain et plus \u00e9clatant.<\/p>\n","protected":false},"featured_media":14892,"comment_status":"closed","ping_status":"closed","template":"","meta":[],"product_brand":[],"product_cat":[130,117,127],"product_tag":[],"class_list":{"0":"post-13681","1":"product","2":"type-product","3":"status-publish","4":"has-post-thumbnail","6":"product_cat-acne-fr","7":"product_cat-collection-classique","8":"product_cat-peeling-chimique","10":"first","11":"instock","12":"sold-individually","13":"taxable","14":"shipping-taxable","15":"product-type-simple"},"yoast_head":"<!-- This site is optimized with the Yoast SEO plugin v27.3 - https:\/\/yoast.com\/product\/yoast-seo-wordpress\/ -->\n<title>Peeling Chimique | Peaux Acn\u00e9ique - Europelab<\/title>\n<meta name=\"description\" content=\"Ce peeling chimique pour les peaux sujettes \u00e0 l\u2019acn\u00e9 a \u00e9t\u00e9 con\u00e7u pour les peaux grasses et impures. Formul\u00e9 avec de l\u2019AHA et du BHA d\u2019origine naturelle pour effectuer une exfoliation moyenne \u00e0 profonde pour toutes les peaux Fitzpatrick. La formule magnifiquement con\u00e7ue a des propri\u00e9t\u00e9s antibact\u00e9riennes et bact\u00e9riostatiques pour am\u00e9liorer l\u2019aspect de la peau r\u00e9v\u00e9lant un teint plus sain et plus \u00e9clatant.\" \/>\n<meta name=\"robots\" content=\"index, follow, max-snippet:-1, max-image-preview:large, max-video-preview:-1\" \/>\n<link rel=\"canonical\" href=\"https:\/\/europelab.ca\/fr\/produit\/peeling-chimique-peaux-acneique\/\" \/>\n<meta property=\"og:locale\" content=\"fr_FR\" \/>\n<meta property=\"og:type\" content=\"article\" \/>\n<meta property=\"og:title\" content=\"Peeling Chimique | Peaux Acn\u00e9ique - Europelab\" \/>\n<meta property=\"og:description\" content=\"Ce peeling chimique pour les peaux sujettes \u00e0 l\u2019acn\u00e9 a \u00e9t\u00e9 con\u00e7u pour les peaux grasses et impures. Formul\u00e9 avec de l\u2019AHA et du BHA d\u2019origine naturelle pour effectuer une exfoliation moyenne \u00e0 profonde pour toutes les peaux Fitzpatrick. La formule magnifiquement con\u00e7ue a des propri\u00e9t\u00e9s antibact\u00e9riennes et bact\u00e9riostatiques pour am\u00e9liorer l\u2019aspect de la peau r\u00e9v\u00e9lant un teint plus sain et plus \u00e9clatant.\" \/>\n<meta property=\"og:url\" content=\"https:\/\/europelab.ca\/fr\/produit\/peeling-chimique-peaux-acneique\/\" \/>\n<meta property=\"og:site_name\" content=\"Europelab\" \/>\n<meta property=\"article:modified_time\" content=\"2025-09-28T17:01:09+00:00\" \/>\n<meta property=\"og:image\" content=\"https:\/\/europelab.ca\/wp-content\/uploads\/2025\/09\/W_CLASSIC-COLLECTION_2025_R6-7200-A_Chemical-Peel-Acne-100ml.jpg\" \/>\n\t<meta property=\"og:image:width\" content=\"1200\" \/>\n\t<meta property=\"og:image:height\" content=\"1200\" \/>\n\t<meta property=\"og:image:type\" content=\"image\/jpeg\" \/>\n<meta name=\"twitter:card\" content=\"summary_large_image\" \/>\n<script type=\"application\/ld+json\" class=\"yoast-schema-graph\">{\"@context\":\"https:\\\/\\\/schema.org\",\"@graph\":[{\"@type\":\"WebPage\",\"@id\":\"https:\\\/\\\/europelab.ca\\\/fr\\\/produit\\\/peeling-chimique-peaux-acneique\\\/\",\"url\":\"https:\\\/\\\/europelab.ca\\\/fr\\\/produit\\\/peeling-chimique-peaux-acneique\\\/\",\"name\":\"Peeling Chimique | Peaux Acn\u00e9ique - Europelab\",\"isPartOf\":{\"@id\":\"https:\\\/\\\/europelab.ca\\\/fr\\\/#website\"},\"primaryImageOfPage\":{\"@id\":\"https:\\\/\\\/europelab.ca\\\/fr\\\/produit\\\/peeling-chimique-peaux-acneique\\\/#primaryimage\"},\"image\":{\"@id\":\"https:\\\/\\\/europelab.ca\\\/fr\\\/produit\\\/peeling-chimique-peaux-acneique\\\/#primaryimage\"},\"thumbnailUrl\":\"https:\\\/\\\/europelab.ca\\\/wp-content\\\/uploads\\\/2025\\\/09\\\/W_CLASSIC-COLLECTION_2025_R6-7200-A_Chemical-Peel-Acne-100ml.jpg\",\"datePublished\":\"2021-09-07T20:21:30+00:00\",\"dateModified\":\"2025-09-28T17:01:09+00:00\",\"description\":\"Ce peeling chimique pour les peaux sujettes \u00e0 l\u2019acn\u00e9 a \u00e9t\u00e9 con\u00e7u pour les peaux grasses et impures. Formul\u00e9 avec de l\u2019AHA et du BHA d\u2019origine naturelle pour effectuer une exfoliation moyenne \u00e0 profonde pour toutes les peaux Fitzpatrick. La formule magnifiquement con\u00e7ue a des propri\u00e9t\u00e9s antibact\u00e9riennes et bact\u00e9riostatiques pour am\u00e9liorer l\u2019aspect de la peau r\u00e9v\u00e9lant un teint plus sain et plus \u00e9clatant.\",\"breadcrumb\":{\"@id\":\"https:\\\/\\\/europelab.ca\\\/fr\\\/produit\\\/peeling-chimique-peaux-acneique\\\/#breadcrumb\"},\"inLanguage\":\"fr-FR\",\"potentialAction\":[{\"@type\":\"ReadAction\",\"target\":[\"https:\\\/\\\/europelab.ca\\\/fr\\\/produit\\\/peeling-chimique-peaux-acneique\\\/\"]}]},{\"@type\":\"ImageObject\",\"inLanguage\":\"fr-FR\",\"@id\":\"https:\\\/\\\/europelab.ca\\\/fr\\\/produit\\\/peeling-chimique-peaux-acneique\\\/#primaryimage\",\"url\":\"https:\\\/\\\/europelab.ca\\\/wp-content\\\/uploads\\\/2025\\\/09\\\/W_CLASSIC-COLLECTION_2025_R6-7200-A_Chemical-Peel-Acne-100ml.jpg\",\"contentUrl\":\"https:\\\/\\\/europelab.ca\\\/wp-content\\\/uploads\\\/2025\\\/09\\\/W_CLASSIC-COLLECTION_2025_R6-7200-A_Chemical-Peel-Acne-100ml.jpg\",\"width\":1200,\"height\":1200,\"caption\":\"Peeling Chimique | Peaux Acn\u00e9ique\"},{\"@type\":\"BreadcrumbList\",\"@id\":\"https:\\\/\\\/europelab.ca\\\/fr\\\/produit\\\/peeling-chimique-peaux-acneique\\\/#breadcrumb\",\"itemListElement\":[{\"@type\":\"ListItem\",\"position\":1,\"name\":\"Accueil\",\"item\":\"https:\\\/\\\/europelab.ca\\\/fr\\\/\"},{\"@type\":\"ListItem\",\"position\":2,\"name\":\"Produits\",\"item\":\"https:\\\/\\\/europelab.ca\\\/fr\\\/shop\\\/\"},{\"@type\":\"ListItem\",\"position\":3,\"name\":\"Peeling Chimique | Peaux Acn\u00e9ique\"}]},{\"@type\":\"WebSite\",\"@id\":\"https:\\\/\\\/europelab.ca\\\/fr\\\/#website\",\"url\":\"https:\\\/\\\/europelab.ca\\\/fr\\\/\",\"name\":\"Europelab\",\"description\":\"Private Label, Made Simple.\",\"potentialAction\":[{\"@type\":\"SearchAction\",\"target\":{\"@type\":\"EntryPoint\",\"urlTemplate\":\"https:\\\/\\\/europelab.ca\\\/fr\\\/?s={search_term_string}\"},\"query-input\":{\"@type\":\"PropertyValueSpecification\",\"valueRequired\":true,\"valueName\":\"search_term_string\"}}],\"inLanguage\":\"fr-FR\"}]}<\/script>\n<!-- \/ Yoast SEO plugin. -->","yoast_head_json":{"title":"Peeling Chimique | Peaux Acn\u00e9ique - Europelab","description":"Ce peeling chimique pour les peaux sujettes \u00e0 l\u2019acn\u00e9 a \u00e9t\u00e9 con\u00e7u pour les peaux grasses et impures. Formul\u00e9 avec de l\u2019AHA et du BHA d\u2019origine naturelle pour effectuer une exfoliation moyenne \u00e0 profonde pour toutes les peaux Fitzpatrick. La formule magnifiquement con\u00e7ue a des propri\u00e9t\u00e9s antibact\u00e9riennes et bact\u00e9riostatiques pour am\u00e9liorer l\u2019aspect de la peau r\u00e9v\u00e9lant un teint plus sain et plus \u00e9clatant.","robots":{"index":"index","follow":"follow","max-snippet":"max-snippet:-1","max-image-preview":"max-image-preview:large","max-video-preview":"max-video-preview:-1"},"canonical":"https:\/\/europelab.ca\/fr\/produit\/peeling-chimique-peaux-acneique\/","og_locale":"fr_FR","og_type":"article","og_title":"Peeling Chimique | Peaux Acn\u00e9ique - Europelab","og_description":"Ce peeling chimique pour les peaux sujettes \u00e0 l\u2019acn\u00e9 a \u00e9t\u00e9 con\u00e7u pour les peaux grasses et impures. Formul\u00e9 avec de l\u2019AHA et du BHA d\u2019origine naturelle pour effectuer une exfoliation moyenne \u00e0 profonde pour toutes les peaux Fitzpatrick. La formule magnifiquement con\u00e7ue a des propri\u00e9t\u00e9s antibact\u00e9riennes et bact\u00e9riostatiques pour am\u00e9liorer l\u2019aspect de la peau r\u00e9v\u00e9lant un teint plus sain et plus \u00e9clatant.","og_url":"https:\/\/europelab.ca\/fr\/produit\/peeling-chimique-peaux-acneique\/","og_site_name":"Europelab","article_modified_time":"2025-09-28T17:01:09+00:00","og_image":[{"width":1200,"height":1200,"url":"https:\/\/europelab.ca\/wp-content\/uploads\/2025\/09\/W_CLASSIC-COLLECTION_2025_R6-7200-A_Chemical-Peel-Acne-100ml.jpg","type":"image\/jpeg"}],"twitter_card":"summary_large_image","schema":{"@context":"https:\/\/schema.org","@graph":[{"@type":"WebPage","@id":"https:\/\/europelab.ca\/fr\/produit\/peeling-chimique-peaux-acneique\/","url":"https:\/\/europelab.ca\/fr\/produit\/peeling-chimique-peaux-acneique\/","name":"Peeling Chimique | Peaux Acn\u00e9ique - Europelab","isPartOf":{"@id":"https:\/\/europelab.ca\/fr\/#website"},"primaryImageOfPage":{"@id":"https:\/\/europelab.ca\/fr\/produit\/peeling-chimique-peaux-acneique\/#primaryimage"},"image":{"@id":"https:\/\/europelab.ca\/fr\/produit\/peeling-chimique-peaux-acneique\/#primaryimage"},"thumbnailUrl":"https:\/\/europelab.ca\/wp-content\/uploads\/2025\/09\/W_CLASSIC-COLLECTION_2025_R6-7200-A_Chemical-Peel-Acne-100ml.jpg","datePublished":"2021-09-07T20:21:30+00:00","dateModified":"2025-09-28T17:01:09+00:00","description":"Ce peeling chimique pour les peaux sujettes \u00e0 l\u2019acn\u00e9 a \u00e9t\u00e9 con\u00e7u pour les peaux grasses et impures. Formul\u00e9 avec de l\u2019AHA et du BHA d\u2019origine naturelle pour effectuer une exfoliation moyenne \u00e0 profonde pour toutes les peaux Fitzpatrick. La formule magnifiquement con\u00e7ue a des propri\u00e9t\u00e9s antibact\u00e9riennes et bact\u00e9riostatiques pour am\u00e9liorer l\u2019aspect de la peau r\u00e9v\u00e9lant un teint plus sain et plus \u00e9clatant.","breadcrumb":{"@id":"https:\/\/europelab.ca\/fr\/produit\/peeling-chimique-peaux-acneique\/#breadcrumb"},"inLanguage":"fr-FR","potentialAction":[{"@type":"ReadAction","target":["https:\/\/europelab.ca\/fr\/produit\/peeling-chimique-peaux-acneique\/"]}]},{"@type":"ImageObject","inLanguage":"fr-FR","@id":"https:\/\/europelab.ca\/fr\/produit\/peeling-chimique-peaux-acneique\/#primaryimage","url":"https:\/\/europelab.ca\/wp-content\/uploads\/2025\/09\/W_CLASSIC-COLLECTION_2025_R6-7200-A_Chemical-Peel-Acne-100ml.jpg","contentUrl":"https:\/\/europelab.ca\/wp-content\/uploads\/2025\/09\/W_CLASSIC-COLLECTION_2025_R6-7200-A_Chemical-Peel-Acne-100ml.jpg","width":1200,"height":1200,"caption":"Peeling Chimique | Peaux Acn\u00e9ique"},{"@type":"BreadcrumbList","@id":"https:\/\/europelab.ca\/fr\/produit\/peeling-chimique-peaux-acneique\/#breadcrumb","itemListElement":[{"@type":"ListItem","position":1,"name":"Accueil","item":"https:\/\/europelab.ca\/fr\/"},{"@type":"ListItem","position":2,"name":"Produits","item":"https:\/\/europelab.ca\/fr\/shop\/"},{"@type":"ListItem","position":3,"name":"Peeling Chimique | Peaux Acn\u00e9ique"}]},{"@type":"WebSite","@id":"https:\/\/europelab.ca\/fr\/#website","url":"https:\/\/europelab.ca\/fr\/","name":"Europelab","description":"Private Label, Made Simple.","potentialAction":[{"@type":"SearchAction","target":{"@type":"EntryPoint","urlTemplate":"https:\/\/europelab.ca\/fr\/?s={search_term_string}"},"query-input":{"@type":"PropertyValueSpecification","valueRequired":true,"valueName":"search_term_string"}}],"inLanguage":"fr-FR"}]}},"_links":{"self":[{"href":"https:\/\/europelab.ca\/fr\/wp-json\/wp\/v2\/product\/13681","targetHints":{"allow":["GET"]}}],"collection":[{"href":"https:\/\/europelab.ca\/fr\/wp-json\/wp\/v2\/product"}],"about":[{"href":"https:\/\/europelab.ca\/fr\/wp-json\/wp\/v2\/types\/product"}],"replies":[{"embeddable":true,"href":"https:\/\/europelab.ca\/fr\/wp-json\/wp\/v2\/comments?post=13681"}],"wp:featuredmedia":[{"embeddable":true,"href":"https:\/\/europelab.ca\/fr\/wp-json\/wp\/v2\/media\/14892"}],"wp:attachment":[{"href":"https:\/\/europelab.ca\/fr\/wp-json\/wp\/v2\/media?parent=13681"}],"wp:term":[{"taxonomy":"product_brand","embeddable":true,"href":"https:\/\/europelab.ca\/fr\/wp-json\/wp\/v2\/product_brand?post=13681"},{"taxonomy":"product_cat","embeddable":true,"href":"https:\/\/europelab.ca\/fr\/wp-json\/wp\/v2\/product_cat?post=13681"},{"taxonomy":"product_tag","embeddable":true,"href":"https:\/\/europelab.ca\/fr\/wp-json\/wp\/v2\/product_tag?post=13681"}],"curies":[{"name":"wp","href":"https:\/\/api.w.org\/{rel}","templated":true}]}}