{"id":13678,"date":"2021-09-08T14:12:26","date_gmt":"2021-09-08T14:12:26","guid":{"rendered":"https:\/\/elabpl.wpengine.com\/product\/organic-collection-trial-kit\/"},"modified":"2024-05-08T11:43:20","modified_gmt":"2024-05-08T11:43:20","slug":"kit-de-depart-collection-biologique","status":"publish","type":"product","link":"https:\/\/europelab.ca\/fr\/produit\/kit-de-depart-collection-biologique\/","title":{"rendered":"Kit de D\u00e9part &#8211; Collection Biologique"},"content":{"rendered":"<p>Veuillez vous r\u00e9f\u00e9rer aux Mode d\u2019Emploi fournies pour chaque produit dans le kit sur la fa\u00e7on d\u2019utiliser.<\/p>\n","protected":false},"excerpt":{"rendered":"<p>Europelab offre un \u00e9ventail de choix en formules innovantes. Notre Collection Biologique inclus 25 nouvelles formules organique qui surpassent les standards de l\u2019Industrie. Ces formules peuvent \u00eatre certifi\u00e9 COSMOS ORGANIQUE par Ecocert Greenlife.<br \/>\n<em><strong>Une valeur au d\u00e9tail de 600$+.<\/strong><\/em><\/p>\n","protected":false},"featured_media":13346,"comment_status":"closed","ping_status":"closed","template":"","meta":[],"product_brand":[],"product_cat":[116,141,118,142],"product_tag":[],"class_list":{"0":"post-13678","1":"product","2":"type-product","3":"status-publish","4":"has-post-thumbnail","6":"product_cat-collection-biologique","7":"product_cat-formules-en-vedette","8":"product_cat-kit-de-depart","9":"product_cat-promotions-fr","11":"first","12":"instock","13":"sale","14":"featured","15":"sold-individually","16":"taxable","17":"shipping-taxable","18":"purchasable","19":"product-type-simple"},"yoast_head":"<!-- This site is optimized with the Yoast SEO plugin v27.5 - https:\/\/yoast.com\/product\/yoast-seo-wordpress\/ -->\n<title>Kit de D\u00e9part - Collection Biologique - Europelab<\/title>\n<meta name=\"description\" content=\"Europelab has an extensive offering of innovative formulations to select from. Our Organic Collection Trial Kit contains 20 of our Most Popular Formulations.A retail value of $500+.\" \/>\n<meta name=\"robots\" content=\"index, follow, max-snippet:-1, max-image-preview:large, max-video-preview:-1\" \/>\n<link rel=\"canonical\" href=\"https:\/\/europelab.ca\/fr\/produit\/kit-de-depart-collection-biologique\/\" \/>\n<meta property=\"og:locale\" content=\"fr_FR\" \/>\n<meta property=\"og:type\" content=\"article\" \/>\n<meta property=\"og:title\" content=\"Kit de D\u00e9part - Collection Biologique - Europelab\" \/>\n<meta property=\"og:description\" content=\"Europelab has an extensive offering of innovative formulations to select from. Our Organic Collection Trial Kit contains 20 of our Most Popular Formulations.A retail value of $500+.\" \/>\n<meta property=\"og:url\" content=\"https:\/\/europelab.ca\/fr\/produit\/kit-de-depart-collection-biologique\/\" \/>\n<meta property=\"og:site_name\" content=\"Europelab\" \/>\n<meta property=\"article:modified_time\" content=\"2024-05-08T11:43:20+00:00\" \/>\n<meta property=\"og:image\" content=\"https:\/\/europelab.ca\/wp-content\/uploads\/2021\/09\/Organic-Collection-Trial-Kit.jpg\" \/>\n\t<meta property=\"og:image:width\" content=\"1200\" \/>\n\t<meta property=\"og:image:height\" content=\"1200\" \/>\n\t<meta property=\"og:image:type\" content=\"image\/jpeg\" \/>\n<meta name=\"twitter:card\" content=\"summary_large_image\" \/>\n<script type=\"application\/ld+json\" class=\"yoast-schema-graph\">{\"@context\":\"https:\\\/\\\/schema.org\",\"@graph\":[{\"@type\":\"WebPage\",\"@id\":\"https:\\\/\\\/europelab.ca\\\/fr\\\/produit\\\/kit-de-depart-collection-biologique\\\/\",\"url\":\"https:\\\/\\\/europelab.ca\\\/fr\\\/produit\\\/kit-de-depart-collection-biologique\\\/\",\"name\":\"Kit de D\u00e9part - Collection Biologique - Europelab\",\"isPartOf\":{\"@id\":\"https:\\\/\\\/europelab.ca\\\/fr\\\/#website\"},\"primaryImageOfPage\":{\"@id\":\"https:\\\/\\\/europelab.ca\\\/fr\\\/produit\\\/kit-de-depart-collection-biologique\\\/#primaryimage\"},\"image\":{\"@id\":\"https:\\\/\\\/europelab.ca\\\/fr\\\/produit\\\/kit-de-depart-collection-biologique\\\/#primaryimage\"},\"thumbnailUrl\":\"https:\\\/\\\/europelab.ca\\\/wp-content\\\/uploads\\\/2021\\\/09\\\/Organic-Collection-Trial-Kit.jpg\",\"datePublished\":\"2021-09-08T14:12:26+00:00\",\"dateModified\":\"2024-05-08T11:43:20+00:00\",\"description\":\"Europelab has an extensive offering of innovative formulations to select from. Our Organic Collection Trial Kit contains 20 of our Most Popular Formulations.A retail value of $500+.\",\"breadcrumb\":{\"@id\":\"https:\\\/\\\/europelab.ca\\\/fr\\\/produit\\\/kit-de-depart-collection-biologique\\\/#breadcrumb\"},\"inLanguage\":\"fr-FR\",\"potentialAction\":[{\"@type\":\"ReadAction\",\"target\":[\"https:\\\/\\\/europelab.ca\\\/fr\\\/produit\\\/kit-de-depart-collection-biologique\\\/\"]}]},{\"@type\":\"ImageObject\",\"inLanguage\":\"fr-FR\",\"@id\":\"https:\\\/\\\/europelab.ca\\\/fr\\\/produit\\\/kit-de-depart-collection-biologique\\\/#primaryimage\",\"url\":\"https:\\\/\\\/europelab.ca\\\/wp-content\\\/uploads\\\/2021\\\/09\\\/Organic-Collection-Trial-Kit.jpg\",\"contentUrl\":\"https:\\\/\\\/europelab.ca\\\/wp-content\\\/uploads\\\/2021\\\/09\\\/Organic-Collection-Trial-Kit.jpg\",\"width\":1200,\"height\":1200,\"caption\":\"Kit de D\u00e9part - Collection Biologique\"},{\"@type\":\"BreadcrumbList\",\"@id\":\"https:\\\/\\\/europelab.ca\\\/fr\\\/produit\\\/kit-de-depart-collection-biologique\\\/#breadcrumb\",\"itemListElement\":[{\"@type\":\"ListItem\",\"position\":1,\"name\":\"Accueil\",\"item\":\"https:\\\/\\\/europelab.ca\\\/fr\\\/\"},{\"@type\":\"ListItem\",\"position\":2,\"name\":\"Produits\",\"item\":\"https:\\\/\\\/europelab.ca\\\/fr\\\/shop\\\/\"},{\"@type\":\"ListItem\",\"position\":3,\"name\":\"Kit de D\u00e9part &#8211; Collection Biologique\"}]},{\"@type\":\"WebSite\",\"@id\":\"https:\\\/\\\/europelab.ca\\\/fr\\\/#website\",\"url\":\"https:\\\/\\\/europelab.ca\\\/fr\\\/\",\"name\":\"Europelab\",\"description\":\"Private Label, Made Simple.\",\"potentialAction\":[{\"@type\":\"SearchAction\",\"target\":{\"@type\":\"EntryPoint\",\"urlTemplate\":\"https:\\\/\\\/europelab.ca\\\/fr\\\/?s={search_term_string}\"},\"query-input\":{\"@type\":\"PropertyValueSpecification\",\"valueRequired\":true,\"valueName\":\"search_term_string\"}}],\"inLanguage\":\"fr-FR\"}]}<\/script>\n<!-- \/ Yoast SEO plugin. -->","yoast_head_json":{"title":"Kit de D\u00e9part - Collection Biologique - Europelab","description":"Europelab has an extensive offering of innovative formulations to select from. Our Organic Collection Trial Kit contains 20 of our Most Popular Formulations.A retail value of $500+.","robots":{"index":"index","follow":"follow","max-snippet":"max-snippet:-1","max-image-preview":"max-image-preview:large","max-video-preview":"max-video-preview:-1"},"canonical":"https:\/\/europelab.ca\/fr\/produit\/kit-de-depart-collection-biologique\/","og_locale":"fr_FR","og_type":"article","og_title":"Kit de D\u00e9part - Collection Biologique - Europelab","og_description":"Europelab has an extensive offering of innovative formulations to select from. Our Organic Collection Trial Kit contains 20 of our Most Popular Formulations.A retail value of $500+.","og_url":"https:\/\/europelab.ca\/fr\/produit\/kit-de-depart-collection-biologique\/","og_site_name":"Europelab","article_modified_time":"2024-05-08T11:43:20+00:00","og_image":[{"width":1200,"height":1200,"url":"https:\/\/europelab.ca\/wp-content\/uploads\/2021\/09\/Organic-Collection-Trial-Kit.jpg","type":"image\/jpeg"}],"twitter_card":"summary_large_image","schema":{"@context":"https:\/\/schema.org","@graph":[{"@type":"WebPage","@id":"https:\/\/europelab.ca\/fr\/produit\/kit-de-depart-collection-biologique\/","url":"https:\/\/europelab.ca\/fr\/produit\/kit-de-depart-collection-biologique\/","name":"Kit de D\u00e9part - Collection Biologique - Europelab","isPartOf":{"@id":"https:\/\/europelab.ca\/fr\/#website"},"primaryImageOfPage":{"@id":"https:\/\/europelab.ca\/fr\/produit\/kit-de-depart-collection-biologique\/#primaryimage"},"image":{"@id":"https:\/\/europelab.ca\/fr\/produit\/kit-de-depart-collection-biologique\/#primaryimage"},"thumbnailUrl":"https:\/\/europelab.ca\/wp-content\/uploads\/2021\/09\/Organic-Collection-Trial-Kit.jpg","datePublished":"2021-09-08T14:12:26+00:00","dateModified":"2024-05-08T11:43:20+00:00","description":"Europelab has an extensive offering of innovative formulations to select from. Our Organic Collection Trial Kit contains 20 of our Most Popular Formulations.A retail value of $500+.","breadcrumb":{"@id":"https:\/\/europelab.ca\/fr\/produit\/kit-de-depart-collection-biologique\/#breadcrumb"},"inLanguage":"fr-FR","potentialAction":[{"@type":"ReadAction","target":["https:\/\/europelab.ca\/fr\/produit\/kit-de-depart-collection-biologique\/"]}]},{"@type":"ImageObject","inLanguage":"fr-FR","@id":"https:\/\/europelab.ca\/fr\/produit\/kit-de-depart-collection-biologique\/#primaryimage","url":"https:\/\/europelab.ca\/wp-content\/uploads\/2021\/09\/Organic-Collection-Trial-Kit.jpg","contentUrl":"https:\/\/europelab.ca\/wp-content\/uploads\/2021\/09\/Organic-Collection-Trial-Kit.jpg","width":1200,"height":1200,"caption":"Kit de D\u00e9part - Collection Biologique"},{"@type":"BreadcrumbList","@id":"https:\/\/europelab.ca\/fr\/produit\/kit-de-depart-collection-biologique\/#breadcrumb","itemListElement":[{"@type":"ListItem","position":1,"name":"Accueil","item":"https:\/\/europelab.ca\/fr\/"},{"@type":"ListItem","position":2,"name":"Produits","item":"https:\/\/europelab.ca\/fr\/shop\/"},{"@type":"ListItem","position":3,"name":"Kit de D\u00e9part &#8211; Collection Biologique"}]},{"@type":"WebSite","@id":"https:\/\/europelab.ca\/fr\/#website","url":"https:\/\/europelab.ca\/fr\/","name":"Europelab","description":"Private Label, Made Simple.","potentialAction":[{"@type":"SearchAction","target":{"@type":"EntryPoint","urlTemplate":"https:\/\/europelab.ca\/fr\/?s={search_term_string}"},"query-input":{"@type":"PropertyValueSpecification","valueRequired":true,"valueName":"search_term_string"}}],"inLanguage":"fr-FR"}]}},"_links":{"self":[{"href":"https:\/\/europelab.ca\/fr\/wp-json\/wp\/v2\/product\/13678","targetHints":{"allow":["GET"]}}],"collection":[{"href":"https:\/\/europelab.ca\/fr\/wp-json\/wp\/v2\/product"}],"about":[{"href":"https:\/\/europelab.ca\/fr\/wp-json\/wp\/v2\/types\/product"}],"replies":[{"embeddable":true,"href":"https:\/\/europelab.ca\/fr\/wp-json\/wp\/v2\/comments?post=13678"}],"wp:featuredmedia":[{"embeddable":true,"href":"https:\/\/europelab.ca\/fr\/wp-json\/wp\/v2\/media\/13346"}],"wp:attachment":[{"href":"https:\/\/europelab.ca\/fr\/wp-json\/wp\/v2\/media?parent=13678"}],"wp:term":[{"taxonomy":"product_brand","embeddable":true,"href":"https:\/\/europelab.ca\/fr\/wp-json\/wp\/v2\/product_brand?post=13678"},{"taxonomy":"product_cat","embeddable":true,"href":"https:\/\/europelab.ca\/fr\/wp-json\/wp\/v2\/product_cat?post=13678"},{"taxonomy":"product_tag","embeddable":true,"href":"https:\/\/europelab.ca\/fr\/wp-json\/wp\/v2\/product_tag?post=13678"}],"curies":[{"name":"wp","href":"https:\/\/api.w.org\/{rel}","templated":true}]}}